{"id":608,"date":"2020-10-19T01:10:25","date_gmt":"2020-10-18T23:10:25","guid":{"rendered":"https:\/\/agora.xtec.cat\/iessalvadorespriu-salt\/?page_id=608"},"modified":"2024-10-23T21:04:53","modified_gmt":"2024-10-23T19:04:53","slug":"afa","status":"publish","type":"page","link":"https:\/\/agora.xtec.cat\/iessalvadorespriu-salt\/associacions\/afa\/","title":{"rendered":"AFA (Associaci\u00f3 de Fam\u00edlies de l&#8217;alumnat)"},"content":{"rendered":"<p><span style=\"font-weight: 400;\"><a href=\"https:\/\/agora.xtec.cat\/iessalvadorespriu-salt\/wp-content\/uploads\/usu2103\/2023\/12\/Image-009.jpg\"><img loading=\"lazy\" decoding=\"async\" class=\"alignright wp-image-4969 size-full\" src=\"https:\/\/agora.xtec.cat\/iessalvadorespriu-salt\/wp-content\/uploads\/usu2103\/2023\/12\/Image-009.jpg\" alt=\"Fam\u00edlia\" width=\"604\" height=\"306\" srcset=\"https:\/\/agora.xtec.cat\/iessalvadorespriu-salt\/wp-content\/uploads\/usu2103\/2023\/12\/Image-009.jpg 604w, https:\/\/agora.xtec.cat\/iessalvadorespriu-salt\/wp-content\/uploads\/usu2103\/2023\/12\/Image-009-300x152.jpg 300w\" sizes=\"auto, (max-width: 604px) 100vw, 604px\" \/><\/a><\/span>L&#8217;<strong>Associaci\u00f3 de Fam\u00edlies d&#8217;Alumnes (AFA)<\/strong> \u00e9s una organitzaci\u00f3 oberta a tothom, sense \u00e0nim de lucre. \u00c9s com <em>una ONG per a l&#8217;Institut<\/em>.<\/p>\n<p><em>Est\u00e0 enregistrada al <strong>Registre d&#8217;Entitats municipals de Salt<\/strong> amb el n\u00fam. 67 i amb el n\u00fam. 473 en el <a href=\"http:\/\/justicia.gencat.cat\/ca\/serveis\/guia_d_entitats\/?idEntitat=21875#\" target=\"_blank\" rel=\"noopener\">Registre d&#8217;Entitats de la Generalitat de Catalunya<\/a>.<\/em><\/p>\n<p><span style=\"font-weight: 400;\">El seu prop\u00f2sit principal \u00e9s<strong> ajudar a tota la comunitat educativa de l&#8217;escola en el seu funcionament<\/strong>. Busquem maneres de fomentar el desenvolupament dels alumnes tant en l&#8217;aspecte hum\u00e0 com en l&#8217;acad\u00e8mic, a trav\u00e9s d&#8217;activitats extraescolars i altres projectes (l&#8217;atenci\u00f3 de la Biblioteca, o el Servei de psicopedagogia i psicologia cl\u00ednica en s\u00f3n uns exemples) <\/span><\/p>\n<p><span style=\"font-weight: 400;\">Tamb\u00e9 financem serveis, infraestructures i programes educatius quan l&#8217;Institut ens ho demana (en s\u00f3n exemples l&#8217;ajuda en els llibres de reutilitzaci\u00f3, les beques i premis a l&#8217;excel\u00b7l\u00e8ncia, etc.).<br \/>\n<\/span><\/p>\n<p><span style=\"font-weight: 400;\">L&#8217;associaci\u00f3 t\u00e9 els <strong>objectius<\/strong> seg\u00fcents:<\/span><\/p>\n<ol>\n<li style=\"list-style-type: none;\">\n<ol style=\"list-style-type: lower-alpha;\">\n<li><span style=\"font-weight: 400;\">Promoure <strong>la participaci\u00f3<\/strong> dels pares i mares en la gesti\u00f3 del centre.<\/span><\/li>\n<li><span style=\"font-weight: 400;\">Assistir els pares i mares en l&#8217;exercici del seu <strong>dret a intervenir en el control i la gesti\u00f3 del centre<\/strong> quan sigui sostingut amb fons p\u00fablics.<\/span><\/li>\n<li><span style=\"font-weight: 400;\">Promoure la representaci\u00f3 i la participaci\u00f3 dels pares i mares <strong>en els consells escolars dels centres<\/strong> p\u00fablics i concertats i altres \u00f2rgans col\u00b7legiats.<\/span><\/li>\n<li><span style=\"font-weight: 400;\">Facilitar <strong>la col\u00b7laboraci\u00f3 del centre<\/strong> en els \u00e0mbits social, cultural, econ\u00f2mic i laboral de l&#8217;entorn.<\/span><\/li>\n<li><span style=\"font-weight: 400;\"><strong>Col\u00b7laborar<\/strong> en les activitats educatives del centre i cooperar amb el Consell Escolar en l&#8217;elaboraci\u00f3 de directrius per a la programaci\u00f3 d&#8217;activitats complement\u00e0ries, extraescolars o de serveis.<\/span><\/li>\n<li><span style=\"font-weight: 400;\">Promoure les <strong>activitats de formaci\u00f3<\/strong> dels pares i mares, tant des del vessant cultural com de l&#8217;espec\u00edfic de responsabilitzaci\u00f3 en l&#8217;educaci\u00f3 familiar.<\/span><\/li>\n<li><span style=\"font-weight: 400;\">D&#8217;altres que, en el marc de la normativa educativa, els assignin els seus estatuts.<\/span><\/li>\n<li><span style=\"font-weight: 400;\">Promoure i realitzar tota mena d&#8217;activitats fisicoesportives.<\/span><\/li>\n<li><span style=\"font-weight: 400;\">Promoure i dur a terme tota mena d\u2019activitats l\u00fadiques i culturals.<\/span><\/li>\n<\/ol>\n<\/li>\n<\/ol>\n<p>El Departament d&#8217;Educaci\u00f3 <strong>encoratja la participaci\u00f3<\/strong> de les fam\u00edlies en la vida escolar dels fills i filles: <a href=\"https:\/\/educacio.gencat.cat\/ca\/arees-actuacio\/families\/\">accediu als <strong>recursos<\/strong><\/a>.<\/p>\n<p><span style=\"font-family: inherit; font-size: 1em;\">Podeu consultar-ne <a href=\"https:\/\/docs.google.com\/spreadsheets\/u\/1\/d\/e\/2PACX-1vQ_OozJrRO4HioOoA3kahYzF8jeWNQSA-8HDZizB4AVls8XVM4km7ykbLhyH4MHzPhlpUj12OFfIwVW\/pubhtml?gid=620223057&amp;single=true\" target=\"_blank\" rel=\"noopener\">la composici\u00f3 actual<\/a>. Si teniu qualsevol pregunta, suggeriment o comentari que ens vulgueu fer arribar, podeu escriure&#8217;ns a aquesta adre\u00e7a de correu: <\/span><a href=\"mailto:ampa.salvador.espriu.salt@gmail.com\" target=\"_blank\" rel=\"noopener\">ampa.salvador.espriu.salt@gmail.com<\/a><\/p>\n<div class=\"rcPAR\">\n<div class=\"urwqv\">\n<div tabindex=\"0\" role=\"button\" aria-label=\"Adre\u00e7a electr\u00f2nica: ampa.salvador.espriu.salt@gmail.com\" aria-describedby=\"ttid-c1224\"><\/div>\n<\/div>\n<\/div>\n<p>Tamb\u00e9 ens podeu trobar a: <a href=\"https:\/\/twitter.com\/ampaespriusalt?lang=es\">@AmpaEspriuSalt<\/a><\/p>\n<hr \/>\n<p><span style=\"color: #0000ff;\">V03-22 (2\/10\/22). DIR. Aquesta p\u00e0gina pot quedar obsoleta un cop impresa.<\/span><\/p>\n","protected":false},"excerpt":{"rendered":"<p><a href=\"https:\/\/agora.xtec.cat\/iessalvadorespriu-salt\/wp-content\/uploads\/usu2103\/2023\/12\/Image-009.jpg\"><\/a>L&#8217;Associaci\u00f3 de Fam\u00edlies d&#8217;Alumnes (AFA) \u00e9s una organitzaci\u00f3 oberta a tothom, sense \u00e0nim de lucre. \u00c9s com una ONG per a l&#8217;Institut.<br \/>\nEst\u00e0 enregistrada al Registre d&#8217;Entitats municipals de Salt amb el n\u00fam. 67 i amb el n\u00fam. 473 en el <a href=\"http:\/\/justicia.gencat.cat\/ca\/serveis\/guia_d_entitats\/?idEntitat=21875#\" target=\"_blank\" rel=\"noopener\">Registre&hellip;  <a href=\"https:\/\/agora.xtec.cat\/iessalvadorespriu-salt\/associacions\/afa\/\" title=\"Read AFA (Associaci\u00f3 de Fam\u00edlies de l&#8217;alumnat)\">Llegeix m\u00e9s\u00bb<\/a><\/p>\n","protected":false},"author":10,"featured_media":0,"parent":1072,"menu_order":2,"comment_status":"closed","ping_status":"closed","template":"page-templates\/side-menu.php","meta":{"_bbp_topic_count":0,"_bbp_reply_count":0,"_bbp_total_topic_count":0,"_bbp_total_reply_count":0,"_bbp_voice_count":0,"_bbp_anonymous_reply_count":0,"_bbp_topic_count_hidden":0,"_bbp_reply_count_hidden":0,"_bbp_forum_subforum_count":0,"footnotes":""},"class_list":["post-608","page","type-page","status-publish","hentry"],"post_mailing_queue_ids":[],"_links":{"self":[{"href":"https:\/\/agora.xtec.cat\/iessalvadorespriu-salt\/wp-json\/wp\/v2\/pages\/608","targetHints":{"allow":["GET"]}}],"collection":[{"href":"https:\/\/agora.xtec.cat\/iessalvadorespriu-salt\/wp-json\/wp\/v2\/pages"}],"about":[{"href":"https:\/\/agora.xtec.cat\/iessalvadorespriu-salt\/wp-json\/wp\/v2\/types\/page"}],"author":[{"embeddable":true,"href":"https:\/\/agora.xtec.cat\/iessalvadorespriu-salt\/wp-json\/wp\/v2\/users\/10"}],"replies":[{"embeddable":true,"href":"https:\/\/agora.xtec.cat\/iessalvadorespriu-salt\/wp-json\/wp\/v2\/comments?post=608"}],"version-history":[{"count":9,"href":"https:\/\/agora.xtec.cat\/iessalvadorespriu-salt\/wp-json\/wp\/v2\/pages\/608\/revisions"}],"predecessor-version":[{"id":5971,"href":"https:\/\/agora.xtec.cat\/iessalvadorespriu-salt\/wp-json\/wp\/v2\/pages\/608\/revisions\/5971"}],"up":[{"embeddable":true,"href":"https:\/\/agora.xtec.cat\/iessalvadorespriu-salt\/wp-json\/wp\/v2\/pages\/1072"}],"wp:attachment":[{"href":"https:\/\/agora.xtec.cat\/iessalvadorespriu-salt\/wp-json\/wp\/v2\/media?parent=608"}],"curies":[{"name":"wp","href":"https:\/\/api.w.org\/{rel}","templated":true}]}}