{"id":601,"date":"2020-10-19T00:51:53","date_gmt":"2020-10-18T22:51:53","guid":{"rendered":"https:\/\/agora.xtec.cat\/iessalvadorespriu-salt\/?page_id=601"},"modified":"2025-10-22T13:46:45","modified_gmt":"2025-10-22T11:46:45","slug":"perfil-del-contractant","status":"publish","type":"page","link":"https:\/\/agora.xtec.cat\/iessalvadorespriu-salt\/secretaria\/perfil-del-contractant\/","title":{"rendered":"Perfil del contractant"},"content":{"rendered":"<p>L&#8217;Institut publica peri\u00f2dicament les licitacions o ofertes p\u00fabliques per a la contractaci\u00f3 de serveis.<\/p>\n<p><strong>Nova licitaci\u00f3 contracte de neteja 2026 &#8211; 17003203\/01-26<\/strong><\/p>\n<ul>\n<li>L\u2019anunci de licitaci\u00f3 i la resta de la documentaci\u00f3 de l\u2019expedient del contracte de neteja de l\u2019Institut Salvador Espriu de Salt de l\u2019any 2023 ja est\u00e0 publicada a la Plataforma de Serveis de Contractaci\u00f3 P\u00fablica (PSCP).<\/li>\n<li>Podeu accedir-hi a trav\u00e9s del seg\u00fcent enlla\u00e7:<br \/>\n<a href=\"https:\/\/contractaciopublica.cat\/ca\/detall-publicacio\/d0ba7278-f915-470c-bf61-cf153a55529c\/300594731\" target=\"_blank\" rel=\"noopener\">https:\/\/contractaciopublica.cat\/ca\/detall-publicacio\/d0ba7278-f915-470c-bf61-cf153a55529c\/300594731<\/a><\/li>\n<li>El termini per presentar proposicions acaba el 10 de novembre de 2025 a les 20:00.<\/li>\n<\/ul>\n<p>&nbsp;<\/p>\n<p>V01-25 (22\/10\/25).SEC<\/p>\n","protected":false},"excerpt":{"rendered":"<p>L&#8217;Institut publica peri\u00f2dicament les licitacions o ofertes p\u00fabliques per a la contractaci\u00f3 de serveis.<br \/>\nNova licitaci\u00f3 contracte de neteja 2026 &#8211; 17003203\/01-26<\/p>\n<ul>\n<li>L\u2019anunci de licitaci\u00f3 i la resta de la documentaci\u00f3 de l\u2019expedient del contracte de neteja de l\u2019Institut Salvador Espriu de Salt de l\u2019any 2023 ja&hellip;  <a href=\"https:\/\/agora.xtec.cat\/iessalvadorespriu-salt\/secretaria\/perfil-del-contractant\/\" title=\"Read Perfil del contractant\">Llegeix m\u00e9s\u00bb<\/a><br \/>\n","protected":false},"author":10,"featured_media":0,"parent":81,"menu_order":20,"comment_status":"closed","ping_status":"closed","template":"page-templates\/side-menu.php","meta":{"_bbp_topic_count":0,"_bbp_reply_count":0,"_bbp_total_topic_count":0,"_bbp_total_reply_count":0,"_bbp_voice_count":0,"_bbp_anonymous_reply_count":0,"_bbp_topic_count_hidden":0,"_bbp_reply_count_hidden":0,"_bbp_forum_subforum_count":0,"footnotes":""},"class_list":["post-601","page","type-page","status-publish","hentry"],"post_mailing_queue_ids":[],"_links":{"self":[{"href":"https:\/\/agora.xtec.cat\/iessalvadorespriu-salt\/wp-json\/wp\/v2\/pages\/601","targetHints":{"allow":["GET"]}}],"collection":[{"href":"https:\/\/agora.xtec.cat\/iessalvadorespriu-salt\/wp-json\/wp\/v2\/pages"}],"about":[{"href":"https:\/\/agora.xtec.cat\/iessalvadorespriu-salt\/wp-json\/wp\/v2\/types\/page"}],"author":[{"embeddable":true,"href":"https:\/\/agora.xtec.cat\/iessalvadorespriu-salt\/wp-json\/wp\/v2\/users\/10"}],"replies":[{"embeddable":true,"href":"https:\/\/agora.xtec.cat\/iessalvadorespriu-salt\/wp-json\/wp\/v2\/comments?post=601"}],"version-history":[{"count":7,"href":"https:\/\/agora.xtec.cat\/iessalvadorespriu-salt\/wp-json\/wp\/v2\/pages\/601\/revisions"}],"predecessor-version":[{"id":6981,"href":"https:\/\/agora.xtec.cat\/iessalvadorespriu-salt\/wp-json\/wp\/v2\/pages\/601\/revisions\/6981"}],"up":[{"embeddable":true,"href":"https:\/\/agora.xtec.cat\/iessalvadorespriu-salt\/wp-json\/wp\/v2\/pages\/81"}],"wp:attachment":[{"href":"https:\/\/agora.xtec.cat\/iessalvadorespriu-salt\/wp-json\/wp\/v2\/media?parent=601"}],"curies":[{"name":"wp","href":"https:\/\/api.w.org\/{rel}","templated":true}]}}