{"id":599,"date":"2020-10-19T00:51:34","date_gmt":"2020-10-18T22:51:34","guid":{"rendered":"https:\/\/agora.xtec.cat\/iessalvadorespriu-salt\/?page_id=599"},"modified":"2023-03-02T06:41:30","modified_gmt":"2023-03-02T05:41:30","slug":"certificats","status":"publish","type":"page","link":"https:\/\/agora.xtec.cat\/iessalvadorespriu-salt\/secretaria\/certificats\/","title":{"rendered":"Expedici\u00f3 de certificats"},"content":{"rendered":"<div class=\"entry-content\">\n<p><a href=\"https:\/\/drive.google.com\/file\/d\/1-eoghUno52QUtLyktJZHwEsx5FVS9-Y1\/view?usp=share_link\" target=\"_blank\" rel=\"noopener\">Sol\u00b7licitud certificat matriculaci\u00f3, escolaritzaci\u00f3, qualificacions, qualificaci\u00f3 mitjana, tramitar DNI, etc.<\/a><\/p>\n<p><a href=\"https:\/\/drive.google.com\/file\/d\/1XPK_uO4f7shCxWlfxgWw0B4eF8sdu6PF\/view?usp=share_link\" target=\"_blank\" rel=\"noopener\">Sol\u00b7licitud certificat de catal\u00e0 B2\/C1<\/a><\/p>\n<p>&nbsp;<\/p>\n<p>&nbsp;<\/p>\n<\/div>\n<p>&nbsp;<\/p>\n","protected":false},"excerpt":{"rendered":"<p><a href=\"https:\/\/drive.google.com\/file\/d\/1-eoghUno52QUtLyktJZHwEsx5FVS9-Y1\/view?usp=share_link\" target=\"_blank\" rel=\"noopener\">Sol\u00b7licitud certificat matriculaci\u00f3, escolaritzaci\u00f3, qualificacions, qualificaci\u00f3 mitjana, tramitar DNI, etc.<\/a><br \/>\n<a href=\"https:\/\/drive.google.com\/file\/d\/1XPK_uO4f7shCxWlfxgWw0B4eF8sdu6PF\/view?usp=share_link\" target=\"_blank\" rel=\"noopener\">Sol\u00b7licitud certificat de catal\u00e0 B2\/C1<\/a><br \/>\n&nbsp;<br \/>\n&nbsp;<\/p>\n<p>&nbsp;<\/p>\n","protected":false},"author":10,"featured_media":0,"parent":81,"menu_order":18,"comment_status":"closed","ping_status":"closed","template":"page-templates\/side-menu.php","meta":{"_bbp_topic_count":0,"_bbp_reply_count":0,"_bbp_total_topic_count":0,"_bbp_total_reply_count":0,"_bbp_voice_count":0,"_bbp_anonymous_reply_count":0,"_bbp_topic_count_hidden":0,"_bbp_reply_count_hidden":0,"_bbp_forum_subforum_count":0,"footnotes":""},"class_list":["post-599","page","type-page","status-publish","hentry"],"post_mailing_queue_ids":[],"_links":{"self":[{"href":"https:\/\/agora.xtec.cat\/iessalvadorespriu-salt\/wp-json\/wp\/v2\/pages\/599","targetHints":{"allow":["GET"]}}],"collection":[{"href":"https:\/\/agora.xtec.cat\/iessalvadorespriu-salt\/wp-json\/wp\/v2\/pages"}],"about":[{"href":"https:\/\/agora.xtec.cat\/iessalvadorespriu-salt\/wp-json\/wp\/v2\/types\/page"}],"author":[{"embeddable":true,"href":"https:\/\/agora.xtec.cat\/iessalvadorespriu-salt\/wp-json\/wp\/v2\/users\/10"}],"replies":[{"embeddable":true,"href":"https:\/\/agora.xtec.cat\/iessalvadorespriu-salt\/wp-json\/wp\/v2\/comments?post=599"}],"version-history":[{"count":3,"href":"https:\/\/agora.xtec.cat\/iessalvadorespriu-salt\/wp-json\/wp\/v2\/pages\/599\/revisions"}],"predecessor-version":[{"id":4060,"href":"https:\/\/agora.xtec.cat\/iessalvadorespriu-salt\/wp-json\/wp\/v2\/pages\/599\/revisions\/4060"}],"up":[{"embeddable":true,"href":"https:\/\/agora.xtec.cat\/iessalvadorespriu-salt\/wp-json\/wp\/v2\/pages\/81"}],"wp:attachment":[{"href":"https:\/\/agora.xtec.cat\/iessalvadorespriu-salt\/wp-json\/wp\/v2\/media?parent=599"}],"curies":[{"name":"wp","href":"https:\/\/api.w.org\/{rel}","templated":true}]}}