{"id":589,"date":"2020-10-19T00:49:55","date_gmt":"2020-10-18T22:49:55","guid":{"rendered":"https:\/\/agora.xtec.cat\/iessalvadorespriu-salt\/?page_id=589"},"modified":"2026-03-06T11:15:18","modified_gmt":"2026-03-06T10:15:18","slug":"preinscripcions","status":"publish","type":"page","link":"https:\/\/agora.xtec.cat\/iessalvadorespriu-salt\/secretaria\/preinscripcions\/","title":{"rendered":"Preinscripcions"},"content":{"rendered":"<div style=\"display: flex; flex-direction: row; flex-wrap: nowrap;\"><a style=\"background-color: #ff2626; font-size: 12pt; line-height: 22px; border-radius: 4px; cursor: pointer; text-align: center; padding: 5px 50px; margin: 10px; display: inline-block; text-decoration: none; color: white !important;\" href=\"https:\/\/agora.xtec.cat\/iessalvadorespriu-salt\/secretaria\/preinscripcions\/eso\/\" rel=\"noopener\">ESO<br \/>\n<span style=\"font-size: 12px;\">Del 6 al 18 de mar\u00e7 <\/span> <\/a> <a style=\"background-color: #26bcff; font-size: 12pt; line-height: 22px; border-radius: 4px; cursor: pointer; text-align: center; padding: 5px 50px; margin: 10px; display: inline-block; text-decoration: none; color: white !important;\" href=\"https:\/\/agora.xtec.cat\/iessalvadorespriu-salt\/secretaria\/preinscripcions\/bat\/\" target=\"_blank\" rel=\"noopener\">BATXILLERAT<br \/>\n<span style=\"font-size: 12px;\">Del 9 al 16 d&#8217;abril <\/span><br \/>\n<\/a><br \/>\n<a style=\"background-color: #1eab24; font-size: 12pt; line-height: 22px; border-radius: 4px; cursor: pointer; text-align: center; padding: 5px 50px; margin: 10px; display: inline-block; text-decoration: none; color: white !important;\" href=\"https:\/\/agora.xtec.cat\/iessalvadorespriu-salt\/secretaria\/preinscripcions\/cfgm\/\" target=\"_blank\" rel=\"noopener\">CFGM<br \/>\n<span style=\"font-size: 12px;\">Del ______ de maig<\/span><\/a><a style=\"background-color: #1e91ab; font-size: 12pt; line-height: 22px; border-radius: 4px; cursor: pointer; text-align: center; padding: 5px 50px; margin: 10px; display: inline-block; text-decoration: none; color: white !important;\" href=\"https:\/\/agora.xtec.cat\/iessalvadorespriu-salt\/secretaria\/preinscripcions\/preinscripcions-a-pfi-ptt\/\">PFI-PTT<span style=\"font-size: 12px;\"><br \/>\nDel ______ de maig <\/span><\/a><\/div>\n<h5><\/h5>\n<h5><strong><span style=\"color: #0000ff;\"><span style=\"color: #800000;\">CALENDARI GENERAL <\/span><\/span><\/strong><span style=\"color: #0000ff;\"><span style=\"color: #800000;\">(ESO, BAT, CFGM i PTT-PFI)<\/span><\/span><strong><br \/>\n<\/strong><\/h5>\n<ul>\n<li style=\"list-style-type: none;\">\n<ul>\n<li><span style=\"color: #0000ff;\"><strong>Educaci\u00f3 secund\u00e0ria obligat\u00f2ria<\/strong> (ESO): <\/span><strong><span style=\"color: #0000ff;\">del 6 al 18 de mar\u00e7 de 2026<\/span><\/strong>\n<ul>\n<li>La<a href=\"https:\/\/agora.xtec.cat\/iessalvadorespriu-salt\/secretaria\/preinscripcions\/jornada-portes-obertes-eso\/\" target=\"_blank\" rel=\"noopener\"> <strong>Jornada<\/strong> de Portes Obertes<strong> de l&#8217;ESO<\/strong><\/a> (2026) s&#8217;ha celebrat el 25 de febrer de 2026 <strong>a les 17:00 h<\/strong><\/li>\n<\/ul>\n<\/li>\n<li><span style=\"color: #0000ff;\"><strong><strong>Batxillerat (BAT) del 9 al 16 d&#8217;abril de 2026<\/strong><\/strong><\/span>\n<ul>\n<li style=\"list-style-type: none;\">\n<ul>\n<li>La <a href=\"https:\/\/agora.xtec.cat\/iessalvadorespriu-salt\/secretaria\/preinscripcions\/jornada-portes-obertes-batxillerat\/\" target=\"_blank\" rel=\"noopener\"><strong>Jornada<\/strong> de Portes Obertes de <strong>Batxillerat<\/strong><\/a> se celebra el 25 de mar\u00e7 <strong>a les 17:00 h<\/strong><\/li>\n<li>Contactes <strong>informatius <\/strong>espec\u00edfics: <a href=\"mailto:eva.rios@espriusalt.cat\" target=\"_blank\" rel=\"noopener noreferrer\">Batxillerat<\/a><\/li>\n<\/ul>\n<\/li>\n<\/ul>\n<\/li>\n<li><span style=\"color: #0000ff;\"><strong>Cicles de grau mitj\u00e0 de formaci\u00f3 professional (CFGM)<\/strong>: <strong>del <span style=\"color: #ff0000;\">(pendent)<\/span> de maig<\/strong><\/span>\n<ul>\n<li style=\"list-style-type: none;\">\n<ul>\n<li>La <a href=\"https:\/\/agora.xtec.cat\/iessalvadorespriu-salt\/secretaria\/preinscripcions\/jornades-portes-obertes-cfgm\/\"><strong>Jornada<\/strong> de Portes Obertes de l&#8217;FP <strong>postobligat\u00f2ria <\/strong><\/a>\u00e9s el 22 d&#8217;abril <strong>a les 18:30 h<\/strong><\/li>\n<li>Contactes <strong style=\"font-family: inherit; font-size: 1em;\">informatius <\/strong><span style=\"font-family: inherit; font-size: 1em;\">espec\u00edfics: <\/span><a style=\"font-family: inherit; font-size: 1em;\" href=\"mailto:informatica@espriusalt.cat\" target=\"_blank\" rel=\"noopener noreferrer\">Inform\u00e0tica<\/a><span style=\"font-family: inherit; font-size: 1em;\">, <\/span><a style=\"font-family: inherit; font-size: 1em;\" href=\"mailto:pau.ayora@espriusalt.cat\" target=\"_blank\" rel=\"noopener noreferrer\">Jardineria<\/a><span style=\"font-family: inherit; font-size: 1em;\">, <\/span><a style=\"font-family: inherit; font-size: 1em;\" href=\"mailto:ana.figueras@espriusalt.cat\" target=\"_blank\" rel=\"noopener noreferrer\">GUIAMN\u00a0<\/a><\/li>\n<\/ul>\n<\/li>\n<\/ul>\n<\/li>\n<li><span style=\"color: #0000ff;\"><strong>Programa de Formaci\u00f3 i inserci\u00f3 (PFI)<\/strong><\/span>\n<ul>\n<li style=\"list-style-type: none;\">\n<ul>\n<li>La <a href=\"https:\/\/agora.xtec.cat\/iessalvadorespriu-salt\/secretaria\/jornades-portes-obertes\/jornada-portes-obertes-pfi-ptt\/\" target=\"_blank\" rel=\"noopener\"><strong>Jornada<\/strong> de Portes Obertes del PFI<\/a> \u00e9s el 22 d&#8217;abril <strong>a les 17:00 h<\/strong> (a la seu del PFI): Auxiliar d&#8217;Activitats Esportives \/ Auxiliar de Muntatges d&#8217;instal\u00b7lacions electrot\u00e8cniques en edificis, a la seu del costat de El Gegant del Rec<\/li>\n<\/ul>\n<\/li>\n<\/ul>\n<\/li>\n<\/ul>\n<\/li>\n<\/ul>\n<p>Altres <strong>informacions<\/strong>: <a href=\"https:\/\/preinscripcio.gencat.cat\/ca\/inici\" target=\"_blank\" rel=\"noopener noreferrer\">Departament d&#8217;Educaci\u00f3<\/a>. Pr\u00e8viament, aconsegu\u00edeu dades al web <a href=\"http:\/\/queestudiar.gencat.cat\/\" target=\"_blank\" rel=\"noopener noreferrer\" data-saferedirecturl=\"https:\/\/www.google.com\/url?q=http:\/\/queestudiar.gencat.cat\/&amp;source=gmail&amp;ust=1613808698253000&amp;usg=AFQjCNHv2puNU0eLiCLtZeF3_WX_YalUgg\">Estudiar a Catalunya.<\/a><\/p>\n<div class=\"entry-content\">\n<hr \/>\n<p><span style=\"color: #0000ff;\"><strong>V01-26 (06\/03\/26). SEC.<\/strong> Aquesta p\u00e0gina pot quedar obsoleta un cop impresa<\/span><\/p>\n<\/div>\n","protected":false},"excerpt":{"rendered":"<p><a style=\"background-color: #ff2626; font-size: 12pt; line-height: 22px; border-radius: 4px; cursor: pointer; text-align: center; padding: 5px 50px; margin: 10px; display: inline-block; text-decoration: none; color: white !important;\" href=\"https:\/\/agora.xtec.cat\/iessalvadorespriu-salt\/secretaria\/preinscripcions\/eso\/\" rel=\"noopener\">ESO<br \/>\nDel 6 al 18 de mar\u00e7  <\/a> <a style=\"background-color: #26bcff; font-size: 12pt; line-height: 22px; border-radius: 4px; cursor: pointer;&hellip;  <a href=\"https:\/\/agora.xtec.cat\/iessalvadorespriu-salt\/secretaria\/preinscripcions\/\" title=\"Read Preinscripcions\">Llegeix m\u00e9s\u00bb<\/a><\/p>\n","protected":false},"author":10,"featured_media":0,"parent":81,"menu_order":13,"comment_status":"closed","ping_status":"closed","template":"page-templates\/side-menu.php","meta":{"_bbp_topic_count":0,"_bbp_reply_count":0,"_bbp_total_topic_count":0,"_bbp_total_reply_count":0,"_bbp_voice_count":0,"_bbp_anonymous_reply_count":0,"_bbp_topic_count_hidden":0,"_bbp_reply_count_hidden":0,"_bbp_forum_subforum_count":0,"footnotes":""},"class_list":["post-589","page","type-page","status-publish","hentry"],"post_mailing_queue_ids":[],"_links":{"self":[{"href":"https:\/\/agora.xtec.cat\/iessalvadorespriu-salt\/wp-json\/wp\/v2\/pages\/589","targetHints":{"allow":["GET"]}}],"collection":[{"href":"https:\/\/agora.xtec.cat\/iessalvadorespriu-salt\/wp-json\/wp\/v2\/pages"}],"about":[{"href":"https:\/\/agora.xtec.cat\/iessalvadorespriu-salt\/wp-json\/wp\/v2\/types\/page"}],"author":[{"embeddable":true,"href":"https:\/\/agora.xtec.cat\/iessalvadorespriu-salt\/wp-json\/wp\/v2\/users\/10"}],"replies":[{"embeddable":true,"href":"https:\/\/agora.xtec.cat\/iessalvadorespriu-salt\/wp-json\/wp\/v2\/comments?post=589"}],"version-history":[{"count":9,"href":"https:\/\/agora.xtec.cat\/iessalvadorespriu-salt\/wp-json\/wp\/v2\/pages\/589\/revisions"}],"predecessor-version":[{"id":7358,"href":"https:\/\/agora.xtec.cat\/iessalvadorespriu-salt\/wp-json\/wp\/v2\/pages\/589\/revisions\/7358"}],"up":[{"embeddable":true,"href":"https:\/\/agora.xtec.cat\/iessalvadorespriu-salt\/wp-json\/wp\/v2\/pages\/81"}],"wp:attachment":[{"href":"https:\/\/agora.xtec.cat\/iessalvadorespriu-salt\/wp-json\/wp\/v2\/media?parent=589"}],"curies":[{"name":"wp","href":"https:\/\/api.w.org\/{rel}","templated":true}]}}