{"id":581,"date":"2020-10-19T01:02:18","date_gmt":"2020-10-18T23:02:18","guid":{"rendered":"https:\/\/agora.xtec.cat\/iessalvadorespriu-salt\/?page_id=581"},"modified":"2024-06-02T17:15:14","modified_gmt":"2024-06-02T15:15:14","slug":"biblioteca","status":"publish","type":"page","link":"https:\/\/agora.xtec.cat\/iessalvadorespriu-salt\/serveis\/biblioteca\/","title":{"rendered":"Biblioteca escolar"},"content":{"rendered":"<p><a href=\"https:\/\/agora.xtec.cat\/iessalvadorespriu-salt\/wp-content\/uploads\/usu2103\/2021\/02\/READING.jpg\"><img loading=\"lazy\" decoding=\"async\" class=\"alignright wp-image-1272\" src=\"https:\/\/agora.xtec.cat\/iessalvadorespriu-salt\/wp-content\/uploads\/usu2103\/2021\/02\/READING.jpg\" alt=\"\" width=\"336\" height=\"189\" srcset=\"https:\/\/agora.xtec.cat\/iessalvadorespriu-salt\/wp-content\/uploads\/usu2103\/2021\/02\/READING.jpg 976w, https:\/\/agora.xtec.cat\/iessalvadorespriu-salt\/wp-content\/uploads\/usu2103\/2021\/02\/READING-300x169.jpg 300w, https:\/\/agora.xtec.cat\/iessalvadorespriu-salt\/wp-content\/uploads\/usu2103\/2021\/02\/READING-768x432.jpg 768w\" sizes=\"auto, (max-width: 336px) 100vw, 336px\" \/><\/a>La Biblioteca \u201cAntoni Vi\u00f1olas\u201d, de l\u2019Institut Espriu,<strong> \u00e9s un ambient m\u00e0gic, ple d\u2019hist\u00f2ria i an\u00e8cdotes<\/strong>. Actualment, \u00e9s gestionat per <a href=\"https:\/\/www.totoci.net\/\" target=\"_blank\" rel=\"noopener\">Tot Oci Educaci\u00f3<\/a> a les tardes i durant tota la jornada esdev\u00e9 un espai de treball, reunions, lectura, atenci\u00f3 a l\u2019alumnat (segons un \u00fas regulat des de l\u2019aplicatiu de gesti\u00f3 \u201ciEduca\u201d).<\/p>\n<p>Tot l\u2019alumnat i professorat del centre pot fer servir l\u2019espai de la biblioteca: hi ha servei de pr\u00e9stec, espai d\u2019estudi, ordinadors de sobretaula i port\u00e0tils i jocs de taula educatius.<\/p>\n<p><strong>Quins serveis oferim?<\/strong><\/p>\n<ul>\n<li><strong>Servei d\u2019estudi<\/strong>: la biblioteca disposa d\u2019espai per fer els deures, repassar per a les classes o fer treballs en grup.<\/li>\n<li><strong>Servei de pr\u00e9stec<\/strong>: es poden llegir llibres a la biblioteca o demanar-los en pr\u00e9stec. Per fer el pr\u00e9stec es necessita el carnet de biblioteca, que us hauran de donar a Tutoria o fer-ne una c\u00f2pia a la Biblioteca. Es poden endur en pr\u00e9stec dos llibres durant quinze dies, i tamb\u00e9 es podr\u00e0 demanar una pr\u00f2rroga si necessiteu m\u00e9s temps per llegir.<\/li>\n<li><strong>Servei d\u2019ordinadors<\/strong>: l\u2019alumnat pot fer servir els ordinadors de sobretaula o els port\u00e0tils que el centre posa a disposici\u00f3 dels usuaris. Tamb\u00e9 ofereix connexi\u00f3 wifi per a treballar amb els equips personals.<\/li>\n<li><strong>Servei d\u2019impressions<\/strong>: es poden imprimir treballs de classe. El preu de les impressions \u00e9s de 0,10 c\u00e8ntims en blanc i negre i de 0,15 c\u00e8ntims a color, per cada p\u00e0gina impresa.<\/li>\n<\/ul>\n<p>Durant les tardes, la biblioteca compta amb dinamitzaci\u00f3 a c\u00e0rrec de la Cristina Mangas. Durant aquest temps, tot l&#8217;alumnat de l\u2019Institut Salvador Espriu \u00e9s benvingut a la biblioteca per fer les tasques escolars, buscar llibres o utilitzar l&#8217;espai dels sof\u00e0s. La Cristina, la nostra dinamitzadora, est\u00e0 disponible per a ajudar en qualsevol consulta relacionada amb els llibres, els deures o els ordinadors.<\/p>\n<p><strong>Altres dades d\u2019inter\u00e8s:<\/strong><\/p>\n<p>\uf0b7 Horari d\u2019atenci\u00f3: de dilluns a dijous de 16 a 18.30 h, d\u2019acord amb el calendari lectiu.<br \/>\n\uf0b7 Correu electr\u00f2nic: <a href=\"mailto:biblioteca@espriusalt.cat\" target=\"_blank\" rel=\"noopener noreferrer\">biblioteca<span class=\"\">@<\/span>espriusalt.cat<\/a><\/p>\n<ul>\n<li>Projectes vinculats:\n<ul>\n<li><a href=\"https:\/\/agora.xtec.cat\/iessalvadorespriu-salt\/linstitut\/projecte-educatiu\/pla-lector\/\" target=\"_blank\" rel=\"noopener noreferrer\">Pla Lector<\/a><\/li>\n<li><a href=\"http:\/\/biblosespriu.blogspot.com\/\" target=\"_blank\" rel=\"noopener noreferrer\">Club de Lectura<\/a><\/li>\n<\/ul>\n<\/li>\n<\/ul>\n<p><strong>M\u00e9s informaci\u00f3:<\/strong><br \/>\n<a href=\"https:\/\/drive.google.com\/file\/d\/1mnZNG9tVA-xq0nzJfG9jTk4SUMUmzqAM\/view\" target=\"_blank\" rel=\"noopener\">Imatges <\/a>de la Biblioteca de l\u2019Institut Salvador Espriu.<br \/>\nRecomanacions de lectures de la Biblioteca Antoni Vi\u00f1olas (<a href=\"https:\/\/agora.xtec.cat\/iessalvadorespriu-salt\/general\/novetats-a-la-biblioteca-de-lespriu\/\" target=\"_blank\" rel=\"noopener\">Sant Jordi 24<\/a>, <a href=\"https:\/\/agora.xtec.cat\/iessalvadorespriu-salt\/general\/8m-elles-tenen-la-paraula-la-biblioteca-us-recomana\/\" target=\"_blank\" rel=\"noopener\">8M, <\/a><a href=\"https:\/\/agora.xtec.cat\/iessalvadorespriu-salt\/general\/la-biblioteca-recomana-24-lectures-per-al-2024\/\" target=\"_blank\" rel=\"noopener\">24 lectures per al 2024<\/a>).<br \/>\nCat\u00e0leg en l\u00ednia: <a href=\"https:\/\/xtec.gencat.cat\/ca\/projectes\/biblioteca\/epergam\/\" target=\"_blank\" rel=\"noopener\">cat\u00e0leg eP\u00e8rgam<\/a>.<\/p>\n<p><em>Un llibre obert \u00e9s un cervell que parla; tancat un amic que espera; oblidat, una \u00e0nima que perdona; destru\u00eft, un cor que plora.<br \/>\n<\/em>Proverbi hind\u00fa.<\/p>\n<p>Animem el jovent a agafar un llibre i a deixar volar la imaginaci\u00f3.<br \/>\n<strong>La lectura ens enriqueix, ens fa millors com a persones i tamb\u00e9 ens fa m\u00e9s lliures<\/strong>.<\/p>\n<p>&nbsp;<\/p>\n<hr \/>\n<p><span style=\"color: #0000ff;\"><strong>Refer\u00e8ncia<\/strong>: V01-2 (02\/06\/24). CCOM. Aquesta p\u00e0gina pot quedar obsoleta un cop impresa.<\/span><\/p>\n","protected":false},"excerpt":{"rendered":"<p><a href=\"https:\/\/agora.xtec.cat\/iessalvadorespriu-salt\/wp-content\/uploads\/usu2103\/2021\/02\/READING.jpg\"><\/a>La Biblioteca \u201cAntoni Vi\u00f1olas\u201d, de l\u2019Institut Espriu, \u00e9s un ambient m\u00e0gic, ple d\u2019hist\u00f2ria i an\u00e8cdotes. Actualment, \u00e9s gestionat per <a href=\"https:\/\/www.totoci.net\/\" target=\"_blank\" rel=\"noopener\">Tot Oci Educaci\u00f3<\/a> a les tardes i durant tota la jornada esdev\u00e9 un espai de treball, reunions, lectura, atenci\u00f3 a l\u2019alumnat (segons&hellip;  <a href=\"https:\/\/agora.xtec.cat\/iessalvadorespriu-salt\/serveis\/biblioteca\/\" title=\"Read Biblioteca escolar\">Llegeix m\u00e9s\u00bb<\/a><\/p>\n","protected":false},"author":10,"featured_media":0,"parent":63,"menu_order":10,"comment_status":"closed","ping_status":"closed","template":"page-templates\/side-menu.php","meta":{"_bbp_topic_count":0,"_bbp_reply_count":0,"_bbp_total_topic_count":0,"_bbp_total_reply_count":0,"_bbp_voice_count":0,"_bbp_anonymous_reply_count":0,"_bbp_topic_count_hidden":0,"_bbp_reply_count_hidden":0,"_bbp_forum_subforum_count":0,"footnotes":""},"class_list":["post-581","page","type-page","status-publish","hentry"],"post_mailing_queue_ids":[],"_links":{"self":[{"href":"https:\/\/agora.xtec.cat\/iessalvadorespriu-salt\/wp-json\/wp\/v2\/pages\/581","targetHints":{"allow":["GET"]}}],"collection":[{"href":"https:\/\/agora.xtec.cat\/iessalvadorespriu-salt\/wp-json\/wp\/v2\/pages"}],"about":[{"href":"https:\/\/agora.xtec.cat\/iessalvadorespriu-salt\/wp-json\/wp\/v2\/types\/page"}],"author":[{"embeddable":true,"href":"https:\/\/agora.xtec.cat\/iessalvadorespriu-salt\/wp-json\/wp\/v2\/users\/10"}],"replies":[{"embeddable":true,"href":"https:\/\/agora.xtec.cat\/iessalvadorespriu-salt\/wp-json\/wp\/v2\/comments?post=581"}],"version-history":[{"count":7,"href":"https:\/\/agora.xtec.cat\/iessalvadorespriu-salt\/wp-json\/wp\/v2\/pages\/581\/revisions"}],"predecessor-version":[{"id":5643,"href":"https:\/\/agora.xtec.cat\/iessalvadorespriu-salt\/wp-json\/wp\/v2\/pages\/581\/revisions\/5643"}],"up":[{"embeddable":true,"href":"https:\/\/agora.xtec.cat\/iessalvadorespriu-salt\/wp-json\/wp\/v2\/pages\/63"}],"wp:attachment":[{"href":"https:\/\/agora.xtec.cat\/iessalvadorespriu-salt\/wp-json\/wp\/v2\/media?parent=581"}],"curies":[{"name":"wp","href":"https:\/\/api.w.org\/{rel}","templated":true}]}}