{"id":578,"date":"2020-10-19T00:46:19","date_gmt":"2020-10-18T22:46:19","guid":{"rendered":"https:\/\/agora.xtec.cat\/iessalvadorespriu-salt\/?page_id=578"},"modified":"2025-04-03T11:00:37","modified_gmt":"2025-04-03T09:00:37","slug":"escola-verda","status":"publish","type":"page","link":"https:\/\/agora.xtec.cat\/iessalvadorespriu-salt\/estudis\/projectes\/escola-verda\/","title":{"rendered":"Escola Verda"},"content":{"rendered":"<p><a href=\"https:\/\/agora.xtec.cat\/iessalvadorespriu-salt\/wp-content\/uploads\/usu2103\/2023\/03\/forum_escola-verda_2_web.jpg\"><img loading=\"lazy\" decoding=\"async\" class=\"alignright wp-image-4203\" src=\"https:\/\/agora.xtec.cat\/iessalvadorespriu-salt\/wp-content\/uploads\/usu2103\/2023\/03\/forum_escola-verda_2_web.jpg\" alt=\"\" width=\"201\" height=\"268\" srcset=\"https:\/\/agora.xtec.cat\/iessalvadorespriu-salt\/wp-content\/uploads\/usu2103\/2023\/03\/forum_escola-verda_2_web.jpg 1254w, https:\/\/agora.xtec.cat\/iessalvadorespriu-salt\/wp-content\/uploads\/usu2103\/2023\/03\/forum_escola-verda_2_web-225x300.jpg 225w, https:\/\/agora.xtec.cat\/iessalvadorespriu-salt\/wp-content\/uploads\/usu2103\/2023\/03\/forum_escola-verda_2_web-768x1024.jpg 768w, https:\/\/agora.xtec.cat\/iessalvadorespriu-salt\/wp-content\/uploads\/usu2103\/2023\/03\/forum_escola-verda_2_web-1152x1536.jpg 1152w\" sizes=\"auto, (max-width: 201px) 100vw, 201px\" \/><\/a>L&#8217;Espriu \u00e9s Escola Verda i treballa per a mantenir els est\u00e0ndards d&#8217;aquesta qualificaci\u00f3, que inclou el centre dins una \u00e0mplia xarxa de centres educatius que fomenten l&#8217;educaci\u00f3 per la sostenibilitat. Un dels objectius d&#8217;aquest curs \u00e9s redissenyar la implicaci\u00f3 de l&#8217;alumnat i dels professionals del centre per tal de tenir m\u00e9s visibilitat i un major impacte en la comunitat educativa i en el nostre entorn. Aix\u00ed mateix, continuem treballant per implementar els objectius estrat\u00e8gics d&#8217;aquesta certificaci\u00f3.<\/p>\n<p><a href=\"https:\/\/agora.xtec.cat\/iessalvadorespriu-salt\/tag\/escola-verda\/\" target=\"_blank\" rel=\"noopener\">Not\u00edcies Escola verda<\/a><\/p>\n","protected":false},"excerpt":{"rendered":"<p><a href=\"https:\/\/agora.xtec.cat\/iessalvadorespriu-salt\/wp-content\/uploads\/usu2103\/2023\/03\/forum_escola-verda_2_web.jpg\"><\/a>L&#8217;Espriu \u00e9s Escola Verda i treballa per a mantenir els est\u00e0ndards d&#8217;aquesta qualificaci\u00f3, que inclou el centre dins una \u00e0mplia xarxa de centres educatius que fomenten l&#8217;educaci\u00f3 per la sostenibilitat. Un dels objectius d&#8217;aquest curs \u00e9s redissenyar la implicaci\u00f3 de l&#8217;alumnat i dels professionals&hellip;  <a href=\"https:\/\/agora.xtec.cat\/iessalvadorespriu-salt\/estudis\/projectes\/escola-verda\/\" title=\"Read Escola Verda\">Llegeix m\u00e9s\u00bb<\/a><\/p>\n","protected":false},"author":10,"featured_media":0,"parent":57,"menu_order":0,"comment_status":"closed","ping_status":"closed","template":"page-templates\/side-menu.php","meta":{"_bbp_topic_count":0,"_bbp_reply_count":0,"_bbp_total_topic_count":0,"_bbp_total_reply_count":0,"_bbp_voice_count":0,"_bbp_anonymous_reply_count":0,"_bbp_topic_count_hidden":0,"_bbp_reply_count_hidden":0,"_bbp_forum_subforum_count":0,"footnotes":""},"class_list":["post-578","page","type-page","status-publish","hentry"],"post_mailing_queue_ids":[],"_links":{"self":[{"href":"https:\/\/agora.xtec.cat\/iessalvadorespriu-salt\/wp-json\/wp\/v2\/pages\/578","targetHints":{"allow":["GET"]}}],"collection":[{"href":"https:\/\/agora.xtec.cat\/iessalvadorespriu-salt\/wp-json\/wp\/v2\/pages"}],"about":[{"href":"https:\/\/agora.xtec.cat\/iessalvadorespriu-salt\/wp-json\/wp\/v2\/types\/page"}],"author":[{"embeddable":true,"href":"https:\/\/agora.xtec.cat\/iessalvadorespriu-salt\/wp-json\/wp\/v2\/users\/10"}],"replies":[{"embeddable":true,"href":"https:\/\/agora.xtec.cat\/iessalvadorespriu-salt\/wp-json\/wp\/v2\/comments?post=578"}],"version-history":[{"count":4,"href":"https:\/\/agora.xtec.cat\/iessalvadorespriu-salt\/wp-json\/wp\/v2\/pages\/578\/revisions"}],"predecessor-version":[{"id":6369,"href":"https:\/\/agora.xtec.cat\/iessalvadorespriu-salt\/wp-json\/wp\/v2\/pages\/578\/revisions\/6369"}],"up":[{"embeddable":true,"href":"https:\/\/agora.xtec.cat\/iessalvadorespriu-salt\/wp-json\/wp\/v2\/pages\/57"}],"wp:attachment":[{"href":"https:\/\/agora.xtec.cat\/iessalvadorespriu-salt\/wp-json\/wp\/v2\/media?parent=578"}],"curies":[{"name":"wp","href":"https:\/\/api.w.org\/{rel}","templated":true}]}}