{"id":576,"date":"2020-10-19T00:46:01","date_gmt":"2020-10-18T22:46:01","guid":{"rendered":"https:\/\/agora.xtec.cat\/iessalvadorespriu-salt\/?page_id=576"},"modified":"2023-02-15T18:04:00","modified_gmt":"2023-02-15T17:04:00","slug":"con-arte","status":"publish","type":"page","link":"https:\/\/agora.xtec.cat\/iessalvadorespriu-salt\/estudis\/projectes\/con-arte\/","title":{"rendered":"AraArt &#8211; ConArte"},"content":{"rendered":"<p>ConArte Internacional \u00e9s una associaci\u00f3 sense \u00e0nim de lucre constitu\u00efda en 2014, fruit de l&#8217;acord de col\u00b7laboraci\u00f3 entre la C\u00e0tedra UNESCO de Pol\u00edtiques Culturals i Cooperaci\u00f3 de la Universitat de Girona i ConArte M\u00e8xic<\/p>\n<p>L&#8217;educaci\u00f3 art\u00edstica \u00e9s per a la UNESCO una prioritat i experi\u00e8ncies com la de M\u00e8xic o els resultats obtinguts per diferents projectes de cooperaci\u00f3 internacional, demostren que la capacitat educativa de les arts i el patrimoni cultural avui \u00e9s m\u00e9s necess\u00e0ria que mai.<\/p>\n<p>El projecte &#8220;Planters&#8221; vincula l&#8217;educaci\u00f3 i les arts a l&#8217;aula, per aconseguir una millora del clima escolar, afavorir la integraci\u00f3 social, potenciar el di\u00e0leg intercultural i augmentar les capacitats d&#8217;aprenentatge en els beneficiaris del projecte pertanyents als centres educatius participants.<\/p>\n<p>&#8220;Planters&#8221; es vincula amb el programa d\u2019innovaci\u00f3 pedag\u00f2gica AraArt. Aquest projecte conjunt pret\u00e9n generar situacions d&#8217;aprenentatge vinculades a les arts per millorar les capacitats i les compet\u00e8ncies b\u00e0siques de l&#8217;alumnat i contribuir a estructurar-ne el pensament. Tamb\u00e9 est\u00e0 servint per generar espais de treball a trav\u00e9s de la formaci\u00f3 del professorat i aix\u00ed incentivar l\u2019\u00fas de les arts per a l\u2019ensenyament.<\/p>\n","protected":false},"excerpt":{"rendered":"<p>ConArte Internacional \u00e9s una associaci\u00f3 sense \u00e0nim de lucre constitu\u00efda en 2014, fruit de l&#8217;acord de col\u00b7laboraci\u00f3 entre la C\u00e0tedra UNESCO de Pol\u00edtiques Culturals i Cooperaci\u00f3 de la Universitat de Girona i ConArte M\u00e8xic<br \/>\nL&#8217;educaci\u00f3 art\u00edstica \u00e9s per a la UNESCO una prioritat i experi\u00e8ncies com&hellip;  <a href=\"https:\/\/agora.xtec.cat\/iessalvadorespriu-salt\/estudis\/projectes\/con-arte\/\" title=\"Read AraArt &#8211; ConArte\">Llegeix m\u00e9s\u00bb<\/a><\/p>\n","protected":false},"author":10,"featured_media":0,"parent":57,"menu_order":0,"comment_status":"closed","ping_status":"closed","template":"page-templates\/side-menu.php","meta":{"_bbp_topic_count":0,"_bbp_reply_count":0,"_bbp_total_topic_count":0,"_bbp_total_reply_count":0,"_bbp_voice_count":0,"_bbp_anonymous_reply_count":0,"_bbp_topic_count_hidden":0,"_bbp_reply_count_hidden":0,"_bbp_forum_subforum_count":0,"footnotes":""},"class_list":["post-576","page","type-page","status-publish","hentry"],"post_mailing_queue_ids":[],"_links":{"self":[{"href":"https:\/\/agora.xtec.cat\/iessalvadorespriu-salt\/wp-json\/wp\/v2\/pages\/576","targetHints":{"allow":["GET"]}}],"collection":[{"href":"https:\/\/agora.xtec.cat\/iessalvadorespriu-salt\/wp-json\/wp\/v2\/pages"}],"about":[{"href":"https:\/\/agora.xtec.cat\/iessalvadorespriu-salt\/wp-json\/wp\/v2\/types\/page"}],"author":[{"embeddable":true,"href":"https:\/\/agora.xtec.cat\/iessalvadorespriu-salt\/wp-json\/wp\/v2\/users\/10"}],"replies":[{"embeddable":true,"href":"https:\/\/agora.xtec.cat\/iessalvadorespriu-salt\/wp-json\/wp\/v2\/comments?post=576"}],"version-history":[{"count":3,"href":"https:\/\/agora.xtec.cat\/iessalvadorespriu-salt\/wp-json\/wp\/v2\/pages\/576\/revisions"}],"predecessor-version":[{"id":3970,"href":"https:\/\/agora.xtec.cat\/iessalvadorespriu-salt\/wp-json\/wp\/v2\/pages\/576\/revisions\/3970"}],"up":[{"embeddable":true,"href":"https:\/\/agora.xtec.cat\/iessalvadorespriu-salt\/wp-json\/wp\/v2\/pages\/57"}],"wp:attachment":[{"href":"https:\/\/agora.xtec.cat\/iessalvadorespriu-salt\/wp-json\/wp\/v2\/media?parent=576"}],"curies":[{"name":"wp","href":"https:\/\/api.w.org\/{rel}","templated":true}]}}