{"id":57,"date":"2014-09-17T17:01:07","date_gmt":"2014-09-17T15:01:07","guid":{"rendered":"http:\/\/agora.xtec.cat\/iessalvadorespriu-salt\/?page_id=57"},"modified":"2024-07-07T19:42:48","modified_gmt":"2024-07-07T17:42:48","slug":"projectes","status":"publish","type":"page","link":"https:\/\/agora.xtec.cat\/iessalvadorespriu-salt\/estudis\/projectes\/","title":{"rendered":"Projectes acad\u00e8mics de centre i programes d&#8217;innovaci\u00f3"},"content":{"rendered":"<p><a href=\"https:\/\/agora.xtec.cat\/iessalvadorespriu-salt\/wp-content\/uploads\/usu2103\/2023\/02\/Student-Success.jpg\"><img loading=\"lazy\" decoding=\"async\" class=\"alignright wp-image-3962\" src=\"https:\/\/agora.xtec.cat\/iessalvadorespriu-salt\/wp-content\/uploads\/usu2103\/2023\/02\/Student-Success-225x300.jpg\" alt=\"\" width=\"316\" height=\"421\" srcset=\"https:\/\/agora.xtec.cat\/iessalvadorespriu-salt\/wp-content\/uploads\/usu2103\/2023\/02\/Student-Success-225x300.jpg 225w, https:\/\/agora.xtec.cat\/iessalvadorespriu-salt\/wp-content\/uploads\/usu2103\/2023\/02\/Student-Success-769x1024.jpg 769w, https:\/\/agora.xtec.cat\/iessalvadorespriu-salt\/wp-content\/uploads\/usu2103\/2023\/02\/Student-Success-768x1023.jpg 768w, https:\/\/agora.xtec.cat\/iessalvadorespriu-salt\/wp-content\/uploads\/usu2103\/2023\/02\/Student-Success.jpg 901w\" sizes=\"auto, (max-width: 316px) 100vw, 316px\" \/><\/a>L&#8217;Espriu \u00e9s ple de <strong>Projectes i Comissions que formen Equips de millora<\/strong> i innovaci\u00f3 (veure&#8217;n <a href=\"https:\/\/docs.google.com\/spreadsheets\/u\/1\/d\/e\/2PACX-1vQ_OozJrRO4HioOoA3kahYzF8jeWNQSA-8HDZizB4AVls8XVM4km7ykbLhyH4MHzPhlpUj12OFfIwVW\/pubhtml?gid=291935259&amp;single=true\" target=\"_blank\" rel=\"noopener\">un quadre general<\/a>).<br \/>\nPodem veure que, entre les nombroses <strong>iniciatives<\/strong>, hi ha&#8230;<\/p>\n<p><strong><span style=\"color: #ff6600;\">ACC\u00c9S R\u00c0PID A ALGUNS PROJECTES<\/span><br \/>\n<\/strong><\/p>\n<div id=\"enllacos\">\n<div style=\"display: flex; flex-wrap: wrap; justify-content: center;\"><a style=\"background-color: rgb(66 135 245); font-size: 12pt; line-height: 22px; border-radius: 4px; cursor: pointer; text-align: center; color: white !important; padding: 5px 50px; margin: 10px; display: inline-block;\" href=\"https:\/\/sites.google.com\/espriusalt.cat\/erasmus\" target=\"_blank\" rel=\"noopener\">Erasmus<\/a><br \/>\n<a style=\"background-color: rgb(245 176 66); font-size: 12pt; line-height: 22px; border-radius: 4px; cursor: pointer; text-align: center; color: white !important; padding: 5px 50px; margin: 10px; display: inline-block;\" href=\"https:\/\/drive.google.com\/file\/d\/1QDFUjKLTyoStnARxNjDsJgRI9vuM3Wz5\/view?usp=drive_link\" target=\"_blank\" rel=\"noopener\">FAIG<\/a><br \/>\n<a style=\"background-color: rgb(109 161 66); font-size: 12pt; line-height: 22px; border-radius: 4px; cursor: pointer; text-align: center; color: white !important; padding: 5px 50px; margin: 10px; display: inline-block;\" href=\"https:\/\/drive.google.com\/file\/d\/1QDFUjKLTyoStnARxNjDsJgRI9vuM3Wz5\/view?usp=drive_link\" target=\"_blank\" rel=\"noopener\">MEPAS<\/a><br \/>\n<a style=\"background-color: rgb(219 51 13); font-size: 12pt; line-height: 22px; border-radius: 4px; cursor: pointer; text-align: center; color: white !important; padding: 5px 50px; margin: 10px; display: inline-block;\" href=\"https:\/\/drive.google.com\/file\/d\/1QDFUjKLTyoStnARxNjDsJgRI9vuM3Wz5\/view?usp=drive_link\" target=\"_blank\" rel=\"noopener\">GEP<\/a><\/div>\n<div><\/div>\n<\/div>\n<ul>\n<li><strong>Programes d&#8217;innovaci\u00f3 oficials actius<\/strong>\n<ul>\n<li><a href=\"https:\/\/agora.xtec.cat\/iessalvadorespriu-salt\/estudis\/projectes\/activa-fp\/\" target=\"_blank\" rel=\"noopener\">Activa FP<\/a><\/li>\n<li><strong>CatSkills<\/strong> (<a href=\"https:\/\/projectes.xtec.cat\/catskills\/\" target=\"_blank\" rel=\"noopener\">web global<\/a>)<\/li>\n<li>Xarxa de Compet\u00e8ncies B\u00e0siques<\/li>\n<li>FP Dual<\/li>\n<li>Orienta FP<\/li>\n<li>Qualitat i Millora Cont\u00ednua<\/li>\n<li>Activa FP<\/li>\n<li>ERG &#8211; Enfocament Restauratiu Global<\/li>\n<li>FAIG &#8211; Fent per Aprendre, Imaginant Globalment<\/li>\n<li>MobilitatFP<\/li>\n<\/ul>\n<\/li>\n<li><strong>Programes d&#8217;innovaci\u00f3 oficials ja completats<br \/>\n<\/strong><\/p>\n<ul>\n<li><a href=\"https:\/\/agora.xtec.cat\/iessalvadorespriu-salt\/estudis\/projectes\/con-arte\/\" target=\"_blank\" rel=\"noopener\">AraArt &#8211; conArte<\/a>\u00a0(2023)<\/li>\n<li><a href=\"https:\/\/agora.xtec.cat\/iessalvadorespriu-salt\/estudis\/projectes\/gep\/\" target=\"_blank\" rel=\"noopener\">GEP (Generaci\u00f3 Pluriling\u00fce)<\/a>\u00a0(2024)<\/li>\n<\/ul>\n<\/li>\n<li><strong>Projectes espec\u00edfics de centre<\/strong>\n<ul>\n<li><a href=\"https:\/\/agora.xtec.cat\/iessalvadorespriu-salt\/estudis\/projectes\/pla-lector\/\" rel=\"noopener\">Pla lector<\/a><\/li>\n<li><a href=\"https:\/\/agora.xtec.cat\/iessalvadorespriu-salt\/estudis\/projectes\/tv\/\" target=\"_blank\" rel=\"noopener\">Espriu TV. Comunicaci\u00f3 audiovisual<\/a><\/li>\n<li><a href=\"https:\/\/agora.xtec.cat\/iessalvadorespriu-salt\/estudis\/projectes\/escola-verda\/\" target=\"_blank\" rel=\"noopener\">Escola Verda<\/a><\/li>\n<li><a href=\"https:\/\/agora.xtec.cat\/iessalvadorespriu-salt\/estudis\/projectes\/erasmus\/\" target=\"_blank\" rel=\"noopener\">Erasmus +<\/a><\/li>\n<li><a href=\"https:\/\/agora.xtec.cat\/iessalvadorespriu-salt\/categoria\/epas\/\" target=\"_blank\" rel=\"noopener\">Escola Ambaixadora del Parlament Europeu<\/a><\/li>\n<li>APS (ESO3)<\/li>\n<li><a href=\"https:\/\/drive.google.com\/file\/d\/1RtuHstReeV6yOjMW0ArUswC7samIGb9e\/view?usp=drive_link\" target=\"_blank\" rel=\"noopener\">Pla Catal\u00e0 de l&#8217;Esport a l&#8217;Escola<\/a><\/li>\n<\/ul>\n<\/li>\n<li><strong>Comissions especials<\/strong>\n<ul>\n<li>Conviv\u00e8ncia<\/li>\n<li>Ling\u00fc\u00edstica<\/li>\n<li>de Projectes<\/li>\n<\/ul>\n<\/li>\n<li><strong>Programes singulars<\/strong>\n<ul>\n<li>\u00c0rab<\/li>\n<li><a href=\"https:\/\/agora.xtec.cat\/iessalvadorespriu-salt\/estudis\/projectes\/siei\/\" target=\"_blank\" rel=\"noopener\">SIEI<\/a><\/li>\n<li>Projecte &#8220;Joves emprenedors&#8221;<\/li>\n<\/ul>\n<\/li>\n<li><strong>Propostes de l&#8217;AFA<\/strong>\n<ul>\n<li>Taller de Defensa personal per a noies<\/li>\n<li>Rob\u00f2tica<\/li>\n<\/ul>\n<\/li>\n<li><strong>Tallers PROA+ (extraescolars)<br \/>\n<\/strong><\/p>\n<ul>\n<li>&#8220;Speak up!&#8221; (angl\u00e8s)<\/li>\n<li>&#8220;Dona ales a la curiositat&#8221; (excel\u00b7l\u00e8ncia acad\u00e8mica)<\/li>\n<\/ul>\n<\/li>\n<\/ul>\n<p>L&#8217;Institut t\u00e9 for\u00e7a Equips de Millora (EMILL). Podeu veure <a href=\"https:\/\/docs.google.com\/spreadsheets\/d\/e\/2PACX-1vQ_OozJrRO4HioOoA3kahYzF8jeWNQSA-8HDZizB4AVls8XVM4km7ykbLhyH4MHzPhlpUj12OFfIwVW\/pubhtml?gid=291935259&amp;single=true\" target=\"_blank\" rel=\"noopener\">la planificaci\u00f3 i composici\u00f3 aqu\u00ed<\/a>.<\/p>\n","protected":false},"excerpt":{"rendered":"<p><a href=\"https:\/\/agora.xtec.cat\/iessalvadorespriu-salt\/wp-content\/uploads\/usu2103\/2023\/02\/Student-Success.jpg\"><\/a>L&#8217;Espriu \u00e9s ple de Projectes i Comissions que formen Equips de millora i innovaci\u00f3 (veure&#8217;n <a href=\"https:\/\/docs.google.com\/spreadsheets\/u\/1\/d\/e\/2PACX-1vQ_OozJrRO4HioOoA3kahYzF8jeWNQSA-8HDZizB4AVls8XVM4km7ykbLhyH4MHzPhlpUj12OFfIwVW\/pubhtml?gid=291935259&amp;single=true\" target=\"_blank\" rel=\"noopener\">un quadre general<\/a>).<br \/>\nPodem veure que, entre les nombroses iniciatives, hi ha&#8230;<br \/>\nACC\u00c9S R\u00c0PID A ALGUNS PROJECTES<\/p>\n<p><a style=\"background-color: rgb(66 135 245); font-size: 12pt; line-height: 22px; border-radius: 4px; cursor:&hellip;  <a href=\"https:\/\/agora.xtec.cat\/iessalvadorespriu-salt\/estudis\/projectes\/\" title=\"Read Projectes acad\u00e8mics de centre i programes d&#8217;innovaci\u00f3\">Llegeix m\u00e9s\u00bb<\/a><\/p>\n","protected":false},"author":1,"featured_media":0,"parent":195,"menu_order":99,"comment_status":"closed","ping_status":"closed","template":"page-templates\/side-menu.php","meta":{"_bbp_topic_count":0,"_bbp_reply_count":0,"_bbp_total_topic_count":0,"_bbp_total_reply_count":0,"_bbp_voice_count":0,"_bbp_anonymous_reply_count":0,"_bbp_topic_count_hidden":0,"_bbp_reply_count_hidden":0,"_bbp_forum_subforum_count":0,"footnotes":""},"class_list":["post-57","page","type-page","status-publish","hentry"],"post_mailing_queue_ids":[],"_links":{"self":[{"href":"https:\/\/agora.xtec.cat\/iessalvadorespriu-salt\/wp-json\/wp\/v2\/pages\/57","targetHints":{"allow":["GET"]}}],"collection":[{"href":"https:\/\/agora.xtec.cat\/iessalvadorespriu-salt\/wp-json\/wp\/v2\/pages"}],"about":[{"href":"https:\/\/agora.xtec.cat\/iessalvadorespriu-salt\/wp-json\/wp\/v2\/types\/page"}],"author":[{"embeddable":true,"href":"https:\/\/agora.xtec.cat\/iessalvadorespriu-salt\/wp-json\/wp\/v2\/users\/1"}],"replies":[{"embeddable":true,"href":"https:\/\/agora.xtec.cat\/iessalvadorespriu-salt\/wp-json\/wp\/v2\/comments?post=57"}],"version-history":[{"count":6,"href":"https:\/\/agora.xtec.cat\/iessalvadorespriu-salt\/wp-json\/wp\/v2\/pages\/57\/revisions"}],"predecessor-version":[{"id":3961,"href":"https:\/\/agora.xtec.cat\/iessalvadorespriu-salt\/wp-json\/wp\/v2\/pages\/57\/revisions\/3961"}],"up":[{"embeddable":true,"href":"https:\/\/agora.xtec.cat\/iessalvadorespriu-salt\/wp-json\/wp\/v2\/pages\/195"}],"wp:attachment":[{"href":"https:\/\/agora.xtec.cat\/iessalvadorespriu-salt\/wp-json\/wp\/v2\/media?parent=57"}],"curies":[{"name":"wp","href":"https:\/\/api.w.org\/{rel}","templated":true}]}}