{"id":55,"date":"2014-09-17T16:59:49","date_gmt":"2014-09-17T16:59:49","guid":{"rendered":"http:\/\/agora.xtec.cat\/iessalvadorespriu-salt\/?page_id=55"},"modified":"2025-10-22T07:08:07","modified_gmt":"2025-10-22T05:08:07","slug":"pla","status":"publish","type":"page","link":"https:\/\/agora.xtec.cat\/iessalvadorespriu-salt\/linstitut\/pla\/","title":{"rendered":"Horaris i calendari"},"content":{"rendered":"<p style=\"text-align: left;\"><span style=\"color: #0000ff;\"><a href=\"https:\/\/agora.xtec.cat\/iessalvadorespriu-salt\/wp-content\/uploads\/usu2103\/2025\/10\/canvas.png\"><img loading=\"lazy\" decoding=\"async\" class=\"alignright wp-image-6974\" src=\"https:\/\/agora.xtec.cat\/iessalvadorespriu-salt\/wp-content\/uploads\/usu2103\/2025\/10\/canvas-1024x575.png\" alt=\"\" width=\"423\" height=\"238\" srcset=\"https:\/\/agora.xtec.cat\/iessalvadorespriu-salt\/wp-content\/uploads\/usu2103\/2025\/10\/canvas-1024x575.png 1024w, https:\/\/agora.xtec.cat\/iessalvadorespriu-salt\/wp-content\/uploads\/usu2103\/2025\/10\/canvas-300x169.png 300w, https:\/\/agora.xtec.cat\/iessalvadorespriu-salt\/wp-content\/uploads\/usu2103\/2025\/10\/canvas-768x431.png 768w, https:\/\/agora.xtec.cat\/iessalvadorespriu-salt\/wp-content\/uploads\/usu2103\/2025\/10\/canvas.png 1100w\" sizes=\"auto, (max-width: 423px) 100vw, 423px\" \/><\/a>Aquesta informaci\u00f3\u00a0 <strong>es pot haver de modificar durant el curs<\/strong>. Se n&#8217;advertiria pels canals oficials de comunicaci\u00f3. Conv\u00e9 estar sempre <strong>atents a la versi\u00f3<\/strong> que s&#8217;indica en els documents.<\/span><\/p>\n<p>Es comparteix el Calendari general d&#8217;Educaci\u00f3 (<a href=\"https:\/\/espai.educacio.gencat.cat\/Departament\/Comunicacio\/Noticies\/Pagines\/Avancament-calendari-escolar.aspx\" target=\"_blank\" rel=\"noopener\">acc\u00e9s<\/a>), i el de l&#8217;Ajuntament de Salt (<a href=\"https:\/\/drive.google.com\/file\/d\/1dnTXbv3BJyBSQyp4dZRpGkVq9MJyWzDb\/view?usp=drive_link\" target=\"_blank\" rel=\"noopener\">acc\u00e9s<\/a>). Es pot consultar tamb\u00e9 el <a href=\"https:\/\/docs.google.com\/spreadsheets\/d\/e\/2PACX-1vQDWOPXgOGVjURSIkeyi-HfrJNK-g5RcsEHSV13pi2laYWivPigzUYfWWHtJ3lJXLppQu4GA2wpX5T7\/pubhtml?gid=1807200082&amp;single=true\" target=\"_blank\" rel=\"noopener\"><strong>Calendari<\/strong> global anual<\/a> del centre. L&#8217;Institut t\u00e9, en el curs actual, aquest <strong>marc horari lectiu b\u00e0sic<\/strong><\/p>\n<p style=\"text-align: left;\"><a href=\"https:\/\/agora.xtec.cat\/iessalvadorespriu-salt\/wp-content\/uploads\/usu2103\/2025\/10\/Imatge-001.jpg\"><img loading=\"lazy\" decoding=\"async\" class=\" wp-image-6972 alignleft\" src=\"https:\/\/agora.xtec.cat\/iessalvadorespriu-salt\/wp-content\/uploads\/usu2103\/2025\/10\/Imatge-001.jpg\" alt=\"\" width=\"524\" height=\"504\" srcset=\"https:\/\/agora.xtec.cat\/iessalvadorespriu-salt\/wp-content\/uploads\/usu2103\/2025\/10\/Imatge-001.jpg 710w, https:\/\/agora.xtec.cat\/iessalvadorespriu-salt\/wp-content\/uploads\/usu2103\/2025\/10\/Imatge-001-300x289.jpg 300w\" sizes=\"auto, (max-width: 524px) 100vw, 524px\" \/><\/a><\/p>\n<p>&nbsp;<\/p>\n<p>&nbsp;<\/p>\n<p>&nbsp;<\/p>\n<p>&nbsp;<\/p>\n<p>&nbsp;<\/p>\n<p>&nbsp;<\/p>\n<p>&nbsp;<\/p>\n<p>&nbsp;<\/p>\n<p>&nbsp;<\/p>\n<p>&nbsp;<\/p>\n<p>&nbsp;<\/p>\n<p>&nbsp;<\/p>\n<hr \/>\n<p><span style=\"color: #0000ff;\">V02-25 (21\/10\/25). DIR. Pot quedar obsolet un cop impr\u00e8s<br \/>\n<\/span><\/p>\n","protected":false},"excerpt":{"rendered":"<p><a href=\"https:\/\/agora.xtec.cat\/iessalvadorespriu-salt\/wp-content\/uploads\/usu2103\/2025\/10\/canvas.png\"><\/a>Aquesta informaci\u00f3\u00a0 es pot haver de modificar durant el curs. Se n&#8217;advertiria pels canals oficials de comunicaci\u00f3. Conv\u00e9 estar sempre atents a la versi\u00f3 que s&#8217;indica en els documents.<br \/>\nEs comparteix el Calendari general d&#8217;Educaci\u00f3 (<a href=\"https:\/\/espai.educacio.gencat.cat\/Departament\/Comunicacio\/Noticies\/Pagines\/Avancament-calendari-escolar.aspx\" target=\"_blank\" rel=\"noopener\">acc\u00e9s<\/a>), i el de l&#8217;Ajuntament de Salt&hellip;  <a href=\"https:\/\/agora.xtec.cat\/iessalvadorespriu-salt\/linstitut\/pla\/\" title=\"Read Horaris i calendari\">Llegeix m\u00e9s\u00bb<\/a><\/p>\n","protected":false},"author":1,"featured_media":0,"parent":19,"menu_order":22,"comment_status":"closed","ping_status":"closed","template":"page-templates\/side-menu.php","meta":{"_bbp_topic_count":0,"_bbp_reply_count":0,"_bbp_total_topic_count":0,"_bbp_total_reply_count":0,"_bbp_voice_count":0,"_bbp_anonymous_reply_count":0,"_bbp_topic_count_hidden":0,"_bbp_reply_count_hidden":0,"_bbp_forum_subforum_count":0,"footnotes":""},"class_list":["post-55","page","type-page","status-publish","hentry"],"post_mailing_queue_ids":[],"_links":{"self":[{"href":"https:\/\/agora.xtec.cat\/iessalvadorespriu-salt\/wp-json\/wp\/v2\/pages\/55","targetHints":{"allow":["GET"]}}],"collection":[{"href":"https:\/\/agora.xtec.cat\/iessalvadorespriu-salt\/wp-json\/wp\/v2\/pages"}],"about":[{"href":"https:\/\/agora.xtec.cat\/iessalvadorespriu-salt\/wp-json\/wp\/v2\/types\/page"}],"author":[{"embeddable":true,"href":"https:\/\/agora.xtec.cat\/iessalvadorespriu-salt\/wp-json\/wp\/v2\/users\/1"}],"replies":[{"embeddable":true,"href":"https:\/\/agora.xtec.cat\/iessalvadorespriu-salt\/wp-json\/wp\/v2\/comments?post=55"}],"version-history":[{"count":6,"href":"https:\/\/agora.xtec.cat\/iessalvadorespriu-salt\/wp-json\/wp\/v2\/pages\/55\/revisions"}],"predecessor-version":[{"id":6976,"href":"https:\/\/agora.xtec.cat\/iessalvadorespriu-salt\/wp-json\/wp\/v2\/pages\/55\/revisions\/6976"}],"up":[{"embeddable":true,"href":"https:\/\/agora.xtec.cat\/iessalvadorespriu-salt\/wp-json\/wp\/v2\/pages\/19"}],"wp:attachment":[{"href":"https:\/\/agora.xtec.cat\/iessalvadorespriu-salt\/wp-json\/wp\/v2\/media?parent=55"}],"curies":[{"name":"wp","href":"https:\/\/api.w.org\/{rel}","templated":true}]}}