{"id":5205,"date":"2024-02-27T09:38:49","date_gmt":"2024-02-27T08:38:49","guid":{"rendered":"https:\/\/agora.xtec.cat\/iessalvadorespriu-salt\/?page_id=5205"},"modified":"2026-03-04T15:22:53","modified_gmt":"2026-03-04T14:22:53","slug":"jornades-portes-obertes","status":"publish","type":"page","link":"https:\/\/agora.xtec.cat\/iessalvadorespriu-salt\/secretaria\/jornades-portes-obertes\/","title":{"rendered":"Jornades Portes Obertes"},"content":{"rendered":"<h5><span style=\"color: #0000ff;\"><span style=\"color: #800000;\">CURS 26-27<\/span><\/span><\/h5>\n<div style=\"display: flex; flex-direction: row; flex-wrap: nowrap;\"><a style=\"background-color: #ff2626; font-size: 12pt; line-height: 22px; border-radius: 4px; cursor: pointer; text-align: center; padding: 5px 50px; margin: 10px; display: inline-block; text-decoration: none; color: white !important;\" href=\"https:\/\/agora.xtec.cat\/iessalvadorespriu-salt\/secretaria\/jornades-portes-obertes\/jornada-portes-obertes-eso\/\" target=\"_blank\" rel=\"noopener\">ESO<br \/>\n<span style=\"font-size: 12px;\">25 de febrer<\/span><\/a> <a style=\"background-color: #26bcff; font-size: 12pt; line-height: 22px; border-radius: 4px; cursor: pointer; text-align: center; padding: 5px 50px; margin: 10px; display: inline-block; text-decoration: none; color: white !important;\" href=\"https:\/\/agora.xtec.cat\/iessalvadorespriu-salt\/secretaria\/jornades-portes-obertes\/jornada-portes-obertes-batxillerat\/\" target=\"_blank\" rel=\"noopener\">BATXILLERAT<br \/>\n<span style=\"font-size: 12px;\">25 de mar\u00e7<\/span><\/a>\u00a0<a style=\"background-color: #1eab24; font-size: 12pt; line-height: 22px; border-radius: 4px; cursor: pointer; text-align: center; padding: 5px 50px; margin: 10px; display: inline-block; text-decoration: none; color: white !important;\" href=\"https:\/\/agora.xtec.cat\/iessalvadorespriu-salt\/secretaria\/jornades-portes-obertes\/jornades-portes-obertes-cfgm\/\" target=\"_blank\" rel=\"noopener\">CFGM<br \/>\n<span style=\"font-size: 12px;\">22 d&#8217;abril\u00a0<\/span><\/a><br \/>\n<a style=\"background-color: #ff8000; font-size: 12pt; line-height: 22px; border-radius: 4px; cursor: pointer; text-align: center; padding: 5px 50px; margin: 10px; display: inline-block; text-decoration: none; color: white !important;\" href=\"https:\/\/agora.xtec.cat\/iessalvadorespriu-salt\/secretaria\/jornades-portes-obertes\/jornada-portes-obertes-pfi-ptt\/\" target=\"_blank\" rel=\"noopener\">PFI-PTT<br \/>\n<span style=\"font-size: 12px;\">22 d&#8217;abril\u00a0<\/span><\/a><\/div>\n<div><\/div>\n<h5><strong><span style=\"color: #0000ff;\"><span style=\"color: #800000;\">CALENDARI GENERAL <\/span><\/span><\/strong><span style=\"color: #0000ff;\"><span style=\"color: #800000;\">(ESO, BAT, CFGM i PTT-PFI)<\/span><\/span><\/h5>\n<ul>\n<li style=\"list-style-type: none;\">\n<ul>\n<li><span style=\"color: #0000ff;\"><strong>Educaci\u00f3 secund\u00e0ria obligat\u00f2ria<\/strong> (ESO)<\/span><strong>\u00a0<\/strong>\n<ul>\n<li>La<strong><a href=\"https:\/\/agora.xtec.cat\/iessalvadorespriu-salt\/secretaria\/preinscripcions\/jornada-portes-obertes-eso\/\" target=\"_blank\" rel=\"noopener\"> Jornada<\/a> de Portes Obertes de l&#8217;ESO (2026<\/strong>) \u00e9s el 25 de febrer a les 17 h<\/li>\n<\/ul>\n<\/li>\n<\/ul>\n<\/li>\n<\/ul>\n<ul>\n<li style=\"list-style-type: none;\">\n<ul>\n<li><span style=\"color: #0000ff;\"><strong><strong>Batxillerat (BAT)\u00a0<\/strong><\/strong><\/span>\n<ul>\n<li>La <a href=\"https:\/\/agora.xtec.cat\/iessalvadorespriu-salt\/secretaria\/jornades-portes-obertes\/jornada-portes-obertes-batxillerat\/\"><strong>Jornada<\/strong> <\/a><strong>de Portes Obertes de Batxillerat (2026)<\/strong> \u00e9s el 25 de mar\u00e7 a les 17 h<\/li>\n<\/ul>\n<\/li>\n<\/ul>\n<\/li>\n<\/ul>\n<ul>\n<li style=\"list-style-type: none;\">\n<ul>\n<li><span style=\"color: #0000ff;\"><strong>Cicles de grau mitj\u00e0 de formaci\u00f3 professional (CFGM)<\/strong><\/span>\n<ul>\n<li>La <a href=\"https:\/\/agora.xtec.cat\/iessalvadorespriu-salt\/secretaria\/jornades-portes-obertes\/jornades-portes-obertes-cfgm\/\"><strong>Jornada<\/strong> <\/a><strong>de Portes Obertes de la postobligat\u00f2ria (2026) <\/strong>\u00e9s el 22 d&#8217;abril a les 18.30 h<\/li>\n<\/ul>\n<\/li>\n<\/ul>\n<\/li>\n<\/ul>\n<p style=\"padding-left: 40px;\">Contactes <strong>informatius <\/strong>espec\u00edfics: <a href=\"mailto:eva.rios@espriusalt.cat\" target=\"_blank\" rel=\"noopener noreferrer\">Batxillerat<\/a>, <a href=\"mailto:informatica@espriusalt.cat\" target=\"_blank\" rel=\"noopener noreferrer\">Inform\u00e0tica<\/a>, <a href=\"mailto:pau.ayora@espriusalt.cat\" target=\"_blank\" rel=\"noopener noreferrer\">Jardineria<\/a>, <a href=\"mailto:ana.figueras@espriusalt.cat\" target=\"_blank\" rel=\"noopener noreferrer\">GUIAMN\u00a0<\/a><\/p>\n<ul>\n<li style=\"list-style-type: none;\">\n<ul>\n<li><span style=\"color: #0000ff;\"><strong>Programa de Formaci\u00f3 i inserci\u00f3 (PFI)<br \/>\n<\/strong><\/span><\/p>\n<ul>\n<li>La <strong><a href=\"https:\/\/agora.xtec.cat\/iessalvadorespriu-salt\/secretaria\/jornades-portes-obertes\/jornada-portes-obertes-pfi-ptt\/\">Jornada<\/a> de Portes Obertes de PFI-PTT<\/strong> \u00e9s el 22 d&#8217;abril a les 17:00 h, a les instal\u00b7lacions <strong>dels aularis prefabricats al costat de El Gegant del Rec<\/strong>.<\/li>\n<\/ul>\n<\/li>\n<\/ul>\n<\/li>\n<\/ul>\n<div class=\"entry-content\">\n<hr \/>\n<p><span style=\"color: #0000ff;\"><strong>Refer\u00e8ncia<\/strong>: V02-26 (04\/03\/26). DIR. Aquesta p\u00e0gina pot quedar obsoleta un cop impresa.<\/span><\/p>\n<\/div>\n","protected":false},"excerpt":{"rendered":"<p>CURS 26-27 ESO 25 de febrer BATXILLERAT 25 de mar\u00e7\u00a0CFGM 22 d&#8217;abril\u00a0 PFI-PTT 22 d&#8217;abril\u00a0 CALENDARI GENERAL (ESO, BAT, CFGM i PTT-PFI) Educaci\u00f3 secund\u00e0ria obligat\u00f2ria (ESO)\u00a0 La Jornada de Portes Obertes de l&#8217;ESO (2026) \u00e9s el 25 de febrer a les 17 h Batxillerat (BAT)\u00a0 La Jornada de Portes Obertes de Batxillerat (2026) \u00e9s el [&hellip;]<\/p>\n","protected":false},"author":6,"featured_media":0,"parent":81,"menu_order":9,"comment_status":"closed","ping_status":"closed","template":"page-templates\/side-menu.php","meta":{"_bbp_topic_count":0,"_bbp_reply_count":0,"_bbp_total_topic_count":0,"_bbp_total_reply_count":0,"_bbp_voice_count":0,"_bbp_anonymous_reply_count":0,"_bbp_topic_count_hidden":0,"_bbp_reply_count_hidden":0,"_bbp_forum_subforum_count":0,"site-sidebar-layout":"default","site-content-layout":"","ast-site-content-layout":"","site-content-style":"default","site-sidebar-style":"default","ast-global-header-display":"","ast-banner-title-visibility":"","ast-main-header-display":"","ast-hfb-above-header-display":"","ast-hfb-below-header-display":"","ast-hfb-mobile-header-display":"","site-post-title":"","ast-breadcrumbs-content":"","ast-featured-img":"","footer-sml-layout":"","theme-transparent-header-meta":"","adv-header-id-meta":"","stick-header-meta":"","header-above-stick-meta":"","header-main-stick-meta":"","header-below-stick-meta":"","astra-migrate-meta-layouts":"default","ast-page-background-enabled":"default","ast-page-background-meta":{"desktop":{"background-color":"var(--ast-global-color-4)","background-image":"","background-repeat":"repeat","background-position":"center center","background-size":"auto","background-attachment":"scroll","background-type":"","background-media":"","overlay-type":"","overlay-color":"","overlay-opacity":"","overlay-gradient":""},"tablet":{"background-color":"","background-image":"","background-repeat":"repeat","background-position":"center center","background-size":"auto","background-attachment":"scroll","background-type":"","background-media":"","overlay-type":"","overlay-color":"","overlay-opacity":"","overlay-gradient":""},"mobile":{"background-color":"","background-image":"","background-repeat":"repeat","background-position":"center center","background-size":"auto","background-attachment":"scroll","background-type":"","background-media":"","overlay-type":"","overlay-color":"","overlay-opacity":"","overlay-gradient":""}},"ast-content-background-meta":{"desktop":{"background-color":"var(--ast-global-color-5)","background-image":"","background-repeat":"repeat","background-position":"center center","background-size":"auto","background-attachment":"scroll","background-type":"","background-media":"","overlay-type":"","overlay-color":"","overlay-opacity":"","overlay-gradient":""},"tablet":{"background-color":"var(--ast-global-color-5)","background-image":"","background-repeat":"repeat","background-position":"center center","background-size":"auto","background-attachment":"scroll","background-type":"","background-media":"","overlay-type":"","overlay-color":"","overlay-opacity":"","overlay-gradient":""},"mobile":{"background-color":"var(--ast-global-color-5)","background-image":"","background-repeat":"repeat","background-position":"center center","background-size":"auto","background-attachment":"scroll","background-type":"","background-media":"","overlay-type":"","overlay-color":"","overlay-opacity":"","overlay-gradient":""}},"footnotes":""},"class_list":["post-5205","page","type-page","status-publish","hentry"],"post_mailing_queue_ids":[],"_links":{"self":[{"href":"https:\/\/agora.xtec.cat\/iessalvadorespriu-salt\/wp-json\/wp\/v2\/pages\/5205","targetHints":{"allow":["GET"]}}],"collection":[{"href":"https:\/\/agora.xtec.cat\/iessalvadorespriu-salt\/wp-json\/wp\/v2\/pages"}],"about":[{"href":"https:\/\/agora.xtec.cat\/iessalvadorespriu-salt\/wp-json\/wp\/v2\/types\/page"}],"author":[{"embeddable":true,"href":"https:\/\/agora.xtec.cat\/iessalvadorespriu-salt\/wp-json\/wp\/v2\/users\/6"}],"replies":[{"embeddable":true,"href":"https:\/\/agora.xtec.cat\/iessalvadorespriu-salt\/wp-json\/wp\/v2\/comments?post=5205"}],"version-history":[{"count":7,"href":"https:\/\/agora.xtec.cat\/iessalvadorespriu-salt\/wp-json\/wp\/v2\/pages\/5205\/revisions"}],"predecessor-version":[{"id":7345,"href":"https:\/\/agora.xtec.cat\/iessalvadorespriu-salt\/wp-json\/wp\/v2\/pages\/5205\/revisions\/7345"}],"up":[{"embeddable":true,"href":"https:\/\/agora.xtec.cat\/iessalvadorespriu-salt\/wp-json\/wp\/v2\/pages\/81"}],"wp:attachment":[{"href":"https:\/\/agora.xtec.cat\/iessalvadorespriu-salt\/wp-json\/wp\/v2\/media?parent=5205"}],"curies":[{"name":"wp","href":"https:\/\/api.w.org\/{rel}","templated":true}]}}