{"id":4811,"date":"2023-10-26T12:09:00","date_gmt":"2023-10-26T10:09:00","guid":{"rendered":"https:\/\/agora.xtec.cat\/iessalvadorespriu-salt\/?page_id=4811"},"modified":"2025-12-16T12:29:46","modified_gmt":"2025-12-16T11:29:46","slug":"benestar-digital","status":"publish","type":"page","link":"https:\/\/agora.xtec.cat\/iessalvadorespriu-salt\/families\/benestar-digital\/","title":{"rendered":"Benestar Digital"},"content":{"rendered":"<p><iframe loading=\"lazy\" title=\"Comunicaci\u00f3 Escola i Fam\u00edlia\" src=\"https:\/\/agora.xtec.cat\/nodes\/wp-admin\/admin-ajax.php?action=h5p_embed&amp;id=2\" width=\"558\" height=\"355\" frameborder=\"0\" allowfullscreen=\"allowfullscreen\"><\/iframe><script src=\"https:\/\/agora.xtec.cat\/nodes\/wp-content\/plugins\/h5p\/h5p-php-library\/js\/h5p-resizer.js\" charset=\"UTF-8\"><\/script><\/p>\n<p><iframe class=\"wp-embedded-content\" sandbox=\"allow-scripts\" security=\"restricted\" title=\"Benestar digital per fam\u00edlies\" frameborder='0' width='1200' height='675' src='https:\/\/view.genially.com\/651fdb556b394d00113aa933#?secret=ZTdgJ04Juh' data-secret='ZTdgJ04Juh' scrolling='yes'><\/iframe><\/p>\n<p>&nbsp;<\/p>\n<p><span style=\"font-weight: 400;\">La pres\u00e8ncia de <strong>les tecnologies digitals<\/strong> a les nostres vides ha generat una nova realitat social i educativa, que ofereix a docents, alumnat i fam\u00edlies <strong>noves possibilitats de relacionar-se i aprendre<\/strong>. Malauradament, l\u2019\u00fas de dispositius digitals per a infants i joves <strong>pot ser una font important de conflictes<\/strong> amb la fam\u00edlia i al centre educatiu.<\/span><\/p>\n<p><span style=\"font-weight: 400;\">Cal que les fam\u00edlies, com a part important de la comunitat educativa, tingueu <strong>els recursos, les habilitats i compet\u00e8ncies necess\u00e0ries per garantir un acompanyament \u00f2ptim<\/strong> en el proc\u00e9s d\u2019aprenentatge dels infants i joves. En aquest apartat trobareu assessorament per ensenyar als vostres fills a fer una utilitzaci\u00f3 segura, equilibrada, intel\u00b7ligent i positiva dels dispositius digitals.<\/span><\/p>\n<h3><span style=\"font-weight: 400;\">Com estableixo les normes dels dispositius digitals?<\/span><\/h3>\n<p><span style=\"font-weight: 400;\">La <\/span><i><span style=\"font-weight: 400;\">mediaci\u00f3 parental<\/span><\/i><span style=\"font-weight: 400;\"> \u00e9s el conjunt d\u2019accions de les fam\u00edlies per supervisar, acompanyar i orientar els infants i joves en la utilitzaci\u00f3 de les tecnologies digitals. \u00c9s molt important l\u2019establiment d\u2019unes normes clares i assumibles. Als seg\u00fcents enlla\u00e7os<strong> trobareu consells<\/strong> per establir-les:<\/span><\/p>\n<ul>\n<li style=\"font-weight: 400;\" aria-level=\"1\"><a href=\"https:\/\/internetsegura.cat\/families\/normes-basiques-seguretat-fills\/?cn-reloaded=1\"><span style=\"font-weight: 400;\">Internet Segura (Ag\u00e8ncia de Ciberseguretat de Catalunya, Generalitat de Catalunya)<\/span><\/a><\/li>\n<li style=\"font-weight: 400;\" aria-level=\"1\"><a href=\"https:\/\/www.educac.cat\/sites\/default\/files\/General.pdf\"><span style=\"font-weight: 400;\">EduCAC (Consell de l\u2019Audiovisual de Catalunya)<\/span><\/a><\/li>\n<li style=\"font-weight: 400;\" aria-level=\"1\"><a href=\"https:\/\/www.incibe.es\/menores\/familias\/mediacion-parental\"><span style=\"font-weight: 400;\">IS4K (Instituto Nacional de Ciberseguridad, Gobierno de Espa\u00f1a)<\/span><\/a><\/li>\n<\/ul>\n<p><span style=\"font-weight: 400;\">L\u2019arribada del <strong>primer m\u00f2bil<\/strong> \u00e9s un moment molt important en la mediaci\u00f3 parental. Als seg\u00fcents enlla\u00e7os trobareu consells de com fer-ho:<\/span><\/p>\n<ul>\n<li style=\"font-weight: 400;\" aria-level=\"1\"><a href=\"https:\/\/www.educac.cat\/sites\/default\/files\/Infografia-Mobil-final.pdf\"><span style=\"font-weight: 400;\">EduCAC (Consell de l\u2019Audiovisual de Catalunya)<\/span><\/a><\/li>\n<li style=\"font-weight: 400;\" aria-level=\"1\"><a href=\"https:\/\/consumidorsaudiovisuals.cat\/2019\/11\/13\/contracte-consum-responsable-mobil\/\"><span style=\"font-weight: 400;\">Associaci\u00f3 de consumidors de mitjans audiovisuals de Catalunya<\/span><\/a><\/li>\n<li style=\"font-weight: 400;\" aria-level=\"1\"><a href=\"https:\/\/somconnexio.coop\/arriba-la-guia-per-a-families-cruels-i-malvades-en-versio-digital\/\"><span style=\"font-weight: 400;\">Som Connexi\u00f3<\/span><\/a><\/li>\n<\/ul>\n<h3><span style=\"font-weight: 400;\">Com limito l\u2019acc\u00e9s a continguts inadequats?<\/span><\/h3>\n<p><span style=\"font-weight: 400;\">El <\/span><i><span style=\"font-weight: 400;\">control parental<\/span><\/i><span style=\"font-weight: 400;\"> \u00e9s el conjunt d\u2019accions de les fam\u00edlies per limitar les opcions dels dispositius digitals dels infants i joves. Es basa en la configuraci\u00f3 dels dispositius i en la instal\u00b7laci\u00f3 d\u2019aplicacions de control parental. Als seg\u00fcents enlla\u00e7os trobareu informaci\u00f3 de com fer-ho:<\/span><\/p>\n<ul>\n<li style=\"font-weight: 400;\" aria-level=\"1\"><a href=\"https:\/\/internetsegura.cat\/control-parental-facil\/\"><span style=\"font-weight: 400;\">Internet Segura (Ag\u00e8ncia de Ciberseguretat de Catalunya, Generalitat de Catalunya)<\/span><\/a><\/li>\n<li style=\"font-weight: 400;\" aria-level=\"1\"><a href=\"https:\/\/www.educac.cat\/sites\/default\/files\/Infografia_Control_parental_INFINIT.pdf\"><span style=\"font-weight: 400;\">EduCAC (Consell de l\u2019Audiovisual de Catalunya)<\/span><\/a><\/li>\n<li style=\"font-weight: 400;\" aria-level=\"1\"><a href=\"https:\/\/www.incibe.es\/menores\/familias\/control-parental\"><span style=\"font-weight: 400;\">IS4K (Instituto Nacional de Ciberseguridad, Gobierno de Espa\u00f1a)<\/span><\/a><\/li>\n<li style=\"font-weight: 400;\" aria-level=\"1\"><a href=\"https:\/\/families.google.com\/familylink\/\"><span style=\"font-weight: 400;\">Family Link (Google)<\/span><\/a><\/li>\n<\/ul>\n<ul>\n<li>Departament d&#8217;Educaci\u00f3: <a href=\"https:\/\/drive.google.com\/file\/d\/1NjoZzxbNJpSpOvO_M3qhLbY_7yZ6CHKF\/view?pli=1\" target=\"_blank\" rel=\"noopener\">Guia per acompanyar les fam\u00edlies<\/a> (2025)<\/li>\n<\/ul>\n<h3><span style=\"font-weight: 400;\">Com actuo davant un ciberassetjament?<\/span><\/h3>\n<p><span style=\"font-weight: 400;\">El <\/span><i><span style=\"font-weight: 400;\">ciberassetjament<\/span><\/i><span style=\"font-weight: 400;\"> (cyberbullying) \u00e9s la conducta violenta, f\u00edsica o psicol\u00f2gica, vers una persona, que es produeix de forma intencionada i repetida al llarg del temps utilitzant eines tecnol\u00f2giques. Consulteu les <\/span><a href=\"https:\/\/educacio.gencat.cat\/ca\/arees-actuacio\/families\/us-tecnologies\/ciberassetjament\/index.html\"><span style=\"font-weight: 400;\">mesures de detecci\u00f3 i prevenci\u00f3 del Departament d\u2019Educaci\u00f3<\/span><\/a><span style=\"font-weight: 400;\">.<\/span><\/p>\n","protected":false},"excerpt":{"rendered":"<p>&nbsp;<br \/>\nLa pres\u00e8ncia de les tecnologies digitals a les nostres vides ha generat una nova realitat social i educativa, que ofereix a docents, alumnat i fam\u00edlies noves possibilitats de relacionar-se i aprendre. Malauradament, l\u2019\u00fas de dispositius digitals per a infants i joves pot ser una font&hellip;  <a href=\"https:\/\/agora.xtec.cat\/iessalvadorespriu-salt\/families\/benestar-digital\/\" title=\"Read Benestar Digital\">Llegeix m\u00e9s\u00bb<\/a><\/p>\n","protected":false},"author":9,"featured_media":0,"parent":4808,"menu_order":15,"comment_status":"closed","ping_status":"closed","template":"page-templates\/side-menu.php","meta":{"_bbp_topic_count":0,"_bbp_reply_count":0,"_bbp_total_topic_count":0,"_bbp_total_reply_count":0,"_bbp_voice_count":0,"_bbp_anonymous_reply_count":0,"_bbp_topic_count_hidden":0,"_bbp_reply_count_hidden":0,"_bbp_forum_subforum_count":0,"footnotes":""},"class_list":["post-4811","page","type-page","status-publish","hentry"],"post_mailing_queue_ids":[],"_links":{"self":[{"href":"https:\/\/agora.xtec.cat\/iessalvadorespriu-salt\/wp-json\/wp\/v2\/pages\/4811","targetHints":{"allow":["GET"]}}],"collection":[{"href":"https:\/\/agora.xtec.cat\/iessalvadorespriu-salt\/wp-json\/wp\/v2\/pages"}],"about":[{"href":"https:\/\/agora.xtec.cat\/iessalvadorespriu-salt\/wp-json\/wp\/v2\/types\/page"}],"author":[{"embeddable":true,"href":"https:\/\/agora.xtec.cat\/iessalvadorespriu-salt\/wp-json\/wp\/v2\/users\/9"}],"replies":[{"embeddable":true,"href":"https:\/\/agora.xtec.cat\/iessalvadorespriu-salt\/wp-json\/wp\/v2\/comments?post=4811"}],"version-history":[{"count":4,"href":"https:\/\/agora.xtec.cat\/iessalvadorespriu-salt\/wp-json\/wp\/v2\/pages\/4811\/revisions"}],"predecessor-version":[{"id":7159,"href":"https:\/\/agora.xtec.cat\/iessalvadorespriu-salt\/wp-json\/wp\/v2\/pages\/4811\/revisions\/7159"}],"up":[{"embeddable":true,"href":"https:\/\/agora.xtec.cat\/iessalvadorespriu-salt\/wp-json\/wp\/v2\/pages\/4808"}],"wp:attachment":[{"href":"https:\/\/agora.xtec.cat\/iessalvadorespriu-salt\/wp-json\/wp\/v2\/media?parent=4811"}],"curies":[{"name":"wp","href":"https:\/\/api.w.org\/{rel}","templated":true}]}}