{"id":4808,"date":"2023-10-26T12:03:41","date_gmt":"2023-10-26T10:03:41","guid":{"rendered":"https:\/\/agora.xtec.cat\/iessalvadorespriu-salt\/?page_id=4808"},"modified":"2025-11-09T10:04:04","modified_gmt":"2025-11-09T09:04:04","slug":"families","status":"publish","type":"page","link":"https:\/\/agora.xtec.cat\/iessalvadorespriu-salt\/families\/","title":{"rendered":"Fam\u00edlies"},"content":{"rendered":"<p><a href=\"https:\/\/agora.xtec.cat\/iessalvadorespriu-salt\/wp-content\/uploads\/usu2103\/2025\/11\/benestar-digital.jpg\"><img loading=\"lazy\" decoding=\"async\" class=\"wp-image-7040 alignright\" src=\"https:\/\/agora.xtec.cat\/iessalvadorespriu-salt\/wp-content\/uploads\/usu2103\/2025\/11\/benestar-digital.jpg\" alt=\"\" width=\"335\" height=\"223\" srcset=\"https:\/\/agora.xtec.cat\/iessalvadorespriu-salt\/wp-content\/uploads\/usu2103\/2025\/11\/benestar-digital.jpg 945w, https:\/\/agora.xtec.cat\/iessalvadorespriu-salt\/wp-content\/uploads\/usu2103\/2025\/11\/benestar-digital-300x200.jpg 300w, https:\/\/agora.xtec.cat\/iessalvadorespriu-salt\/wp-content\/uploads\/usu2103\/2025\/11\/benestar-digital-768x512.jpg 768w\" sizes=\"auto, (max-width: 335px) 100vw, 335px\" \/><\/a><\/p>\n<p>En aquest apartat podreu trobar <strong>informaci\u00f3 per a les fam\u00edlies sobre temes d&#8217;inter\u00e8s<\/strong>: <a href=\"https:\/\/agora.xtec.cat\/iessalvadorespriu-salt\/families\/benestar-digital\/\" target=\"_blank\" rel=\"noopener\">benestar digital<\/a>, <a href=\"https:\/\/agora.xtec.cat\/iessalvadorespriu-salt\/families\/ieduca\/\" target=\"_blank\" rel=\"noopener\">utilitzaci\u00f3 d&#8217;iEduca<\/a> i com <a href=\"https:\/\/agora.xtec.cat\/iessalvadorespriu-salt\/local\/\" target=\"_blank\" rel=\"noopener\">comunicar-vos<\/a> amb el centre. Les funcions i composici\u00f3 de la Junta de l&#8217;AFA <a href=\"https:\/\/agora.xtec.cat\/iessalvadorespriu-salt\/associacions\/afa\/\" target=\"_blank\" rel=\"noopener\">s\u00f3n consultables aqu\u00ed<\/a>.<\/p>\n<p><a href=\"https:\/\/educacio.gencat.cat\/ca\/arees-actuacio\/families\/\" target=\"_blank\" rel=\"noopener\">El Departament d&#8217;Educaci\u00f3 ofereix en aquest espai<\/a> eines per <strong>facilitar la participaci\u00f3 de les fam\u00edlies en la vida escolar<\/strong> dels fills i filles i <strong>guiar-vos <\/strong>en l&#8217;acompanyament de la seva educaci\u00f3, i <strong>promoure&#8217;n l&#8217;\u00e8xit<\/strong> educatiu.<\/p>\n<p><strong>Al men\u00fa de l&#8217;esquerra<\/strong> teniu les opcions disponibles.<\/p>\n<p>Podeu trobar <a href=\"https:\/\/agora.xtec.cat\/iessalvadorespriu-salt\/linstitut\/pla\/\" target=\"_blank\" rel=\"noopener\">els horaris i el calendari en aquesta altra secci\u00f3 de la web<\/a>.<\/p>\n<p><strong><span style=\"color: #ff6600;\">ACC\u00c9S R\u00c0PID<\/span><br \/>\n<\/strong><\/p>\n<div id=\"enllacos\">\n<div style=\"display: flex; flex-wrap: wrap; justify-content: center;\">\n<p style=\"text-align: center;\"><a style=\"background-color: rgb(8 126 182); font-size: 12pt; line-height: 22px; border-radius: 4px; cursor: pointer; text-align: center; color: white !important; padding: 5px 50px; margin: 10px; display: inline-block;\" href=\"https:\/\/agora.xtec.cat\/iessalvadorespriu-salt\/serveis\/ieduca\/\" target=\"_blank\" rel=\"noopener\">Com funciona iEduca?<\/a><a style=\"background-color: rgb(255 90 38); font-size: 12pt; line-height: 22px; border-radius: 4px; cursor: pointer; text-align: center; color: white !important; padding: 5px 50px; margin: 10px; display: inline-block;\" href=\"https:\/\/padlet.com\/espriusalt\/qbzwrexuslyvqnrw\" target=\"_blank\" rel=\"noopener\">Taulell d&#8217;anuncis<\/a><a style=\"background-color: rgb(8 126 182); font-size: 12pt; line-height: 22px; border-radius: 4px; cursor: pointer; text-align: center; color: white !important; padding: 5px 50px; margin: 10px; display: inline-block;\" href=\"https:\/\/docs.google.com\/spreadsheets\/d\/e\/2PACX-1vS_z-cYFSJFd7xQPEiiKdk8WwgUUjDbcdnhNgMpBkzCrrKI3PVj5fUuEal6EA8XANt56RC6MgLxZkcl\/pubhtml?gid=0&amp;single=true\" target=\"_blank\" rel=\"noopener\">Les pantalles<\/a><\/p>\n<p>&nbsp;<\/p>\n<p>&nbsp;<\/p>\n<\/div>\n<\/div>\n","protected":false},"excerpt":{"rendered":"<p><a href=\"https:\/\/agora.xtec.cat\/iessalvadorespriu-salt\/wp-content\/uploads\/usu2103\/2025\/11\/benestar-digital.jpg\"><\/a><br \/>\nEn aquest apartat podreu trobar informaci\u00f3 per a les fam\u00edlies sobre temes d&#8217;inter\u00e8s: <a href=\"https:\/\/agora.xtec.cat\/iessalvadorespriu-salt\/families\/benestar-digital\/\" target=\"_blank\" rel=\"noopener\">benestar digital<\/a>, <a href=\"https:\/\/agora.xtec.cat\/iessalvadorespriu-salt\/families\/ieduca\/\" target=\"_blank\" rel=\"noopener\">utilitzaci\u00f3 d&#8217;iEduca<\/a> i com <a href=\"https:\/\/agora.xtec.cat\/iessalvadorespriu-salt\/local\/\" target=\"_blank\" rel=\"noopener\">comunicar-vos<\/a> amb el centre. Les funcions i composici\u00f3 de la Junta de l&#8217;AFA <a href=\"https:\/\/agora.xtec.cat\/iessalvadorespriu-salt\/associacions\/afa\/\" target=\"_blank\"&hellip;  <a href=\"https:\/\/agora.xtec.cat\/iessalvadorespriu-salt\/families\/\" title=\"Read Fam\u00edlies\">Llegeix m\u00e9s\u00bb<\/a><\/p>\n","protected":false},"author":9,"featured_media":0,"parent":0,"menu_order":0,"comment_status":"closed","ping_status":"closed","template":"page-templates\/side-menu.php","meta":{"_bbp_topic_count":0,"_bbp_reply_count":0,"_bbp_total_topic_count":0,"_bbp_total_reply_count":0,"_bbp_voice_count":0,"_bbp_anonymous_reply_count":0,"_bbp_topic_count_hidden":0,"_bbp_reply_count_hidden":0,"_bbp_forum_subforum_count":0,"footnotes":""},"class_list":["post-4808","page","type-page","status-publish","hentry"],"post_mailing_queue_ids":[],"_links":{"self":[{"href":"https:\/\/agora.xtec.cat\/iessalvadorespriu-salt\/wp-json\/wp\/v2\/pages\/4808","targetHints":{"allow":["GET"]}}],"collection":[{"href":"https:\/\/agora.xtec.cat\/iessalvadorespriu-salt\/wp-json\/wp\/v2\/pages"}],"about":[{"href":"https:\/\/agora.xtec.cat\/iessalvadorespriu-salt\/wp-json\/wp\/v2\/types\/page"}],"author":[{"embeddable":true,"href":"https:\/\/agora.xtec.cat\/iessalvadorespriu-salt\/wp-json\/wp\/v2\/users\/9"}],"replies":[{"embeddable":true,"href":"https:\/\/agora.xtec.cat\/iessalvadorespriu-salt\/wp-json\/wp\/v2\/comments?post=4808"}],"version-history":[{"count":7,"href":"https:\/\/agora.xtec.cat\/iessalvadorespriu-salt\/wp-json\/wp\/v2\/pages\/4808\/revisions"}],"predecessor-version":[{"id":7042,"href":"https:\/\/agora.xtec.cat\/iessalvadorespriu-salt\/wp-json\/wp\/v2\/pages\/4808\/revisions\/7042"}],"wp:attachment":[{"href":"https:\/\/agora.xtec.cat\/iessalvadorespriu-salt\/wp-json\/wp\/v2\/media?parent=4808"}],"curies":[{"name":"wp","href":"https:\/\/api.w.org\/{rel}","templated":true}]}}