{"id":46,"date":"2014-09-17T16:53:45","date_gmt":"2014-09-17T16:53:45","guid":{"rendered":"http:\/\/agora.xtec.cat\/iessalvadorespriu-salt\/?page_id=46"},"modified":"2025-08-27T16:43:54","modified_gmt":"2025-08-27T14:43:54","slug":"organigrama","status":"publish","type":"page","link":"https:\/\/agora.xtec.cat\/iessalvadorespriu-salt\/linstitut\/organigrama\/","title":{"rendered":"Organigrama i Claustre docent"},"content":{"rendered":"<p>L&#8217;Institut Salvador Espriu s&#8217;estructura, d&#8217;acord amb el Projecte de Direcci\u00f3 actual,\u00a0 segons<a href=\"https:\/\/drive.google.com\/file\/d\/1S36ldyyoOPQo7Gz-cUcN0BfOKx3qgnTC\/view?usp=drive_link\" target=\"_blank\" rel=\"noopener\"><strong> l&#8217;organigrama base<\/strong><\/a> seg\u00fcent:<\/p>\n<p><a href=\"https:\/\/docs.google.com\/spreadsheets\/u\/1\/d\/e\/2PACX-1vQ_OozJrRO4HioOoA3kahYzF8jeWNQSA-8HDZizB4AVls8XVM4km7ykbLhyH4MHzPhlpUj12OFfIwVW\/pubhtml?gid=0&amp;single=true\" target=\"_blank\" rel=\"noopener\"><img loading=\"lazy\" decoding=\"async\" class=\"alignright wp-image-4780\" src=\"https:\/\/agora.xtec.cat\/iessalvadorespriu-salt\/wp-content\/uploads\/usu2103\/2023\/10\/Organigrama.jpg\" alt=\"\" width=\"685\" height=\"655\" srcset=\"https:\/\/agora.xtec.cat\/iessalvadorespriu-salt\/wp-content\/uploads\/usu2103\/2023\/10\/Organigrama.jpg 847w, https:\/\/agora.xtec.cat\/iessalvadorespriu-salt\/wp-content\/uploads\/usu2103\/2023\/10\/Organigrama-300x287.jpg 300w, https:\/\/agora.xtec.cat\/iessalvadorespriu-salt\/wp-content\/uploads\/usu2103\/2023\/10\/Organigrama-768x734.jpg 768w\" sizes=\"auto, (max-width: 685px) 100vw, 685px\" \/><\/a><span style=\"color: #0000ff;\"><strong>EQUIP DIRECTIU<\/strong><\/span><\/p>\n<ul>\n<li><span style=\"color: #0000ff;\"><strong>Director:<\/strong> Xavier Serra<\/span><\/li>\n<li><span style=\"color: #0000ff;\"><strong>Cap d&#8217;estudis:<\/strong> David Vall\u00e8s<\/span><\/li>\n<li><span style=\"color: #0000ff;\"><strong>Cap d&#8217;estudis d&#8217;FP: <\/strong>Alina Silva<\/span><\/li>\n<li><span style=\"color: #0000ff;\"><strong>Coordinadora pedag\u00f2gica:<\/strong> Roser Agust\u00ed<\/span><\/li>\n<li><span style=\"color: #0000ff;\"><strong>Secretari:<\/strong> Carles Trulls<\/span><\/li>\n<li><span style=\"color: #0000ff;\"><strong>Cap d&#8217;Estudis Adjunt<\/strong>: Marta Alemany<\/span>.\n<ul>\n<li>M\u00e9s informaci\u00f3: <a href=\"https:\/\/agora.xtec.cat\/iessalvadorespriu-salt\/linstitut\/docs\/\" target=\"_blank\" rel=\"noopener\">transpar\u00e8ncia<\/a><\/li>\n<\/ul>\n<\/li>\n<\/ul>\n<p><span style=\"color: #0000ff;\"><strong>COORDINACIONS<\/strong><\/span><\/p>\n<ul>\n<li><strong>Nivells acad\u00e8mics<br \/>\n<\/strong><\/p>\n<ul>\n<li><strong>1r d\u2019ESO<\/strong>: Isaac Poch<\/li>\n<li><strong>2n d\u2019ESO<\/strong>: Megan Descayre<\/li>\n<li><strong>3r d\u2019ESO<\/strong>: S\u00edlvia Casademont<\/li>\n<li><strong>4t d\u2019ESO<\/strong>: Elena Goicoechea<\/li>\n<li><strong>Batxillerat<\/strong>: Eva R\u00edos<\/li>\n<li><strong>Coordinador FP<\/strong>: Marc Giner<\/li>\n<\/ul>\n<\/li>\n<\/ul>\n<p><strong><span style=\"color: #0000ff;\">DIRECTORI<\/span><br \/>\n<\/strong>Vegeu els enlla\u00e7os, amb indicaci\u00f3 de versi\u00f3<strong><br \/>\n<\/strong><\/p>\n<ul>\n<li style=\"list-style-type: none;\">\n<ul>\n<li><a href=\"https:\/\/docs.google.com\/spreadsheets\/d\/e\/2PACX-1vQ_OozJrRO4HioOoA3kahYzF8jeWNQSA-8HDZizB4AVls8XVM4km7ykbLhyH4MHzPhlpUj12OFfIwVW\/pubhtml?gid=1221905297&amp;single=true\" target=\"_blank\" rel=\"noopener\">Departaments did\u00e0ctics<\/a><\/li>\n<li><a href=\"https:\/\/docs.google.com\/spreadsheets\/d\/e\/2PACX-1vQ_OozJrRO4HioOoA3kahYzF8jeWNQSA-8HDZizB4AVls8XVM4km7ykbLhyH4MHzPhlpUj12OFfIwVW\/pubhtml?gid=0&amp;single=true\" target=\"_blank\" rel=\"noopener\">C\u00e0rrecs i enc\u00e0rrecs i Comissions estrat\u00e8giques<\/a><\/li>\n<li><a href=\"https:\/\/docs.google.com\/spreadsheets\/d\/e\/2PACX-1vQ_OozJrRO4HioOoA3kahYzF8jeWNQSA-8HDZizB4AVls8XVM4km7ykbLhyH4MHzPhlpUj12OFfIwVW\/pubhtml?gid=620223057&amp;single=true\" target=\"_blank\" rel=\"noopener\">Consell Escolar<\/a><\/li>\n<li><a href=\"https:\/\/docs.google.com\/spreadsheets\/d\/e\/2PACX-1vQ_OozJrRO4HioOoA3kahYzF8jeWNQSA-8HDZizB4AVls8XVM4km7ykbLhyH4MHzPhlpUj12OFfIwVW\/pubhtml?gid=1259600043&amp;single=true\" target=\"_blank\" rel=\"noopener\">Delegats d&#8217;alumnes<\/a><\/li>\n<li><a href=\"https:\/\/docs.google.com\/spreadsheets\/d\/e\/2PACX-1vQ_OozJrRO4HioOoA3kahYzF8jeWNQSA-8HDZizB4AVls8XVM4km7ykbLhyH4MHzPhlpUj12OFfIwVW\/pubhtml?gid=291935259&amp;single=true\" target=\"_blank\" rel=\"noopener\">Equips de treball i millora<\/a> (pla general)<\/li>\n<li><a href=\"https:\/\/docs.google.com\/spreadsheets\/d\/e\/2PACX-1vQ_OozJrRO4HioOoA3kahYzF8jeWNQSA-8HDZizB4AVls8XVM4km7ykbLhyH4MHzPhlpUj12OFfIwVW\/pubhtml?gid=1455451889&amp;single=true\" target=\"_blank\" rel=\"noopener\">Programes d&#8217;innovaci\u00f3 oficials<\/a><\/li>\n<li><a href=\"https:\/\/docs.google.com\/spreadsheets\/d\/e\/2PACX-1vQ_OozJrRO4HioOoA3kahYzF8jeWNQSA-8HDZizB4AVls8XVM4km7ykbLhyH4MHzPhlpUj12OFfIwVW\/pubhtml?gid=1128672554&amp;single=true\" target=\"_blank\" rel=\"noopener\">Projectes de centre<\/a><\/li>\n<li><a href=\"https:\/\/docs.google.com\/spreadsheets\/d\/e\/2PACX-1vQ_OozJrRO4HioOoA3kahYzF8jeWNQSA-8HDZizB4AVls8XVM4km7ykbLhyH4MHzPhlpUj12OFfIwVW\/pubhtml?gid=1521700859&amp;single=true\" target=\"_blank\" rel=\"noopener\">Comissions i Equips de millora<\/a><\/li>\n<\/ul>\n<\/li>\n<\/ul>\n<p>Si hi ha alguna errada, <a href=\"mailto:media@espriusalt.cat\" target=\"_blank\" rel=\"noopener\">es prega que ens ho comuniqueu<\/a><\/p>\n<hr \/>\n<p><span style=\"color: #0000ff;\">V01-25 (7\/7\/25). DIR. Pot quedar obsolet un cop impr\u00e8s<br \/>\n<\/span><\/p>\n","protected":false},"excerpt":{"rendered":"<p>L&#8217;Institut Salvador Espriu s&#8217;estructura, d&#8217;acord amb el Projecte de Direcci\u00f3 actual,\u00a0 segons<a href=\"https:\/\/drive.google.com\/file\/d\/1S36ldyyoOPQo7Gz-cUcN0BfOKx3qgnTC\/view?usp=drive_link\" target=\"_blank\" rel=\"noopener\"> l&#8217;organigrama base<\/a> seg\u00fcent:<br \/>\n<a href=\"https:\/\/docs.google.com\/spreadsheets\/u\/1\/d\/e\/2PACX-1vQ_OozJrRO4HioOoA3kahYzF8jeWNQSA-8HDZizB4AVls8XVM4km7ykbLhyH4MHzPhlpUj12OFfIwVW\/pubhtml?gid=0&amp;single=true\" target=\"_blank\" rel=\"noopener\"><\/a>EQUIP DIRECTIU<\/p>\n<ul>\n<li>Director: Xavier Serra<\/li>\n<li>Cap d&#8217;estudis: David Vall\u00e8s<\/li>\n<li>Cap d&#8217;estudis d&#8217;FP: Alina Silva<\/li>\n<li>Coordinadora pedag\u00f2gica: Roser Agust\u00ed<\/li>\n<li>Secretari: Carles Trulls<\/li>\n<li>Cap d&#8217;Estudis Adjunt: Marta Alemany.\n<ul>\n<li>M\u00e9s informaci\u00f3: <a href=\"https:\/\/agora.xtec.cat\/iessalvadorespriu-salt\/linstitut\/docs\/\" target=\"_blank\" rel=\"noopener\">transpar\u00e8ncia<\/a><\/li>\n<\/ul>\n<\/li>\n<\/ul>\n<p>COORDINACIONS<\/p>\n<ul>\n<li>Nivells&hellip;  <a href=\"https:\/\/agora.xtec.cat\/iessalvadorespriu-salt\/linstitut\/organigrama\/\" title=\"Read Organigrama i Claustre docent\">Llegeix m\u00e9s\u00bb<\/a><br \/>\n","protected":false},"author":1,"featured_media":0,"parent":19,"menu_order":20,"comment_status":"closed","ping_status":"closed","template":"page-templates\/side-menu.php","meta":{"_bbp_topic_count":0,"_bbp_reply_count":0,"_bbp_total_topic_count":0,"_bbp_total_reply_count":0,"_bbp_voice_count":0,"_bbp_anonymous_reply_count":0,"_bbp_topic_count_hidden":0,"_bbp_reply_count_hidden":0,"_bbp_forum_subforum_count":0,"footnotes":""},"class_list":["post-46","page","type-page","status-publish","hentry"],"post_mailing_queue_ids":[],"_links":{"self":[{"href":"https:\/\/agora.xtec.cat\/iessalvadorespriu-salt\/wp-json\/wp\/v2\/pages\/46","targetHints":{"allow":["GET"]}}],"collection":[{"href":"https:\/\/agora.xtec.cat\/iessalvadorespriu-salt\/wp-json\/wp\/v2\/pages"}],"about":[{"href":"https:\/\/agora.xtec.cat\/iessalvadorespriu-salt\/wp-json\/wp\/v2\/types\/page"}],"author":[{"embeddable":true,"href":"https:\/\/agora.xtec.cat\/iessalvadorespriu-salt\/wp-json\/wp\/v2\/users\/1"}],"replies":[{"embeddable":true,"href":"https:\/\/agora.xtec.cat\/iessalvadorespriu-salt\/wp-json\/wp\/v2\/comments?post=46"}],"version-history":[{"count":8,"href":"https:\/\/agora.xtec.cat\/iessalvadorespriu-salt\/wp-json\/wp\/v2\/pages\/46\/revisions"}],"predecessor-version":[{"id":6851,"href":"https:\/\/agora.xtec.cat\/iessalvadorespriu-salt\/wp-json\/wp\/v2\/pages\/46\/revisions\/6851"}],"up":[{"embeddable":true,"href":"https:\/\/agora.xtec.cat\/iessalvadorespriu-salt\/wp-json\/wp\/v2\/pages\/19"}],"wp:attachment":[{"href":"https:\/\/agora.xtec.cat\/iessalvadorespriu-salt\/wp-json\/wp\/v2\/media?parent=46"}],"curies":[{"name":"wp","href":"https:\/\/api.w.org\/{rel}","templated":true}]}}