{"id":43,"date":"2014-09-17T16:45:07","date_gmt":"2014-09-17T14:45:07","guid":{"rendered":"http:\/\/agora.xtec.cat\/iessalvadorespriu-salt\/?page_id=43"},"modified":"2025-11-07T17:18:38","modified_gmt":"2025-11-07T16:18:38","slug":"consesc","status":"publish","type":"page","link":"https:\/\/agora.xtec.cat\/iessalvadorespriu-salt\/associacions\/consesc\/","title":{"rendered":"Consell escolar"},"content":{"rendered":"<ul>\n<li><a href=\"https:\/\/agora.xtec.cat\/iessalvadorespriu-salt\/general\/eleccions-al-consell-escolar-2025-calendari-electoral-i-horari-de-votacions\/\" target=\"_blank\" rel=\"noopener\"><strong><span style=\"color: #ff0000;\">Eleccions CONSESC 2025<\/span><\/strong><\/a><\/li>\n<\/ul>\n<p>El <a href=\"http:\/\/educacio.gencat.cat\/ca\/arees-actuacio\/centres-serveis-educatius\/centres\/consells-escolars-centres\/\" target=\"_blank\" rel=\"noopener noreferrer\">Consell escolar<\/a> \u00e9s<strong> l\u2019\u00f2rgan de govern, supervisi\u00f3 i aprovaci\u00f3<\/strong> de temes generals: pressupost, calendaris, horaris, activitats, disciplina, etc. En el consell escolar hi ha representats tots els col\u00b7lectius que intervenen en la comunitat educativa: director, professorat, alumnat, personal d\u2019administraci\u00f3 i serveis, etc.<\/p>\n<p>En els centres p\u00fablics, la funci\u00f3 principal del consell escolar \u00e9s participar en la presa de decisions en relaci\u00f3 amb aquells temes importants per al funcionament i l\u2019organitzaci\u00f3 del centre: el projecte educatiu, la programaci\u00f3 general, la gesti\u00f3 econ\u00f2mica, etc. En el cas dels centres privats concertats, el consell escolar debat, avalua, analitza i pren decisions sobre els temes proposats pel titular del centre. Els membres del consell escolar s\u00f3n elegits per un per\u00edode de quatre anys i es renoven per meitats cada dos anys.<\/p>\n<p>El consell escolar del centre es reuneix preceptivament una vegada al trimestre i sempre que el convoca el director o directora del centre o ho sol\u00b7licita almenys un ter\u00e7 de les seves persones membres. A m\u00e9s, s&#8217;ha de fer una reuni\u00f3 a principi de curs i una altra a la seva finalitzaci\u00f3.<\/p>\n<p>El consell escolar actua normalment en ple. Es poden constituir comissions espec\u00edfiques d\u2019estudi i informaci\u00f3, a les quals, en tot cas, s\u2019hi ha d\u2019incorporar la direcci\u00f3 del centre, o en la seva representaci\u00f3, un altre \u00f2rgan\u00a0unipersonal de direcci\u00f3,\u00a0un professor o professora, i un alumne o alumna o un representant o una representant de les mares i els pares. Els centres de titularitat p\u00fablica, a m\u00e9s, hi ha d&#8217;haver preceptivament\u00a0una <strong>comissi\u00f3 econ\u00f2mica<\/strong> que supervisa la gesti\u00f3 econ\u00f2mica del centre.<\/p>\n<p>Tamb\u00e9 es crea &#8211; al nostre Institut &#8211; una <strong>comissi\u00f3 permanent i de conviv\u00e8ncia<\/strong> (r\u00e8gim disciplinari, decisions r\u00e0pides, etc.).<\/p>\n<p>Aquestes comissions es constituiran cada vegada que es renovi el consell i, en cas de baixes d\u2019algun membre, amb nous representants de l\u2019estament corresponent. Periodicitat de reuni\u00f3 mensual o bimestral. <a href=\"http:\/\/educacio.gencat.cat\/ca\/arees-actuacio\/centres-serveis-educatius\/centres\/consells-escolars-centres\/\" target=\"_blank\" rel=\"noopener noreferrer\">Podeu consultar m\u00e9s normativa aqu\u00ed.<\/a><\/p>\n<p>En l\u00ednia amb l&#8217;objectiu d&#8217;una m\u00e0xima transpar\u00e8ncia, podeu consultar els acords del Consell escolar a la secci\u00f3 &#8220;<a href=\"https:\/\/agora.xtec.cat\/iessalvadorespriu-salt\/linstitut\/docs\/\" target=\"_blank\" rel=\"noopener\">Documents<\/a>&#8221; de la web. Tamb\u00e9 en podeu escriure a l\u2019adre\u00e7a de centre: b7300203<span class=\"\">@xtec.cat. <\/span> Informaci\u00f3 sobre <a href=\"https:\/\/docs.google.com\/spreadsheets\/u\/1\/d\/e\/2PACX-1vQ_OozJrRO4HioOoA3kahYzF8jeWNQSA-8HDZizB4AVls8XVM4km7ykbLhyH4MHzPhlpUj12OFfIwVW\/pubhtml?gid=620223057&amp;single=true\" target=\"_blank\" rel=\"noopener\">els membres actuals del Consell escolar<\/a>.<\/p>\n<p>Segons l\u2019article 148 de la LEC (recollit tamb\u00e9 a la <a href=\"https:\/\/educacio.gencat.cat\/ca\/arees-actuacio\/centres-serveis-educatius\/centres\/consells-escolars-centres\/centres-publics\/\" target=\"_blank\" rel=\"noopener\">web d&#8217;Educaci\u00f3<\/a>), corresponen al consell escolar les<strong> funcions<\/strong> seg\u00fcents:<\/p>\n<ul>\n<li style=\"list-style-type: none;\">\n<ul>\n<li>\u00a0\u00a0\u00a0 Aprovar el projecte educatiu i les modificacions corresponents per una majoria de tres cinquenes parts dels membres.<\/li>\n<li>\u00a0\u00a0\u00a0 Aprovar la programaci\u00f3 general anual del centre i avaluar-ne el desenvolupament i els resultats.<\/li>\n<li>\u00a0\u00a0\u00a0 Aprovar les propostes d\u2019acords de corresponsabilitat, convenis i altres acords de col\u00b7laboraci\u00f3 del centre amb entitats o institucions.<\/li>\n<li>\u00a0\u00a0\u00a0 Aprovar les normes d\u2019organitzaci\u00f3 i funcionament i les modificacions corresponents.<\/li>\n<li>\u00a0\u00a0\u00a0 Aprovar la carta de comprom\u00eds educatiu.<\/li>\n<li>\u00a0\u00a0\u00a0 Aprovar el pressupost del centre i el rendiment de comptes.<\/li>\n<li>\u00a0\u00a0\u00a0 Intervenir en el procediment d\u2019admissi\u00f3 d\u2019alumnes.<\/li>\n<li>\u00a0\u00a0\u00a0 Participar en el procediment de selecci\u00f3 i en la proposta de cessament del director o directora.<\/li>\n<li>\u00a0\u00a0\u00a0 Intervenir en la resoluci\u00f3 dels conflictes i, si escau, revisar les sancions als alumnes.<\/li>\n<li>\u00a0\u00a0\u00a0 Aprovar les directrius per a la programaci\u00f3 d\u2019activitats escolars complement\u00e0ries i d\u2019activitats extraescolars, i avaluar-ne el desenvolupament.<\/li>\n<li>\u00a0\u00a0\u00a0 Participar en les an\u00e0lisis i les avaluacions del funcionament general del centre i con\u00e8ixer l\u2019evoluci\u00f3 del rendiment escolar.<\/li>\n<li>\u00a0\u00a0\u00a0 Aprovar els criteris de col\u00b7laboraci\u00f3 amb altres centres i amb l\u2019entorn.<\/li>\n<li>\u00a0\u00a0\u00a0 Qualsevol altra que li sigui atribu\u00efda per les normes legals o reglament\u00e0ries<\/li>\n<\/ul>\n<\/li>\n<\/ul>\n<p>El consell escolar de l&#8217;Espriu est\u00e0 <strong>integrat per 21 persones<\/strong>:<\/p>\n<ul>\n<li style=\"list-style-type: none;\">\n<ul>\n<li>\u00a0\u00a0\u00a0 El director o directora, que el presideix.<\/li>\n<li>\u00a0\u00a0\u00a0 La cap d&#8217;estudis.<\/li>\n<li>\u00a0\u00a0\u00a0 Un o una representant de l&#8217;Ajuntament de Salt<\/li>\n<li>\u00a0\u00a0\u00a0 El secretari del centre que assisteix amb veu i sense vot, i que exerceix la secretaria del consell.<\/li>\n<li>\u00a0\u00a0\u00a0 Els i les representants del professorat s&#8217;elegeixen pel claustre (7 representants del professorat)<\/li>\n<li>\u00a0\u00a0\u00a0 Els i les representants de l&#8217;alumnat (4 representants de l&#8217;alumnat)<\/li>\n<li>\u00a0\u00a0\u00a0 Els i les representants dels pares i mares o tutors, elegits respectivament per ells i entre ells (3 representants dels pares i mares + 1 representant de l&#8217;AFA)<\/li>\n<li>\u00a0\u00a0\u00a0 Un o una representant del personal d&#8217;administraci\u00f3 i serveis, elegit per i entre aquest personal. I un altre del PAE.<\/li>\n<\/ul>\n<\/li>\n<\/ul>\n<hr \/>\n<p><span style=\"color: #0000ff;\"><strong>Refer\u00e8ncia<\/strong>: V01-24 (6\/10\/24). DIR. Aquesta p\u00e0gina pot quedar obsoleta un cop impresa.<\/span><\/p>\n","protected":false},"excerpt":{"rendered":"<ul>\n<li><a href=\"https:\/\/agora.xtec.cat\/iessalvadorespriu-salt\/general\/eleccions-al-consell-escolar-2025-calendari-electoral-i-horari-de-votacions\/\" target=\"_blank\" rel=\"noopener\">Eleccions CONSESC 2025<\/a><\/li>\n<\/ul>\n<p>El <a href=\"http:\/\/educacio.gencat.cat\/ca\/arees-actuacio\/centres-serveis-educatius\/centres\/consells-escolars-centres\/\" target=\"_blank\" rel=\"noopener noreferrer\">Consell escolar<\/a> \u00e9s l\u2019\u00f2rgan de govern, supervisi\u00f3 i aprovaci\u00f3 de temes generals: pressupost, calendaris, horaris, activitats, disciplina, etc. En el consell escolar hi ha representats tots els col\u00b7lectius que intervenen en la comunitat educativa: director,&hellip;  <a href=\"https:\/\/agora.xtec.cat\/iessalvadorespriu-salt\/associacions\/consesc\/\" title=\"Read Consell escolar\">Llegeix m\u00e9s\u00bb<\/a><\/p>\n","protected":false},"author":1,"featured_media":0,"parent":1072,"menu_order":4,"comment_status":"closed","ping_status":"closed","template":"page-templates\/side-menu.php","meta":{"_bbp_topic_count":0,"_bbp_reply_count":0,"_bbp_total_topic_count":0,"_bbp_total_reply_count":0,"_bbp_voice_count":0,"_bbp_anonymous_reply_count":0,"_bbp_topic_count_hidden":0,"_bbp_reply_count_hidden":0,"_bbp_forum_subforum_count":0,"footnotes":""},"class_list":["post-43","page","type-page","status-publish","hentry"],"post_mailing_queue_ids":[],"_links":{"self":[{"href":"https:\/\/agora.xtec.cat\/iessalvadorespriu-salt\/wp-json\/wp\/v2\/pages\/43","targetHints":{"allow":["GET"]}}],"collection":[{"href":"https:\/\/agora.xtec.cat\/iessalvadorespriu-salt\/wp-json\/wp\/v2\/pages"}],"about":[{"href":"https:\/\/agora.xtec.cat\/iessalvadorespriu-salt\/wp-json\/wp\/v2\/types\/page"}],"author":[{"embeddable":true,"href":"https:\/\/agora.xtec.cat\/iessalvadorespriu-salt\/wp-json\/wp\/v2\/users\/1"}],"replies":[{"embeddable":true,"href":"https:\/\/agora.xtec.cat\/iessalvadorespriu-salt\/wp-json\/wp\/v2\/comments?post=43"}],"version-history":[{"count":7,"href":"https:\/\/agora.xtec.cat\/iessalvadorespriu-salt\/wp-json\/wp\/v2\/pages\/43\/revisions"}],"predecessor-version":[{"id":7036,"href":"https:\/\/agora.xtec.cat\/iessalvadorespriu-salt\/wp-json\/wp\/v2\/pages\/43\/revisions\/7036"}],"up":[{"embeddable":true,"href":"https:\/\/agora.xtec.cat\/iessalvadorespriu-salt\/wp-json\/wp\/v2\/pages\/1072"}],"wp:attachment":[{"href":"https:\/\/agora.xtec.cat\/iessalvadorespriu-salt\/wp-json\/wp\/v2\/media?parent=43"}],"curies":[{"name":"wp","href":"https:\/\/api.w.org\/{rel}","templated":true}]}}