{"id":3957,"date":"2023-02-14T12:31:05","date_gmt":"2023-02-14T11:31:05","guid":{"rendered":"https:\/\/agora.xtec.cat\/iessalvadorespriu-salt\/?page_id=3957"},"modified":"2026-03-06T12:32:53","modified_gmt":"2026-03-06T11:32:53","slug":"gep","status":"publish","type":"page","link":"https:\/\/agora.xtec.cat\/iessalvadorespriu-salt\/estudis\/projectes\/gep\/","title":{"rendered":"Programa GEP (Generaci\u00f3 Pluriling\u00fce)"},"content":{"rendered":"<p><a href=\"https:\/\/agora.xtec.cat\/iessalvadorespriu-salt\/wp-content\/uploads\/usu2103\/2023\/02\/imposible.jpg\"><img loading=\"lazy\" decoding=\"async\" class=\"alignright wp-image-3965\" src=\"https:\/\/agora.xtec.cat\/iessalvadorespriu-salt\/wp-content\/uploads\/usu2103\/2023\/02\/imposible-300x220.jpg\" alt=\"\" width=\"346\" height=\"254\" srcset=\"https:\/\/agora.xtec.cat\/iessalvadorespriu-salt\/wp-content\/uploads\/usu2103\/2023\/02\/imposible-300x220.jpg 300w, https:\/\/agora.xtec.cat\/iessalvadorespriu-salt\/wp-content\/uploads\/usu2103\/2023\/02\/imposible-768x562.jpg 768w, https:\/\/agora.xtec.cat\/iessalvadorespriu-salt\/wp-content\/uploads\/usu2103\/2023\/02\/imposible.jpg 900w\" sizes=\"auto, (max-width: 346px) 100vw, 346px\" \/><\/a>La finalitat d\u2019aquest programa \u00e9s <strong>millorar la compet\u00e8ncia en lleng\u00fces estrangeres<\/strong> de l\u2019alumnat, afavorint el seu creixement acad\u00e8mic i posterior inserci\u00f3 laboral, i capacitant-lo per interactuar amb el m\u00f3n en diverses lleng\u00fces i de manera cr\u00edtica.<\/p>\n<p>Les accions del programa GEP s\u2019orienten, d\u2019una banda, a <strong>incrementar el temps d\u2019exposici\u00f3 de l\u2019alumnat a les lleng\u00fces estrangeres curriculars<\/strong> i, d\u2019una altra, a acompanyar el nostre proc\u00e9s de <strong>desplegament i consolidaci\u00f3 d\u2019un projecte ling\u00fc\u00edstic pluriling\u00fce<\/strong> propi.<\/p>\n<p>A l&#8217;Espriu tenim <strong>3 subcomissions de treball<\/strong> per cada un dels <strong>objectius<\/strong> que ens hem fixat:<\/p>\n<ul>\n<li style=\"list-style-type: none;\">\n<ul>\n<li><strong>Implementaci\u00f3 del programa a les aules<\/strong>: docents interessats en l&#8217;\u00fas progressiu de la llengua estrangera en les seves mat\u00e8ries (N\u00faria Tarroja, Diana Gonz\u00e1lez, Raquel S\u00e1nchez, Laia F\u00e0bregas, Montserrat Sureda, Xavier Serra, Imma Serra, Paula Tubert, Magal\u00ed Nadal, Montse Uribe, Meritxell Noguer)<\/li>\n<li><strong>Metodologies ABP i treball cooperatiu<\/strong>: recopilar tasques elaborades amb l&#8217;ABP (Marc Giner, Emma Fern\u00e1ndez)<\/li>\n<li><strong>Comunicaci\u00f3<\/strong>: transfer\u00e8ncia al claustre, implementacions web, etc. (Nicolau Sunyer, Emma Fern\u00e1ndez, Francesc Torres)<\/li>\n<\/ul>\n<\/li>\n<\/ul>\n<p>Exemples d&#8217;aplicaci\u00f3<\/p>\n<ul>\n<li style=\"list-style-type: none;\">\n<ul>\n<li><a href=\"https:\/\/drive.google.com\/file\/d\/17fwhs_9GCY7ZyVB7_fGOLPFjntX3KbIv\/view?usp=share_link\" target=\"_blank\" rel=\"noopener\">Maths in English, ESO1<\/a><\/li>\n<li><a href=\"https:\/\/sites.google.com\/xtec.cat\/gep-marcginer\/\" target=\"_blank\" rel=\"noopener\">Implementaci\u00f3 al CFGM Jardineria Floristeria (21-22)<\/a><\/li>\n<li><a href=\"https:\/\/sites.google.com\/xtec.cat\/gep-emilybronte-espriusalt\/\" target=\"_blank\" rel=\"noopener\">Emily Bront\u00eb study about Wuthering Heights, at &#8220;Universal Literature&#8221; (1st Batxillerat)<\/a>&nbsp;<\/li>\n<\/ul>\n<\/li>\n<\/ul>\n<p>&nbsp;<\/p>\n<p>&nbsp;<\/p>\n","protected":false},"excerpt":{"rendered":"<p><a href=\"https:\/\/agora.xtec.cat\/iessalvadorespriu-salt\/wp-content\/uploads\/usu2103\/2023\/02\/imposible.jpg\"><\/a>La finalitat d\u2019aquest programa \u00e9s millorar la compet\u00e8ncia en lleng\u00fces estrangeres de l\u2019alumnat, afavorint el seu creixement acad\u00e8mic i posterior inserci\u00f3 laboral, i capacitant-lo per interactuar amb el m\u00f3n en diverses lleng\u00fces i de manera cr\u00edtica.<br \/>\nLes accions del programa GEP s\u2019orienten, d\u2019una banda, a&hellip;  <a href=\"https:\/\/agora.xtec.cat\/iessalvadorespriu-salt\/estudis\/projectes\/gep\/\" title=\"Read Programa GEP (Generaci\u00f3 Pluriling\u00fce)\">Llegeix m\u00e9s\u00bb<\/a><\/p>\n","protected":false},"author":7,"featured_media":0,"parent":57,"menu_order":5,"comment_status":"closed","ping_status":"closed","template":"page-templates\/side-menu.php","meta":{"_bbp_topic_count":0,"_bbp_reply_count":0,"_bbp_total_topic_count":0,"_bbp_total_reply_count":0,"_bbp_voice_count":0,"_bbp_anonymous_reply_count":0,"_bbp_topic_count_hidden":0,"_bbp_reply_count_hidden":0,"_bbp_forum_subforum_count":0,"footnotes":""},"class_list":["post-3957","page","type-page","status-publish","hentry"],"post_mailing_queue_ids":[],"_links":{"self":[{"href":"https:\/\/agora.xtec.cat\/iessalvadorespriu-salt\/wp-json\/wp\/v2\/pages\/3957","targetHints":{"allow":["GET"]}}],"collection":[{"href":"https:\/\/agora.xtec.cat\/iessalvadorespriu-salt\/wp-json\/wp\/v2\/pages"}],"about":[{"href":"https:\/\/agora.xtec.cat\/iessalvadorespriu-salt\/wp-json\/wp\/v2\/types\/page"}],"author":[{"embeddable":true,"href":"https:\/\/agora.xtec.cat\/iessalvadorespriu-salt\/wp-json\/wp\/v2\/users\/7"}],"replies":[{"embeddable":true,"href":"https:\/\/agora.xtec.cat\/iessalvadorespriu-salt\/wp-json\/wp\/v2\/comments?post=3957"}],"version-history":[{"count":5,"href":"https:\/\/agora.xtec.cat\/iessalvadorespriu-salt\/wp-json\/wp\/v2\/pages\/3957\/revisions"}],"predecessor-version":[{"id":7359,"href":"https:\/\/agora.xtec.cat\/iessalvadorespriu-salt\/wp-json\/wp\/v2\/pages\/3957\/revisions\/7359"}],"up":[{"embeddable":true,"href":"https:\/\/agora.xtec.cat\/iessalvadorespriu-salt\/wp-json\/wp\/v2\/pages\/57"}],"wp:attachment":[{"href":"https:\/\/agora.xtec.cat\/iessalvadorespriu-salt\/wp-json\/wp\/v2\/media?parent=3957"}],"curies":[{"name":"wp","href":"https:\/\/api.w.org\/{rel}","templated":true}]}}