{"id":3245,"date":"2022-06-03T17:07:15","date_gmt":"2022-06-03T15:07:15","guid":{"rendered":"https:\/\/agora.xtec.cat\/iessalvadorespriu-salt\/?page_id=3245"},"modified":"2024-06-16T17:53:21","modified_gmt":"2024-06-16T15:53:21","slug":"esports","status":"publish","type":"page","link":"https:\/\/agora.xtec.cat\/iessalvadorespriu-salt\/associacions\/esports\/","title":{"rendered":"Associaci\u00f3 esportiva escolar de l&#8217;Institut Espriu"},"content":{"rendered":"<p>L&#8217;<strong>Associaci\u00f3 esportiva escolar<\/strong> del nostre Institut t\u00e9 com a <strong>objectius<\/strong>&#8230; (pendent d&#8217;actualitzaci\u00f3)<\/p>\n<p>Les seves principals <strong>activitats<\/strong> s\u00f3n&#8230;<\/p>\n<p>&nbsp;<\/p>\n<p>&nbsp;<\/p>\n<p>&nbsp;<\/p>\n<p><em>Est\u00e0 enregistrada amb el n\u00fam. 12655 en el <a href=\"https:\/\/esport.gencat.cat\/ca\/arees_dactuacio\/entitats-esportives\/cercador-dentitats\/index.html?codiEntitat=63583\" target=\"_blank\" rel=\"noopener\">Registre d&#8217;Entitats Esportives de la Generalitat de Catalunya<\/a>.<\/em><\/p>\n<p>&nbsp;<\/p>\n<hr \/>\n<p><strong>Refer\u00e8ncia<\/strong>: V01-22 (2\/10\/22). DIR. Aquesta p\u00e0gina pot quedar obsoleta un cop impresa<\/p>\n","protected":false},"excerpt":{"rendered":"<p>L&#8217;Associaci\u00f3 esportiva escolar del nostre Institut t\u00e9 com a objectius&#8230; (pendent d&#8217;actualitzaci\u00f3)<br \/>\nLes seves principals activitats s\u00f3n&#8230;<br \/>\n&nbsp;<br \/>\n&nbsp;<br \/>\n&nbsp;<br \/>\nEst\u00e0 enregistrada amb el n\u00fam. 12655 en el <a href=\"https:\/\/esport.gencat.cat\/ca\/arees_dactuacio\/entitats-esportives\/cercador-dentitats\/index.html?codiEntitat=63583\" target=\"_blank\" rel=\"noopener\">Registre d&#8217;Entitats Esportives de la Generalitat de Catalunya<\/a>.<br \/>\n&nbsp;<\/p>\n<p>Refer\u00e8ncia: V01-22 (2\/10\/22). DIR. Aquesta p\u00e0gina pot quedar obsoleta un cop impresa<\/p>\n","protected":false},"author":7,"featured_media":0,"parent":1072,"menu_order":8,"comment_status":"closed","ping_status":"closed","template":"page-templates\/side-menu.php","meta":{"_bbp_topic_count":0,"_bbp_reply_count":0,"_bbp_total_topic_count":0,"_bbp_total_reply_count":0,"_bbp_voice_count":0,"_bbp_anonymous_reply_count":0,"_bbp_topic_count_hidden":0,"_bbp_reply_count_hidden":0,"_bbp_forum_subforum_count":0,"footnotes":""},"class_list":["post-3245","page","type-page","status-publish","hentry"],"post_mailing_queue_ids":[],"_links":{"self":[{"href":"https:\/\/agora.xtec.cat\/iessalvadorespriu-salt\/wp-json\/wp\/v2\/pages\/3245","targetHints":{"allow":["GET"]}}],"collection":[{"href":"https:\/\/agora.xtec.cat\/iessalvadorespriu-salt\/wp-json\/wp\/v2\/pages"}],"about":[{"href":"https:\/\/agora.xtec.cat\/iessalvadorespriu-salt\/wp-json\/wp\/v2\/types\/page"}],"author":[{"embeddable":true,"href":"https:\/\/agora.xtec.cat\/iessalvadorespriu-salt\/wp-json\/wp\/v2\/users\/7"}],"replies":[{"embeddable":true,"href":"https:\/\/agora.xtec.cat\/iessalvadorespriu-salt\/wp-json\/wp\/v2\/comments?post=3245"}],"version-history":[{"count":4,"href":"https:\/\/agora.xtec.cat\/iessalvadorespriu-salt\/wp-json\/wp\/v2\/pages\/3245\/revisions"}],"predecessor-version":[{"id":5706,"href":"https:\/\/agora.xtec.cat\/iessalvadorespriu-salt\/wp-json\/wp\/v2\/pages\/3245\/revisions\/5706"}],"up":[{"embeddable":true,"href":"https:\/\/agora.xtec.cat\/iessalvadorespriu-salt\/wp-json\/wp\/v2\/pages\/1072"}],"wp:attachment":[{"href":"https:\/\/agora.xtec.cat\/iessalvadorespriu-salt\/wp-json\/wp\/v2\/media?parent=3245"}],"curies":[{"name":"wp","href":"https:\/\/api.w.org\/{rel}","templated":true}]}}