{"id":3077,"date":"2022-04-20T16:20:03","date_gmt":"2022-04-20T14:20:03","guid":{"rendered":"https:\/\/agora.xtec.cat\/iessalvadorespriu-salt\/?page_id=3077"},"modified":"2025-04-09T12:10:29","modified_gmt":"2025-04-09T10:10:29","slug":"preinscripcions-a-pfi-ptt","status":"publish","type":"page","link":"https:\/\/agora.xtec.cat\/iessalvadorespriu-salt\/secretaria\/preinscripcions\/preinscripcions-a-pfi-ptt\/","title":{"rendered":"Preinscripcions a PFI-PTT"},"content":{"rendered":"<p><span style=\"color: #0000ff;\"><strong>Preinscripci\u00f3 PFI 25-26<\/strong><\/span><\/p>\n<ul>\n<li><strong><a href=\"https:\/\/educacio.gencat.cat\/ca\/tramits\/tramits-temes\/9404-programes-formacio-insercio?&amp;moda=1\" target=\"_blank\" rel=\"noopener\">Acc\u00e9s a la sol\u00b7licitud<\/a><\/strong><\/li>\n<li>Cal disposar d\u2019un certificat digital (<a href=\"https:\/\/www.idcat.cat\/\" target=\"_blank\" rel=\"noopener\">idcat<\/a>)<\/li>\n<\/ul>\n<p><strong>\u2014\u2014\u2014\u2014\u2014\u2014\u2014-<\/strong><\/p>\n<p>Termini ordinari<strong> del 6 al 13 de maig<\/strong><\/p>\n<p>La preinscripci\u00f3\u00a0<strong>\u00e9s telem\u00e0tica.<\/strong><\/p>\n<ul>\n<li style=\"list-style-type: none;\">\n<ul>\n<li style=\"list-style-type: none;\">\n<ul>\n<li><a href=\"https:\/\/preinscripcio.gencat.cat\/ca\/estudis\/pfi\/informat\/calendari\/\" target=\"_blank\" rel=\"noopener\"><strong>Calendari<\/strong><\/a><\/li>\n<li><a href=\"https:\/\/preinscripcio.gencat.cat\/ca\/estudis\/pfi\/informat\/prepara-documentacio\/\" target=\"_blank\" rel=\"noopener\">Documentaci\u00f3 necess\u00e0ria<\/a><\/li>\n<li><strong>PFI-PTT Auxiliar de muntatges d&#8217;instal\u00b7lacions electrot\u00e8cniques en edificis<\/strong>\n<ul>\n<li>Oferta de places a PFI (no disponible).<\/li>\n<li><a href=\"https:\/\/drive.google.com\/file\/d\/11PMo7uIthQtU6q0coK4kGXuufCGrhHoA\/view?usp=drive_link\" target=\"_blank\" rel=\"noopener\">Full\u00a0informatiu PFI Instal\u00b7lacions<\/a><\/li>\n<\/ul>\n<\/li>\n<li><strong>PFI-PTT Auxiliar d&#8217;activitats esportives<\/strong>\n<ul>\n<li>Oferta de places a PFI (no disponible).<\/li>\n<li><a href=\"https:\/\/drive.google.com\/file\/d\/1RRIXi-UQioIeazNyYcWelVaz5Xi-P0gV\/view?usp=drive_link\" target=\"_blank\" rel=\"noopener\">Full informatiu PFI Esports<\/a><\/li>\n<\/ul>\n<\/li>\n<\/ul>\n<\/li>\n<\/ul>\n<\/li>\n<\/ul>\n<p>El\u00a0<strong>Departament d\u2019Educaci\u00f3<\/strong>\u00a0ofereix:<\/p>\n<ul>\n<li style=\"list-style-type: none;\">\n<ul>\n<li style=\"list-style-type: none;\">\n<ul>\n<li><a href=\"https:\/\/preinscripcio.gencat.cat\/ca\/estudis\/pfi\/inici\/\" target=\"_blank\" rel=\"noopener\">Web informativa sobre\u00a0<strong>la preinscripci\u00f3<\/strong><\/a><\/li>\n<li><a href=\"https:\/\/www.gencat.cat\/ensenyament\/eac\/pdf\/PFI_____EE01_CA.pdf\" target=\"_blank\" rel=\"noopener\">Curr\u00edculum<\/a> Auxiliar de Muntatges d&#8217;Instal\u00b7lacions Electrot\u00e8cniques en Edificis EE01<\/li>\n<li><a href=\"https:\/\/drive.google.com\/file\/d\/12PzaxpHQSwgKU_8UOlgQlRZRGs_z4SY9\/view?usp=drive_link\" target=\"_blank\" rel=\"noopener\">Curr\u00edculum\u00a0<\/a>Auxiliar d&#8217;Activitats esportives AE01<\/li>\n<li><a href=\"https:\/\/preinscripcio.gencat.cat\/ca\/estudis\/pfi\/ajuda\/pindoles-multimedia\" target=\"_blank\" rel=\"noopener\">Videotutorials orientatius<\/a>\u00a0d\u2019Educaci\u00f3<\/li>\n<\/ul>\n<\/li>\n<\/ul>\n<\/li>\n<\/ul>\n<hr \/>\n<p><strong>Refer\u00e8ncia<\/strong>: versi\u00f3 0.1 (09\/04\/25). SEC. Aquesta p\u00e0gina pot quedar obsoleta un cop impresa<\/p>\n<p><!--\n\n\n<div class=\"entry-content\">\n\n\n<div class=\"gmail_default\">\n\nLa preinscripci\u00f3 i matricula <strong>ser\u00e0 presencial<\/strong>. Les llistes amb la baremaci\u00f3 estaran exposades al centre.\n\n<\/div>\n\n\n<\/div>\n\n\n\n\n<ol>\n \t\n\n<li style=\"list-style-type: none;\">\n\n\n<ol>\n \t\n\n<li class=\"gmail_default\"><a href=\"https:\/\/preinscripcio.gencat.cat\/ca\/estudis\/pfi\/preinscriute\/sollicitud\/\" target=\"_blank\" rel=\"noopener\">Acc\u00e9s a la sol\u00b7licitud<\/a>: <span style=\"color: #000000;\"><strong>2-13 maig de 2022. <\/strong>L'horari d'atenci\u00f3 ser\u00e0 de dilluns a dimecres de 15:00 a 17:00, dijous de 9:00 a 17:00 i divendres de 9:00 a 14:00. Per qualsevol consulta addicional: <a href=\"mailto:b7960023@xtec.cat\">b7960023@xtec.cat<\/a>.<\/span><\/li>\n\n\n \t\n\n<li class=\"gmail_default\">Oferta de places: a partir del 29 abril<\/li>\n\n\n \t\n\n<li><a href=\"https:\/\/preinscripcio.gencat.cat\/ca\/estudis\/pfi\/informat\/calendari\/\" target=\"_blank\" rel=\"noopener\"><span data-mce-type=\"bookmark\" style=\"display: inline-block; width: 0px; overflow: hidden; line-height: 0;\" class=\"mce_SELRES_start\"><\/span>Calendari<\/a><\/li>\n\n\n \t\n\n<li class=\"gmail_default\">Criteris <a href=\"https:\/\/preinscripcio.gencat.cat\/ca\/estudis\/pfi\/informat\/criteris-assignacio\/\" target=\"_blank\" rel=\"noopener\">assignaci\u00f3 de pla\u00e7a<\/a><\/li>\n\n\n \t\n\n<li class=\"gmail_default\">Documentaci\u00f3 necess\u00e0ria: <a href=\"https:\/\/preinscripcio.gencat.cat\/ca\/estudis\/pfi\/informat\/prepara-documentacio\/\" target=\"_blank\" rel=\"noopener\" data-saferedirecturl=\"https:\/\/www.google.com\/url?q=https:\/\/preinscripcio.gencat.cat\/ca\/estudis\/pfi\/informat\/prepara-documentacio\/&amp;source=gmail&amp;ust=1650478692029000&amp;usg=AOvVaw1TgJdLggNZFGwHiolSni52\">https:\/\/<wbr \/>preinscripcio.gencat.cat\/ca\/<wbr \/>estudis\/pfi\/informat\/prepara-<wbr \/>documentacio\/<\/a><\/li>\n\n\n \t\n\n<li>Acc\u00e9s al <a href=\"https:\/\/drive.google.com\/file\/d\/1kXAj8aqTrxragHwZdi1Gg3RmYwHg_uTo\/view?usp=sharing\" target=\"_blank\" rel=\"noopener\">tr\u00edptic informatiu<\/a><\/li>\n\n\n<\/ol>\n\n\n<\/li>\n\n\n<\/ol>\n\n\n\n\n<div class=\"entry-content\">\n\n\n<div class=\"gmail_default\">\n\nAtenci\u00f3:\u00a0<strong>ELS CODIS\u00a0<\/strong>s\u00f3n:\n\n\n<ul>\n \t\n\n<li style=\"list-style-type: none;\">\n\n\n<ul>\n \t\n\n<li>PFI Auxiliar d'instal\u00b7lacions el\u00e8ctriques d'aigua i gas (PFI EE02)<\/li>\n\n\n \t\n\n<li>PFI Auxiliar de vendes, oficina i atenci\u00f3 al p\u00fablic (\u00a0PFI CM01)<\/li>\n\n\n<\/ul>\n\n\n<\/li>\n\n\n<\/ul>\n\n\n\n\n\n<hr \/>\n\n\n\n<span style=\"color: #0000ff;\"><strong>Refer\u00e8ncia<\/strong>: versi\u00f3 1.1 (20\/4\/22). SEC. Aquesta p\u00e0gina pot quedar obsoleta un cop impresa<\/span>\n\n<\/div>\n\n\n<\/div>\n\n\n--><\/p>\n","protected":false},"excerpt":{"rendered":"<p>Preinscripci\u00f3 PFI 25-26 Acc\u00e9s a la sol\u00b7licitud Cal disposar d\u2019un certificat digital (idcat) \u2014\u2014\u2014\u2014\u2014\u2014\u2014- Termini ordinari del 6 al 13 de maig La preinscripci\u00f3\u00a0\u00e9s telem\u00e0tica. Calendari Documentaci\u00f3 necess\u00e0ria PFI-PTT Auxiliar de muntatges d&#8217;instal\u00b7lacions electrot\u00e8cniques en edificis Oferta de places a PFI (no disponible). Full\u00a0informatiu PFI Instal\u00b7lacions PFI-PTT Auxiliar d&#8217;activitats esportives Oferta de places a PFI [&hellip;]<\/p>\n","protected":false},"author":14,"featured_media":0,"parent":589,"menu_order":9,"comment_status":"closed","ping_status":"closed","template":"page-templates\/side-menu.php","meta":{"_bbp_topic_count":0,"_bbp_reply_count":0,"_bbp_total_topic_count":0,"_bbp_total_reply_count":0,"_bbp_voice_count":0,"_bbp_anonymous_reply_count":0,"_bbp_topic_count_hidden":0,"_bbp_reply_count_hidden":0,"_bbp_forum_subforum_count":0,"site-sidebar-layout":"default","site-content-layout":"","ast-site-content-layout":"","site-content-style":"default","site-sidebar-style":"default","ast-global-header-display":"","ast-banner-title-visibility":"","ast-main-header-display":"","ast-hfb-above-header-display":"","ast-hfb-below-header-display":"","ast-hfb-mobile-header-display":"","site-post-title":"","ast-breadcrumbs-content":"","ast-featured-img":"","footer-sml-layout":"","theme-transparent-header-meta":"","adv-header-id-meta":"","stick-header-meta":"","header-above-stick-meta":"","header-main-stick-meta":"","header-below-stick-meta":"","astra-migrate-meta-layouts":"default","ast-page-background-enabled":"default","ast-page-background-meta":{"desktop":{"background-color":"var(--ast-global-color-4)","background-image":"","background-repeat":"repeat","background-position":"center center","background-size":"auto","background-attachment":"scroll","background-type":"","background-media":"","overlay-type":"","overlay-color":"","overlay-opacity":"","overlay-gradient":""},"tablet":{"background-color":"","background-image":"","background-repeat":"repeat","background-position":"center center","background-size":"auto","background-attachment":"scroll","background-type":"","background-media":"","overlay-type":"","overlay-color":"","overlay-opacity":"","overlay-gradient":""},"mobile":{"background-color":"","background-image":"","background-repeat":"repeat","background-position":"center center","background-size":"auto","background-attachment":"scroll","background-type":"","background-media":"","overlay-type":"","overlay-color":"","overlay-opacity":"","overlay-gradient":""}},"ast-content-background-meta":{"desktop":{"background-color":"var(--ast-global-color-5)","background-image":"","background-repeat":"repeat","background-position":"center center","background-size":"auto","background-attachment":"scroll","background-type":"","background-media":"","overlay-type":"","overlay-color":"","overlay-opacity":"","overlay-gradient":""},"tablet":{"background-color":"var(--ast-global-color-5)","background-image":"","background-repeat":"repeat","background-position":"center center","background-size":"auto","background-attachment":"scroll","background-type":"","background-media":"","overlay-type":"","overlay-color":"","overlay-opacity":"","overlay-gradient":""},"mobile":{"background-color":"var(--ast-global-color-5)","background-image":"","background-repeat":"repeat","background-position":"center center","background-size":"auto","background-attachment":"scroll","background-type":"","background-media":"","overlay-type":"","overlay-color":"","overlay-opacity":"","overlay-gradient":""}},"footnotes":""},"class_list":["post-3077","page","type-page","status-publish","hentry"],"post_mailing_queue_ids":[],"_links":{"self":[{"href":"https:\/\/agora.xtec.cat\/iessalvadorespriu-salt\/wp-json\/wp\/v2\/pages\/3077","targetHints":{"allow":["GET"]}}],"collection":[{"href":"https:\/\/agora.xtec.cat\/iessalvadorespriu-salt\/wp-json\/wp\/v2\/pages"}],"about":[{"href":"https:\/\/agora.xtec.cat\/iessalvadorespriu-salt\/wp-json\/wp\/v2\/types\/page"}],"author":[{"embeddable":true,"href":"https:\/\/agora.xtec.cat\/iessalvadorespriu-salt\/wp-json\/wp\/v2\/users\/14"}],"replies":[{"embeddable":true,"href":"https:\/\/agora.xtec.cat\/iessalvadorespriu-salt\/wp-json\/wp\/v2\/comments?post=3077"}],"version-history":[{"count":7,"href":"https:\/\/agora.xtec.cat\/iessalvadorespriu-salt\/wp-json\/wp\/v2\/pages\/3077\/revisions"}],"predecessor-version":[{"id":6393,"href":"https:\/\/agora.xtec.cat\/iessalvadorespriu-salt\/wp-json\/wp\/v2\/pages\/3077\/revisions\/6393"}],"up":[{"embeddable":true,"href":"https:\/\/agora.xtec.cat\/iessalvadorespriu-salt\/wp-json\/wp\/v2\/pages\/589"}],"wp:attachment":[{"href":"https:\/\/agora.xtec.cat\/iessalvadorespriu-salt\/wp-json\/wp\/v2\/media?parent=3077"}],"curies":[{"name":"wp","href":"https:\/\/api.w.org\/{rel}","templated":true}]}}