{"id":3068,"date":"2022-04-20T16:12:03","date_gmt":"2022-04-20T14:12:03","guid":{"rendered":"https:\/\/agora.xtec.cat\/iessalvadorespriu-salt\/?page_id=3068"},"modified":"2026-04-13T12:31:06","modified_gmt":"2026-04-13T10:31:06","slug":"bat","status":"publish","type":"page","link":"https:\/\/agora.xtec.cat\/iessalvadorespriu-salt\/secretaria\/preinscripcions\/bat\/","title":{"rendered":"Preinscripcions Batxillerat"},"content":{"rendered":"<p><span style=\"color: #0000ff;\"><strong>Preinscripci\u00f3 Batxillerat 26-27<a href=\"https:\/\/agora.xtec.cat\/iessalvadorespriu-salt\/wp-content\/uploads\/usu2103\/2026\/04\/JPO-BAT2627.png\"><img loading=\"lazy\" decoding=\"async\" class=\" wp-image-7452 alignright\" src=\"https:\/\/agora.xtec.cat\/iessalvadorespriu-salt\/wp-content\/uploads\/usu2103\/2026\/04\/JPO-BAT2627.png\" alt=\"\" width=\"410\" height=\"358\" srcset=\"https:\/\/agora.xtec.cat\/iessalvadorespriu-salt\/wp-content\/uploads\/usu2103\/2026\/04\/JPO-BAT2627.png 530w, https:\/\/agora.xtec.cat\/iessalvadorespriu-salt\/wp-content\/uploads\/usu2103\/2026\/04\/JPO-BAT2627-300x262.png 300w\" sizes=\"auto, (max-width: 410px) 100vw, 410px\" \/><\/a><\/strong><\/span><\/p>\n<ul>\n<li>Enlla\u00e7 per fer <a href=\"https:\/\/educacio.gencat.cat\/ca\/tramits\/tramits-temes\/9388-batxillerat?moda=1\" target=\"_blank\" rel=\"noopener\"><strong>la preinscripci\u00f3 online<\/strong><\/a><\/li>\n<li>Cal disposar d&#8217;un certificat digital (<a href=\"https:\/\/www.idcat.cat\/\" target=\"_blank\" rel=\"noopener\">idcat<\/a>)<\/li>\n<\/ul>\n<p><strong>&#8212;&#8212;&#8212;&#8212;&#8212;&#8212;&#8212;-<\/strong><\/p>\n<p><span style=\"color: #000000;\">Termini ordinari<\/span><strong> del 9 al 16 d&#8217;abril<\/strong><\/p>\n<p>La preinscripci\u00f3 <strong>\u00e9s telem\u00e0tica. <\/strong><\/p>\n<ul>\n<li style=\"list-style-type: none;\">\n<ul>\n<li style=\"list-style-type: none;\">\n<ul>\n<li><strong>Oferta de places<\/strong> a BAT. <a href=\"https:\/\/drive.google.com\/file\/d\/1IlmaAjSeGIIFmtrONv2ZLZ1wJsCfATwU\/view?usp=drive_link\" target=\"_blank\" rel=\"noopener\">Informaci\u00f3<\/a><\/li>\n<li><a href=\"https:\/\/preinscripcio.gencat.cat\/ca\/estudis\/batxillerat\/informat\/calendari\/\" target=\"_blank\" rel=\"noopener\"><strong>Calendari<\/strong><\/a><\/li>\n<li><a href=\"https:\/\/drive.google.com\/file\/d\/1Mnf7m9Hn32GENghyxuI2y8Sn07lkW2Jh\/view?usp=drive_link\" target=\"_blank\" rel=\"noopener\">Full <strong>informatiu<\/strong><\/a><\/li>\n<\/ul>\n<\/li>\n<\/ul>\n<\/li>\n<\/ul>\n<p>El <strong>Departament d&#8217;Educaci\u00f3<\/strong> ofereix:<\/p>\n<ul>\n<li style=\"list-style-type: none;\">\n<ul>\n<li style=\"list-style-type: none;\">\n<ul>\n<li><a href=\"https:\/\/preinscripcio.gencat.cat\/ca\/inici\/\" target=\"_blank\" rel=\"noopener noreferrer\">Web informativa sobre <strong>la preinscripci\u00f3<\/strong><\/a><\/li>\n<li><a href=\"https:\/\/preinscripcio.gencat.cat\/ca\/estudis\/eso\/ajuda\/pindoles-multimedia\/\" target=\"_blank\" rel=\"noopener noreferrer\">Videotutorials orientatius<\/a> d&#8217;Educaci\u00f3<\/li>\n<\/ul>\n<\/li>\n<\/ul>\n<\/li>\n<\/ul>\n<p><strong>Organitzaci\u00f3 curricular<\/strong> (conv\u00e9 consultar-la): <a href=\"https:\/\/agora.xtec.cat\/iessalvadorespriu-salt\/estudis\/bat\/\" target=\"_blank\" rel=\"noopener\">acc\u00e9s<\/a><\/p>\n<ul>\n<li style=\"list-style-type: none;\">\n<ul>\n<li style=\"list-style-type: none;\">\n<ul>\n<li>A les franges d&#8217;<strong>Optatives<\/strong> caldr\u00e0 &#8211; un cop fetes les preinscripcions &#8211; <strong>marcar la prioritat, ja que poden no oferir-se totes les opcions<\/strong>.<\/li>\n<\/ul>\n<\/li>\n<\/ul>\n<\/li>\n<\/ul>\n<hr \/>\n<p><span style=\"color: #0000ff;\"><strong>Refer\u00e8ncia<\/strong>: V01-26 (09\/4\/26). SEC. Aquesta p\u00e0gina pot quedar obsoleta un cop impresa<\/span><\/p>\n","protected":false},"excerpt":{"rendered":"<p>Preinscripci\u00f3 Batxillerat 26-27<a href=\"https:\/\/agora.xtec.cat\/iessalvadorespriu-salt\/wp-content\/uploads\/usu2103\/2026\/04\/JPO-BAT2627.png\"><\/a><\/p>\n<ul>\n<li>Enlla\u00e7 per fer <a href=\"https:\/\/educacio.gencat.cat\/ca\/tramits\/tramits-temes\/9388-batxillerat?moda=1\" target=\"_blank\" rel=\"noopener\">la preinscripci\u00f3 online<\/a><\/li>\n<li>Cal disposar d&#8217;un certificat digital (<a href=\"https:\/\/www.idcat.cat\/\" target=\"_blank\" rel=\"noopener\">idcat<\/a>)<\/li>\n<\/ul>\n<p>&#8212;&#8212;&#8212;&#8212;&#8212;&#8212;&#8212;-<br \/>\nTermini ordinari del 9 al 16 d&#8217;abril<br \/>\nLa preinscripci\u00f3 \u00e9s telem\u00e0tica. <\/p>\n<ul>\n<li style=\"list-style-type: none;\">\n<ul>\n<li style=\"list-style-type: none;\">\n<ul>\n<li>Oferta de places a BAT. <a href=\"https:\/\/drive.google.com\/file\/d\/1IlmaAjSeGIIFmtrONv2ZLZ1wJsCfATwU\/view?usp=drive_link\" target=\"_blank\" rel=\"noopener\">Informaci\u00f3<\/a><\/li>\n<li><a href=\"https:\/\/preinscripcio.gencat.cat\/ca\/estudis\/batxillerat\/informat\/calendari\/\" target=\"_blank\" rel=\"noopener\">Calendari<\/a><\/li>\n<li><a&hellip;  <a href=\"https:\/\/agora.xtec.cat\/iessalvadorespriu-salt\/secretaria\/preinscripcions\/bat\/\" title=\"Read Preinscripcions Batxillerat\">Llegeix m\u00e9s\u00bb<\/a><br \/>\n","protected":false},"author":14,"featured_media":0,"parent":589,"menu_order":3,"comment_status":"closed","ping_status":"closed","template":"page-templates\/side-menu.php","meta":{"_bbp_topic_count":0,"_bbp_reply_count":0,"_bbp_total_topic_count":0,"_bbp_total_reply_count":0,"_bbp_voice_count":0,"_bbp_anonymous_reply_count":0,"_bbp_topic_count_hidden":0,"_bbp_reply_count_hidden":0,"_bbp_forum_subforum_count":0,"footnotes":""},"class_list":["post-3068","page","type-page","status-publish","hentry"],"post_mailing_queue_ids":[],"_links":{"self":[{"href":"https:\/\/agora.xtec.cat\/iessalvadorespriu-salt\/wp-json\/wp\/v2\/pages\/3068","targetHints":{"allow":["GET"]}}],"collection":[{"href":"https:\/\/agora.xtec.cat\/iessalvadorespriu-salt\/wp-json\/wp\/v2\/pages"}],"about":[{"href":"https:\/\/agora.xtec.cat\/iessalvadorespriu-salt\/wp-json\/wp\/v2\/types\/page"}],"author":[{"embeddable":true,"href":"https:\/\/agora.xtec.cat\/iessalvadorespriu-salt\/wp-json\/wp\/v2\/users\/14"}],"replies":[{"embeddable":true,"href":"https:\/\/agora.xtec.cat\/iessalvadorespriu-salt\/wp-json\/wp\/v2\/comments?post=3068"}],"version-history":[{"count":7,"href":"https:\/\/agora.xtec.cat\/iessalvadorespriu-salt\/wp-json\/wp\/v2\/pages\/3068\/revisions"}],"predecessor-version":[{"id":7454,"href":"https:\/\/agora.xtec.cat\/iessalvadorespriu-salt\/wp-json\/wp\/v2\/pages\/3068\/revisions\/7454"}],"up":[{"embeddable":true,"href":"https:\/\/agora.xtec.cat\/iessalvadorespriu-salt\/wp-json\/wp\/v2\/pages\/589"}],"wp:attachment":[{"href":"https:\/\/agora.xtec.cat\/iessalvadorespriu-salt\/wp-json\/wp\/v2\/media?parent=3068"}],"curies":[{"name":"wp","href":"https:\/\/api.w.org\/{rel}","templated":true}]}}