{"id":2916,"date":"2022-03-07T19:08:30","date_gmt":"2022-03-07T18:08:30","guid":{"rendered":"https:\/\/agora.xtec.cat\/iessalvadorespriu-salt\/?page_id=2916"},"modified":"2026-03-06T11:14:32","modified_gmt":"2026-03-06T10:14:32","slug":"eso","status":"publish","type":"page","link":"https:\/\/agora.xtec.cat\/iessalvadorespriu-salt\/secretaria\/preinscripcions\/eso\/","title":{"rendered":"Preinscripci\u00f3 ESO"},"content":{"rendered":"<p><strong><span style=\"color: #0000ff;\"><a href=\"https:\/\/agora.xtec.cat\/iessalvadorespriu-salt\/wp-content\/uploads\/usu2103\/2022\/02\/JPO_2ok.jpg\"><img loading=\"lazy\" decoding=\"async\" class=\"alignright wp-image-2826\" src=\"https:\/\/agora.xtec.cat\/iessalvadorespriu-salt\/wp-content\/uploads\/usu2103\/2022\/02\/JPO_2ok-300x200.jpg\" alt=\"\" width=\"450\" height=\"300\" srcset=\"https:\/\/agora.xtec.cat\/iessalvadorespriu-salt\/wp-content\/uploads\/usu2103\/2022\/02\/JPO_2ok-300x200.jpg 300w, https:\/\/agora.xtec.cat\/iessalvadorespriu-salt\/wp-content\/uploads\/usu2103\/2022\/02\/JPO_2ok-1024x683.jpg 1024w, https:\/\/agora.xtec.cat\/iessalvadorespriu-salt\/wp-content\/uploads\/usu2103\/2022\/02\/JPO_2ok-768x512.jpg 768w, https:\/\/agora.xtec.cat\/iessalvadorespriu-salt\/wp-content\/uploads\/usu2103\/2022\/02\/JPO_2ok-1536x1025.jpg 1536w, https:\/\/agora.xtec.cat\/iessalvadorespriu-salt\/wp-content\/uploads\/usu2103\/2022\/02\/JPO_2ok.jpg 1772w\" sizes=\"auto, (max-width: 450px) 100vw, 450px\" \/><\/a><\/span><\/strong><\/p>\n<p><strong>PREINSCRIPCI\u00d3 ESO 26-27<\/strong><\/p>\n<ul>\n<li>Enlla\u00e7 per fer <a href=\"https:\/\/educacio.gencat.cat\/ca\/tramits\/tramits-temes\/20483-obligatoris?moda=3\" target=\"_blank\" rel=\"noopener\"><strong>la preinscripci\u00f3 online<\/strong><\/a><\/li>\n<li>Cal disposar d&#8217;un certificat digital (<a href=\"https:\/\/www.idcat.cat\/\" target=\"_blank\" rel=\"noopener\">idCat<\/a>)<\/li>\n<\/ul>\n<p><strong>&#8212;&#8212;&#8212;&#8212;&#8212;&#8212;&#8212;-<\/strong><\/p>\n<p><span style=\"color: #000000;\">Termini ordinari<strong>:<\/strong><\/span><strong> del 6 al 18 de mar\u00e7<\/strong><\/p>\n<p>La preinscripci\u00f3 <strong>\u00e9s telem\u00e0tica. <\/strong><\/p>\n<ul>\n<li style=\"list-style-type: none;\">\n<ul>\n<li style=\"list-style-type: none;\">\n<ul>\n<li><strong>Oferta de places<\/strong> a l&#8217;ESO (<a href=\"https:\/\/drive.google.com\/file\/d\/1JalnEOuI4PyYuP92-Zwb6lgH9TIa-ELR\/view?usp=drive_link\" target=\"_blank\" rel=\"noopener\">inicial<\/a>, veure <a href=\"https:\/\/padlet.com\/espriusalt\/taulell-d-anuncis-de-l-espriu-qbzwrexuslyvqnrw\" target=\"_blank\" rel=\"noopener\">Tauler d&#8217;anuncis<\/a>)<\/li>\n<li><strong>Calendari: <\/strong><a href=\"https:\/\/preinscripcio.gencat.cat\/ca\/estudis\/eso\/informat\/calendari\/\" target=\"_blank\" rel=\"noopener\">acc\u00e9s<\/a><strong><br \/>\n<\/strong><\/li>\n<li>Full <strong>informatiu: <\/strong><a href=\"https:\/\/drive.google.com\/file\/d\/1vVDvyX6dkv0wTuuDJlW0RR5IQpS70uw4\/view?usp=drive_link\" target=\"_blank\" rel=\"noopener\">acc\u00e9s<\/a><strong><br \/>\n<\/strong><\/li>\n<\/ul>\n<\/li>\n<\/ul>\n<\/li>\n<\/ul>\n<p>El <strong>Departament d&#8217;Educaci\u00f3<\/strong> ofereix:<\/p>\n<ul>\n<li style=\"list-style-type: none;\">\n<ul>\n<li style=\"list-style-type: none;\">\n<ul>\n<li><a href=\"https:\/\/preinscripcio.gencat.cat\/ca\/inici\/\" target=\"_blank\" rel=\"noopener noreferrer\">Web informativa sobre <strong>la preinscripci\u00f3<\/strong><\/a><\/li>\n<li><a href=\"https:\/\/educacio.gencat.cat\/ca\/departament\/publicacions\/videos\/preinscripcio\/\" target=\"_blank\" rel=\"noopener noreferrer\">Videotutorials orientatius<\/a> d&#8217;Educaci\u00f3<\/li>\n<\/ul>\n<\/li>\n<\/ul>\n<\/li>\n<\/ul>\n<hr \/>\n<p><span style=\"color: #0000ff;\"><strong>Refer\u00e8ncia<\/strong>: V01-26 (06\/03\/26). SEC. Aquesta p\u00e0gina pot quedar obsoleta un cop impresa<\/span><\/p>\n","protected":false},"excerpt":{"rendered":"<p><a href=\"https:\/\/agora.xtec.cat\/iessalvadorespriu-salt\/wp-content\/uploads\/usu2103\/2022\/02\/JPO_2ok.jpg\"><\/a><br \/>\nPREINSCRIPCI\u00d3 ESO 26-27<\/p>\n<ul>\n<li>Enlla\u00e7 per fer <a href=\"https:\/\/educacio.gencat.cat\/ca\/tramits\/tramits-temes\/20483-obligatoris?moda=3\" target=\"_blank\" rel=\"noopener\">la preinscripci\u00f3 online<\/a><\/li>\n<li>Cal disposar d&#8217;un certificat digital (<a href=\"https:\/\/www.idcat.cat\/\" target=\"_blank\" rel=\"noopener\">idCat<\/a>)<\/li>\n<\/ul>\n<p>&#8212;&#8212;&#8212;&#8212;&#8212;&#8212;&#8212;-<br \/>\nTermini ordinari: del 6 al 18 de mar\u00e7<br \/>\nLa preinscripci\u00f3 \u00e9s telem\u00e0tica. <\/p>\n<ul>\n<li style=\"list-style-type: none;\">\n<ul>\n<li style=\"list-style-type: none;\">\n<ul>\n<li>Oferta de places a l&#8217;ESO (<a href=\"https:\/\/drive.google.com\/file\/d\/1JalnEOuI4PyYuP92-Zwb6lgH9TIa-ELR\/view?usp=drive_link\" target=\"_blank\" rel=\"noopener\">inicial<\/a>, veure <a&hellip;  <a href=\"https:\/\/agora.xtec.cat\/iessalvadorespriu-salt\/secretaria\/preinscripcions\/eso\/\" title=\"Read Preinscripci\u00f3 ESO\">Llegeix m\u00e9s\u00bb<\/a><br \/>\n","protected":false},"author":7,"featured_media":0,"parent":589,"menu_order":2,"comment_status":"closed","ping_status":"closed","template":"page-templates\/side-menu.php","meta":{"_bbp_topic_count":0,"_bbp_reply_count":0,"_bbp_total_topic_count":0,"_bbp_total_reply_count":0,"_bbp_voice_count":0,"_bbp_anonymous_reply_count":0,"_bbp_topic_count_hidden":0,"_bbp_reply_count_hidden":0,"_bbp_forum_subforum_count":0,"footnotes":""},"class_list":["post-2916","page","type-page","status-publish","hentry"],"post_mailing_queue_ids":[],"_links":{"self":[{"href":"https:\/\/agora.xtec.cat\/iessalvadorespriu-salt\/wp-json\/wp\/v2\/pages\/2916","targetHints":{"allow":["GET"]}}],"collection":[{"href":"https:\/\/agora.xtec.cat\/iessalvadorespriu-salt\/wp-json\/wp\/v2\/pages"}],"about":[{"href":"https:\/\/agora.xtec.cat\/iessalvadorespriu-salt\/wp-json\/wp\/v2\/types\/page"}],"author":[{"embeddable":true,"href":"https:\/\/agora.xtec.cat\/iessalvadorespriu-salt\/wp-json\/wp\/v2\/users\/7"}],"replies":[{"embeddable":true,"href":"https:\/\/agora.xtec.cat\/iessalvadorespriu-salt\/wp-json\/wp\/v2\/comments?post=2916"}],"version-history":[{"count":8,"href":"https:\/\/agora.xtec.cat\/iessalvadorespriu-salt\/wp-json\/wp\/v2\/pages\/2916\/revisions"}],"predecessor-version":[{"id":7357,"href":"https:\/\/agora.xtec.cat\/iessalvadorespriu-salt\/wp-json\/wp\/v2\/pages\/2916\/revisions\/7357"}],"up":[{"embeddable":true,"href":"https:\/\/agora.xtec.cat\/iessalvadorespriu-salt\/wp-json\/wp\/v2\/pages\/589"}],"wp:attachment":[{"href":"https:\/\/agora.xtec.cat\/iessalvadorespriu-salt\/wp-json\/wp\/v2\/media?parent=2916"}],"curies":[{"name":"wp","href":"https:\/\/api.w.org\/{rel}","templated":true}]}}