{"id":27,"date":"2014-09-17T16:24:03","date_gmt":"2014-09-17T16:24:03","guid":{"rendered":"http:\/\/agora.xtec.cat\/iessalvadorespriu-salt\/?page_id=27"},"modified":"2025-07-11T18:11:43","modified_gmt":"2025-07-11T16:11:43","slug":"historia","status":"publish","type":"page","link":"https:\/\/agora.xtec.cat\/iessalvadorespriu-salt\/linstitut\/historia\/","title":{"rendered":"Hist\u00f2ria i descripci\u00f3"},"content":{"rendered":"<p><a href=\"https:\/\/agora.xtec.cat\/iessalvadorespriu-salt\/wp-content\/uploads\/usu2103\/2023\/03\/INSPAI-IF-71809-Salt-Institut-Salvador-Espriu-de-Salt.jpg\"><img loading=\"lazy\" decoding=\"async\" class=\"alignright size-medium wp-image-4085\" src=\"https:\/\/agora.xtec.cat\/iessalvadorespriu-salt\/wp-content\/uploads\/usu2103\/2023\/03\/INSPAI-IF-71809-Salt-Institut-Salvador-Espriu-de-Salt-300x200.jpg\" alt=\"\" width=\"300\" height=\"200\" srcset=\"https:\/\/agora.xtec.cat\/iessalvadorespriu-salt\/wp-content\/uploads\/usu2103\/2023\/03\/INSPAI-IF-71809-Salt-Institut-Salvador-Espriu-de-Salt-300x200.jpg 300w, https:\/\/agora.xtec.cat\/iessalvadorespriu-salt\/wp-content\/uploads\/usu2103\/2023\/03\/INSPAI-IF-71809-Salt-Institut-Salvador-Espriu-de-Salt.jpg 600w\" sizes=\"auto, (max-width: 300px) 100vw, 300px\" \/><\/a>L\u2019Institut Salvador Espriu de Salt <strong>va ser inaugurat l\u2019any 1976<\/strong> com a Institut de Batxillerat, amb l\u2019objectiu principal de preparar l\u2019alumnat per accedir a estudis universitaris. Durant les dues primeres d\u00e8cades, el centre es va centrar en aquesta missi\u00f3, i encara avui mant\u00e9 un fort comprom\u00eds amb la formaci\u00f3 acad\u00e8mica de qualitat, especialment en les modalitats de <strong>Batxillerat d\u2019Humanitats, Ci\u00e8ncies Socials, Ci\u00e8ncies i Tecnologia<\/strong>.<\/p>\n<p>Amb el pas dels anys i l\u2019evoluci\u00f3 del sistema educatiu, l\u2019Institut ha ampliat la seva oferta formativa per adaptar-se a les necessitats de la comunitat. Actualment, ofereix tamb\u00e9 <strong>Educaci\u00f3 Secund\u00e0ria Obligat\u00f2ria<\/strong> [ESO], diversos <strong>Cicles formatius de Grau Mitj\u00e0<\/strong> [CFGM] (com Sistemes Microinform\u00e0tics i Xarxes, Jardineria i Floristeria, i Guia en el Medi Natural i de Temps de Lleure), aix\u00ed com <strong>Programes de Formaci\u00f3 i Inserci\u00f3<\/strong> [PFI] orientats al suport en l&#8217;atenci\u00f3 d&#8217;activitats esportives i en l&#8217;\u00e0rea dels muntatges electrot\u00e8cnics.<\/p>\n<p>El primer director del centre, Carles Barcel\u00f3, va documentar els primers anys de l\u2019institut en el llibre <em>L\u2019Espriu (1976-1983). L\u2019Institut de Salt en els anys de la transici\u00f3<\/em>, presentat p\u00fablicament el 7 de setembre de 2023 a l\u2019Auditori de la Factoria Cultural Coma Cros (<a href=\"https:\/\/agora.xtec.cat\/iessalvadorespriu-salt\/general\/presentacio-del-llibre-lespriu-1976-1983-linstitut-de-salt-en-els-anys-de-la-transicio-de-carles-barcelo\/\">not\u00edcia<\/a>). Aquest llibre ofereix una mirada detallada sobre els inicis de l\u2019institut en el context de la transici\u00f3 democr\u00e0tica a Espanya.<\/p>\n<p>A m\u00e9s, el centre ha reconegut la contribuci\u00f3 d\u2019antics docents com Joan Serrat Montfort, qui va publicar el llibre <em>Retalls de Ci\u00e8ncia i Hist\u00f2ria<\/em>, una recopilaci\u00f3 d\u2019articles cient\u00edfics publicats a la revista local <em>La Farga<\/em> entre 2008 i 2022 (<a href=\"https:\/\/agora.xtec.cat\/iessalvadorespriu-salt\/general\/antics-docents-que-formen-part-de-la-historia-de-linstitut-espriu\/\">not\u00edcia<\/a>). Aquest llibre reflecteix l\u2019esperit cient\u00edfic i educatiu que ha caracteritzat l\u2019institut al llarg dels anys.<\/p>\n<p>Avui dia, l\u2019Institut Salvador Espriu <strong>\u00e9s un centre educatiu de refer\u00e8ncia a Salt<\/strong>, amb m\u00e9s de 800 alumnes i uns 90 professionals. La seva missi\u00f3 \u00e9s oferir una educaci\u00f3 integral de qualitat que promogui la igualtat d\u2019oportunitats i la cohesi\u00f3 social, destacant per la seva innovaci\u00f3 pedag\u00f2gica i el comprom\u00eds amb la comunitat.<\/p>\n<hr \/>\n<p><span style=\"color: #0000ff;\"><strong>Refer\u00e8ncia<\/strong>: V01-25 (11\/07\/25). CCOM. Aquesta p\u00e0gina pot quedar obsoleta un cop impresa<\/span><\/p>\n","protected":false},"excerpt":{"rendered":"<p><a href=\"https:\/\/agora.xtec.cat\/iessalvadorespriu-salt\/wp-content\/uploads\/usu2103\/2023\/03\/INSPAI-IF-71809-Salt-Institut-Salvador-Espriu-de-Salt.jpg\"><\/a>L\u2019Institut Salvador Espriu de Salt va ser inaugurat l\u2019any 1976 com a Institut de Batxillerat, amb l\u2019objectiu principal de preparar l\u2019alumnat per accedir a estudis universitaris. Durant les dues primeres d\u00e8cades, el centre es va centrar en aquesta missi\u00f3, i encara avui mant\u00e9 un&hellip;  <a href=\"https:\/\/agora.xtec.cat\/iessalvadorespriu-salt\/linstitut\/historia\/\" title=\"Read Hist\u00f2ria i descripci\u00f3\">Llegeix m\u00e9s\u00bb<\/a><\/p>\n","protected":false},"author":1,"featured_media":0,"parent":19,"menu_order":4,"comment_status":"closed","ping_status":"closed","template":"page-templates\/side-menu.php","meta":{"_bbp_topic_count":0,"_bbp_reply_count":0,"_bbp_total_topic_count":0,"_bbp_total_reply_count":0,"_bbp_voice_count":0,"_bbp_anonymous_reply_count":0,"_bbp_topic_count_hidden":0,"_bbp_reply_count_hidden":0,"_bbp_forum_subforum_count":0,"footnotes":""},"class_list":["post-27","page","type-page","status-publish","hentry"],"post_mailing_queue_ids":[],"_links":{"self":[{"href":"https:\/\/agora.xtec.cat\/iessalvadorespriu-salt\/wp-json\/wp\/v2\/pages\/27","targetHints":{"allow":["GET"]}}],"collection":[{"href":"https:\/\/agora.xtec.cat\/iessalvadorespriu-salt\/wp-json\/wp\/v2\/pages"}],"about":[{"href":"https:\/\/agora.xtec.cat\/iessalvadorespriu-salt\/wp-json\/wp\/v2\/types\/page"}],"author":[{"embeddable":true,"href":"https:\/\/agora.xtec.cat\/iessalvadorespriu-salt\/wp-json\/wp\/v2\/users\/1"}],"replies":[{"embeddable":true,"href":"https:\/\/agora.xtec.cat\/iessalvadorespriu-salt\/wp-json\/wp\/v2\/comments?post=27"}],"version-history":[{"count":7,"href":"https:\/\/agora.xtec.cat\/iessalvadorespriu-salt\/wp-json\/wp\/v2\/pages\/27\/revisions"}],"predecessor-version":[{"id":6781,"href":"https:\/\/agora.xtec.cat\/iessalvadorespriu-salt\/wp-json\/wp\/v2\/pages\/27\/revisions\/6781"}],"up":[{"embeddable":true,"href":"https:\/\/agora.xtec.cat\/iessalvadorespriu-salt\/wp-json\/wp\/v2\/pages\/19"}],"wp:attachment":[{"href":"https:\/\/agora.xtec.cat\/iessalvadorespriu-salt\/wp-json\/wp\/v2\/media?parent=27"}],"curies":[{"name":"wp","href":"https:\/\/api.w.org\/{rel}","templated":true}]}}