{"id":21,"date":"2014-09-17T16:14:14","date_gmt":"2014-09-17T16:14:14","guid":{"rendered":"http:\/\/agora.xtec.cat\/iessalvadorespriu-salt\/?page_id=21"},"modified":"2026-01-19T08:41:36","modified_gmt":"2026-01-19T07:41:36","slug":"local","status":"publish","type":"page","link":"https:\/\/agora.xtec.cat\/iessalvadorespriu-salt\/local\/","title":{"rendered":"Contacte i localitzaci\u00f3"},"content":{"rendered":"<p><strong><span style=\"color: #ff6600;\">ACC\u00c9S R\u00c0PID<\/span><br \/>\n<\/strong><\/p>\n<div id=\"enllacos\">\n<div style=\"display: flex; flex-wrap: wrap; justify-content: center;\">\n<p style=\"text-align: center;\"><a style=\"background-color: rgb(8 126 182); font-size: 12pt; line-height: 22px; border-radius: 4px; cursor: pointer; text-align: center; color: white !important; padding: 5px 50px; margin: 10px; display: inline-block;\" href=\"https:\/\/www.google.com\/maps\/place\/Institut+Salvador+Espriu\/@41.9684914,2.7887046,17z\/data=!3m1!4b1!4m5!3m4!1s0x12bae74d92216363:0xd90e005594bdc5f!8m2!3d41.9684914!4d2.7887046?hl=ca&amp;coh=164777&amp;entry=tt&amp;shorturl=1\" target=\"_blank\" rel=\"noopener\">Localitzaci\u00f3<\/a><a style=\"background-color: rgb(255 90 38); font-size: 12pt; line-height: 22px; border-radius: 4px; cursor: pointer; text-align: center; color: white !important; padding: 5px 50px; margin: 10px; display: inline-block;\" href=\"https:\/\/docs.google.com\/forms\/d\/e\/1FAIpQLSfCnPshRrnak__4-AogYDeXDt-8uw9p9pdpvJjNlhzjblniXw\/viewform\" target=\"_blank\" rel=\"noopener\">Suggeriments, queixes i agra\u00efments<\/a><a style=\"background-color: rgb(47 133 42); font-size: 12pt; line-height: 22px; border-radius: 4px; cursor: pointer; text-align: center; color: white !important; padding: 5px 50px; margin: 10px; display: inline-block;\" href=\"https:\/\/docs.google.com\/document\/u\/7\/d\/e\/2PACX-1vQklTMykFUe8MC-ec3tDvkbtKYQKxDDQDGsR6I92Q1xkfhau0-5SGZWVRx6AEPUtN5idQlhoI_NA0qw\/pub\" target=\"_blank\" rel=\"noopener\">FAQ-PMF Comunitat educativa<\/a><a style=\"background-color: rgb(8 126 182); font-size: 12pt; line-height: 22px; border-radius: 4px; cursor: pointer; text-align: center; color: white !important; padding: 5px 50px; margin: 10px; display: inline-block;\" href=\"https:\/\/docs.google.com\/document\/u\/7\/d\/e\/2PACX-1vQx_pvC_NT5ALB1JNQFByZNCMmrE_RqHj_cLqr8rId3APvXncju0XMcVgG7u7GZjhhR-rUfXExYADGG\/pub\" target=\"_blank\" rel=\"noopener\">FAQ-PMF Alumnat<\/a><\/p>\n<\/div>\n<\/div>\n<p><strong><span style=\"color: #0000ff;\">Institut Salvador Espriu <\/span><\/strong><span style=\"color: #000000;\">(*)<\/span><strong><br \/>\n<\/strong>Folch i Torres, 4<br \/>\n17190 Salt, Girona<\/p>\n<p style=\"padding-left: 40px;\"><em>(*)El PFI \u00e9s a una altra adre\u00e7a (vegeu al final de la p\u00e0gina)<\/em><\/p>\n<p><b><span style=\"color: #0000ff;\">Codi de centre: <\/span>17003203 &#8211; <\/b><span style=\"color: #0000ff;\"><strong>OID Erasmus<\/strong>: <\/span><strong>E10145743<\/strong><b><br \/>\n<\/b><\/p>\n<p><span style=\"color: #0000ff;\"><b>Com contactar amb l&#8217;Institut?<\/b><\/span><\/p>\n<p style=\"padding-left: 40px;\">a) <strong>Correu<\/strong> electr\u00f2nic oficial: <a href=\"mailto:b7003203@xtec.cat\" target=\"_blank\" rel=\"noopener noreferrer\">b7003203@xtec.cat<\/a><br \/>\nb) Trucada <strong>telef\u00f2nica<\/strong> en hores d&#8217;obertura del centre: <strong>972 240 246<\/strong><br \/>\nc) Visita <strong>presencial<\/strong> en hores d&#8217;Oficina [<a href=\"https:\/\/goo.gl\/maps\/aaRYLzt4RdaPkv7G9\" target=\"_blank\" rel=\"noopener\">acc\u00e9s<\/a>]. Consulteu horari a <em>Google <\/em>o al <a href=\"https:\/\/agora.xtec.cat\/iessalvadorespriu-salt\/secretaria\/\" target=\"_blank\" rel=\"noopener\">web<\/a><br \/>\nd) <strong>Xarxes socials<\/strong>: [<a href=\"https:\/\/twitter.com\/espriusalt\" target=\"_blank\" rel=\"noopener\">Twitter<\/a>]\u00a0 [<a href=\"https:\/\/www.instagram.com\/espriusalt\/\" target=\"_blank\" rel=\"noopener\">Instagram<\/a>]\u00a0 [<a href=\"https:\/\/www.facebook.com\/espriusalt\" target=\"_blank\" rel=\"noopener\">Facebook<\/a>], i altres&#8230;.<\/p>\n<p><span style=\"color: #0000ff;\"><strong>A m\u00e9s&#8230;<\/strong><\/span><\/p>\n<ol>\n<li style=\"list-style-type: none;\">\n<ol>\n<li>Per fer un <strong>suggeriment<\/strong> o una felicitaci\u00f3 o una queixa, <strong>disposeu del formulari<\/strong> que teniu al <a href=\"https:\/\/agora.xtec.cat\/iessalvadorespriu-salt\/linstitut\/atencio\/\" target=\"_blank\" rel=\"noopener\">web<\/a> (<a href=\"https:\/\/docs.google.com\/forms\/d\/e\/1FAIpQLSfCnPshRrnak__4-AogYDeXDt-8uw9p9pdpvJjNlhzjblniXw\/viewform\" target=\"_blank\" rel=\"noopener\">Formulari<\/a>). I si voleu que afegim respostes a <strong>les nostres &#8220;preguntes freq\u00fcents&#8221;<\/strong> (FAQ-PMF), <a href=\"https:\/\/docs.google.com\/forms\/d\/e\/1FAIpQLSefihLfnuhnze_jDeHREvbMA5Zma8r88OWq8uhxGWTMr0Jw5A\/viewform\" target=\"_blank\" rel=\"noopener\">aqu\u00ed podeu<\/a><\/li>\n<li>Per presentar un <strong>projecte<\/strong>, teniu una <a href=\"https:\/\/docs.google.com\/document\/d\/1abjSfy5hihZQ0y4aUzC7-CrLaZM5FT6Fhx4-fzkJfpM\/edit\" target=\"_blank\" rel=\"noopener\">plantilla base<\/a> que <strong>pot ajudar<\/strong> a redactar el document.<\/li>\n<li>Podeu <strong>enregistrar<\/strong> una <a href=\"https:\/\/drive.google.com\/file\/d\/1vW85UFpU7OzLD23QjpF-alHNQxXFxE4d\/view\" target=\"_blank\" rel=\"noopener\"><strong>sol\u00b7licitud (PDF)<\/strong> <\/a>[o en <a href=\"https:\/\/docs.google.com\/document\/d\/1J9Vaw0WsBOikN4uvU9r2Ngr1jwn7sp_HE9OLIt18hdc\/edit?usp=drive_link\" target=\"_blank\" rel=\"noopener\">format GDocs<\/a>] a Oficines en hores d&#8217;obertura d&#8217;aquest servei (o per correu electr\u00f2nic, amb signatura digital).<\/li>\n<li>Les <strong>fam\u00edlies<\/strong> trobareu l&#8217;Email dels tutors i dels professionals del centre a la zona d&#8217;enlla\u00e7os <a href=\"https:\/\/espriu.ieduca.com\/index.php?seccio=41\" target=\"_blank\" rel=\"noopener\">del vostre acc\u00e9s iEduca<\/a> i tamb\u00e9 els podreu enviar Missatge amb iEduca (un cop identificats). Podeu accedir als <a href=\"https:\/\/docs.google.com\/spreadsheets\/d\/e\/2PACX-1vS_yPnA08W7-0Z8hTbRgdSpasbi4_D70dq8DFQsI_ghAQHHFq_Wrkl9kPqYKL23nlj_-W_PlClVWQ3O\/pubhtml?gid=482571431&amp;single=true\" target=\"_blank\" rel=\"noopener\">correus professionals dels docents<\/a>.<\/li>\n<li>Per concertar una <strong>entrevista<\/strong> amb el Director &#8211; a m\u00e9s d&#8217;altres vies &#8211; tenim disponible <a href=\"http:\/\/xserra.net\/r\" target=\"_blank\" rel=\"noopener\">aqu\u00ed<\/a> una oferta d&#8217;hores (procediment autom\u00e0tic).<\/li>\n<li>Finalment, estem compromesos amb <strong>la transpar\u00e8ncia en la gesti\u00f3.<\/strong> Per aix\u00f2 disposem tamb\u00e9 d&#8217;<a href=\"https:\/\/drive.google.com\/file\/d\/1lKcl8VrLSeDCClXoaf1mjZk__RUgkco7\/view\" target=\"_blank\" rel=\"noopener\">un protocol sobre transpar\u00e8ncia<\/a>.<\/li>\n<\/ol>\n<\/li>\n<\/ol>\n<p><span style=\"color: #0000ff;\"><strong>Localitzaci\u00f3<\/strong> [<a href=\"https:\/\/goo.gl\/maps\/aaRYLzt4RdaPkv7G9\" target=\"_blank\" rel=\"noopener\">ubicaci\u00f3<\/a>]<strong><br \/>\n<\/strong><\/span><\/p>\n<p><iframe loading=\"lazy\" src=\"https:\/\/www.google.com\/maps\/embed?pb=!1m18!1m12!1m3!1d2966.4803563816!2d2.7865159156836934!3d41.96849536773088!2m3!1f0!2f0!3f0!3m2!1i1024!2i768!4f13.1!3m3!1m2!1s0x12bae74d92216363%3A0xd90e005594bdc5f!2sInstitut%20Salvador%20Espriu!5e0!3m2!1sca!2ses!4v1599474130495!5m2!1sca!2ses\" width=\"600\" height=\"450\" frameborder=\"0\" aria-hidden=\"false\"><\/iframe><\/p>\n<p><strong><span style=\"color: #0000ff;\">Com arribar-hi?<\/span><br \/>\n<\/strong><\/p>\n<ul>\n<li style=\"list-style-type: none;\">\n<ul>\n<li>Amb <a href=\"https:\/\/www.girona.cat\/bus\/cat\/linies.php\" target=\"_blank\" rel=\"noopener noreferrer\">el bus urb\u00e0 de Girona-Salt<\/a>:\n<ul>\n<li><strong>L\u00ednia L4<\/strong> (connexi\u00f3 de proximitat amb estaci\u00f3 de tren, AVE i autobusos)<\/li>\n<li><strong>L\u00ednia L9<\/strong> (connexi\u00f3 amb UdG Montilivi, per Emili Grahit)<\/li>\n<\/ul>\n<\/li>\n<li>Des de la <strong>sortida Girona Sud<\/strong> de l&#8217;<strong>autopista AP7<\/strong> (Barcelona-Fran\u00e7a)<\/li>\n<li>Per la <strong>C-65<\/strong>, variant de Girona-Sant Feliu, sortida Salt (direcci\u00f3 al &#8220;Viena&#8221;)<\/li>\n<\/ul>\n<\/li>\n<\/ul>\n<p><strong><span style=\"color: #0000ff;\">Informaci\u00f3 complement\u00e0ria: ubicaci\u00f3 f\u00edsica del PFI<\/span><\/strong><\/p>\n<ul>\n<li style=\"list-style-type: none;\">\n<ul>\n<li>El <strong>PFI<\/strong> de\u00a0 l&#8217;Institut (Instal\u00b7lacions i Esports) \u00e9s als aularis prefabricats situats a:<\/li>\n<\/ul>\n<\/li>\n<\/ul>\n<p style=\"padding-left: 40px;\">Passatge Joan G\u00fcell i Oliv\u00e9, 1 &#8211; 17190 Salt.<br \/>\nHorari de 8 a 14 h.<br \/>\nTel. 648 04 04 92 (PFI Instal\u00b7lacions) &#8211;<\/p>\n<p><span style=\"color: #0000ff;\"><b>Vols estar sempre al dia?<\/b><\/span><\/p>\n<div class=\"emaillist\" id=\"es_form_f1-n1\"><form action=\"\/iessalvadorespriu-salt\/wp-json\/wp\/v2\/pages\/21#es_form_f1-n1\" method=\"post\" class=\"es_subscription_form es_shortcode_form  es_ajax_subscription_form\" id=\"es_subscription_form_69e7b86f7b4d0\" data-source=\"ig-es\" data-form-id=\"1\"><div class=\"es_caption\">T'avisarem si hi ha not\u00edcies noves<\/div><div class=\"es-field-wrap\"><label>Nom<br \/><input type=\"text\" name=\"esfpx_name\" class=\"ig_es_form_field_name\" placeholder=\"\" value=\"\" \/><\/label><\/div><div class=\"es-field-wrap\"><label>Email*<br \/><input class=\"es_required_field es_txt_email ig_es_form_field_email\" type=\"email\" name=\"esfpx_email\" value=\"\" placeholder=\"\" required=\"required\" \/><\/label><\/div><input type=\"hidden\" name=\"esfpx_lists[]\" value=\"5b8531983d63\" \/><input type=\"hidden\" name=\"esfpx_form_id\" value=\"1\" \/><input type=\"hidden\" name=\"es\" value=\"subscribe\" \/>\n\t\t\t<input type=\"hidden\" name=\"esfpx_es_form_identifier\" value=\"f1-n1\" \/>\n\t\t\t<input type=\"hidden\" name=\"esfpx_es_email_page\" value=\"21\" \/>\n\t\t\t<input type=\"hidden\" name=\"esfpx_es_email_page_url\" value=\"https:\/\/agora.xtec.cat\/iessalvadorespriu-salt\/local\/\" \/>\n\t\t\t<input type=\"hidden\" name=\"esfpx_status\" value=\"Unconfirmed\" \/>\n\t\t\t<input type=\"hidden\" name=\"esfpx_es-subscribe\" id=\"es-subscribe-69e7b86f7b4d0\" value=\"df5f58f66d\" \/>\n\t\t\t<label style=\"position:absolute;top:-99999px;left:-99999px;z-index:-99;\" aria-hidden=\"true\"><span hidden>Please leave this field empty.<\/span><input type=\"email\" name=\"esfpx_es_hp_email\" class=\"es_required_field\" tabindex=\"-1\" autocomplete=\"-1\" value=\"\" \/><\/label><input type=\"submit\" name=\"submit\" class=\"es_subscription_form_submit es_submit_button es_textbox_button\" id=\"es_subscription_form_submit_69e7b86f7b4d0\" value=\"Subscriu-me\" \/><span class=\"es_spinner_image\" id=\"spinner-image\"><img decoding=\"async\" src=\"https:\/\/agora.xtec.cat\/iessalvadorespriu-salt\/wp-content\/plugins\/email-subscribers\/lite\/public\/images\/spinner.gif\" alt=\"Loading\" \/><\/span><\/form><span class=\"es_subscription_message \" id=\"es_subscription_message_69e7b86f7b4d0\" role=\"alert\" aria-live=\"assertive\"><\/span><\/div>\n<hr \/>\n<p><span style=\"color: #0000ff;\"><strong>Refer\u00e8ncia<\/strong>: V03-25 (15\/12\/25). DIR. Aquesta p\u00e0gina pot quedar obsoleta un cop impresa<\/span><\/p>\n<p><!--\n<strong>Correus electr\u00f2nics de contacte<\/strong>\n\n<strong style=\"font-size: medium; font-family: inherit; line-height: 1.6;\">Centre<\/strong>\n\n&nbsp;\n\n\n<ul>\n \t\n\n<li><span style=\"font-size: medium;\">Bustia General:\u00a0<a href=\"mailto:bustia@ins-larany.cat\">bustia@ins-larany.cat<\/a><\/span><\/li>\n\n\n \t\n\n<li><span style=\"font-size: medium;\">Director:\u00a0<a href=\"mailto:direccio@ins-larany.cat\">direccio@ins-larany.cat<\/a><\/span><\/li>\n\n\n \t\n\n<li>Cap d'Estudis ESO i Batxillerat:\u00a0<a href=\"mailto:direccio@ins-larany.cat\">cap.estudis.esobatx@ins-larany.cat\n<\/a><\/li>\n\n\n \t\n\n<li>Cap d'Estudis Cicles: <span style=\"color: #008080;\">cap.estudis.cicles@ins-larany.cat<\/span><\/li>\n\n\n \t\n\n<li>Coordinador Pedag\u00f2gic: <span style=\"color: #008080;\">coor.pedagogic@ins-larany.cat<\/span><\/li>\n\n\n \t\n\n<li>Secretari: <span style=\"color: #008080;\">secretari@ins-larany.cat<\/span><\/li>\n\n\n<\/ul>\n\n\n<span style=\"font-size: medium;\"><strong>ESO Tutors<\/strong><\/span>\n\n\n<ul>\n \t\n\n<li><span style=\"font-size: medium;\">Tutor 1r ESO A:\u00a0<a href=\"mailto:tutor.eso1a@ins-larany.cat\">tutor.eso1a@ins-larany.cat<\/a><\/span><\/li>\n\n\n \t\n\n<li><span style=\"font-size: medium;\">Tutor 1r ESO B:\u00a0<a href=\"mailto:tutor.eso1b@ins-larany.cat\">tutor.eso1b@ins-larany.cat<\/a><\/span><\/li>\n\n\n \t\n\n<li><span style=\"font-size: medium;\">Tutor 1r ESO C:\u00a0<a href=\"mailto:tutor.eso1c@ins-larany.cat\">tutor.eso1c@ins-larany.cat<\/a><\/span><\/li>\n\n\n \t\n\n<li><span style=\"font-size: medium;\">Tutor 1r ESO D:\u00a0<a href=\"mailto:tutor.eso1d@ins-larany.cat\">tutor.eso1d@ins-larany.cat<\/a><\/span><\/li>\n\n\n \t\n\n<li><span style=\"font-size: medium;\">Tutor 1r ESO E:\u00a0<a href=\"mailto:tutor.eso1e@ins-larany.cat\">tutor.eso1e@ins-larany.cat<\/a><\/span><\/li>\n\n\n<\/ul>\n\n\n\n\n<ul>\n \t\n\n<li><span style=\"font-size: medium;\">Tutor 2n ESO A:\u00a0<a href=\"mailto:tutor.eso2a@ins-larany.cat\">tutor.eso2a@ins-larany.cat<\/a><\/span><\/li>\n\n\n \t\n\n<li><span style=\"font-size: medium;\">Tutor 2n ESO B:\u00a0<a href=\"mailto:tutor.eso2b@ins-larany.cat\">tutor.eso2b@ins-larany.cat<\/a><\/span><\/li>\n\n\n \t\n\n<li><span style=\"font-size: medium;\">Tutor 2n ESO C:\u00a0<a href=\"mailto:tutor.eso2c@ins-larany.cat\">tutor.eso2c@ins-larany.cat<\/a><\/span><\/li>\n\n\n \t\n\n<li><span style=\"font-size: medium;\">Tutor 2n ESO D:\u00a0<a href=\"mailto:tutor.eso2d@ins-larany.cat\">tutor.eso2d@ins-larany.cat<\/a><\/span><\/li>\n\n\n \t\n\n<li><span style=\"font-size: medium;\">Tutor 2n ESO E:\u00a0<a href=\"mailto:tutor.eso2e@ins-larany.cat\">tutor.eso2e@ins-larany.cat<\/a><\/span><\/li>\n\n\n<\/ul>\n\n\n\n\n<ul>\n \t\n\n<li><span style=\"font-size: medium;\">Tutor 3r ESO A:\u00a0<a href=\"mailto:tutor.eso3a@ins-larany.cat\">tutor.eso3a@ins-larany.cat<\/a><\/span><\/li>\n\n\n \t\n\n<li><span style=\"font-size: medium;\">Tutor 3r ESO B:\u00a0<a href=\"mailto:tutor.eso3b@ins-larany.cat\">tutor.eso3b@ins-larany.cat<\/a><\/span><\/li>\n\n\n \t\n\n<li><span style=\"font-size: medium;\">Tutor 3r ESO C:\u00a0<a href=\"mailto:tutor.eso3c@ins-larany.cat\">tutor.eso3c@ins-larany.cat<\/a><\/span><\/li>\n\n\n \t\n\n<li><span style=\"font-size: medium;\">Tutor 3r ESO D:\u00a0<a href=\"mailto:tutor.eso3d@ins-larany.cat\">tutor.eso3d@ins-larany.cat<\/a><\/span><\/li>\n\n\n \t\n\n<li><span style=\"font-size: medium;\">Tutor 3r ESO E:\u00a0<a href=\"mailto:tutor.eso3e@ins-larany.cat\">tutor.eso3e@ins-larany.cat<\/a><\/span><\/li>\n\n\n<\/ul>\n\n\n\n\n<ul>\n \t\n\n<li><span style=\"font-size: medium;\">Tutor 4t ESO A:\u00a0<a href=\"mailto:tutor.eso4a@ins-larany.cat\">tutor.eso4a@ins-larany.cat<\/a><\/span><\/li>\n\n\n \t\n\n<li><span style=\"font-size: medium;\">Tutor 4t ESO B:\u00a0<a href=\"mailto:tutor.eso4b@ins-larany.cat\">tutor.eso4b@ins-larany.cat<\/a><\/span><\/li>\n\n\n \t\n\n<li><span style=\"font-size: medium;\">Tutor 4t ESO C:\u00a0<a href=\"mailto:tutor.eso4c@ins-larany.cat\">tutor.eso4c@ins-larany.cat<\/a><\/span><\/li>\n\n\n \t\n\n<li><span style=\"font-size: medium;\">Tutor 4t ESO D:\u00a0<a href=\"mailto:tutor.eso4d@ins-larany.cat\">tutor.eso4d@ins-larany.cat<\/a><\/span><\/li>\n\n\n \t\n\n<li><span style=\"font-size: medium;\">Tutor 4t ESO E:\u00a0<a href=\"mailto:tutor.eso4e@ins-larany.cat\">tutor.eso4e@ins-larany.cat<\/a><\/span><\/li>\n\n\n<\/ul>\n\n\n<span style=\"font-size: medium;\"><strong>ESO\u00a0Coordinadors<\/strong><\/span>\n\n\n<ul>\n \t\n\n<li><span style=\"font-size: medium;\">Coordinaci\u00f3 1r ESO:\u00a0<a href=\"mailto:coor.eso1@ins-larany.cat\">coor.eso1@ins-larany.cat<\/a><\/span><\/li>\n\n\n \t\n\n<li><span style=\"font-size: medium;\">Coordinaci\u00f3 2n ESO:\u00a0<a href=\"mailto:coor.eso2@ins-larany.cat\">coor.eso2@ins-larany.cat<\/a><\/span><\/li>\n\n\n \t\n\n<li><span style=\"font-size: medium;\">Coordinaci\u00f3 3r ESO:\u00a0<a href=\"mailto:coor.eso3@ins-larany.cat\">coor.eso3@ins-larany.cat<\/a><\/span><\/li>\n\n\n \t\n\n<li><span style=\"font-size: medium;\">Coordinaci\u00f3 4t ESO:\u00a0<a href=\"mailto:coor.eso4@ins-larany.cat\">coor.eso4@ins-larany.cat<\/a><\/span><\/li>\n\n\n<\/ul>\n\n\n<span style=\"font-size: medium;\"><strong>BATXILLERAT<\/strong><\/span>\n\n\n<ul>\n \t\n\n<li><span style=\"font-size: medium;\">Tutor 1r Batxillerat A:\u00a0<a href=\"mailto:tutor.eso2a@ins-larany.cat\">tutor.batx1a@ins-larany.cat<\/a><\/span><\/li>\n\n\n \t\n\n<li><span style=\"font-size: medium;\">Tutor 1r Batxillerat B:\u00a0<a href=\"mailto:tutor.eso2b@ins-larany.cat\">tutor.batx1b@ins-larany.cat<\/a><\/span><\/li>\n\n\n<\/ul>\n\n\n\n\n<ul>\n \t\n\n<li><span style=\"font-size: medium;\">Tutor 2n Batxillerat A:\u00a0<a href=\"mailto:tutor.eso2c@ins-larany.cat\">tutor.batx2a@ins-larany.cat<\/a><\/span><\/li>\n\n\n \t\n\n<li><span style=\"font-size: medium;\">Tutor 2n Batxillerat B:\u00a0<a href=\"mailto:tutor.eso2d@ins-larany.cat\">tutor.batx2b@ins-larany.cat<\/a><\/span><\/li>\n\n\n<\/ul>\n\n\n\n\n<ul>\n \t\n\n<li><span style=\"font-size: medium;\">Coordinaci\u00f3 Batxillerat:\u00a0<a href=\"mailto:coor.batxillerat@ins-larany.cat\">coor.batxillerat@ins-larany.cat<\/a><\/span><\/li>\n\n\n<\/ul>\n\n\n<span style=\"font-size: medium;\"><strong>CICLES FORMATIUS<\/strong><\/span>\n\n\n<ul>\n \t\n\n<li><span style=\"font-size: medium;\">Tutor 1r Grau mitj\u00e0 SMX A:\u00a0<a href=\"mailto:tutor.eso2a@ins-larany.cat\">tutor.smx1a@ins-larany.cat<\/a><\/span><\/li>\n\n\n \t\n\n<li><span style=\"font-size: medium;\">Tutor 1r Grau mitj\u00e0 SMX B:\u00a0<a href=\"mailto:tutor.eso2a@ins-larany.cat\">tutor.smx1b@ins-larany.cat<\/a><\/span><\/li>\n\n\n \t\n\n<li><span style=\"font-size: medium;\">Tutor 1r Grau mitj\u00e0 SMX C:\u00a0<a href=\"mailto:tutor.eso2a@ins-larany.cat\">tutor.smx1c@ins-larany.cat<\/a><\/span><\/li>\n\n\n \t\n\n<li><span style=\"font-size: medium;\">Tutor 1r Grau mitj\u00e0 SMX D:\u00a0<a href=\"mailto:tutor.eso2a@ins-larany.cat\">tutor.smx1d@ins-larany.cat<\/a><\/span><\/li>\n\n\n \t\n\n<li><span style=\"font-size: medium;\">Tutor 1r Grau mitj\u00e0 SMX E:\u00a0<a href=\"mailto:tutor.eso2a@ins-larany.cat\">tutor.smx1e@ins-larany.cat<\/a><\/span><\/li>\n\n\n<\/ul>\n\n\n\n\n<ul>\n \t\n\n<li><span style=\"font-size: medium;\">Tutor 2n Grau mitj\u00e0 SMX A:\u00a0<a href=\"mailto:tutor.eso2a@ins-larany.cat\">tutor.smx2a@ins-larany.cat<\/a><\/span><\/li>\n\n\n \t\n\n<li><span style=\"font-size: medium;\">Tutor 2n Grau mitj\u00e0 SMX B:\u00a0<a href=\"mailto:tutor.eso2a@ins-larany.cat\">tutor.smx2b@ins-larany.cat<\/a><\/span><\/li>\n\n\n \t\n\n<li><span style=\"font-size: medium;\">Tutor 2n Grau mitj\u00e0 SMX C:\u00a0<a href=\"mailto:tutor.eso2a@ins-larany.cat\">tutor.smx2c@ins-larany.cat<\/a><\/span><\/li>\n\n\n<\/ul>\n\n\n\n\n<ul>\n \t\n\n<li><span style=\"font-size: medium;\">Coordinaci\u00f3 Grau mitj\u00e0:\u00a0<a href=\"mailto:coor.graumitja@ins-larany.cat\">coor.graumitja@ins-larany.cat<\/a><\/span><\/li>\n\n\n \t\n\n<li><span style=\"font-size: medium;\">Coordinaci\u00f3 Grau superior:\u00a0<a href=\"mailto:coor.grausuperior@ins-larany.cat\">coor.grausuperior@ins-larany.cat<\/a><\/span><\/li>\n\n\n<\/ul>\n\n\n<span style=\"font-size: medium;\"><strong>DEPARTAMENTS<\/strong><\/span>\n\n\n<ul>\n \t\n\n<li><span style=\"font-size: medium;\">Cap de departament Orientaci\u00f3:\u00a0<a href=\"mailto:cap.orientacio@ins-larany.cat\">cap.orientacio@ins-larany.cat<\/a><\/span><\/li>\n\n\n \t\n\n<li><span style=\"font-size: medium;\">Cap de departament Catal\u00e0:\u00a0<a href=\"mailto:cap.catala@ins-larany.cat\">cap.catala@ins-larany.cat<\/a><\/span><\/li>\n\n\n \t\n\n<li><span style=\"font-size: medium;\">Cap de departament Castella:\u00a0<a href=\"mailto:cap.castella@ins-larany.cat\">cap.castella@ins-larany.cat<\/a><\/span><\/li>\n\n\n \t\n\n<li><span style=\"font-size: medium;\">Cap de departament Lleng\u00fces estrangeres:\u00a0<a href=\"mailto:cap.idiomes@ins-larany.cat\">cap.idiomes@ins-larany.cat<\/a><\/span><\/li>\n\n\n \t\n\n<li><span style=\"font-size: medium;\">Cap de departament Matem\u00e0tiques:\u00a0<a href=\"mailto:cap.mates@ins-larany.cat\">cap.matematiques@ins-larany.cat<\/a><\/span><\/li>\n\n\n \t\n\n<li><span style=\"font-size: medium;\">Cap de departament Ci\u00e8ncies:\u00a0<a href=\"mailto:cap.ciencies@ins-larany.cat\">cap.ciencies@ins-larany.cat<\/a><\/span><\/li>\n\n\n \t\n\n<li><span style=\"font-size: medium;\">Cap de departament Socials:\u00a0<a href=\"mailto:cap.socials@ins-larany.cat\">cap.socials@ins-larany.cat<\/a><\/span><\/li>\n\n\n \t\n\n<li><span style=\"font-size: medium;\">Cap de departament Tecnologia:\u00a0<a href=\"mailto:cap.tecno@ins-larany.cat\">cap.tecnologia@ins-larany.cat<\/a><\/span><\/li>\n\n\n \t\n\n<li><span style=\"font-size: medium;\">Cap de departament Educaci\u00f3 F\u00edsica:\u00a0<a href=\"mailto:cap.educaciofisica@ins-larany.cat\">cap.educaciofisica@ins-larany.cat<\/a><\/span><\/li>\n\n\n \t\n\n<li><span style=\"font-size: medium;\">Cap de departament Educaci\u00f3 Visual i Pl\u00e0stica:\u00a0<a href=\"mailto:cap.plastica@ins-larany.cat\">cap.plastica@ins-larany.cat<\/a><\/span><\/li>\n\n\n \t\n\n<li><span style=\"font-size: medium;\">Cap de departament M\u00fasica:\u00a0<a href=\"mailto:cap.musica@ins-larany.cat\">cap.musica@ins-larany.cat<\/a><\/span><\/li>\n\n\n \t\n\n<li><span style=\"font-size: medium;\">Cap de departament Inform\u00e0tica:\u00a0<a href=\"mailto:cap.informatica@ins-larany.cat\">cap.informatica@ins-larany.cat<\/a><\/span><\/li>\n\n\n<\/ul>\n\n\n<span style=\"font-size: medium;\"><strong>ALTRES CONTACTES:<\/strong><\/span>\n\n\n<ul>\n \t\n\n<li><span style=\"font-size: medium;\">Coordinaci\u00f3 FP (FCT, Formaci\u00f3 en centres de Treball):\u00a0<a href=\"mailto:coor.fp@ins-larany.cat\">coor.fp@ins-larany.cat<\/a><\/span><\/li>\n\n\n \t\n\n<li><span style=\"font-size: medium;\">Coordinaci\u00f3 Llengua, interculturalitat i cohesi\u00f3 social del centre:\u00a0<a href=\"mailto:lic@ins-larany.cat\">lic@ins-larany.cat<\/a><\/span><\/li>\n\n\n \t\n\n<li><span style=\"font-size: medium;\">Riscos laborals:\u00a0<a href=\"mailto:riscos.laborals@ins-larany.cat\">riscos.laborals@ins-larany.cat<\/a><\/span><\/li>\n\n\n \t\n\n<li><span style=\"font-size: medium;\">Coordinaci\u00f3 inform\u00e0tica:\u00a0<a href=\"mailto:coor.informatica@ins-larany.cat\">coor.informatica@ins-larany.cat<\/a><\/span><\/li>\n\n\n \t\n\n<li><span style=\"font-size: medium;\">Webmaster, responsable taller:\u00a0<a href=\"mailto:webmaster@ins-larany.cat\">webmaster@ins-larany.cat<\/a><\/span><\/li>\n\n\n \t\n\n<li><span style=\"font-size: medium;\">Self-Access:\u00a0<a href=\"mailto:self.access@ins-larany.cat\">self.access@ins-larany.cat<\/a><\/span><\/li>\n\n\n<\/ul>\n\n\n--><\/p>\n","protected":false},"excerpt":{"rendered":"<p>ACC\u00c9S R\u00c0PID<\/p>\n<p><a style=\"background-color: rgb(8 126 182); font-size: 12pt; line-height: 22px; border-radius: 4px; cursor: pointer; text-align: center; color: white !important; padding: 5px 50px; margin: 10px; display: inline-block;\" href=\"https:\/\/www.google.com\/maps\/place\/Institut+Salvador+Espriu\/@41.9684914,2.7887046,17z\/data=!3m1!4b1!4m5!3m4!1s0x12bae74d92216363:0xd90e005594bdc5f!8m2!3d41.9684914!4d2.7887046?hl=ca&amp;coh=164777&amp;entry=tt&amp;shorturl=1\" target=\"_blank\" rel=\"noopener\">Localitzaci\u00f3<\/a><a style=\"background-color: rgb(255 90 38); font-size: 12pt; line-height: 22px; border-radius: 4px; cursor: pointer; text-align: center; color: white&hellip;  <a href=\"https:\/\/agora.xtec.cat\/iessalvadorespriu-salt\/local\/\" title=\"Read Contacte i localitzaci\u00f3\">Llegeix m\u00e9s\u00bb<\/a><\/p>\n","protected":false},"author":1,"featured_media":0,"parent":0,"menu_order":10,"comment_status":"closed","ping_status":"closed","template":"page-templates\/side-menu.php","meta":{"_bbp_topic_count":0,"_bbp_reply_count":0,"_bbp_total_topic_count":0,"_bbp_total_reply_count":0,"_bbp_voice_count":0,"_bbp_anonymous_reply_count":0,"_bbp_topic_count_hidden":0,"_bbp_reply_count_hidden":0,"_bbp_forum_subforum_count":0,"footnotes":""},"class_list":["post-21","page","type-page","status-publish","hentry"],"post_mailing_queue_ids":[],"_links":{"self":[{"href":"https:\/\/agora.xtec.cat\/iessalvadorespriu-salt\/wp-json\/wp\/v2\/pages\/21","targetHints":{"allow":["GET"]}}],"collection":[{"href":"https:\/\/agora.xtec.cat\/iessalvadorespriu-salt\/wp-json\/wp\/v2\/pages"}],"about":[{"href":"https:\/\/agora.xtec.cat\/iessalvadorespriu-salt\/wp-json\/wp\/v2\/types\/page"}],"author":[{"embeddable":true,"href":"https:\/\/agora.xtec.cat\/iessalvadorespriu-salt\/wp-json\/wp\/v2\/users\/1"}],"replies":[{"embeddable":true,"href":"https:\/\/agora.xtec.cat\/iessalvadorespriu-salt\/wp-json\/wp\/v2\/comments?post=21"}],"version-history":[{"count":9,"href":"https:\/\/agora.xtec.cat\/iessalvadorespriu-salt\/wp-json\/wp\/v2\/pages\/21\/revisions"}],"predecessor-version":[{"id":7225,"href":"https:\/\/agora.xtec.cat\/iessalvadorespriu-salt\/wp-json\/wp\/v2\/pages\/21\/revisions\/7225"}],"wp:attachment":[{"href":"https:\/\/agora.xtec.cat\/iessalvadorespriu-salt\/wp-json\/wp\/v2\/media?parent=21"}],"curies":[{"name":"wp","href":"https:\/\/api.w.org\/{rel}","templated":true}]}}