{"id":1656,"date":"2021-04-09T17:38:03","date_gmt":"2021-04-09T15:38:03","guid":{"rendered":"https:\/\/agora.xtec.cat\/iessalvadorespriu-salt\/?page_id=1656"},"modified":"2024-02-02T21:32:15","modified_gmt":"2024-02-02T20:32:15","slug":"activitats-extraescolars-2","status":"publish","type":"page","link":"https:\/\/agora.xtec.cat\/iessalvadorespriu-salt\/serveis\/activitats-extraescolars-2\/","title":{"rendered":"Activitats Extraescolars"},"content":{"rendered":"<p>Les activitats extraescolars d&#8217;aquest <strong>curs escolar 2023-24<\/strong> s\u00f3n des de <strong>refor\u00e7<\/strong> fins a <strong>activitats d&#8217;ampliaci\u00f3<\/strong>. Tamb\u00e9 es duen a terme el curs d&#8217;<strong>\u00e0rab<\/strong> i l&#8217;extraescolar d&#8217;<strong>escacs<\/strong>.<\/p>\n<p>Properament, comen\u00e7ar\u00e0 un curs de catal\u00e0 inicial per a les mares.<\/p>\n<p><a href=\"https:\/\/agora.xtec.cat\/iessalvadorespriu-salt\/categoria\/activitats-extraescolars\/escacs\/\" target=\"_blank\" rel=\"noopener\">Escacs Espriu<\/a><\/p>\n\r\n\t<div class=\"slideshow_container slideshow_container_style-light\" style=\"height: 300px; \" data-slideshow-id=\"2788\" data-style-name=\"style-light\" data-style-version=\"2.3.1\" >\r\n\r\n\t\t\t\t\t<div class=\"slideshow_loading_icon\"><\/div>\r\n\t\t\r\n\t\t<div class=\"slideshow_content\" style=\"display: none;\">\r\n\r\n\t\t\t<div class=\"slideshow_view\">\r\n\t<div class=\"slideshow_slide slideshow_slide_text\" style=\"background-color: #2dc1c4;\">\r\n\t\t\t\t<div class=\"slideshow_title\" style=\"color: #ffffff;\">\r\n\t\t\t\t\t\t\tDona ales a la curiositat ESO1\t\t\t\t\t<\/div>\r\n\t\t\r\n\t\t\t\t<div class=\"slideshow_description\" style=\"color: #ffffff;\">\r\n\t\t\t\t\t\t\tDilluns i dimecres de 16.30 a 18 h\t\t\t\t\t<\/div>\r\n\t\t\r\n\t\t<a  class=\"slideshow_background_anchor\"><\/a>\r\n\t<\/div>\r\n\r\n\t\t\t\t<div class=\"slideshow_slide slideshow_slide_image\">\r\n\t\t\t\t\t\t\t\t\t\t\t<img src=\"https:\/\/agora.xtec.cat\/iessalvadorespriu-salt\/wp-content\/uploads\/usu2103\/2023\/11\/volca_web-scaled.jpg\" alt=\"volc\u00e0_web\" width=\"2560\" height=\"1706\" \/>\r\n\t\t\t\t\t\t\t\t\t\t<div class=\"slideshow_description_box slideshow_transparent\">\r\n\t\t\t\t\t\t<div class=\"slideshow_title\">volc\u00e0_web<\/div>\t\t\t\t\t\t\t\t\t\t\t<\/div>\r\n\t\t\t\t<\/div>\r\n\r\n\t\t\t\t\t\t<div style=\"clear: both;\"><\/div><\/div><div class=\"slideshow_view\">\r\n\t<div class=\"slideshow_slide slideshow_slide_text\" style=\"background-color: #1e73be;\">\r\n\t\t\t\t<div class=\"slideshow_title\" style=\"color: #ffffff;\">\r\n\t\t\t\t\t\t\tEscacs\t\t\t\t\t<\/div>\r\n\t\t\r\n\t\t\t\t<div class=\"slideshow_description\" style=\"color: #ffffff;\">\r\n\t\t\t\t\t\t\tCada dijous a les 16 h\t\t\t\t\t<\/div>\r\n\t\t\r\n\t\t<a  class=\"slideshow_background_anchor\"><\/a>\r\n\t<\/div>\r\n\r\n\t\t\t\t<div class=\"slideshow_slide slideshow_slide_image\">\r\n\t\t\t\t\t\t\t\t\t\t\t<img src=\"https:\/\/agora.xtec.cat\/iessalvadorespriu-salt\/wp-content\/uploads\/usu2103\/2021\/10\/escacs_1_web.jpg\" alt=\"escacs_1_web\" width=\"1773\" height=\"1182\" \/>\r\n\t\t\t\t\t\t\t\t\t\t<div class=\"slideshow_description_box slideshow_transparent\">\r\n\t\t\t\t\t\t<div class=\"slideshow_title\">escacs_1_web<\/div>\t\t\t\t\t\t\t\t\t\t\t<\/div>\r\n\t\t\t\t<\/div>\r\n\r\n\t\t\t\t\t\t<div style=\"clear: both;\"><\/div><\/div><div class=\"slideshow_view\">\r\n\t<div class=\"slideshow_slide slideshow_slide_text\" style=\"background-color: #dda44d;\">\r\n\t\t\t\t<div class=\"slideshow_title\" style=\"color: #ffffff;\">\r\n\t\t\t\t\t\t\tRefor\u00e7 escolar ESO1\t\t\t\t\t<\/div>\r\n\t\t\r\n\t\t\t\t<div class=\"slideshow_description\" style=\"color: #ffffff;\">\r\n\t\t\t\t\t\t\tDilluns i dimecres de 16.30 a 18 h\t\t\t\t\t<\/div>\r\n\t\t\r\n\t\t<a  class=\"slideshow_background_anchor\"><\/a>\r\n\t<\/div>\r\n\r\n\t\t\t\t<div class=\"slideshow_slide slideshow_slide_image\">\r\n\t\t\t\t\t\t\t\t\t\t\t<img src=\"https:\/\/agora.xtec.cat\/iessalvadorespriu-salt\/wp-content\/uploads\/usu2103\/2022\/02\/english_web.jpg\" alt=\"english_web\" width=\"626\" height=\"418\" \/>\r\n\t\t\t\t\t\t\t\t\t\t<div class=\"slideshow_description_box slideshow_transparent\">\r\n\t\t\t\t\t\t\t\t\t\t\t\t\t\t\t\t\t<\/div>\r\n\t\t\t\t<\/div>\r\n\r\n\t\t\t\t\t\t<div style=\"clear: both;\"><\/div><\/div><div class=\"slideshow_view\">\r\n\t<div class=\"slideshow_slide slideshow_slide_text\" style=\"background-color: #91d660;\">\r\n\t\t\t\t<div class=\"slideshow_title\" style=\"color: #ffffff;\">\r\n\t\t\t\t\t\t\tRefor\u00e7 a alumnat Aula d&#039;Acollida\t\t\t\t\t<\/div>\r\n\t\t\r\n\t\t\t\t<div class=\"slideshow_description\" style=\"color: #ffffff;\">\r\n\t\t\t\t\t\t\tDimarts i dijous de 16.30 a 18 h\t\t\t\t\t<\/div>\r\n\t\t\r\n\t\t<a  class=\"slideshow_background_anchor\"><\/a>\r\n\t<\/div>\r\n\r\n\t\t\t\t<div class=\"slideshow_slide slideshow_slide_image\">\r\n\t\t\t\t\t\t\t\t\t\t\t<img src=\"https:\/\/agora.xtec.cat\/iessalvadorespriu-salt\/wp-content\/uploads\/usu2103\/2021\/03\/JPO-2-02.jpg\" alt=\"JPO-2-02\" width=\"3000\" height=\"2400\" \/>\r\n\t\t\t\t\t\t\t\t\t\t<div class=\"slideshow_description_box slideshow_transparent\">\r\n\t\t\t\t\t\t<div class=\"slideshow_title\">JPO-2-02<\/div>\t\t\t\t\t\t\t\t\t\t\t<\/div>\r\n\t\t\t\t<\/div>\r\n\r\n\t\t\t\t\t\t<div style=\"clear: both;\"><\/div><\/div><div class=\"slideshow_view\">\r\n\t<div class=\"slideshow_slide slideshow_slide_text\" style=\"background-color: #ad78e2;\">\r\n\t\t\t\t<div class=\"slideshow_title\" style=\"color: #ffffff;\">\r\n\t\t\t\t\t\t\tRefor\u00e7 escolar ESO2 i ESO4\t\t\t\t\t<\/div>\r\n\t\t\r\n\t\t\t\t<div class=\"slideshow_description\" style=\"color: #ffffff;\">\r\n\t\t\t\t\t\t\tDimarts i dijous de 16.30 a 18 h\t\t\t\t\t<\/div>\r\n\t\t\r\n\t\t<a  class=\"slideshow_background_anchor\"><\/a>\r\n\t<\/div>\r\n\r\n\t\t\t\t<div class=\"slideshow_slide slideshow_slide_image\">\r\n\t\t\t\t\t\t\t\t\t\t\t<img src=\"https:\/\/agora.xtec.cat\/iessalvadorespriu-salt\/wp-content\/uploads\/usu2103\/2022\/02\/reforc-scaled.jpg\" alt=\"Refor\u00e7 escolar ESO3\" width=\"2560\" height=\"1920\" \/>\r\n\t\t\t\t\t\t\t\t\t\t<div class=\"slideshow_description_box slideshow_transparent\">\r\n\t\t\t\t\t\t<div class=\"slideshow_title\">Refor\u00e7 escolar ESO3<\/div>\t\t\t\t\t\t<div class=\"slideshow_description\">Dilluns i dimecres de 16.30 a 18 h<\/div>\t\t\t\t\t<\/div>\r\n\t\t\t\t<\/div>\r\n\r\n\t\t\t\t\t\t<div style=\"clear: both;\"><\/div><\/div><div class=\"slideshow_view\">\r\n\t<div class=\"slideshow_slide slideshow_slide_text\" style=\"background-color: #dd5656;\">\r\n\t\t\t\t<div class=\"slideshow_title\" style=\"color: #ffffff;\">\r\n\t\t\t\t\t\t\t\u00c0rab\t\t\t\t\t<\/div>\r\n\t\t\r\n\t\t\t\t<div class=\"slideshow_description\" style=\"color: #ffffff;\">\r\n\t\t\t\t\t\t\tCada dimarts a les 16.30 h\t\t\t\t\t<\/div>\r\n\t\t\r\n\t\t<a  class=\"slideshow_background_anchor\"><\/a>\r\n\t<\/div>\r\n\r\n\t\t\t\t<div class=\"slideshow_slide slideshow_slide_image\">\r\n\t\t\t\t\t\t\t\t\t\t\t<img src=\"https:\/\/agora.xtec.cat\/iessalvadorespriu-salt\/wp-content\/uploads\/usu2103\/2022\/02\/arab_web.jpg\" alt=\"arab_web\" width=\"1686\" height=\"1243\" \/>\r\n\t\t\t\t\t\t\t\t\t\t<div class=\"slideshow_description_box slideshow_transparent\">\r\n\t\t\t\t\t\t<div class=\"slideshow_title\">arab_web<\/div>\t\t\t\t\t\t\t\t\t\t\t<\/div>\r\n\t\t\t\t<\/div>\r\n\r\n\t\t\t\t\t\t<div style=\"clear: both;\"><\/div><\/div>\r\n\t\t<\/div>\r\n\r\n\t\t<div class=\"slideshow_controlPanel slideshow_transparent\" style=\"display: none;\"><ul><li class=\"slideshow_togglePlay\" data-play-text=\"Visualitza\" data-pause-text=\"Pausa\"><\/li><\/ul><\/div>\r\n\r\n\t\t<div class=\"slideshow_button slideshow_previous slideshow_transparent\" role=\"button\" data-previous-text=\"Anterior\" style=\"display: none;\"><\/div>\r\n\t\t<div class=\"slideshow_button slideshow_next slideshow_transparent\" role=\"button\" data-next-text=\"Seg\u00fcent\" style=\"display: none;\"><\/div>\r\n\r\n\t\t<div class=\"slideshow_pagination\" style=\"display: none;\" data-go-to-text=\"V\u00e9s a la diapositiva\"><div class=\"slideshow_pagination_center\"><\/div><\/div>\r\n\r\n\t\t<!-- WordPress Slideshow Version 2.3.1 -->\r\n\r\n\t\t\t<\/div>\r\n\r\n\n","protected":false},"excerpt":{"rendered":"<p>Les activitats extraescolars d&#8217;aquest curs escolar 2023-24 s\u00f3n des de refor\u00e7 fins a activitats d&#8217;ampliaci\u00f3. Tamb\u00e9 es duen a terme el curs d&#8217;\u00e0rab i l&#8217;extraescolar d&#8217;escacs.<br \/>\nProperament, comen\u00e7ar\u00e0 un curs de catal\u00e0 inicial per a les mares.<br \/>\n<a href=\"https:\/\/agora.xtec.cat\/iessalvadorespriu-salt\/categoria\/activitats-extraescolars\/escacs\/\" target=\"_blank\" rel=\"noopener\">Escacs Espriu<\/a><\/p>\n<p>\t\t\t\t\t\t\tDona ales a la curiositat ESO1\t\t\t\t\t<\/p>\n<p>\t\t\t\t\t\t\tDilluns&hellip;  <a href=\"https:\/\/agora.xtec.cat\/iessalvadorespriu-salt\/serveis\/activitats-extraescolars-2\/\" title=\"Read Activitats Extraescolars\">Llegeix m\u00e9s\u00bb<\/a><\/p>\n","protected":false},"author":10,"featured_media":0,"parent":63,"menu_order":0,"comment_status":"closed","ping_status":"closed","template":"page-templates\/side-menu.php","meta":{"_bbp_topic_count":0,"_bbp_reply_count":0,"_bbp_total_topic_count":0,"_bbp_total_reply_count":0,"_bbp_voice_count":0,"_bbp_anonymous_reply_count":0,"_bbp_topic_count_hidden":0,"_bbp_reply_count_hidden":0,"_bbp_forum_subforum_count":0,"footnotes":""},"class_list":["post-1656","page","type-page","status-publish","hentry"],"post_mailing_queue_ids":[],"_links":{"self":[{"href":"https:\/\/agora.xtec.cat\/iessalvadorespriu-salt\/wp-json\/wp\/v2\/pages\/1656","targetHints":{"allow":["GET"]}}],"collection":[{"href":"https:\/\/agora.xtec.cat\/iessalvadorespriu-salt\/wp-json\/wp\/v2\/pages"}],"about":[{"href":"https:\/\/agora.xtec.cat\/iessalvadorespriu-salt\/wp-json\/wp\/v2\/types\/page"}],"author":[{"embeddable":true,"href":"https:\/\/agora.xtec.cat\/iessalvadorespriu-salt\/wp-json\/wp\/v2\/users\/10"}],"replies":[{"embeddable":true,"href":"https:\/\/agora.xtec.cat\/iessalvadorespriu-salt\/wp-json\/wp\/v2\/comments?post=1656"}],"version-history":[{"count":8,"href":"https:\/\/agora.xtec.cat\/iessalvadorespriu-salt\/wp-json\/wp\/v2\/pages\/1656\/revisions"}],"predecessor-version":[{"id":5088,"href":"https:\/\/agora.xtec.cat\/iessalvadorespriu-salt\/wp-json\/wp\/v2\/pages\/1656\/revisions\/5088"}],"up":[{"embeddable":true,"href":"https:\/\/agora.xtec.cat\/iessalvadorespriu-salt\/wp-json\/wp\/v2\/pages\/63"}],"wp:attachment":[{"href":"https:\/\/agora.xtec.cat\/iessalvadorespriu-salt\/wp-json\/wp\/v2\/media?parent=1656"}],"curies":[{"name":"wp","href":"https:\/\/api.w.org\/{rel}","templated":true}]}}