{"id":1085,"date":"2021-02-05T17:30:02","date_gmt":"2021-02-05T16:30:02","guid":{"rendered":"https:\/\/agora.xtec.cat\/iessalvadorespriu-salt\/?page_id=1085"},"modified":"2025-06-15T10:44:54","modified_gmt":"2025-06-15T08:44:54","slug":"professional","status":"publish","type":"page","link":"https:\/\/agora.xtec.cat\/iessalvadorespriu-salt\/estudis\/professional\/","title":{"rendered":"Formaci\u00f3 Professional"},"content":{"rendered":"<div class=\"entry-content\">\n<p><a href=\"https:\/\/agora.xtec.cat\/iessalvadorespriu-salt\/wp-content\/uploads\/usu2103\/2021\/03\/CAFEMN1.jpg\"><img loading=\"lazy\" decoding=\"async\" class=\"alignright wp-image-1609\" src=\"https:\/\/agora.xtec.cat\/iessalvadorespriu-salt\/wp-content\/uploads\/usu2103\/2021\/03\/CAFEMN1-1024x576.jpg\" alt=\"\" width=\"403\" height=\"227\" srcset=\"https:\/\/agora.xtec.cat\/iessalvadorespriu-salt\/wp-content\/uploads\/usu2103\/2021\/03\/CAFEMN1-1024x576.jpg 1024w, https:\/\/agora.xtec.cat\/iessalvadorespriu-salt\/wp-content\/uploads\/usu2103\/2021\/03\/CAFEMN1-300x169.jpg 300w, https:\/\/agora.xtec.cat\/iessalvadorespriu-salt\/wp-content\/uploads\/usu2103\/2021\/03\/CAFEMN1-768x432.jpg 768w, https:\/\/agora.xtec.cat\/iessalvadorespriu-salt\/wp-content\/uploads\/usu2103\/2021\/03\/CAFEMN1.jpg 1920w\" sizes=\"auto, (max-width: 403px) 100vw, 403px\" \/><\/a>Es pot trobar la informaci\u00f3 institucional sobre <a href=\"http:\/\/xtec.gencat.cat\/ca\/curriculum\/professionals\/fp\/\" target=\"_blank\" rel=\"noopener noreferrer\">la Formaci\u00f3 Professional en aquest enlla\u00e7<\/a>.<\/p>\n<p>A l&#8217;Institut sabem que la formaci\u00f3 professional \u00e9s <strong>una opci\u00f3 cada cop m\u00e9s valorada<\/strong>, que suposa una continuaci\u00f3 formativa respecte del Graduat escolar i tamb\u00e9 una via consolidada d&#8217;especialitzaci\u00f3 per a <strong>accedir de manera immediata i competent en m\u00f3n del trebal<\/strong>l.<\/p>\n<p>Existeixen moltes opcions i fam\u00edlies professionals, i rebre&#8217;n una correcta orientaci\u00f3 i encert esdev\u00e9 un objectiu vital. Al lateral esquerre podeu accedir a les diferents propostes que ofereix l&#8217;Espriu. Els <strong>curr\u00edculums<\/strong> s\u00f3n:<\/p>\n<\/div>\n<div class=\"entry-content\">\n<ul>\n<li style=\"list-style-type: none;\">\n<ul>\n<li>CFGM <strong>Jardineria i floristeria<\/strong> (CFPM AR50)\n<ul>\n<li><a href=\"https:\/\/drive.google.com\/file\/d\/1-VP2ZD89DWon09e4tQxdJJ1vbBQ47Z5j\/view?usp=drive_link\" target=\"_blank\" rel=\"noopener\">Curr\u00edculum actual<\/a> (JAR1)<\/li>\n<li><a href=\"https:\/\/drive.google.com\/file\/d\/1gbP8q9-YPGs13k98lEeZKfpPBaCp_P_H\/view?usp=drive_link\" target=\"_blank\" rel=\"noopener\">Curr\u00edculum anterior<\/a><\/li>\n<li><a href=\"https:\/\/drive.google.com\/file\/d\/1TimsMly9nJTxZ10nepYS8vfP5VWDqj4Y\/view?usp=sharing\" target=\"_blank\" rel=\"noopener\">D\u00edptic informatiu<\/a><\/li>\n<li><a href=\"https:\/\/www.youtube.com\/watch?v=j8OR1bIT_bM&amp;list=PLCHpx5B-N94-kj-BFdlJA8kP5rgb0nVvG&amp;index=4\" target=\"_blank\" rel=\"noopener noreferrer\">Audiovisual gen\u00e8ric<\/a><\/li>\n<li><a href=\"https:\/\/www.youtube.com\/watch?v=pbYYUHcGz94&amp;list=PLCHpx5B-N94-kj-BFdlJA8kP5rgb0nVvG&amp;index=5\" target=\"_blank\" rel=\"noopener noreferrer\">Audiovisual FP Dual<\/a><\/li>\n<\/ul>\n<\/li>\n<li>CFGM <strong>Guia en el Medi Natural i de Temps de Lleure<\/strong> (CFPM AE10).\n<ul>\n<li><a href=\"https:\/\/drive.google.com\/file\/d\/1-VZ1S-U67pLtEStqA_vmvIuRtFWD9126\/view?usp=drive_link\" target=\"_blank\" rel=\"noopener\">Curr\u00edculum actual<\/a> (GUIAMN1)<\/li>\n<li><a href=\"https:\/\/drive.google.com\/file\/d\/1MeZYUKe0oHRZOcmRikwe2Bx80kfDMYQl\/view?usp=drive_link\" target=\"_blank\" rel=\"noopener\">Curr\u00edculum anterior<\/a><\/li>\n<li><a href=\"https:\/\/vimeo.com\/935039291?share=copy\" target=\"_blank\" rel=\"noopener\">Audiovisual<\/a><\/li>\n<\/ul>\n<\/li>\n<li>CFGM <strong>Sistemes microinform\u00e0tics i xarxes<\/strong> (CFPM IC10)\n<ul>\n<li><a href=\"https:\/\/drive.google.com\/file\/d\/1-XhSwNh5uXhi46BbWRyu3fcQF5xLaR73\/view?usp=drive_link\" target=\"_blank\" rel=\"noopener\">Curr\u00edculum actual<\/a> (SMX1)<\/li>\n<li><a href=\"https:\/\/drive.google.com\/file\/d\/1rAvozn2DQcc4pyrOcwPeaf2Pu6bEmkIi\/view?usp=drive_link\" target=\"_blank\" rel=\"noopener\">Curr\u00edculum anterior<\/a><\/li>\n<li><a href=\"https:\/\/www.youtube.com\/watch?v=a-N2OoC8KAQ&amp;list=PLCHpx5B-N94-kj-BFdlJA8kP5rgb0nVvG&amp;index=2\" target=\"_blank\" rel=\"noopener noreferrer\">Audiovisual<\/a><\/li>\n<\/ul>\n<\/li>\n<li><strong>PTT-PFI<\/strong> (Programa de Formaci\u00f3 i Inserci\u00f3 &#8211; Programa de Transici\u00f3 al Treball)\n<ul>\n<li><a href=\"https:\/\/www.gencat.cat\/ensenyament\/eac\/pdf\/PFI_____EE01_CA.pdf\" target=\"_blank\" rel=\"noopener\">Auxiliar de muntatges d&#8217;instal\u00b7lacions electrot\u00e8cniques en edificis<\/a><span title=\"PFI EE01-Auxiliar de muntatges d'instal\u00b7lacions electrot\u00e8cniques en edificis\"> (PFI EE01) &#8211; <a href=\"https:\/\/drive.google.com\/file\/d\/1vRQD1bG6lpC3mxk0Xc7lI7gBMien8zLp\/view?usp=drive_link\">M\u00f2duls generals<\/a><\/span><\/li>\n<li><span title=\"PFI AE01-Auxiliar d'activitats esportives\"><a href=\"https:\/\/www.google.com\/url?sa=t&amp;source=web&amp;rct=j&amp;opi=89978449&amp;url=https:\/\/xtec.gencat.cat\/web\/.content\/curriculum\/professionals\/pfi\/Fitxa-resum-Auxiliar-dactivitats-esportives.pdf&amp;ved=2ahUKEwixsbWPs_CNAxWQVKQEHWymMdUQFnoECBwQAQ&amp;usg=AOvVaw1LOx5oJkVcvmbdzwHFpj-3\">Auxiliar d&#8217;activitats esportives<\/a> (PFI AE01)<span title=\"PFI EE01-Auxiliar de muntatges d'instal\u00b7lacions electrot\u00e8cniques en edificis\"> &#8211; <a href=\"https:\/\/drive.google.com\/file\/d\/1vRQD1bG6lpC3mxk0Xc7lI7gBMien8zLp\/view?usp=drive_link\">M\u00f2duls generals<\/a><\/span><\/span><\/li>\n<\/ul>\n<\/li>\n<li><strong>Pr\u00e0ctiques en el centre<\/strong> (per a estudiants universitaris o de CFGS)\n<ul>\n<li><a href=\"http:\/\/educacio.gencat.cat\/ca\/arees-actuacio\/professors\/formacio\/practiques-centres\/\" target=\"_blank\" rel=\"noopener noreferrer\">Informaci\u00f3 del Departament d&#8217;Educaci\u00f3 sobre el Pr\u00e0cticum<\/a><\/li>\n<\/ul>\n<\/li>\n<\/ul>\n<\/li>\n<\/ul>\n<p><strong>Refer\u00e8ncies <\/strong><\/p>\n<ul>\n<li style=\"list-style-type: none;\">\n<ul>\n<li>Amb relaci\u00f3 <strong>al contingut i criteris d&#8217;avaluaci\u00f3 <\/strong>de totes les assignatures o m\u00f2duls formatius, <a href=\"https:\/\/docs.google.com\/spreadsheets\/d\/e\/2PACX-1vTbxxORUUm-oP4aKXqW-bQYra3FGz6nKEASzUU7da7C_d5qFNe_ptF9_jlQUGtovgD1N46vcaK3SleF\/pubhtml\" target=\"_blank\" rel=\"noopener noreferrer\">podeu consultar aquest quadre.<\/a><em><br \/>\n<\/em><\/li>\n<li>Aquests documents <strong>poden quedar obsolets un cop impresos<\/strong>. Cal fer atenci\u00f3 a la versi\u00f3 i data de publicaci\u00f3, a fi que sigui la m\u00e9s recent<\/li>\n<li>Per a m\u00e9s informaci\u00f3, consulteu tamb\u00e9 al web <strong>&#8220;Estudiar a Catalunya&#8221;<\/strong>. Cliqueu <a href=\"http:\/\/queestudiar.gencat.cat\/ca\/estudis\/fp\/\" target=\"_blank\" rel=\"noopener noreferrer\">aqu\u00ed per <strong>FP (Formaci\u00f3 Professional<\/strong>)<\/a> o b\u00e9 <a href=\"http:\/\/queestudiar.gencat.cat\/ca\/estudis\/pfi\/\" target=\"_blank\" rel=\"noopener noreferrer\">aqu\u00ed per als <strong>PFI (Programes de Formaci\u00f3 i Inserci\u00f3).<\/strong><\/a><\/li>\n<\/ul>\n<\/li>\n<\/ul>\n<\/div>\n","protected":false},"excerpt":{"rendered":"<p><a href=\"https:\/\/agora.xtec.cat\/iessalvadorespriu-salt\/wp-content\/uploads\/usu2103\/2021\/03\/CAFEMN1.jpg\"><\/a>Es pot trobar la informaci\u00f3 institucional sobre <a href=\"http:\/\/xtec.gencat.cat\/ca\/curriculum\/professionals\/fp\/\" target=\"_blank\" rel=\"noopener noreferrer\">la Formaci\u00f3 Professional en aquest enlla\u00e7<\/a>.<br \/>\nA l&#8217;Institut sabem que la formaci\u00f3 professional \u00e9s una opci\u00f3 cada cop m\u00e9s valorada, que suposa una continuaci\u00f3 formativa respecte del Graduat escolar i tamb\u00e9 una via consolidada&hellip;  <a href=\"https:\/\/agora.xtec.cat\/iessalvadorespriu-salt\/estudis\/professional\/\" title=\"Read Formaci\u00f3 Professional\">Llegeix m\u00e9s\u00bb<\/a><\/p>\n","protected":false},"author":10,"featured_media":0,"parent":195,"menu_order":30,"comment_status":"closed","ping_status":"closed","template":"page-templates\/side-menu.php","meta":{"_bbp_topic_count":0,"_bbp_reply_count":0,"_bbp_total_topic_count":0,"_bbp_total_reply_count":0,"_bbp_voice_count":0,"_bbp_anonymous_reply_count":0,"_bbp_topic_count_hidden":0,"_bbp_reply_count_hidden":0,"_bbp_forum_subforum_count":0,"footnotes":""},"class_list":["post-1085","page","type-page","status-publish","hentry"],"post_mailing_queue_ids":[],"_links":{"self":[{"href":"https:\/\/agora.xtec.cat\/iessalvadorespriu-salt\/wp-json\/wp\/v2\/pages\/1085","targetHints":{"allow":["GET"]}}],"collection":[{"href":"https:\/\/agora.xtec.cat\/iessalvadorespriu-salt\/wp-json\/wp\/v2\/pages"}],"about":[{"href":"https:\/\/agora.xtec.cat\/iessalvadorespriu-salt\/wp-json\/wp\/v2\/types\/page"}],"author":[{"embeddable":true,"href":"https:\/\/agora.xtec.cat\/iessalvadorespriu-salt\/wp-json\/wp\/v2\/users\/10"}],"replies":[{"embeddable":true,"href":"https:\/\/agora.xtec.cat\/iessalvadorespriu-salt\/wp-json\/wp\/v2\/comments?post=1085"}],"version-history":[{"count":7,"href":"https:\/\/agora.xtec.cat\/iessalvadorespriu-salt\/wp-json\/wp\/v2\/pages\/1085\/revisions"}],"predecessor-version":[{"id":6648,"href":"https:\/\/agora.xtec.cat\/iessalvadorespriu-salt\/wp-json\/wp\/v2\/pages\/1085\/revisions\/6648"}],"up":[{"embeddable":true,"href":"https:\/\/agora.xtec.cat\/iessalvadorespriu-salt\/wp-json\/wp\/v2\/pages\/195"}],"wp:attachment":[{"href":"https:\/\/agora.xtec.cat\/iessalvadorespriu-salt\/wp-json\/wp\/v2\/media?parent=1085"}],"curies":[{"name":"wp","href":"https:\/\/api.w.org\/{rel}","templated":true}]}}