{"id":1083,"date":"2021-02-05T17:29:39","date_gmt":"2021-02-05T16:29:39","guid":{"rendered":"https:\/\/agora.xtec.cat\/iessalvadorespriu-salt\/?page_id=1083"},"modified":"2026-03-09T18:37:07","modified_gmt":"2026-03-09T17:37:07","slug":"bat","status":"publish","type":"page","link":"https:\/\/agora.xtec.cat\/iessalvadorespriu-salt\/estudis\/bat\/","title":{"rendered":"Batxillerat"},"content":{"rendered":"<div class=\"entry-content\">\n<p><a href=\"https:\/\/agora.xtec.cat\/iessalvadorespriu-salt\/wp-content\/uploads\/usu2103\/2023\/03\/Image-006.jpg\"><img loading=\"lazy\" decoding=\"async\" class=\"alignright wp-image-4112 \" src=\"https:\/\/agora.xtec.cat\/iessalvadorespriu-salt\/wp-content\/uploads\/usu2103\/2023\/03\/Image-006-1024x640.jpg\" alt=\"\" width=\"482\" height=\"301\" srcset=\"https:\/\/agora.xtec.cat\/iessalvadorespriu-salt\/wp-content\/uploads\/usu2103\/2023\/03\/Image-006-1024x640.jpg 1024w, https:\/\/agora.xtec.cat\/iessalvadorespriu-salt\/wp-content\/uploads\/usu2103\/2023\/03\/Image-006-300x188.jpg 300w, https:\/\/agora.xtec.cat\/iessalvadorespriu-salt\/wp-content\/uploads\/usu2103\/2023\/03\/Image-006-768x480.jpg 768w, https:\/\/agora.xtec.cat\/iessalvadorespriu-salt\/wp-content\/uploads\/usu2103\/2023\/03\/Image-006.jpg 1401w\" sizes=\"auto, (max-width: 482px) 100vw, 482px\" \/><\/a>Es pot trobar la <strong>informaci\u00f3 institucional<\/strong> sobre <a href=\"http:\/\/xtec.gencat.cat\/ca\/curriculum\/batxillerat\/\" target=\"_blank\" rel=\"noopener noreferrer\">el Batxillerat aqu\u00ed<\/a>.<\/p>\n<p>Som conscients que una via freq\u00fcent d&#8217;acc\u00e9s als estudis universitaris \u00e9s <strong>un bon Batxillerat<\/strong>. A l&#8217;Espriu s&#8217;ofereix des de 1976 aquesta possibilitat, i actualment es compta amb les modalitats d&#8217;Humanitats i Ci\u00e8ncies Socials i de Ci\u00e8ncies i Tecnologia. Els bons resultats consolidats en les Proves d&#8217;Acc\u00e9s a la Universitat (PAU) ens avalen des de fa decennis. L&#8217;Espriu ha esdevingut, per Salt i per a tothom qui ve a fer aquest viatge amb nosaltres, una garantia segura.<\/p>\n<ul>\n<li style=\"list-style-type: none;\">\n<ul>\n<li><a href=\"https:\/\/drive.google.com\/file\/d\/1fkSx9bkHHo_jB3AKRqQAUFsAag-AY360\/view?usp=share_link\" target=\"_blank\" rel=\"noopener noreferrer\"><strong>Curr\u00edculum<\/strong> del Batxillerat<\/a> a l&#8217;Espriu<\/li>\n<li><strong>Optatives<\/strong>\n<ul>\n<li><a href=\"https:\/\/drive.google.com\/file\/d\/1fcA9oYrPXJbktSQ0BxF1JL76VxRih9-t\/view?usp=drive_link\" target=\"_blank\" rel=\"noopener\">Optatives. 1r de Batxillerat<\/a>\u00a0(curs 2026-27)<\/li>\n<li><a href=\"https:\/\/drive.google.com\/file\/d\/1apVd5z0dJP49SDVDX8UGeyvFXSxvbzm3\/view?usp=drive_link\" target=\"_blank\" rel=\"noopener\">Optatives. 2n de Batxillerat<\/a><\/li>\n<\/ul>\n<\/li>\n<li>Treball de Recerca (2023-25): <a href=\"https:\/\/drive.google.com\/file\/d\/1EVeVs5D6ZjcoPQfglHOtNdmKl0vxjWPU\/view\" target=\"_blank\" rel=\"noopener noreferrer\">guia de l&#8217;alumnat<\/a><\/li>\n<li>Institut Obert de Catalunya (IOC) a l&#8217;Espriu: <a href=\"https:\/\/drive.google.com\/file\/d\/18-T6OJSh1ZG8q11JaTYbbCLX669slceb\/view?usp=share_link\" target=\"_blank\" rel=\"noopener\">informaci\u00f3 actualitzada<\/a> &#8211; <a href=\"https:\/\/ioc.xtec.cat\/educacio\/\" target=\"_blank\" rel=\"noopener noreferrer\">Informaci\u00f3 general IOC<\/a><\/li>\n<li><a href=\"https:\/\/drive.google.com\/file\/d\/1xvBYcrCe2V5vBhDj2xU7c-BDB1EsHVhl\/view?usp=drive_link\" target=\"_blank\" rel=\"noopener\">Guia per preparar-se per BAT1<\/a> (suggeriments per l&#8217;estiu previ)<\/li>\n<\/ul>\n<\/li>\n<\/ul>\n<p><strong>Altres informacions<\/strong> \u00fatils:<\/p>\n<ul>\n<li style=\"list-style-type: none;\">\n<ul>\n<li><a href=\"https:\/\/universitats.gencat.cat\/ca\/preinscripcions\/sobre-preinscripcio\/ponderacions\/\" target=\"_blank\" rel=\"noopener\">Ponderaci\u00f3 mat\u00e8ries de les PAU<\/a> per acc\u00e9s a la Universitat<\/li>\n<li>\n<div><a href=\"http:\/\/universitats.gencat.cat\/ca\/inici\" target=\"_blank\" rel=\"noopener noreferrer\" data-saferedirecturl=\"https:\/\/www.google.com\/url?q=http:\/\/universitats.gencat.cat\/ca\/inici&amp;source=gmail&amp;ust=1612805937969000&amp;usg=AFQjCNEPlFKdRhWhMpO4-ODv0uI7ghBVVw\">Canal universitats<\/a>: tota l&#8217;oferta formativa i informacions PAU<\/div>\n<\/li>\n<li>\n<div><a href=\"http:\/\/xtec.gencat.cat\/ca\/curriculum\/batxillerat\/treballrecerca\/premis\/\" target=\"_blank\" rel=\"noopener noreferrer\" data-saferedirecturl=\"https:\/\/www.google.com\/url?q=http:\/\/xtec.gencat.cat\/ca\/curriculum\/batxillerat\/treballrecerca\/premis\/&amp;source=gmail&amp;ust=1612805937969000&amp;usg=AFQjCNGURR_jgZINmqONOTjMByhFbDKjUg\">Premis als Treballs de Recerca<\/a><\/div>\n<\/li>\n<li>\n<div><a href=\"https:\/\/xtec.gencat.cat\/ca\/curriculum\/batxillerat\/premiextra\/\" target=\"_blank\" rel=\"noopener\">Premis extraordinaris de Batxillerat<\/a><\/div>\n<\/li>\n<\/ul>\n<\/li>\n<\/ul>\n<p>Amb relaci\u00f3 <strong>al contingut i criteris d&#8217;avaluaci\u00f3<\/strong>, <a href=\"https:\/\/docs.google.com\/spreadsheets\/d\/e\/2PACX-1vTbxxORUUm-oP4aKXqW-bQYra3FGz6nKEASzUU7da7C_d5qFNe_ptF9_jlQUGtovgD1N46vcaK3SleF\/pubhtml\" target=\"_blank\" rel=\"noopener noreferrer\">podeu <strong>consultar aquest quadre<\/strong><\/a><em><br \/>\n<\/em><\/p>\n<p><strong>Informaci\u00f3 sobre la <\/strong>Selectivitat: <a href=\"https:\/\/universitats.gencat.cat\/ca\/pau\/index.html\" target=\"_blank\" rel=\"noopener\">consulteu la web de les PAU<\/a>.<\/p>\n<\/div>\n<div class=\"entry-content\">\n<p>Per a m\u00e9s informaci\u00f3, podeu tamb\u00e9 consultar la web &#8220;Estudiar a Catalunya&#8221;. Cliqueu\u00a0 <a href=\"http:\/\/queestudiar.gencat.cat\/ca\/estudis\/secundaria\/\" target=\"_blank\" rel=\"noopener noreferrer\">aqu\u00ed<\/a>.<\/p>\n<hr \/>\n<p><span style=\"color: #0000ff;\"><strong>Refer\u00e8ncia<\/strong>: V01-26 (9\/3\/26). CCOM. Aquesta p\u00e0gina pot quedar obsoleta un cop impresa<\/span><\/p>\n<\/div>\n","protected":false},"excerpt":{"rendered":"<p><a href=\"https:\/\/agora.xtec.cat\/iessalvadorespriu-salt\/wp-content\/uploads\/usu2103\/2023\/03\/Image-006.jpg\"><\/a>Es pot trobar la informaci\u00f3 institucional sobre <a href=\"http:\/\/xtec.gencat.cat\/ca\/curriculum\/batxillerat\/\" target=\"_blank\" rel=\"noopener noreferrer\">el Batxillerat aqu\u00ed<\/a>.<br \/>\nSom conscients que una via freq\u00fcent d&#8217;acc\u00e9s als estudis universitaris \u00e9s un bon Batxillerat. A l&#8217;Espriu s&#8217;ofereix des de 1976 aquesta possibilitat, i actualment es compta amb les modalitats d&#8217;Humanitats i&hellip;  <a href=\"https:\/\/agora.xtec.cat\/iessalvadorespriu-salt\/estudis\/bat\/\" title=\"Read Batxillerat\">Llegeix m\u00e9s\u00bb<\/a><\/p>\n","protected":false},"author":10,"featured_media":0,"parent":195,"menu_order":20,"comment_status":"closed","ping_status":"closed","template":"page-templates\/side-menu.php","meta":{"_bbp_topic_count":0,"_bbp_reply_count":0,"_bbp_total_topic_count":0,"_bbp_total_reply_count":0,"_bbp_voice_count":0,"_bbp_anonymous_reply_count":0,"_bbp_topic_count_hidden":0,"_bbp_reply_count_hidden":0,"_bbp_forum_subforum_count":0,"footnotes":""},"class_list":["post-1083","page","type-page","status-publish","hentry"],"post_mailing_queue_ids":[],"_links":{"self":[{"href":"https:\/\/agora.xtec.cat\/iessalvadorespriu-salt\/wp-json\/wp\/v2\/pages\/1083","targetHints":{"allow":["GET"]}}],"collection":[{"href":"https:\/\/agora.xtec.cat\/iessalvadorespriu-salt\/wp-json\/wp\/v2\/pages"}],"about":[{"href":"https:\/\/agora.xtec.cat\/iessalvadorespriu-salt\/wp-json\/wp\/v2\/types\/page"}],"author":[{"embeddable":true,"href":"https:\/\/agora.xtec.cat\/iessalvadorespriu-salt\/wp-json\/wp\/v2\/users\/10"}],"replies":[{"embeddable":true,"href":"https:\/\/agora.xtec.cat\/iessalvadorespriu-salt\/wp-json\/wp\/v2\/comments?post=1083"}],"version-history":[{"count":7,"href":"https:\/\/agora.xtec.cat\/iessalvadorespriu-salt\/wp-json\/wp\/v2\/pages\/1083\/revisions"}],"predecessor-version":[{"id":7395,"href":"https:\/\/agora.xtec.cat\/iessalvadorespriu-salt\/wp-json\/wp\/v2\/pages\/1083\/revisions\/7395"}],"up":[{"embeddable":true,"href":"https:\/\/agora.xtec.cat\/iessalvadorespriu-salt\/wp-json\/wp\/v2\/pages\/195"}],"wp:attachment":[{"href":"https:\/\/agora.xtec.cat\/iessalvadorespriu-salt\/wp-json\/wp\/v2\/media?parent=1083"}],"curies":[{"name":"wp","href":"https:\/\/api.w.org\/{rel}","templated":true}]}}