{"id":1081,"date":"2021-02-05T17:29:27","date_gmt":"2021-02-05T16:29:27","guid":{"rendered":"https:\/\/agora.xtec.cat\/iessalvadorespriu-salt\/?page_id=1081"},"modified":"2025-05-20T17:57:00","modified_gmt":"2025-05-20T15:57:00","slug":"eso","status":"publish","type":"page","link":"https:\/\/agora.xtec.cat\/iessalvadorespriu-salt\/estudis\/eso\/","title":{"rendered":"ESO (Educaci\u00f3 Secund\u00e0ria Obligat\u00f2ria)"},"content":{"rendered":"<div class=\"entry-content\">\n<p><a href=\"https:\/\/agora.xtec.cat\/iessalvadorespriu-salt\/wp-content\/uploads\/usu2103\/2023\/03\/Image-008.jpg\"><img loading=\"lazy\" decoding=\"async\" class=\"alignright wp-image-4117 \" src=\"https:\/\/agora.xtec.cat\/iessalvadorespriu-salt\/wp-content\/uploads\/usu2103\/2023\/03\/Image-008-686x1024.jpg\" alt=\"\" width=\"338\" height=\"504\" srcset=\"https:\/\/agora.xtec.cat\/iessalvadorespriu-salt\/wp-content\/uploads\/usu2103\/2023\/03\/Image-008-686x1024.jpg 686w, https:\/\/agora.xtec.cat\/iessalvadorespriu-salt\/wp-content\/uploads\/usu2103\/2023\/03\/Image-008-201x300.jpg 201w, https:\/\/agora.xtec.cat\/iessalvadorespriu-salt\/wp-content\/uploads\/usu2103\/2023\/03\/Image-008.jpg 722w\" sizes=\"auto, (max-width: 338px) 100vw, 338px\" \/><\/a>Podeu trobar la informaci\u00f3 institucional sobre l&#8217;<a href=\"http:\/\/xtec.gencat.cat\/ca\/curriculum\/eso\/\" target=\"_blank\" rel=\"noopener noreferrer\">ESO (Educaci\u00f3 Secund\u00e0ria Obligat\u00f2ria) aqu\u00ed<\/a>.<br \/>\nEl <a href=\"http:\/\/xtec.gencat.cat\/ca\/curriculum\/eso\/curriculum\/\" target=\"_blank\" rel=\"noopener noreferrer\">Curr\u00edculum oficial es pot consultar aqu\u00ed<\/a>.<\/p>\n<p>A l&#8217;Institut sabem que <strong>\u00e9s una etapa clau de les nostres vides,<\/strong> que va dels 12 al 16 anys i que permet accedir a estudis superiors (acad\u00e8mics o professionals), i orientar adequadament i amb llibertat la pr\u00f2pia vida. <strong>Obtenir el Graduar Escolar<\/strong> no \u00e9s un punt terminal sin\u00f3 part del cam\u00ed. A m\u00e9s, passi el que passi, a l&#8217;Espriu ning\u00fa queda &#8220;enrere&#8221;, abandonat. Ens hem fixat com a objectius l&#8217;excel\u00b7l\u00e8ncia, la inclusi\u00f3 i l&#8217;atenci\u00f3 personalitzada.<\/p>\n<ul>\n<li style=\"list-style-type: none;\">\n<ul>\n<li><a href=\"https:\/\/drive.google.com\/file\/d\/1d4FqKgoNt6q2_c893x3FWr08z6nP9CWe\/view?usp=sharing\" target=\"_blank\" rel=\"noopener noreferrer\">Curr\u00edculum de l&#8217;ESO a l&#8217;Espriu<\/a><\/li>\n<li>Optatives a l&#8217;Espriu. Descripci\u00f3 breu\n<ul>\n<li><a href=\"https:\/\/drive.google.com\/file\/d\/1TobTsk_CAHRyeMOC3nZ3LzN6br3qO5JV\/view?usp=sharing\" target=\"_blank\" rel=\"noopener\">1r d&#8217;ESO<\/a><\/li>\n<li><a href=\"https:\/\/drive.google.com\/file\/d\/1U7jJwJoFZj7wzsINnvFN9WBimyZOmY1i\/view?usp=sharing\" target=\"_blank\" rel=\"noopener\">2n d&#8217;ESO<\/a><\/li>\n<li><a href=\"https:\/\/drive.google.com\/file\/d\/1U8ohEmehHOXYAWWL-SlDr6kyP41JinJl\/view?usp=sharing\" target=\"_blank\" rel=\"noopener\">3r d&#8217;ESO<\/a><\/li>\n<li><a href=\"https:\/\/drive.google.com\/file\/d\/1qwviHs3rkPo0K79WVpHGWx_9sxUwEav-\/view?usp=sharing\" target=\"_blank\" rel=\"noopener noreferrer\">4t d&#8217;ESO<\/a>\u00a0(actualitzat 2025-26)<\/li>\n<\/ul>\n<\/li>\n<li>Activitats extraescolars. Llista breu orientativa\n<ul>\n<li>&#8220;Speak up!&#8221; Mentoria social i cultural en angl\u00e8s &#8211; Ampliaci\u00f3 ling\u00fc\u00edstica (Maxwell Academy)<\/li>\n<li>Refor\u00e7 escolar 3r i 4t d&#8217;ESO (L&#8217;Atzavara)<\/li>\n<li>&#8220;Aprenc a organitzar-me&#8221;, suport emocional i d&#8217;actituds per 1r i 2n d&#8217;ESO (L&#8217;Atzavara)<\/li>\n<li>Classes d&#8217;\u00e0rab (LACM)<\/li>\n<li>Biblioteca escolar (Tot Oci)<\/li>\n<\/ul>\n<\/li>\n<li>Proves anuals per a completar els estudis de l&#8217;ESO (proves de compleci\u00f3)<\/li>\n<\/ul>\n<\/li>\n<\/ul>\n<p>Amb relaci\u00f3 <strong>al contingut i criteris d&#8217;avaluaci\u00f3<\/strong>, <a href=\"https:\/\/docs.google.com\/spreadsheets\/d\/e\/2PACX-1vTbxxORUUm-oP4aKXqW-bQYra3FGz6nKEASzUU7da7C_d5qFNe_ptF9_jlQUGtovgD1N46vcaK3SleF\/pubhtml\" target=\"_blank\" rel=\"noopener noreferrer\">podeu consultar aquest <strong>quadre de les assignatures<\/strong><\/a><em><br \/>\n<\/em><\/p>\n<\/div>\n<div class=\"entry-content\">\n<p>Per a m\u00e9s informaci\u00f3 podeu consultar tamb\u00e9 la web &#8220;Estudiar a Catalunya&#8221;. Cliqueu\u00a0 <a href=\"http:\/\/queestudiar.gencat.cat\/ca\/estudis\/secundaria\/\" target=\"_blank\" rel=\"noopener noreferrer\">aqu\u00ed<\/a>.<\/p>\n<hr \/>\n<p><span style=\"color: #0000ff;\">V1-24 (16\/05\/24). CP. Aquesta p\u00e0gina pot quedar obsoleta un cop impresa<\/span><\/p>\n<\/div>\n","protected":false},"excerpt":{"rendered":"<p><a href=\"https:\/\/agora.xtec.cat\/iessalvadorespriu-salt\/wp-content\/uploads\/usu2103\/2023\/03\/Image-008.jpg\"><\/a>Podeu trobar la informaci\u00f3 institucional sobre l&#8217;<a href=\"http:\/\/xtec.gencat.cat\/ca\/curriculum\/eso\/\" target=\"_blank\" rel=\"noopener noreferrer\">ESO (Educaci\u00f3 Secund\u00e0ria Obligat\u00f2ria) aqu\u00ed<\/a>.<br \/>\nEl <a href=\"http:\/\/xtec.gencat.cat\/ca\/curriculum\/eso\/curriculum\/\" target=\"_blank\" rel=\"noopener noreferrer\">Curr\u00edculum oficial es pot consultar aqu\u00ed<\/a>.<br \/>\nA l&#8217;Institut sabem que \u00e9s una etapa clau de les nostres vides, que va dels 12 al 16 anys i&hellip;  <a href=\"https:\/\/agora.xtec.cat\/iessalvadorespriu-salt\/estudis\/eso\/\" title=\"Read ESO (Educaci\u00f3 Secund\u00e0ria Obligat\u00f2ria)\">Llegeix m\u00e9s\u00bb<\/a><\/p>\n","protected":false},"author":10,"featured_media":0,"parent":195,"menu_order":10,"comment_status":"closed","ping_status":"closed","template":"page-templates\/side-menu.php","meta":{"_bbp_topic_count":0,"_bbp_reply_count":0,"_bbp_total_topic_count":0,"_bbp_total_reply_count":0,"_bbp_voice_count":0,"_bbp_anonymous_reply_count":0,"_bbp_topic_count_hidden":0,"_bbp_reply_count_hidden":0,"_bbp_forum_subforum_count":0,"footnotes":""},"class_list":["post-1081","page","type-page","status-publish","hentry"],"post_mailing_queue_ids":[],"_links":{"self":[{"href":"https:\/\/agora.xtec.cat\/iessalvadorespriu-salt\/wp-json\/wp\/v2\/pages\/1081","targetHints":{"allow":["GET"]}}],"collection":[{"href":"https:\/\/agora.xtec.cat\/iessalvadorespriu-salt\/wp-json\/wp\/v2\/pages"}],"about":[{"href":"https:\/\/agora.xtec.cat\/iessalvadorespriu-salt\/wp-json\/wp\/v2\/types\/page"}],"author":[{"embeddable":true,"href":"https:\/\/agora.xtec.cat\/iessalvadorespriu-salt\/wp-json\/wp\/v2\/users\/10"}],"replies":[{"embeddable":true,"href":"https:\/\/agora.xtec.cat\/iessalvadorespriu-salt\/wp-json\/wp\/v2\/comments?post=1081"}],"version-history":[{"count":6,"href":"https:\/\/agora.xtec.cat\/iessalvadorespriu-salt\/wp-json\/wp\/v2\/pages\/1081\/revisions"}],"predecessor-version":[{"id":6516,"href":"https:\/\/agora.xtec.cat\/iessalvadorespriu-salt\/wp-json\/wp\/v2\/pages\/1081\/revisions\/6516"}],"up":[{"embeddable":true,"href":"https:\/\/agora.xtec.cat\/iessalvadorespriu-salt\/wp-json\/wp\/v2\/pages\/195"}],"wp:attachment":[{"href":"https:\/\/agora.xtec.cat\/iessalvadorespriu-salt\/wp-json\/wp\/v2\/media?parent=1081"}],"curies":[{"name":"wp","href":"https:\/\/api.w.org\/{rel}","templated":true}]}}