{"id":1072,"date":"2021-02-05T17:17:54","date_gmt":"2021-02-05T16:17:54","guid":{"rendered":"https:\/\/agora.xtec.cat\/iessalvadorespriu-salt\/?page_id=1072"},"modified":"2024-06-16T17:52:49","modified_gmt":"2024-06-16T15:52:49","slug":"associacions","status":"publish","type":"page","link":"https:\/\/agora.xtec.cat\/iessalvadorespriu-salt\/associacions\/","title":{"rendered":"Consells i Associacions"},"content":{"rendered":"<p>Pot haver-hi <strong>entitats vinculades a l&#8217;Institut<\/strong>, per\u00f2 que en <strong>s\u00f3n jur\u00eddicament independents<\/strong>. Per exemple:<\/p>\n<ul>\n<li><a href=\"https:\/\/agora.xtec.cat\/iessalvadorespriu-salt\/associacions\/afa\/\"><strong>Associaci\u00f3 de Fam\u00edlies d&#8217;Alumnat<\/strong><\/a> (AFA): at\u00e9n els interessos de les fam\u00edlies i de la comunitat educativa del centre.<\/li>\n<li><a href=\"https:\/\/agora.xtec.cat\/iessalvadorespriu-salt\/associacions\/consesc\/\"><strong>Consell Escolar<\/strong><\/a>: \u00e9s el m\u00e0xim \u00f2rgan de Govern del centre, que supervisa i aprova la major part de les actuacions d&#8217;acord amb l&#8217;Equip directiu. <a href=\"https:\/\/docs.google.com\/spreadsheets\/u\/1\/d\/e\/2PACX-1vQ_OozJrRO4HioOoA3kahYzF8jeWNQSA-8HDZizB4AVls8XVM4km7ykbLhyH4MHzPhlpUj12OFfIwVW\/pubhtml?gid=620223057&amp;single=true\" target=\"_blank\" rel=\"noopener\">Composici\u00f3 actual<\/a>.<\/li>\n<li><a href=\"https:\/\/agora.xtec.cat\/iessalvadorespriu-salt\/associacions\/gent\/\"><strong>Gent de l&#8217;Espriu<\/strong><\/a> (Associaci\u00f3 d&#8217;antics alumnes, docents i fam\u00edlies)<\/li>\n<li><strong><a href=\"https:\/\/agora.xtec.cat\/iessalvadorespriu-salt\/associacions\/esports\/\">Associaci\u00f3 esportiva escolar Institut\u00a0 Salvador Espriu (Salt<\/a>): <\/strong>entitat que promou activitats de salut i esport per a l&#8217;alumnat i docents <strong><br \/>\n<\/strong><\/li>\n<\/ul>\n<hr \/>\n<p><span style=\"color: #0000ff;\"><strong>Refer\u00e8ncia<\/strong>: versi\u00f3 1.2 (2\/10\/22). DIR. Aquesta p\u00e0gina pot quedar obsoleta un cop impresa<\/span><\/p>\n","protected":false},"excerpt":{"rendered":"<p>Pot haver-hi entitats vinculades a l&#8217;Institut, per\u00f2 que en s\u00f3n jur\u00eddicament independents. Per exemple:<\/p>\n<ul>\n<li><a href=\"https:\/\/agora.xtec.cat\/iessalvadorespriu-salt\/associacions\/afa\/\">Associaci\u00f3 de Fam\u00edlies d&#8217;Alumnat<\/a> (AFA): at\u00e9n els interessos de les fam\u00edlies i de la comunitat educativa del centre.<\/li>\n<li><a href=\"https:\/\/agora.xtec.cat\/iessalvadorespriu-salt\/associacions\/consesc\/\">Consell Escolar<\/a>: \u00e9s el m\u00e0xim \u00f2rgan de Govern del centre, que supervisa i&hellip;  <a href=\"https:\/\/agora.xtec.cat\/iessalvadorespriu-salt\/associacions\/\" title=\"Read Consells i Associacions\">Llegeix m\u00e9s\u00bb<\/a><br \/>\n","protected":false},"author":10,"featured_media":0,"parent":0,"menu_order":0,"comment_status":"closed","ping_status":"closed","template":"page-templates\/side-menu.php","meta":{"_bbp_topic_count":0,"_bbp_reply_count":0,"_bbp_total_topic_count":0,"_bbp_total_reply_count":0,"_bbp_voice_count":0,"_bbp_anonymous_reply_count":0,"_bbp_topic_count_hidden":0,"_bbp_reply_count_hidden":0,"_bbp_forum_subforum_count":0,"footnotes":""},"class_list":["post-1072","page","type-page","status-publish","hentry"],"post_mailing_queue_ids":[],"_links":{"self":[{"href":"https:\/\/agora.xtec.cat\/iessalvadorespriu-salt\/wp-json\/wp\/v2\/pages\/1072","targetHints":{"allow":["GET"]}}],"collection":[{"href":"https:\/\/agora.xtec.cat\/iessalvadorespriu-salt\/wp-json\/wp\/v2\/pages"}],"about":[{"href":"https:\/\/agora.xtec.cat\/iessalvadorespriu-salt\/wp-json\/wp\/v2\/types\/page"}],"author":[{"embeddable":true,"href":"https:\/\/agora.xtec.cat\/iessalvadorespriu-salt\/wp-json\/wp\/v2\/users\/10"}],"replies":[{"embeddable":true,"href":"https:\/\/agora.xtec.cat\/iessalvadorespriu-salt\/wp-json\/wp\/v2\/comments?post=1072"}],"version-history":[{"count":5,"href":"https:\/\/agora.xtec.cat\/iessalvadorespriu-salt\/wp-json\/wp\/v2\/pages\/1072\/revisions"}],"predecessor-version":[{"id":5705,"href":"https:\/\/agora.xtec.cat\/iessalvadorespriu-salt\/wp-json\/wp\/v2\/pages\/1072\/revisions\/5705"}],"wp:attachment":[{"href":"https:\/\/agora.xtec.cat\/iessalvadorespriu-salt\/wp-json\/wp\/v2\/media?parent=1072"}],"curies":[{"name":"wp","href":"https:\/\/api.w.org\/{rel}","templated":true}]}}