{"id":1067,"date":"2021-02-05T17:13:03","date_gmt":"2021-02-05T16:13:03","guid":{"rendered":"https:\/\/agora.xtec.cat\/iessalvadorespriu-salt\/?page_id=1067"},"modified":"2024-02-27T09:39:38","modified_gmt":"2024-02-27T08:39:38","slug":"form","status":"publish","type":"page","link":"https:\/\/agora.xtec.cat\/iessalvadorespriu-salt\/secretaria\/form\/","title":{"rendered":"Formularis d&#8217;\u00fas freq\u00fcent"},"content":{"rendered":"<div class=\"entry-content\">\n<p style=\"text-align: left;\"><a href=\"https:\/\/docs.google.com\/spreadsheets\/d\/e\/2PACX-1vQ_pLMQCDWFfM4sdpRWs7iohQCAqBWgBtlPkXWcAlJVNCpefTfKqVrTQWHKv6w-En5drfQWOnaqooAM\/pubhtml?gid=1495721397&amp;single=true\" target=\"_blank\" rel=\"noopener\"><img loading=\"lazy\" decoding=\"async\" class=\"alignright wp-image-1553\" src=\"https:\/\/agora.xtec.cat\/iessalvadorespriu-salt\/wp-content\/uploads\/usu2103\/2021\/03\/Image-1.jpg\" alt=\"\" width=\"458\" height=\"230\" srcset=\"https:\/\/agora.xtec.cat\/iessalvadorespriu-salt\/wp-content\/uploads\/usu2103\/2021\/03\/Image-1.jpg 797w, https:\/\/agora.xtec.cat\/iessalvadorespriu-salt\/wp-content\/uploads\/usu2103\/2021\/03\/Image-1-300x151.jpg 300w, https:\/\/agora.xtec.cat\/iessalvadorespriu-salt\/wp-content\/uploads\/usu2103\/2021\/03\/Image-1-768x385.jpg 768w\" sizes=\"auto, (max-width: 458px) 100vw, 458px\" \/><\/a>Per a <strong>facilitar les gestions<\/strong> i optimitzar l&#8217;\u00fas del temps, <a href=\"https:\/\/docs.google.com\/spreadsheets\/d\/e\/2PACX-1vQ_pLMQCDWFfM4sdpRWs7iohQCAqBWgBtlPkXWcAlJVNCpefTfKqVrTQWHKv6w-En5drfQWOnaqooAM\/pubhtml?gid=1495721397&amp;single=true\" target=\"_blank\" rel=\"noopener\">aqu\u00ed es poden trobar els<strong> documents d&#8217;\u00fas m\u00e9s freq\u00fcent<\/strong><\/a> per a les fam\u00edlies i la comunitat educativa.<\/p>\n<p style=\"text-align: left;\">Observacions:<\/p>\n<ul>\n<li style=\"list-style-type: none;\">\n<ul style=\"text-align: left;\">\n<li>hi pot accedir tamb\u00e9 a l&#8217;aplicatiu m\u00f2bil de l&#8217;Espriu, a <a href=\"http:\/\/espriu.ieduca.com\">iEduca<\/a> (zona &#8220;Enlla\u00e7os&#8221;)<\/li>\n<li>si considera que manca algun document, <a href=\"mailto:media@espriusalt.cat\" target=\"_blank\" rel=\"noopener noreferrer\">ens ho pot comunicar<\/a><\/li>\n<\/ul>\n<\/li>\n<\/ul>\n<\/div>\n","protected":false},"excerpt":{"rendered":"<p><a href=\"https:\/\/docs.google.com\/spreadsheets\/d\/e\/2PACX-1vQ_pLMQCDWFfM4sdpRWs7iohQCAqBWgBtlPkXWcAlJVNCpefTfKqVrTQWHKv6w-En5drfQWOnaqooAM\/pubhtml?gid=1495721397&amp;single=true\" target=\"_blank\" rel=\"noopener\"><\/a>Per a facilitar les gestions i optimitzar l&#8217;\u00fas del temps, <a href=\"https:\/\/docs.google.com\/spreadsheets\/d\/e\/2PACX-1vQ_pLMQCDWFfM4sdpRWs7iohQCAqBWgBtlPkXWcAlJVNCpefTfKqVrTQWHKv6w-En5drfQWOnaqooAM\/pubhtml?gid=1495721397&amp;single=true\" target=\"_blank\" rel=\"noopener\">aqu\u00ed es poden trobar els documents d&#8217;\u00fas m\u00e9s freq\u00fcent<\/a> per a les fam\u00edlies i la comunitat educativa.<br \/>\nObservacions:<\/p>\n<ul>\n<li style=\"list-style-type: none;\">\n<ul style=\"text-align: left;\">\n<li>hi pot accedir tamb\u00e9 a l&#8217;aplicatiu m\u00f2bil de l&#8217;Espriu,&hellip;  <a href=\"https:\/\/agora.xtec.cat\/iessalvadorespriu-salt\/secretaria\/form\/\" title=\"Read Formularis d&#8217;\u00fas freq\u00fcent\">Llegeix m\u00e9s\u00bb<\/a><br \/>\n","protected":false},"author":10,"featured_media":0,"parent":81,"menu_order":8,"comment_status":"closed","ping_status":"closed","template":"page-templates\/side-menu.php","meta":{"_bbp_topic_count":0,"_bbp_reply_count":0,"_bbp_total_topic_count":0,"_bbp_total_reply_count":0,"_bbp_voice_count":0,"_bbp_anonymous_reply_count":0,"_bbp_topic_count_hidden":0,"_bbp_reply_count_hidden":0,"_bbp_forum_subforum_count":0,"footnotes":""},"class_list":["post-1067","page","type-page","status-publish","hentry"],"post_mailing_queue_ids":[],"_links":{"self":[{"href":"https:\/\/agora.xtec.cat\/iessalvadorespriu-salt\/wp-json\/wp\/v2\/pages\/1067","targetHints":{"allow":["GET"]}}],"collection":[{"href":"https:\/\/agora.xtec.cat\/iessalvadorespriu-salt\/wp-json\/wp\/v2\/pages"}],"about":[{"href":"https:\/\/agora.xtec.cat\/iessalvadorespriu-salt\/wp-json\/wp\/v2\/types\/page"}],"author":[{"embeddable":true,"href":"https:\/\/agora.xtec.cat\/iessalvadorespriu-salt\/wp-json\/wp\/v2\/users\/10"}],"replies":[{"embeddable":true,"href":"https:\/\/agora.xtec.cat\/iessalvadorespriu-salt\/wp-json\/wp\/v2\/comments?post=1067"}],"version-history":[{"count":4,"href":"https:\/\/agora.xtec.cat\/iessalvadorespriu-salt\/wp-json\/wp\/v2\/pages\/1067\/revisions"}],"predecessor-version":[{"id":4429,"href":"https:\/\/agora.xtec.cat\/iessalvadorespriu-salt\/wp-json\/wp\/v2\/pages\/1067\/revisions\/4429"}],"up":[{"embeddable":true,"href":"https:\/\/agora.xtec.cat\/iessalvadorespriu-salt\/wp-json\/wp\/v2\/pages\/81"}],"wp:attachment":[{"href":"https:\/\/agora.xtec.cat\/iessalvadorespriu-salt\/wp-json\/wp\/v2\/media?parent=1067"}],"curies":[{"name":"wp","href":"https:\/\/api.w.org\/{rel}","templated":true}]}}