{"id":942,"date":"2021-11-17T13:29:25","date_gmt":"2021-11-17T12:29:25","guid":{"rendered":"https:\/\/agora.xtec.cat\/iesrovira-forns\/?page_id=942"},"modified":"2026-05-15T12:45:49","modified_gmt":"2026-05-15T10:45:49","slug":"criteris-davaluacio-batxillerat","status":"publish","type":"page","link":"https:\/\/agora.xtec.cat\/iesrovira-forns\/criteris-davaluacio-batxillerat\/","title":{"rendered":"Criteris d&#8217;avaluaci\u00f3 Batxillerat"},"content":{"rendered":"<table style=\"border-collapse: collapse; width: 100%; height: 584px;\">\n<tbody>\n<tr style=\"height: 58px;\">\n<td style=\"width: 50%; text-align: center; height: 58px;\">\n<h4><span style=\"text-decoration: underline;\"><strong>1r batxillerat<\/strong><\/span><\/h4>\n<\/td>\n<td style=\"width: 50%; text-align: center; height: 58px;\">\n<h4><span style=\"text-decoration: underline;\"><strong>2n batxillerat<\/strong><\/span><\/h4>\n<\/td>\n<\/tr>\n<tr style=\"height: 526px;\">\n<td style=\"width: 50%; height: 526px;\">\n<ul>\n<li><a href=\"https:\/\/agora.xtec.cat\/iesrovira-forns\/wp-content\/uploads\/usu2519\/2023\/06\/1rBatx_Departament-de-ciencies_23-24.pdf\">Departament de ci\u00e8ncies<\/a><\/li>\n<li><a href=\"https:\/\/agora.xtec.cat\/iesrovira-forns\/wp-content\/uploads\/usu2519\/2024\/01\/Llengua-anglesa-BTX1-25-26.pdf\">Angl\u00e8s<\/a><\/li>\n<li><a href=\"https:\/\/agora.xtec.cat\/iesrovira-forns\/wp-content\/uploads\/usu2519\/2024\/01\/Criteris-Avaluacio-1rBatx_Catala_25-26.pdf\">LLengua catalana i literatura<\/a><\/li>\n<li><a href=\"https:\/\/agora.xtec.cat\/iesrovira-forns\/wp-content\/uploads\/usu2519\/2023\/06\/1rbatx_Dibuix-Tecnic_23-24.pdf\">Dibuix T\u00e8cnic<\/a><\/li>\n<li><a href=\"https:\/\/agora.xtec.cat\/iesrovira-forns\/wp-content\/uploads\/usu2519\/2024\/01\/Batxi-1r-Quimica-I-Criteris-avaluacio-25-26.pdf\">Qu\u00edmica<\/a><\/li>\n<li><a href=\"https:\/\/agora.xtec.cat\/iesrovira-forns\/wp-content\/uploads\/usu2519\/2024\/01\/Batxi-1r-Geologia-i-CA-I-Criteris-avaluacio-25-26.pdf\">Geologia i Ci\u00e8ncies Ambientals<\/a><\/li>\n<li><a href=\"https:\/\/agora.xtec.cat\/iesrovira-forns\/wp-content\/uploads\/usu2519\/2024\/01\/Batxi-1r-Fisica-I-Criteris-avaluacio-25-26.pdf\">F\u00edsica<\/a><\/li>\n<li><a href=\"https:\/\/agora.xtec.cat\/iesrovira-forns\/wp-content\/uploads\/usu2519\/2024\/01\/Batxi-1r-Biologia-I-Criteris-avaluacio-25-26.pdf\">Biologia<\/a><\/li>\n<li><a href=\"https:\/\/agora.xtec.cat\/iesrovira-forns\/wp-content\/uploads\/usu2519\/2023\/06\/1rBatx_Economia_23-24.pdf\">Economia<\/a><\/li>\n<li><a href=\"https:\/\/agora.xtec.cat\/iesrovira-forns\/wp-content\/uploads\/usu2519\/2024\/01\/E.F.-1r-BATX-programacio-anual_2024-25.pdf\">Educaci\u00f3 f\u00edsica<\/a><\/li>\n<li><a href=\"https:\/\/agora.xtec.cat\/iesrovira-forns\/wp-content\/uploads\/usu2519\/2024\/01\/1rBatx_Filosofia_25-26-1.pdf\">Filosofia<\/a><\/li>\n<li><a href=\"https:\/\/agora.xtec.cat\/iesrovira-forns\/wp-content\/uploads\/usu2519\/2024\/01\/1r-batx_Frances_25-26.docx.pdf\">Franc\u00e8s<\/a><\/li>\n<li><a href=\"https:\/\/agora.xtec.cat\/iesrovira-forns\/wp-content\/uploads\/usu2519\/2024\/01\/Criteris-avaluacio-grec-Batx.-2025-26.pdf\">Grec<\/a><\/li>\n<li><a href=\"https:\/\/agora.xtec.cat\/iesrovira-forns\/wp-content\/uploads\/usu2519\/2024\/01\/1rBatx_Historia-del-mon-contemporani-25-26.pdf\">Hist\u00f2ria del m\u00f3n contemporani<\/a><\/li>\n<li><a href=\"https:\/\/agora.xtec.cat\/iesrovira-forns\/wp-content\/uploads\/usu2519\/2024\/01\/Criteris-avaluacio-llati-Batx.-2025-26.pdf\">Llat\u00ed<\/a><\/li>\n<li><a href=\"https:\/\/agora.xtec.cat\/iesrovira-forns\/wp-content\/uploads\/usu2519\/2024\/01\/1rBatxillerat-Programacio-anual-MATEMATIQUES-CCSS-2025-26-.pdf\">Matem\u00e0tiques aplicades a les CCSS<\/a><\/li>\n<li><a href=\"https:\/\/agora.xtec.cat\/iesrovira-forns\/wp-content\/uploads\/usu2519\/2024\/01\/1rBatxillerat-Programacio-anual-MATEMATIQUES-I-2025-26-.pdf\">Matem\u00e0tiques<\/a><\/li>\n<li><a href=\"https:\/\/agora.xtec.cat\/iesrovira-forns\/wp-content\/uploads\/usu2519\/2024\/01\/Batxi-1r-Reptes-CA-Fisica-i-Quimica-Criteris-avaluacio-25-26.pdf\">Optativa Reptes Cient\u00edfics actuals de F\u00edsica i Qu\u00edmica<\/a><\/li>\n<li><a href=\"https:\/\/agora.xtec.cat\/iesrovira-forns\/wp-content\/uploads\/usu2519\/2024\/01\/Batxi-1r-Reptes-CA-Biologia-i-Geologia-Criteris-avaluacio-25-26.pdf\">Optativa Reptes Cient\u00edfics actuals de Biologia i Geologia<\/a><\/li>\n<li><a href=\"https:\/\/agora.xtec.cat\/iesrovira-forns\/wp-content\/uploads\/usu2519\/2023\/06\/1rBatx_Optativa-Ciutadania-politica-i-dret_23-24.pdf\">Optativa Ciutadania, pol\u00edtica i dret<\/a><\/li>\n<li><a href=\"https:\/\/agora.xtec.cat\/iesrovira-forns\/wp-content\/uploads\/usu2519\/2023\/06\/1rBatx_Optativa-Comunicacio-audiovisual_23-24.pdf\">Optativa Comunicaci\u00f3 audiovisual<\/a><\/li>\n<li><a href=\"https:\/\/agora.xtec.cat\/iesrovira-forns\/wp-content\/uploads\/usu2519\/2024\/01\/Opt.-1r-batx-MATEMATICA-APLICADA-25-26.docx.pdf\">Optativa Matem\u00e0tica aplicada<\/a><\/li>\n<li><a href=\"https:\/\/agora.xtec.cat\/iesrovira-forns\/wp-content\/uploads\/usu2519\/2023\/06\/1rBatx_Optativa-Problematiques-socials_23-24.pdf\">Optativa Problem\u00e0tiques socials<\/a><\/li>\n<li><a href=\"https:\/\/agora.xtec.cat\/iesrovira-forns\/wp-content\/uploads\/usu2519\/2024\/01\/1r-Batx-programacio-anual-robotica-25-26.docx.pdf\">Optativa Rob\u00f2tica<\/a><\/li>\n<li><a href=\"https:\/\/agora.xtec.cat\/iesrovira-forns\/wp-content\/uploads\/usu2519\/2024\/01\/1rBatx_Psicologia_25-26-1.pdf\">Psicologia<\/a><\/li>\n<li><a href=\"https:\/\/agora.xtec.cat\/iesrovira-forns\/wp-content\/uploads\/usu2519\/2024\/01\/1rBatx-programacio-anual-TECNOLOGIA-i-ENGINYERIA-I-25-26.pdf\">Tecnologia i enginyeria<\/a><\/li>\n<li><a href=\"https:\/\/agora.xtec.cat\/iesrovira-forns\/wp-content\/uploads\/usu2519\/2024\/01\/1rBatx_Creacio-Literaria_25-26.pdf\">Optativa Creaci\u00f3 Liter\u00e0ria<\/a><\/li>\n<li><a href=\"https:\/\/agora.xtec.cat\/iesrovira-forns\/wp-content\/uploads\/usu2519\/2024\/01\/Criteris-avaluacio1r-Batx_Llengua-Castellana-i-Literatura_-25-26-2.pdf\">Llengua castellana i literatura<\/a><\/li>\n<li><a href=\"https:\/\/agora.xtec.cat\/iesrovira-forns\/wp-content\/uploads\/usu2519\/2023\/06\/1rBatx_Literatura-universal_23-24-1.pdf\">Literatura universal<\/a><\/li>\n<\/ul>\n<\/td>\n<td style=\"width: 50%; height: 526px;\">\n<ul>\n<li><a href=\"https:\/\/agora.xtec.cat\/iesrovira-forns\/wp-content\/uploads\/usu2519\/2023\/06\/2n-Batx.departament-de-ciencies_23-24.pdf\">Departament de ci\u00e8ncies<\/a><\/li>\n<li><a href=\"https:\/\/agora.xtec.cat\/iesrovira-forns\/wp-content\/uploads\/usu2519\/2024\/01\/2n_Batx_Historia_25-26.pdf\">Hist\u00f2ria<\/a><\/li>\n<li><a href=\"https:\/\/agora.xtec.cat\/iesrovira-forns\/wp-content\/uploads\/usu2519\/2024\/01\/Llengua-anglesa-BTX2-25-26.pdf\">Angl\u00e8s<\/a><\/li>\n<li><a href=\"https:\/\/agora.xtec.cat\/iesrovira-forns\/wp-content\/uploads\/usu2519\/2024\/01\/Criteris-d_avaluacio-2nBatx_Catala_25-26.pdf\">Llengua Catalana i Literatura<\/a><\/li>\n<li><a href=\"https:\/\/agora.xtec.cat\/iesrovira-forns\/wp-content\/uploads\/usu2519\/2026\/05\/Criteris-d_avaluacio-2nBatx_Literatura-Castellana_25-26.pdf\">LLengua castellana i literatura<\/a><\/li>\n<li><a href=\"https:\/\/agora.xtec.cat\/iesrovira-forns\/wp-content\/uploads\/usu2519\/2023\/06\/2nBatx_Filosofia_23-24.pdf\">Filosofia<\/a><\/li>\n<li><a href=\"https:\/\/agora.xtec.cat\/iesrovira-forns\/wp-content\/uploads\/usu2519\/2024\/01\/D.Tecnic_2n-Batx_24-25.pdf\">Dibuix T\u00e8cnic<\/a><\/li>\n<li><a href=\"https:\/\/agora.xtec.cat\/iesrovira-forns\/wp-content\/uploads\/usu2519\/2024\/01\/Batxi-2n-Quimica-II-Criteris-avaluacio-25-26.pdf\">Qu\u00edmica<\/a><\/li>\n<li><a href=\"https:\/\/agora.xtec.cat\/iesrovira-forns\/wp-content\/uploads\/usu2519\/2024\/01\/Batxi-2n-Geologia-i-CA-II-Criteris-avaluacio-25-26.pdf\">Geologia i Ci\u00e8ncies Ambientals<\/a><\/li>\n<li><a href=\"https:\/\/agora.xtec.cat\/iesrovira-forns\/wp-content\/uploads\/usu2519\/2024\/01\/Batxi-2n-Fisica-II-Criteris-avaluacio-25-26-2.pdf\">F\u00edsica<\/a><\/li>\n<li><a href=\"https:\/\/agora.xtec.cat\/iesrovira-forns\/wp-content\/uploads\/usu2519\/2024\/01\/Batxi-2n-Biologia-II-Criteris-avaluacio-25-26.pdf\">Biologia<\/a><\/li>\n<li><a href=\"https:\/\/agora.xtec.cat\/iesrovira-forns\/wp-content\/uploads\/usu2519\/2024\/01\/Economia-de-lEmpresa-2n-batxillerat-criteris-de-qualificacio.pdf\">Funcionament empresa i disseny negocis<\/a><\/li>\n<li><a href=\"https:\/\/agora.xtec.cat\/iesrovira-forns\/wp-content\/uploads\/usu2519\/2024\/01\/2nBatx_Geografia_25-26.pdf\">Geografia<\/a><\/li>\n<li><a href=\"https:\/\/agora.xtec.cat\/iesrovira-forns\/wp-content\/uploads\/usu2519\/2024\/01\/Criteris-avaluacio-grec-Batx.-2025-26.pdf\">Grec<\/a><\/li>\n<li><a href=\"https:\/\/agora.xtec.cat\/iesrovira-forns\/wp-content\/uploads\/usu2519\/2024\/01\/2nBatx_H-de-lArt_25-26.pdf\">Hist\u00f2ria de l&#8217;Art<\/a><\/li>\n<li><a href=\"https:\/\/agora.xtec.cat\/iesrovira-forns\/wp-content\/uploads\/usu2519\/2024\/01\/Criteris-avaluacio-llati-Batx.-2025-26.pdf\">Llat\u00ed<\/a><\/li>\n<li><a href=\"https:\/\/agora.xtec.cat\/iesrovira-forns\/wp-content\/uploads\/usu2519\/2024\/01\/2nBatxillerat_Programacio-anual-MATEMATIQUES-CCSS-2025-26.pdf\">Matem\u00e0tiques aplicades a les CCSS<\/a><\/li>\n<li><a href=\"https:\/\/agora.xtec.cat\/iesrovira-forns\/wp-content\/uploads\/usu2519\/2024\/01\/2n-Batx-programacio-anual-TECNOLOGIA-I-ENGINYERIA-II-25-26.pdf\">Tecnologia i enginyeria<\/a><\/li>\n<li><a href=\"https:\/\/agora.xtec.cat\/iesrovira-forns\/wp-content\/uploads\/usu2519\/2024\/01\/2nBatxillerat_Programacio-anual-MATEMATIQUES_II_2025-26.pdf\">Matem\u00e0tiques<\/a><\/li>\n<li><a href=\"https:\/\/agora.xtec.cat\/iesrovira-forns\/wp-content\/uploads\/usu2519\/2024\/01\/Criteris-d_avaluacio-2nBatx_Literatura_catalana_25-26-1.pdf\">Literatura Catalana<\/a><\/li>\n<li><a href=\"https:\/\/agora.xtec.cat\/iesrovira-forns\/wp-content\/uploads\/usu2519\/2024\/01\/Criteris-d_avaluacio-2nBatx_Literatura-Castellana_25-26.pdf\">Literatura Castellana<\/a><\/li>\n<\/ul>\n<\/td>\n<\/tr>\n<\/tbody>\n<\/table>\n","protected":false},"excerpt":{"rendered":"<p>1r batxillerat<\/p>\n<p>2n batxillerat<\/p>\n<ul>\n<li><a href=\"https:\/\/agora.xtec.cat\/iesrovira-forns\/wp-content\/uploads\/usu2519\/2023\/06\/1rBatx_Departament-de-ciencies_23-24.pdf\">Departament de ci\u00e8ncies<\/a><\/li>\n<li><a href=\"https:\/\/agora.xtec.cat\/iesrovira-forns\/wp-content\/uploads\/usu2519\/2024\/01\/Llengua-anglesa-BTX1-25-26.pdf\">Angl\u00e8s<\/a><\/li>\n<li><a href=\"https:\/\/agora.xtec.cat\/iesrovira-forns\/wp-content\/uploads\/usu2519\/2024\/01\/Criteris-Avaluacio-1rBatx_Catala_25-26.pdf\">LLengua catalana i literatura<\/a><\/li>\n<li><a href=\"https:\/\/agora.xtec.cat\/iesrovira-forns\/wp-content\/uploads\/usu2519\/2023\/06\/1rbatx_Dibuix-Tecnic_23-24.pdf\">Dibuix T\u00e8cnic<\/a><\/li>\n<li><a href=\"https:\/\/agora.xtec.cat\/iesrovira-forns\/wp-content\/uploads\/usu2519\/2024\/01\/Batxi-1r-Quimica-I-Criteris-avaluacio-25-26.pdf\">Qu\u00edmica<\/a><\/li>\n<li><a href=\"https:\/\/agora.xtec.cat\/iesrovira-forns\/wp-content\/uploads\/usu2519\/2024\/01\/Batxi-1r-Geologia-i-CA-I-Criteris-avaluacio-25-26.pdf\">Geologia i Ci\u00e8ncies Ambientals<\/a><\/li>\n<li><a href=\"https:\/\/agora.xtec.cat\/iesrovira-forns\/wp-content\/uploads\/usu2519\/2024\/01\/Batxi-1r-Fisica-I-Criteris-avaluacio-25-26.pdf\">F\u00edsica<\/a><\/li>\n<li><a href=\"https:\/\/agora.xtec.cat\/iesrovira-forns\/wp-content\/uploads\/usu2519\/2024\/01\/Batxi-1r-Biologia-I-Criteris-avaluacio-25-26.pdf\">Biologia<\/a><\/li>\n<li><a href=\"https:\/\/agora.xtec.cat\/iesrovira-forns\/wp-content\/uploads\/usu2519\/2023\/06\/1rBatx_Economia_23-24.pdf\">Economia<\/a><\/li>\n<li><a href=\"https:\/\/agora.xtec.cat\/iesrovira-forns\/wp-content\/uploads\/usu2519\/2024\/01\/E.F.-1r-BATX-programacio-anual_2024-25.pdf\">Educaci\u00f3 f\u00edsica<\/a><\/li>\n<li><a href=\"https:\/\/agora.xtec.cat\/iesrovira-forns\/wp-content\/uploads\/usu2519\/2024\/01\/1rBatx_Filosofia_25-26-1.pdf\">Filosofia<\/a><\/li>\n<li><a href=\"https:\/\/agora.xtec.cat\/iesrovira-forns\/wp-content\/uploads\/usu2519\/2024\/01\/1r-batx_Frances_25-26.docx.pdf\">Franc\u00e8s<\/a><\/li>\n<li><a href=\"https:\/\/agora.xtec.cat\/iesrovira-forns\/wp-content\/uploads\/usu2519\/2024\/01\/Criteris-avaluacio-grec-Batx.-2025-26.pdf\">Grec<\/a><\/li>\n<li><a href=\"https:\/\/agora.xtec.cat\/iesrovira-forns\/wp-content\/uploads\/usu2519\/2024\/01\/1rBatx_Historia-del-mon-contemporani-25-26.pdf\">Hist\u00f2ria del m\u00f3n contemporani<\/a><\/li>\n<li><a href=\"https:\/\/agora.xtec.cat\/iesrovira-forns\/wp-content\/uploads\/usu2519\/2024\/01\/Criteris-avaluacio-llati-Batx.-2025-26.pdf\">Llat\u00ed<\/a><\/li>\n<li><a href=\"https:\/\/agora.xtec.cat\/iesrovira-forns\/wp-content\/uploads\/usu2519\/2024\/01\/1rBatxillerat-Programacio-anual-MATEMATIQUES-CCSS-2025-26-.pdf\">Matem\u00e0tiques aplicades a les CCSS<\/a><\/li>\n<li><a href=\"https:\/\/agora.xtec.cat\/iesrovira-forns\/wp-content\/uploads\/usu2519\/2024\/01\/1rBatxillerat-Programacio-anual-MATEMATIQUES-I-2025-26-.pdf\">Matem\u00e0tiques<\/a><\/li>\n<li><a href=\"https:\/\/agora.xtec.cat\/iesrovira-forns\/wp-content\/uploads\/usu2519\/2024\/01\/Batxi-1r-Reptes-CA-Fisica-i-Quimica-Criteris-avaluacio-25-26.pdf\">Optativa Reptes Cient\u00edfics actuals de F\u00edsica i Qu\u00edmica<\/a><\/li>\n<li><a&hellip;  <a href=\"https:\/\/agora.xtec.cat\/iesrovira-forns\/criteris-davaluacio-batxillerat\/\" title=\"Read Criteris d&#8217;avaluaci\u00f3 Batxillerat\">Llegeix m\u00e9s\u00bb<\/a><br \/>\n","protected":false},"author":1,"featured_media":0,"parent":0,"menu_order":0,"comment_status":"closed","ping_status":"closed","template":"","meta":{"_bbp_topic_count":0,"_bbp_reply_count":0,"_bbp_total_topic_count":0,"_bbp_total_reply_count":0,"_bbp_voice_count":0,"_bbp_anonymous_reply_count":0,"_bbp_topic_count_hidden":0,"_bbp_reply_count_hidden":0,"_bbp_forum_subforum_count":0,"footnotes":""},"class_list":["post-942","page","type-page","status-publish","hentry"],"post_mailing_queue_ids":[],"_links":{"self":[{"href":"https:\/\/agora.xtec.cat\/iesrovira-forns\/wp-json\/wp\/v2\/pages\/942","targetHints":{"allow":["GET"]}}],"collection":[{"href":"https:\/\/agora.xtec.cat\/iesrovira-forns\/wp-json\/wp\/v2\/pages"}],"about":[{"href":"https:\/\/agora.xtec.cat\/iesrovira-forns\/wp-json\/wp\/v2\/types\/page"}],"author":[{"embeddable":true,"href":"https:\/\/agora.xtec.cat\/iesrovira-forns\/wp-json\/wp\/v2\/users\/1"}],"replies":[{"embeddable":true,"href":"https:\/\/agora.xtec.cat\/iesrovira-forns\/wp-json\/wp\/v2\/comments?post=942"}],"version-history":[{"count":7,"href":"https:\/\/agora.xtec.cat\/iesrovira-forns\/wp-json\/wp\/v2\/pages\/942\/revisions"}],"predecessor-version":[{"id":4052,"href":"https:\/\/agora.xtec.cat\/iesrovira-forns\/wp-json\/wp\/v2\/pages\/942\/revisions\/4052"}],"wp:attachment":[{"href":"https:\/\/agora.xtec.cat\/iesrovira-forns\/wp-json\/wp\/v2\/media?parent=942"}],"curies":[{"name":"wp","href":"https:\/\/api.w.org\/{rel}","templated":true}]}}