{"id":716,"date":"2021-11-15T12:50:26","date_gmt":"2021-11-15T11:50:26","guid":{"rendered":"https:\/\/agora.xtec.cat\/iesrovira-forns\/?page_id=716"},"modified":"2025-06-04T12:27:06","modified_gmt":"2025-06-04T10:27:06","slug":"projecte","status":"publish","type":"page","link":"https:\/\/agora.xtec.cat\/iesrovira-forns\/projecte\/","title":{"rendered":"Programes d&#8217;innovaci\u00f3"},"content":{"rendered":"<ul>\n<li><a href=\"https:\/\/agora.xtec.cat\/iesrovira-forns\/wp-content\/uploads\/usu2519\/2024\/01\/EDC_Institut-Rovira-Forns-1.pdf\">Estrat\u00e8gia digital\u00a0<\/a><\/li>\n<li><a href=\"https:\/\/projectes.xtec.cat\/convivenciapositiva\/categoria\/aquiproubullying\/\">#aquiproubullying<\/a><\/li>\n<li><a href=\"https:\/\/educacio.gencat.cat\/ca\/departament\/linies-estrategiques\/equitat-educativa\/pla-millora-oportunitats-educatives\/index.html\">PMOE &#8211; PROA +<\/a><\/li>\n<li><a href=\"https:\/\/agora.xtec.cat\/iesrovira-forns\/wp-content\/uploads\/usu2519\/2024\/01\/Document-PINN-MUFPS.pdf\">M\u00e0ster Universitari de Formaci\u00f3 del Professorat de Secund\u00e0ria<\/a><\/li>\n<li><a href=\"https:\/\/projectes.xtec.cat\/centresformadors\/\">Nodes m\u00e0ster professorat<\/a><\/li>\n<\/ul>\n","protected":false},"excerpt":{"rendered":"<ul>\n<li><a href=\"https:\/\/agora.xtec.cat\/iesrovira-forns\/wp-content\/uploads\/usu2519\/2024\/01\/EDC_Institut-Rovira-Forns-1.pdf\">Estrat\u00e8gia digital\u00a0<\/a><\/li>\n<li><a href=\"https:\/\/projectes.xtec.cat\/convivenciapositiva\/categoria\/aquiproubullying\/\">#aquiproubullying<\/a><\/li>\n<li><a href=\"https:\/\/educacio.gencat.cat\/ca\/departament\/linies-estrategiques\/equitat-educativa\/pla-millora-oportunitats-educatives\/index.html\">PMOE &#8211; PROA +<\/a><\/li>\n<li><a href=\"https:\/\/agora.xtec.cat\/iesrovira-forns\/wp-content\/uploads\/usu2519\/2024\/01\/Document-PINN-MUFPS.pdf\">M\u00e0ster Universitari de Formaci\u00f3 del Professorat de Secund\u00e0ria<\/a><\/li>\n<li><a href=\"https:\/\/projectes.xtec.cat\/centresformadors\/\">Nodes m\u00e0ster professorat<\/a><\/li>\n<\/ul>\n","protected":false},"author":1,"featured_media":0,"parent":0,"menu_order":0,"comment_status":"closed","ping_status":"closed","template":"","meta":{"_bbp_topic_count":0,"_bbp_reply_count":0,"_bbp_total_topic_count":0,"_bbp_total_reply_count":0,"_bbp_voice_count":0,"_bbp_anonymous_reply_count":0,"_bbp_topic_count_hidden":0,"_bbp_reply_count_hidden":0,"_bbp_forum_subforum_count":0,"footnotes":""},"class_list":["post-716","page","type-page","status-publish","hentry"],"post_mailing_queue_ids":[],"_links":{"self":[{"href":"https:\/\/agora.xtec.cat\/iesrovira-forns\/wp-json\/wp\/v2\/pages\/716","targetHints":{"allow":["GET"]}}],"collection":[{"href":"https:\/\/agora.xtec.cat\/iesrovira-forns\/wp-json\/wp\/v2\/pages"}],"about":[{"href":"https:\/\/agora.xtec.cat\/iesrovira-forns\/wp-json\/wp\/v2\/types\/page"}],"author":[{"embeddable":true,"href":"https:\/\/agora.xtec.cat\/iesrovira-forns\/wp-json\/wp\/v2\/users\/1"}],"replies":[{"embeddable":true,"href":"https:\/\/agora.xtec.cat\/iesrovira-forns\/wp-json\/wp\/v2\/comments?post=716"}],"version-history":[{"count":7,"href":"https:\/\/agora.xtec.cat\/iesrovira-forns\/wp-json\/wp\/v2\/pages\/716\/revisions"}],"predecessor-version":[{"id":3592,"href":"https:\/\/agora.xtec.cat\/iesrovira-forns\/wp-json\/wp\/v2\/pages\/716\/revisions\/3592"}],"wp:attachment":[{"href":"https:\/\/agora.xtec.cat\/iesrovira-forns\/wp-json\/wp\/v2\/media?parent=716"}],"curies":[{"name":"wp","href":"https:\/\/api.w.org\/{rel}","templated":true}]}}