{"id":69,"date":"2014-09-18T10:15:07","date_gmt":"2014-09-18T09:15:07","guid":{"rendered":"http:\/\/agora.xtec.cat\/iesrovira-forns\/?page_id=69"},"modified":"2024-09-12T13:56:11","modified_gmt":"2024-09-12T11:56:11","slug":"menjador-escolar","status":"publish","type":"page","link":"https:\/\/agora.xtec.cat\/iesrovira-forns\/serveis\/menjador-escolar\/","title":{"rendered":"CANTINA"},"content":{"rendered":"<p style=\"font-weight: 400;\"><strong>\u00a0La cantina ofereix:\u00a0 <\/strong><\/p>\n<ul>\n<li><strong>Serveis de dinars: de dilluns a divendres de 14:40h a 16h<\/strong><\/li>\n<li><strong>Men\u00fa diari de 8 euros<\/strong><\/li>\n<li style=\"font-weight: 400;\"><strong>Servei de cantina tots els dies d\u201910:20h a 10:40h i de 12:30 a 12:45h.<\/strong><\/li>\n<li><strong>Tel\u00e8fon de contacte: 689391016<\/strong><\/li>\n<li><strong>Correu electr\u00f2nic: lacuinaaprop<span class=\"atwho-query\">@gmail.com<\/span><\/strong><\/li>\n<\/ul>\n<p style=\"font-weight: 400;\"><strong>Per fer \u00fas del servei de dinars cal que us adreceu al personal de la cantina, el qual us donar\u00e0 informaci\u00f3 sobre preus i caracter\u00edstiques del servei.<br \/>\n<\/strong><\/p>\n<p style=\"font-weight: 400;\">\n","protected":false},"excerpt":{"rendered":"<p>\u00a0La cantina ofereix:\u00a0 <\/p>\n<ul>\n<li>Serveis de dinars: de dilluns a divendres de 14:40h a 16h<\/li>\n<li>Men\u00fa diari de 8 euros<\/li>\n<li style=\"font-weight: 400;\">Servei de cantina tots els dies d\u201910:20h a 10:40h i de 12:30 a 12:45h.<\/li>\n<li>Tel\u00e8fon de contacte: 689391016<\/li>\n<li>Correu electr\u00f2nic: lacuinaaprop@gmail.com<\/li>\n<\/ul>\n<p>Per fer \u00fas del servei de dinars cal&hellip;  <a href=\"https:\/\/agora.xtec.cat\/iesrovira-forns\/serveis\/menjador-escolar\/\" title=\"Read CANTINA\">Llegeix m\u00e9s\u00bb<\/a><\/p>\n","protected":false},"author":1,"featured_media":0,"parent":63,"menu_order":20,"comment_status":"closed","ping_status":"closed","template":"page-templates\/side-menu.php","meta":{"_bbp_topic_count":0,"_bbp_reply_count":0,"_bbp_total_topic_count":0,"_bbp_total_reply_count":0,"_bbp_voice_count":0,"_bbp_anonymous_reply_count":0,"_bbp_topic_count_hidden":0,"_bbp_reply_count_hidden":0,"_bbp_forum_subforum_count":0,"footnotes":""},"class_list":["post-69","page","type-page","status-publish","hentry"],"post_mailing_queue_ids":[],"_links":{"self":[{"href":"https:\/\/agora.xtec.cat\/iesrovira-forns\/wp-json\/wp\/v2\/pages\/69","targetHints":{"allow":["GET"]}}],"collection":[{"href":"https:\/\/agora.xtec.cat\/iesrovira-forns\/wp-json\/wp\/v2\/pages"}],"about":[{"href":"https:\/\/agora.xtec.cat\/iesrovira-forns\/wp-json\/wp\/v2\/types\/page"}],"author":[{"embeddable":true,"href":"https:\/\/agora.xtec.cat\/iesrovira-forns\/wp-json\/wp\/v2\/users\/1"}],"replies":[{"embeddable":true,"href":"https:\/\/agora.xtec.cat\/iesrovira-forns\/wp-json\/wp\/v2\/comments?post=69"}],"version-history":[{"count":5,"href":"https:\/\/agora.xtec.cat\/iesrovira-forns\/wp-json\/wp\/v2\/pages\/69\/revisions"}],"predecessor-version":[{"id":3160,"href":"https:\/\/agora.xtec.cat\/iesrovira-forns\/wp-json\/wp\/v2\/pages\/69\/revisions\/3160"}],"up":[{"embeddable":true,"href":"https:\/\/agora.xtec.cat\/iesrovira-forns\/wp-json\/wp\/v2\/pages\/63"}],"wp:attachment":[{"href":"https:\/\/agora.xtec.cat\/iesrovira-forns\/wp-json\/wp\/v2\/media?parent=69"}],"curies":[{"name":"wp","href":"https:\/\/api.w.org\/{rel}","templated":true}]}}