{"id":595,"date":"2021-07-20T09:53:28","date_gmt":"2021-07-20T07:53:28","guid":{"rendered":"https:\/\/agora.xtec.cat\/iesrovira-forns\/?page_id=595"},"modified":"2025-07-10T10:23:17","modified_gmt":"2025-07-10T08:23:17","slug":"ampa","status":"publish","type":"page","link":"https:\/\/agora.xtec.cat\/iesrovira-forns\/ampa\/","title":{"rendered":"AMPA"},"content":{"rendered":"<p style=\"text-align: left;\"><strong>INFORMACI\u00d3 SOCIS AMPA:\u00a0 \u00a0 \u00a0 \u00a0 \u00a0 \u00a0 \u00a0 \u00a0 \u00a0 \u00a0 \u00a0 \u00a0 \u00a0 \u00a0 \u00a0 \u00a0 \u00a0 \u00a0 \u00a0 \u00a0 \u00a0 \u00a0 \u00a0 \u00a0 \u00a0 \u00a0 \u00a0 \u00a0 \u00a0 \u00a0 \u00a0 \u00a0 \u00a0 \u00a0 \u00a0 \u00a0 \u00a0 \u00a0 \u00a0 \u00a0 \u00a0 \u00a0 \u00a0 \u00a0 \u00a0 \u00a0 \u00a0 \u00a0 \u00a0 \u00a0 \u00a0 \u00a0 \u00a0 \u00a0 \u00a0 \u00a0 \u00a0 \u00a0 \u00a0 \u00a0 \u00a0 \u00a0 \u00a0 \u00a0 \u00a0 \u00a0 \u00a0 \u00a0 \u00a0 \u00a0 \u00a0 \u00a0 \u00a0 \u00a0 \u00a0 \u00a0<\/strong><\/p>\n<p><a href=\"https:\/\/agora.xtec.cat\/iesrovira-forns\/wp-content\/uploads\/usu2519\/2025\/07\/Horari-AMPA.png\"><img loading=\"lazy\" decoding=\"async\" class=\"aligncenter  wp-image-3637\" src=\"https:\/\/agora.xtec.cat\/iesrovira-forns\/wp-content\/uploads\/usu2519\/2025\/07\/Horari-AMPA.png\" alt=\"\" width=\"353\" height=\"442\" srcset=\"https:\/\/agora.xtec.cat\/iesrovira-forns\/wp-content\/uploads\/usu2519\/2025\/07\/Horari-AMPA.png 1080w, https:\/\/agora.xtec.cat\/iesrovira-forns\/wp-content\/uploads\/usu2519\/2025\/07\/Horari-AMPA-240x300.png 240w, https:\/\/agora.xtec.cat\/iesrovira-forns\/wp-content\/uploads\/usu2519\/2025\/07\/Horari-AMPA-819x1024.png 819w, https:\/\/agora.xtec.cat\/iesrovira-forns\/wp-content\/uploads\/usu2519\/2025\/07\/Horari-AMPA-768x960.png 768w\" sizes=\"auto, (max-width: 353px) 100vw, 353px\" \/><\/a><\/p>\n<p>&nbsp;<\/p>\n<p><strong><a href=\"https:\/\/agora.xtec.cat\/iesrovira-forns\/wp-content\/uploads\/usu2519\/2023\/01\/NORMES-AMPA-ACT.2023.pdf\"><span style=\"color: #0000ff;\">INFORMACI\u00d3 SOCIS AMPA<\/span><\/a><\/strong>\u00a0(PR\u00c9STEC DE LLIBRES + GUIXETES)<\/p>\n<p><span style=\"color: #0000ff;\"><a style=\"color: #0000ff;\" href=\"https:\/\/forms.gle\/4DAWhrwgRMk946S39\"><strong>FORMULARI INSCRIPCI\u00d3 AMPA<\/strong><\/a><\/span><\/p>\n<p>&nbsp;<\/p>\n<p><strong>TR\u00cdPTIC I V\u00cdDEOS EXPLICATIUS SOBRE EL PROJECTE DE REUTILITZACI\u00d3 I QU\u00c8 S\u00d3N ELS ECOBOOKS:<\/strong><\/p>\n<table class=\" aligncenter\" style=\"border-collapse: collapse; width: 55.1765%; height: 220px;\">\n<tbody>\n<tr style=\"height: 38px;\">\n<td style=\"width: 50.8718%; height: 38px; text-align: center;\"><\/td>\n<td style=\"width: 55.9176%; height: 38px; text-align: center;\">\n<h5>ENLLA\u00c7 DIRECTE<\/h5>\n<\/td>\n<\/tr>\n<tr style=\"height: 24px;\">\n<td style=\"width: 50.8718%; height: 23px;\"><strong><span style=\"color: #000000;\">TR\u00cdPTIC IDDINK\u00a0 \u00a0 \u00a0 \u00a0 \u00a0 \u00a0 \u00a0 \u00a0 \u00a0 \u00a0 \u00a0 \u00a0 \u00a0 \u00a0 \u00a0 \u00a0 \u00a0 \u00a0 \u00a0 \u00a0 \u00a0 \u00a0 \u00a0 \u00a0 \u00a0 \u00a0 \u00a0 \u00a0\u00a0<\/span><\/strong><\/td>\n<td style=\"width: 55.9176%; height: 23px;\"><a style=\"color: #2795b6; font-weight: bold;\" href=\"https:\/\/agora.xtec.cat\/iesrovira-forns\/wp-content\/uploads\/usu2519\/2022\/05\/IDDINK-22-23.pdf\">TR\u00cdPTIC\u00a0\u00a0\u00a0\u00a0\u00a0\u00a0\u00a0\u00a0\u00a0\u00a0\u00a0\u00a0\u00a0\u00a0\u00a0\u00a0\u00a0\u00a0\u00a0\u00a0\u00a0\u00a0\u00a0\u00a0\u00a0\u00a0\u00a0\u00a0\u00a0\u00a0\u00a0\u00a0\u00a0\u00a0\u00a0\u00a0\u00a0\u00a0\u00a0\u00a0\u00a0\u00a0\u00a0\u00a0\u00a0\u00a0\u00a0\u00a0\u00a0\u00a0\u00a0\u00a0\u00a0\u00a0\u00a0\u00a0\u00a0\u00a0\u00a0\u00a0\u00a0\u00a0\u00a0\u00a0\u00a0\u00a0\u00a0\u00a0\u00a0\u00a0\u00a0\u00a0\u00a0\u00a0\u00a0\u00a0\u00a0\u00a0\u00a0\u00a0\u00a0\u00a0\u00a0<\/a><\/td>\n<\/tr>\n<tr style=\"height: 32px;\">\n<td style=\"width: 50.8718%; height: 32px;\"><span style=\"font-weight: bold; background-color: #ffffff;\">VIDEO PRESENTACI\u00d3 IDDINK<\/span><\/td>\n<td style=\"width: 55.9176%; height: 32px;\"><a style=\"color: #2795b6; font-weight: bold;\" href=\"https:\/\/vimeo.com\/418474967\">https:\/\/vimeo.com\/418474967<\/a><\/td>\n<\/tr>\n<tr style=\"height: 32px;\">\n<td style=\"width: 50.8718%; height: 32px;\"><span style=\"font-weight: bold;\">COM FER UNA COMANDA<\/span><\/td>\n<td style=\"width: 55.9176%; height: 32px;\"><a style=\"color: #2795b6; font-weight: bold;\" href=\"https:\/\/vimeo.com\/427671538\">https:\/\/vimeo.com\/427671538<\/a><\/td>\n<\/tr>\n<tr style=\"height: 32px;\">\n<td style=\"width: 50.8718%; height: 32px;\"><span style=\"font-weight: bold; background-color: #ffffff;\">COM TRACTAR ELS ECOBOOKS<\/span><\/td>\n<td style=\"width: 55.9176%; height: 32px;\"><a style=\"color: #2795b6; font-weight: bold;\" href=\"https:\/\/vimeo.com\/45076699\">https:\/\/vimeo.com\/45076699<\/a><\/td>\n<\/tr>\n<tr style=\"height: 32px;\">\n<td style=\"width: 50.8718%; height: 37px;\"><span style=\"font-weight: bold;\">COM RETORNAR ELS ECOBOOKS<\/span><\/td>\n<td style=\"width: 55.9176%; height: 37px;\"><a style=\"color: #2795b6; font-weight: bold;\" href=\"https:\/\/vimeo.com\/437081582\">https:\/\/vimeo.com\/437081582<\/a><\/td>\n<\/tr>\n<\/tbody>\n<\/table>\n<p>&nbsp;<\/p>\n<p style=\"text-align: left;\"><strong>NORMES LLIBRES PR\u00c9STEC:<\/strong><\/p>\n<p><a href=\"https:\/\/agora.xtec.cat\/iesrovira-forns\/ampa\/attachment\/horari-ampa-1\/\" rel=\"attachment wp-att-1470\"><img loading=\"lazy\" decoding=\"async\" class=\"aligncenter wp-image-1470\" src=\"https:\/\/agora.xtec.cat\/iesrovira-forns\/wp-content\/uploads\/usu2519\/2022\/02\/HORARI-AMPA-1.png\" alt=\"\" width=\"520\" height=\"173\" srcset=\"https:\/\/agora.xtec.cat\/iesrovira-forns\/wp-content\/uploads\/usu2519\/2022\/02\/HORARI-AMPA-1.png 600w, https:\/\/agora.xtec.cat\/iesrovira-forns\/wp-content\/uploads\/usu2519\/2022\/02\/HORARI-AMPA-1-300x100.png 300w\" sizes=\"auto, (max-width: 520px) 100vw, 520px\" \/><\/a><\/p>\n<p>&nbsp;<\/p>\n<p>&nbsp;<\/p>\n<p>&#8220;Voldr\u00edem donar la benvinguda als nous pares\/mares i alumnes que comencen el curs a l&#8217;institut, aix\u00ed com saludar cordialment les fam\u00edlies que un any m\u00e9s estem aqu\u00ed. Una salutaci\u00f3 tamb\u00e9 a professors i personal no docent que participeu en l\u2019educaci\u00f3 dels nostres fills.\u00a0La intenci\u00f3 d\u2019aquest full \u00e9s fer-vos arribar informaci\u00f3 sobre els esdeveniments en que aquesta associaci\u00f3 participa activament&#8221;.<\/p>\n<p>A l\u2019Institut ROVIRA-FORNS, com a tots els centres educatius, els pares tenim el nostre espai des del qual podem seguir de m\u00e9s a prop el funcionament de l\u2019institut, col\u00b7laborar en diferents temes i ajudar en cas de mancances, tant per pr\u00f2pia iniciativa com si se\u2019ns demana.<\/p>\n<p><strong>Com a Associaci\u00f3 de Mares i Pares d\u2019Alumnes:<\/strong><\/p>\n<ul>\n<li>Tenim representaci\u00f3 al Consell Escolar del centre.<\/li>\n<li>Representem a totes les fam\u00edlies que en s\u00f3n s\u00f2cies, i en cas de demanar-ho, fem de pont d\u2019uni\u00f3 entre elles i l\u2019institut.<\/li>\n<li>Participem activa i econ\u00f2micament a les festes de l\u2019institut com ara Sant Jordi i la Festes de comiat de l&#8217;alumnat<\/li>\n<li>Mantenim contacte amb les Ampas de les altres escoles del municipi a trav\u00e9s de la jornada d\u2019Ampas i el Consell\u00a0 Escolar municipal.<\/li>\n<\/ul>\n<p><strong>Tasques realitzades durant el curs:<\/strong><\/p>\n<ul>\n<li>Obsequi a tots els seus socis d\u2019una carpeta.<\/li>\n<li>Compra de llibres per a la biblioteca.<\/li>\n<li>Aportaci\u00f3 econ\u00f2mica al centre segons necessitats.<\/li>\n<li>Adquisici\u00f3 de materials per al centre (taula de ping-pong, cadires sal d&#8217;actes, etc.)<\/li>\n<li>Tramitaci\u00f3 de la subvenci\u00f3 que dona l\u2019Ajuntament.<\/li>\n<li>Col\u00b7laboraci\u00f3 durant la Jornada de Portes Obertes.<\/li>\n<li>Celebraci\u00f3 de la diada de Sant Jordi amb una contribuci\u00f3 econ\u00f2mica per l\u2019adquisici\u00f3 dels premis de redacci\u00f3, punts de llibre etc. Esmorzar per a tots els alumnes i regal d\u2019un petit obsequi per tots aquells que participen a la jornada.<\/li>\n<li>Celebraci\u00f3 de la festa de comiat de 4t ESO( \u00a0aperitiu, begudes i un obsequi pels alumnes).<\/li>\n<li>Celebraci\u00f3 de la festa de comiat de 2n de batxillerat (igual que amb 4t)<\/li>\n<li>Una assemblea general.<\/li>\n<li>Una reuni\u00f3 de junta cada 3 mesos.<\/li>\n<\/ul>\n","protected":false},"excerpt":{"rendered":"<p>INFORMACI\u00d3 SOCIS AMPA:\u00a0 \u00a0 \u00a0 \u00a0 \u00a0 \u00a0 \u00a0 \u00a0 \u00a0 \u00a0 \u00a0 \u00a0 \u00a0 \u00a0 \u00a0 \u00a0 \u00a0 \u00a0 \u00a0 \u00a0 \u00a0 \u00a0 \u00a0 \u00a0 \u00a0 \u00a0 \u00a0 \u00a0 \u00a0 \u00a0 \u00a0 \u00a0 \u00a0 \u00a0 \u00a0 \u00a0 \u00a0 \u00a0 \u00a0 \u00a0 \u00a0 \u00a0 \u00a0&hellip;  <a href=\"https:\/\/agora.xtec.cat\/iesrovira-forns\/ampa\/\" title=\"Read AMPA\">Llegeix m\u00e9s\u00bb<\/a><\/p>\n","protected":false},"author":1,"featured_media":0,"parent":0,"menu_order":0,"comment_status":"closed","ping_status":"closed","template":"","meta":{"_bbp_topic_count":0,"_bbp_reply_count":0,"_bbp_total_topic_count":0,"_bbp_total_reply_count":0,"_bbp_voice_count":0,"_bbp_anonymous_reply_count":0,"_bbp_topic_count_hidden":0,"_bbp_reply_count_hidden":0,"_bbp_forum_subforum_count":0,"footnotes":""},"class_list":["post-595","page","type-page","status-publish","hentry"],"post_mailing_queue_ids":[],"_links":{"self":[{"href":"https:\/\/agora.xtec.cat\/iesrovira-forns\/wp-json\/wp\/v2\/pages\/595","targetHints":{"allow":["GET"]}}],"collection":[{"href":"https:\/\/agora.xtec.cat\/iesrovira-forns\/wp-json\/wp\/v2\/pages"}],"about":[{"href":"https:\/\/agora.xtec.cat\/iesrovira-forns\/wp-json\/wp\/v2\/types\/page"}],"author":[{"embeddable":true,"href":"https:\/\/agora.xtec.cat\/iesrovira-forns\/wp-json\/wp\/v2\/users\/1"}],"replies":[{"embeddable":true,"href":"https:\/\/agora.xtec.cat\/iesrovira-forns\/wp-json\/wp\/v2\/comments?post=595"}],"version-history":[{"count":5,"href":"https:\/\/agora.xtec.cat\/iesrovira-forns\/wp-json\/wp\/v2\/pages\/595\/revisions"}],"predecessor-version":[{"id":3638,"href":"https:\/\/agora.xtec.cat\/iesrovira-forns\/wp-json\/wp\/v2\/pages\/595\/revisions\/3638"}],"wp:attachment":[{"href":"https:\/\/agora.xtec.cat\/iesrovira-forns\/wp-json\/wp\/v2\/media?parent=595"}],"curies":[{"name":"wp","href":"https:\/\/api.w.org\/{rel}","templated":true}]}}