{"id":55,"date":"2014-09-17T16:59:49","date_gmt":"2014-09-17T16:59:49","guid":{"rendered":"http:\/\/agora.xtec.cat\/iesrovira-forns\/?page_id=55"},"modified":"2021-07-20T10:29:03","modified_gmt":"2021-07-20T08:29:03","slug":"horaris","status":"publish","type":"page","link":"https:\/\/agora.xtec.cat\/iesrovira-forns\/linstitut\/horaris\/","title":{"rendered":"El nostre nom"},"content":{"rendered":"<h5><span style=\"text-decoration: underline;\">El nostre nom<\/span><\/h5>\n<p>El nom del nostre Institut, ROVIRA-FORNS, fa refer\u00e8ncia a dues persones nascudes a Santa Perp\u00e8tua de Mogoda assassinades pels nazis en un dels seus camps d&#8217;extermini.\u00a0El nom, per tant,\u00a0 vol ser un homenatge a aquells que lluitaren contra el nazisme, el feixisme o qualsevol mena d&#8217;injust\u00edcia.<\/p>\n<p>En el seu llibre\u00a0<em>&#8220;Els Catalans als camps nazis&#8221;<\/em>\u00a0l\u2019escriptora Montserrat Roig diu:\u00a0<em>&#8220;Cal remarcar el fet que gaireb\u00e9 tots els catalans v\u00edctimes del\u00a0 nazi-feixisme als camps d&#8217;Alemanya fossin fills de la classe treballadora. Eren els mes desvalguts, els qui menys ajut trobaren per a poder sortir dels camps de concentraci\u00f3 francesos. En sortiren els intel\u00b7lectuals, els de professions liberals, els qui tenien relacions a Fran\u00e7a, els quadres importants dels partits; hi restaren els qui no saberen trobar l&#8217;escletxa per fugir-ne.\u00a0Els qui no tenien ning\u00fa&#8221;<\/em><\/p>\n<p><a href=\"http:\/\/ca.wikipedia.org\/wiki\/Josep_Rovira_i_Prats\" target=\"_blank\" rel=\"noopener noreferrer\"><strong>JOSEP ROVIRA I PRATS<\/strong><\/a><\/p>\n<p><a href=\"https:\/\/agora.xtec.cat\/iesrovira-forns\/wp-content\/uploads\/usu2519\/2021\/07\/rovira2.jpg\"><img loading=\"lazy\" decoding=\"async\" class=\"size-full wp-image-618 alignleft\" src=\"https:\/\/agora.xtec.cat\/iesrovira-forns\/wp-content\/uploads\/usu2519\/2021\/07\/rovira2.jpg\" alt=\"\" width=\"122\" height=\"175\" \/><\/a><\/p>\n<p>Va n\u00e8ixer el 14 d\u2019octubre de 1906 a Santa Perp\u00e8tua de la Mogoda. Va treballar com a mosso en feines del camp i posteriorment en una f\u00e0brica que es dedicava a tenyir teixits a la carretera de Sabadell. Es va casar el 1926 amb M\u00aa Dolors Riera i tingu\u00e9 dos fills: Marcel, nascut el 1927 i Baldomero nascut el 1929. Quan esclat\u00e0 la guerra civil va combatre al costat de la Rep\u00fablica en la famosa &#8220;Columna Durruti&#8221;. Al gener de 1939 quan l&#8217;ex\u00e8rcit feixista del General Franco va ocupar Catalunya, va haver de fugir a Fran\u00e7a on fou internat al camp de &#8220;El Barcar\u00e8s&#8221; (a prop de Perpiny\u00e0). La seva fam\u00edlia (esposa i dos fills) tamb\u00e9 fugiren cap a Fran\u00e7a i ja no el tomaren a veure m\u00e9s. Poc abans d&#8217;esclatar la Segona Guerra Mundial, Fran\u00e7a cre\u00e0 companyies de treballadors que anaven a la frontera amb Alemanya i constru\u00efen fortificacions. En Josep Rovira en form\u00e0 part i quan L&#8217;ex\u00e8rcit nazi va ocupar Fran\u00e7a el feren presoner el juliol de 1940. Va passar pels\u00a0<em>stalgs<\/em>\u00a0(camps de presoners) n\u00ba VIII-C i XII-D. El 25 de gener de 1941 va ser deportat al camp d&#8217;extermini de Mauthausen (Austria), on li assignaren la matr\u00edcula 5063. i posteriorment fou tratraslladat al camp annex de Gussen, on li assignaren la matr\u00edcula 14405 i on fou assassinat a les tristament famoses cambres de gas el 18 de novembre del 1941.<\/p>\n<p><a href=\"http:\/\/ca.wikipedia.org\/wiki\/Projecte_Forns_i_Ninou\" target=\"_blank\" rel=\"noopener noreferrer\"><strong>PROJECTE FORNS I NINOU<\/strong><\/a><\/p>\n<p><a href=\"https:\/\/agora.xtec.cat\/iesrovira-forns\/wp-content\/uploads\/usu2519\/2021\/07\/fotorov1.jpg\"><img loading=\"lazy\" decoding=\"async\" class=\"size-full wp-image-619 alignleft\" src=\"https:\/\/agora.xtec.cat\/iesrovira-forns\/wp-content\/uploads\/usu2519\/2021\/07\/fotorov1.jpg\" alt=\"\" width=\"122\" height=\"169\" \/><\/a><\/p>\n<p>Va n\u00e9ixer el 7 d\u2019agost de 1907 a la Granja Soldevila de Santa Perp\u00e8tua de Mogoda, on la seva fam\u00edlia treballava juntament amb d\u2019altres fam\u00edlies. Posteriorment, nom\u00e9s amb 4 anys, marx\u00e0 a viure a Parets del Vall\u00e8s on treball\u00e0 en dues f\u00e0briques diferents. Fou afeccionat al futbol i al teatre. Jug\u00e0 en el primer equip de futbol que es form\u00e0 a Parets del Vall\u00e8s i form\u00e0 part del grup de teatre d\u2019afeccionats del poble. Es va casar l\u2019any 1932 amb la Francesca Roca i Parera i el 1933 va n\u00e9ixer el seu primer fill,\u00a0Enric Forns. Va tenir un altre fill per\u00f2 va morir als 15 dies de n\u00e9ixer.<\/p>\n<p>En Projecte va ser un home sempre interessat per la pol\u00edtica, va ser membre d&#8217;Estat Catal\u00e0 i en dissoldre&#8217;s aquesta organitzaci\u00f3 s&#8217;integr\u00e0 dins la CNT i, durant el per\u00edode republic\u00e0, arrib\u00e0 a ser regidor del seu poble. En esclatar la guerra l\u2019any 1936 va lluitar al costat de la Rep\u00fablica juntament amb molts d\u2019altres dem\u00f2crates del seu temps. Quan Catalunya fou ocupada per l\u2019ex\u00e8rcit franquista, va fugir a Fran\u00e7a i va anar a parar a un dels camps de refugiats on s\u2019internava els republicans que s\u2019exiliaven.<\/p>\n<p>Quan l\u2019ex\u00e8rcit alemany enva\u00ed Fran\u00e7a, a l\u2019inici de la Segona guerra Mundial, fou capturat i deportat als Stalags VIII-C i XII-D. Finalment s&#8217;estigu\u00e9 al camp d\u2019extermini de Mauthausen on arrib\u00e0 el 25 de gener de 1941 i se li assigna la matr\u00edcula 3856. El 17 de febrer d\u2019aquell mateix any fou traslladat al camp d\u2019extermini de Gussen, on se li assign\u00e0 la matr\u00edcula 9896 i on mor\u00ed assassinat el 7 de novembre de 1941.<\/p>\n","protected":false},"excerpt":{"rendered":"<p>El nostre nom<br \/>\nEl nom del nostre Institut, ROVIRA-FORNS, fa refer\u00e8ncia a dues persones nascudes a Santa Perp\u00e8tua de Mogoda assassinades pels nazis en un dels seus camps d&#8217;extermini.\u00a0El nom, per tant,\u00a0 vol ser un homenatge a aquells que lluitaren contra el nazisme, el feixisme o&hellip;  <a href=\"https:\/\/agora.xtec.cat\/iesrovira-forns\/linstitut\/horaris\/\" title=\"Read El nostre nom\">Llegeix m\u00e9s\u00bb<\/a><\/p>\n","protected":false},"author":1,"featured_media":0,"parent":19,"menu_order":80,"comment_status":"closed","ping_status":"closed","template":"page-templates\/side-menu.php","meta":{"_bbp_topic_count":0,"_bbp_reply_count":0,"_bbp_total_topic_count":0,"_bbp_total_reply_count":0,"_bbp_voice_count":0,"_bbp_anonymous_reply_count":0,"_bbp_topic_count_hidden":0,"_bbp_reply_count_hidden":0,"_bbp_forum_subforum_count":0,"footnotes":""},"class_list":["post-55","page","type-page","status-publish","hentry"],"post_mailing_queue_ids":[],"_links":{"self":[{"href":"https:\/\/agora.xtec.cat\/iesrovira-forns\/wp-json\/wp\/v2\/pages\/55","targetHints":{"allow":["GET"]}}],"collection":[{"href":"https:\/\/agora.xtec.cat\/iesrovira-forns\/wp-json\/wp\/v2\/pages"}],"about":[{"href":"https:\/\/agora.xtec.cat\/iesrovira-forns\/wp-json\/wp\/v2\/types\/page"}],"author":[{"embeddable":true,"href":"https:\/\/agora.xtec.cat\/iesrovira-forns\/wp-json\/wp\/v2\/users\/1"}],"replies":[{"embeddable":true,"href":"https:\/\/agora.xtec.cat\/iesrovira-forns\/wp-json\/wp\/v2\/comments?post=55"}],"version-history":[{"count":1,"href":"https:\/\/agora.xtec.cat\/iesrovira-forns\/wp-json\/wp\/v2\/pages\/55\/revisions"}],"predecessor-version":[{"id":620,"href":"https:\/\/agora.xtec.cat\/iesrovira-forns\/wp-json\/wp\/v2\/pages\/55\/revisions\/620"}],"up":[{"embeddable":true,"href":"https:\/\/agora.xtec.cat\/iesrovira-forns\/wp-json\/wp\/v2\/pages\/19"}],"wp:attachment":[{"href":"https:\/\/agora.xtec.cat\/iesrovira-forns\/wp-json\/wp\/v2\/media?parent=55"}],"curies":[{"name":"wp","href":"https:\/\/api.w.org\/{rel}","templated":true}]}}