{"id":27,"date":"2014-09-17T16:24:03","date_gmt":"2014-09-17T16:24:03","guid":{"rendered":"http:\/\/agora.xtec.cat\/iesrovira-forns\/?page_id=27"},"modified":"2024-09-20T14:04:50","modified_gmt":"2024-09-20T12:04:50","slug":"historia","status":"publish","type":"page","link":"https:\/\/agora.xtec.cat\/iesrovira-forns\/linstitut\/historia\/","title":{"rendered":"La nostra hist\u00f2ria"},"content":{"rendered":"<p style=\"font-weight: 400;\">L&#8217;Institut\u00a0<strong>ROVIRA-FORNS<\/strong>\u00a0va ocupar durant 12 anys els terrenys de l\u2019antiga\u00a0<strong>masia de Can Folguera<\/strong>, una de les m\u00e9s atractives i singulars que ha conegut Santa Perp\u00e8tua. edificada el 1707, fou propietat de la fam\u00edlia Folguera fins el 1881 quan Pere Folguera i Surroca, ofegat pels deutes heretats del pare, va vendre a Antonio L\u00f3pez L\u00f3pez, marqu\u00e9s de Comillas, la masia, les terres i dues mines d\u2019aigua. La mas\u00eda fou habitada per masovers fins el 1972 quan, la construcci\u00f3 de l\u2019actual barri motiv\u00e0 el seu tancament. La casa fou enderrocada el 1979 per decissi\u00f3 de l\u2019Ajuntament.<\/p>\n<p><a href=\"https:\/\/agora.xtec.cat\/iesrovira-forns\/wp-content\/uploads\/usu2519\/2021\/10\/CAN_FOLGUERA2.jpg\"><img loading=\"lazy\" decoding=\"async\" class=\"alignleft size-full wp-image-667\" src=\"https:\/\/agora.xtec.cat\/iesrovira-forns\/wp-content\/uploads\/usu2519\/2021\/10\/CAN_FOLGUERA2.jpg\" alt=\"\" width=\"249\" height=\"180\" \/><\/a><\/p>\n<p style=\"font-weight: 400;\">El 1979 els terrenys del mas acolliren el\u00a0<strong>Col\u00b7legi P\u00fablic Can Folguera<\/strong>, que intentava donar resposta al fort creixement demogr\u00e0fic del barri. \u00c9s curi\u00f3s que precisament aquesta fou l\u2019\u00faltima escola p\u00fablica edificada al poble i tamb\u00e9 fou la primera en tancar per manca d\u2019alumnes l\u2019any 1993.<\/p>\n<p style=\"font-weight: 400;\">A\u00a0partir del curs\u00a0<strong>1994-1995<\/strong>\u00a0el centre pass\u00e0 a ser d\u2019ensenyament secundari, denominant-se en un primer moment com\u00a0<strong>Extensi\u00f3 de l\u2019IES de Santa Perp\u00e8tua<\/strong>,\u00a0acollint alumnes de primer i tercer d\u2019ESO. Des d\u2019aleshores ha anat creixent fins l\u2019actualitat en que s\u2019imparteixen tots els cursos de\u00a0 l\u2019ESO i els dos cursos de batxillerat.<\/p>\n<p style=\"font-weight: 400;\">El curs\u00a0<strong>1998-1999<\/strong> el centre adopt\u00e0 el nom actual de\u00a0<strong>Rovira-Forns<\/strong>, en record de dos fills del poble,\u00a0<strong>Josep Rovira<\/strong>\u00a0i\u00a0<strong>Projecte Forns<\/strong>, que moriren assassinats al camp de concentraci\u00f3 nazi de Gussen durant la Segona Guerra Mundial.<\/p>\n\n\t\t<style type=\"text\/css\">\n\t\t\t#gallery-1 {\n\t\t\t\tmargin: auto;\n\t\t\t}\n\t\t\t#gallery-1 .gallery-item {\n\t\t\t\tfloat: left;\n\t\t\t\tmargin-top: 10px;\n\t\t\t\ttext-align: center;\n\t\t\t\twidth: 33%;\n\t\t\t}\n\t\t\t#gallery-1 img {\n\t\t\t\tborder: 2px solid #cfcfcf;\n\t\t\t}\n\t\t\t#gallery-1 .gallery-caption {\n\t\t\t\tmargin-left: 0;\n\t\t\t}\n\t\t\t\/* see gallery_shortcode() in wp-includes\/media.php *\/\n\t\t<\/style>\n\t\t<div id='gallery-1' class='gallery galleryid-27 gallery-columns-3 gallery-size-medium'><dl class='gallery-item'>\n\t\t\t<dt class='gallery-icon landscape'>\n\t\t\t\t<img loading=\"lazy\" decoding=\"async\" width=\"300\" height=\"234\" src=\"https:\/\/agora.xtec.cat\/iesrovira-forns\/wp-content\/uploads\/usu2519\/2021\/10\/ANTICEDIFICI-e1626694706295-300x234.jpg\" class=\"attachment-medium size-medium\" alt=\"\" srcset=\"https:\/\/agora.xtec.cat\/iesrovira-forns\/wp-content\/uploads\/usu2519\/2021\/10\/ANTICEDIFICI-e1626694706295-300x234.jpg 300w, https:\/\/agora.xtec.cat\/iesrovira-forns\/wp-content\/uploads\/usu2519\/2021\/10\/ANTICEDIFICI-e1626694706295.jpg 552w\" sizes=\"auto, (max-width: 300px) 100vw, 300px\" \/>\n\t\t\t<\/dt><\/dl><dl class='gallery-item'>\n\t\t\t<dt class='gallery-icon landscape'>\n\t\t\t\t<img loading=\"lazy\" decoding=\"async\" width=\"300\" height=\"225\" src=\"https:\/\/agora.xtec.cat\/iesrovira-forns\/wp-content\/uploads\/usu2519\/2021\/07\/anticcc-300x225.jpg\" class=\"attachment-medium size-medium\" alt=\"\" srcset=\"https:\/\/agora.xtec.cat\/iesrovira-forns\/wp-content\/uploads\/usu2519\/2021\/07\/anticcc-300x225.jpg 300w, https:\/\/agora.xtec.cat\/iesrovira-forns\/wp-content\/uploads\/usu2519\/2021\/07\/anticcc-200x150.jpg 200w, https:\/\/agora.xtec.cat\/iesrovira-forns\/wp-content\/uploads\/usu2519\/2021\/07\/anticcc.jpg 575w\" sizes=\"auto, (max-width: 300px) 100vw, 300px\" \/>\n\t\t\t<\/dt><\/dl><dl class='gallery-item'>\n\t\t\t<dt class='gallery-icon landscape'>\n\t\t\t\t<img loading=\"lazy\" decoding=\"async\" width=\"300\" height=\"225\" src=\"https:\/\/agora.xtec.cat\/iesrovira-forns\/wp-content\/uploads\/usu2519\/2021\/07\/antic-300x225.jpg\" class=\"attachment-medium size-medium\" alt=\"\" srcset=\"https:\/\/agora.xtec.cat\/iesrovira-forns\/wp-content\/uploads\/usu2519\/2021\/07\/antic-300x225.jpg 300w, https:\/\/agora.xtec.cat\/iesrovira-forns\/wp-content\/uploads\/usu2519\/2021\/07\/antic-200x150.jpg 200w, https:\/\/agora.xtec.cat\/iesrovira-forns\/wp-content\/uploads\/usu2519\/2021\/07\/antic.jpg 640w\" sizes=\"auto, (max-width: 300px) 100vw, 300px\" \/>\n\t\t\t<\/dt><\/dl><br style=\"clear: both\" \/>\n\t\t<\/div>\n\n<p>&nbsp;<\/p>\n<p style=\"font-weight: 400;\">L\u2019any 2000 l\u2019administraci\u00f3 aprov\u00e0 un Pla estrat\u00e8gic presentat pel centre que abast\u00e0 fins el 2005 i que va permetre assolir alguns dels recursos materials i humans que necessit\u00e0vem. Aquest any tamb\u00e9 fou el de l\u2019inici de les mobilitzacions i actes reivindicatius en favor de la construcci\u00f3 d\u2019un nou edifici per al nostre centre (ocupaci\u00f3 simb\u00f2lica dels nous terrenys, campanya \u201cun duro per l\u2019Institut\u201d, etc.).<\/p>\n<p style=\"font-weight: 400;\"><strong style=\"font-family: inherit; font-size: 1em;\">Finalment, a les acaballes de l&#8217;any 2005 s&#8217;inici\u00e0 la construcci\u00f3 d&#8217;un nou edifici<\/strong><span style=\"font-family: inherit; font-size: 1em;\">\u00a0per al nostre centre, que sens dubte vindria a solucionar els problemes d&#8217;espai i de manca d&#8217;equipaments que hav\u00edem patit al llarg dels anys.<\/span><\/p>\n<p style=\"font-weight: 400;\">L\u2019edifici estava enllestit l\u2019estiu de 2006, per\u00f2 per diversos problemes no el vam poder ocupar fins el gener de 2007 i\u00a0<strong>fou inaugurat oficialment el 30 d&#8217;octubre de 2007<\/strong>\u00a0<strong>pel Conseller Ernest Maragall.<\/strong><\/p>\n<table class=\" aligncenter\" style=\"width: 78.3133%; border-collapse: collapse;\">\n<tbody>\n<tr>\n<td style=\"width: 38.3534%;\"><a href=\"https:\/\/agora.xtec.cat\/iesrovira-forns\/wp-content\/uploads\/usu2519\/2024\/09\/DSC_0101.jpg\"><img loading=\"lazy\" decoding=\"async\" class=\"wp-image-3282 alignleft\" src=\"https:\/\/agora.xtec.cat\/iesrovira-forns\/wp-content\/uploads\/usu2519\/2024\/09\/DSC_0101.jpg\" alt=\"\" width=\"324\" height=\"225\" srcset=\"https:\/\/agora.xtec.cat\/iesrovira-forns\/wp-content\/uploads\/usu2519\/2024\/09\/DSC_0101.jpg 1304w, https:\/\/agora.xtec.cat\/iesrovira-forns\/wp-content\/uploads\/usu2519\/2024\/09\/DSC_0101-300x208.jpg 300w, https:\/\/agora.xtec.cat\/iesrovira-forns\/wp-content\/uploads\/usu2519\/2024\/09\/DSC_0101-1024x710.jpg 1024w, https:\/\/agora.xtec.cat\/iesrovira-forns\/wp-content\/uploads\/usu2519\/2024\/09\/DSC_0101-768x532.jpg 768w\" sizes=\"auto, (max-width: 324px) 100vw, 324px\" \/><\/a><\/td>\n<td style=\"width: 39.9599%;\"><a href=\"https:\/\/agora.xtec.cat\/iesrovira-forns\/wp-content\/uploads\/usu2519\/2024\/09\/PICT0276.jpg\"><img loading=\"lazy\" decoding=\"async\" class=\" wp-image-3284\" src=\"https:\/\/agora.xtec.cat\/iesrovira-forns\/wp-content\/uploads\/usu2519\/2024\/09\/PICT0276.jpg\" alt=\"\" width=\"325\" height=\"244\" srcset=\"https:\/\/agora.xtec.cat\/iesrovira-forns\/wp-content\/uploads\/usu2519\/2024\/09\/PICT0276.jpg 2048w, https:\/\/agora.xtec.cat\/iesrovira-forns\/wp-content\/uploads\/usu2519\/2024\/09\/PICT0276-300x225.jpg 300w, https:\/\/agora.xtec.cat\/iesrovira-forns\/wp-content\/uploads\/usu2519\/2024\/09\/PICT0276-1024x768.jpg 1024w, https:\/\/agora.xtec.cat\/iesrovira-forns\/wp-content\/uploads\/usu2519\/2024\/09\/PICT0276-768x576.jpg 768w, https:\/\/agora.xtec.cat\/iesrovira-forns\/wp-content\/uploads\/usu2519\/2024\/09\/PICT0276-1536x1152.jpg 1536w, https:\/\/agora.xtec.cat\/iesrovira-forns\/wp-content\/uploads\/usu2519\/2024\/09\/PICT0276-200x150.jpg 200w\" sizes=\"auto, (max-width: 325px) 100vw, 325px\" \/><\/a><\/td>\n<\/tr>\n<\/tbody>\n<\/table>\n<p>Entre el 2016 i el 2021 es van fer diverses ampliacions de l&#8217;edifici, que suposaren disposar de 5 noves aules, que van donar resposta a l&#8217;augment de poblaci\u00f3 que es va experimentar aquells anys.<\/p>\n<p>L&#8217;any 2024 hem celebrat el nostre 30\u00e8 aniversari.<\/p>\n","protected":false},"excerpt":{"rendered":"<p>L&#8217;Institut\u00a0ROVIRA-FORNS\u00a0va ocupar durant 12 anys els terrenys de l\u2019antiga\u00a0masia de Can Folguera, una de les m\u00e9s atractives i singulars que ha conegut Santa Perp\u00e8tua. edificada el 1707, fou propietat de la fam\u00edlia Folguera fins el 1881 quan Pere Folguera i Surroca, ofegat pels deutes heretats&hellip;  <a href=\"https:\/\/agora.xtec.cat\/iesrovira-forns\/linstitut\/historia\/\" title=\"Read La nostra hist\u00f2ria\">Llegeix m\u00e9s\u00bb<\/a><\/p>\n","protected":false},"author":1,"featured_media":0,"parent":19,"menu_order":20,"comment_status":"closed","ping_status":"closed","template":"","meta":{"_bbp_topic_count":0,"_bbp_reply_count":0,"_bbp_total_topic_count":0,"_bbp_total_reply_count":0,"_bbp_voice_count":0,"_bbp_anonymous_reply_count":0,"_bbp_topic_count_hidden":0,"_bbp_reply_count_hidden":0,"_bbp_forum_subforum_count":0,"footnotes":""},"class_list":["post-27","page","type-page","status-publish","hentry"],"post_mailing_queue_ids":[],"_links":{"self":[{"href":"https:\/\/agora.xtec.cat\/iesrovira-forns\/wp-json\/wp\/v2\/pages\/27","targetHints":{"allow":["GET"]}}],"collection":[{"href":"https:\/\/agora.xtec.cat\/iesrovira-forns\/wp-json\/wp\/v2\/pages"}],"about":[{"href":"https:\/\/agora.xtec.cat\/iesrovira-forns\/wp-json\/wp\/v2\/types\/page"}],"author":[{"embeddable":true,"href":"https:\/\/agora.xtec.cat\/iesrovira-forns\/wp-json\/wp\/v2\/users\/1"}],"replies":[{"embeddable":true,"href":"https:\/\/agora.xtec.cat\/iesrovira-forns\/wp-json\/wp\/v2\/comments?post=27"}],"version-history":[{"count":6,"href":"https:\/\/agora.xtec.cat\/iesrovira-forns\/wp-json\/wp\/v2\/pages\/27\/revisions"}],"predecessor-version":[{"id":3285,"href":"https:\/\/agora.xtec.cat\/iesrovira-forns\/wp-json\/wp\/v2\/pages\/27\/revisions\/3285"}],"up":[{"embeddable":true,"href":"https:\/\/agora.xtec.cat\/iesrovira-forns\/wp-json\/wp\/v2\/pages\/19"}],"wp:attachment":[{"href":"https:\/\/agora.xtec.cat\/iesrovira-forns\/wp-json\/wp\/v2\/media?parent=27"}],"curies":[{"name":"wp","href":"https:\/\/api.w.org\/{rel}","templated":true}]}}