{"id":2535,"date":"2023-09-19T09:18:27","date_gmt":"2023-09-19T07:18:27","guid":{"rendered":"https:\/\/agora.xtec.cat\/iesrovira-forns\/?page_id=2535"},"modified":"2025-05-08T11:07:59","modified_gmt":"2025-05-08T09:07:59","slug":"documentacio-de-centre","status":"publish","type":"page","link":"https:\/\/agora.xtec.cat\/iesrovira-forns\/documentacio-de-centre\/","title":{"rendered":"Documentaci\u00f3 de centre"},"content":{"rendered":"<h3 style=\"text-align: center;\"><span style=\"text-decoration: underline;\"><strong>DOCUMENTACI\u00d3 ADMINISTRATIVA<\/strong><\/span><\/h3>\n<table style=\"border-collapse: collapse; width: 14.0955%;\">\n<tbody>\n<tr>\n<td style=\"width: 100%; border-style: solid;\"><strong style=\"font-size: 16px;\">Certificat de catal\u00e0<\/strong><\/td>\n<\/tr>\n<\/tbody>\n<\/table>\n<h6><strong><span style=\"color: #808080;\">Requeriments<\/span><\/strong><\/h6>\n<ul>\n<li>Escolaritzaci\u00f3 complerta a Catalunya (des de l\u2019EGB o Prim\u00e0ria).<\/li>\n<li>No haver estat exempt de catal\u00e0.<\/li>\n<li>Inici de l\u2019escolaritzaci\u00f3 a partir del curs 1978-79. (Amb l&#8217;any 1972 incl\u00f2s)<\/li>\n<li>Si has nascut abans del 1972 i vols obtenir el certificat de catal\u00e0 has de dirigir-te al Departament d\u2019Educaci\u00f3.<\/li>\n<\/ul>\n<h6><span style=\"color: #808080;\"><strong>Com es sol\u00b7licita?<\/strong><\/span><\/h6>\n<p>Si no viviu a Santa Perp\u00e8tua de Mogoda o no sou exalumnes us recomanem que el demaneu a l\u2019institut p\u00fablic m\u00e9s proper al vostre domicili.<\/p>\n<p>PRESENCIALMENT: Portar a la Secretaria del centre la sol\u00b7licitud complimentada i la documentaci\u00f3 que s\u2019indica a la taula d\u2019equival\u00e8ncies amb el DNI de la persona que sol\u00b7licita el certificat.<\/p>\n<p>PER CORREU ELECTR\u00d3NIC: Enviar al correu\u00a0<strong>a8053236@xtec.cat<\/strong>\u00a0 amb la sol\u00b7licitud complimentada i la documentaci\u00f3 que s\u2019indica a la taula d\u2019equival\u00e8ncies<\/p>\n<p style=\"text-align: center;\"><span style=\"text-decoration: underline;\"><a href=\"https:\/\/agora.xtec.cat\/iesrovira-forns\/wp-content\/uploads\/usu2519\/2023\/06\/Sollicitud-catala_B2_C1.pdf\"><em>Descarrega aqu\u00ed la sol\u00b7licitud\u00a0<\/em><\/a><\/span><\/p>\n<h6><span style=\"color: #808080;\"><strong>Documentaci\u00f3 a aportar i Taula d\u2019equival\u00e8ncies<\/strong><\/span><\/h6>\n<table style=\"border-collapse: collapse; width: 100%; height: 288px;\">\n<tbody>\n<tr style=\"height: 32px;\">\n<td style=\"width: 33.3333%; height: 32px; text-align: center;\">\n<h5><strong>ESTUDIS REALITZATS<\/strong><\/h5>\n<\/td>\n<td style=\"width: 33.3333%; height: 32px; text-align: center;\">\n<h5><strong>CAL HAVER ESTUDIAT A CATALUNYA<\/strong><\/h5>\n<\/td>\n<td style=\"width: 33.3333%; height: 32px; text-align: center;\">\n<h5><strong>DOCUMENTS QUE CAL PRESENTAR<\/strong><\/h5>\n<\/td>\n<\/tr>\n<tr style=\"height: 32px;\">\n<td style=\"width: 99.9999%; height: 32px;\" colspan=\"3\">\n<h6>NIVELL B2<\/h6>\n<\/td>\n<\/tr>\n<tr style=\"height: 32px;\">\n<td style=\"width: 33.3333%; height: 32px;\">EGB \/ FP1<\/td>\n<td style=\"width: 33.3333%; height: 32px;\">Totalitat de l\u2019EGB i s\u2019hagi cursat la mat\u00e8ria de llengua catalana en la totalitat dels estudis esmentats a partir del curs 1978-1979.Totalitat de l\u2019EGB i FP1 i s\u2019hagi cursat la mat\u00e8ria de llengua catalana en la totalitat dels estudis esmentats a partir del curs 1978-1979.<\/td>\n<td style=\"width: 33.3333%; height: 32px;\">Original i fotoc\u00f2pia DNIOriginal i fotoc\u00f2pia de les p\u00e0gines de la CERTIFICACI\u00d3 D\u2019ANYS D\u2019ESCOLARITAT del llibre d\u2019escolaritat de<span style=\"color: #3366ff;\">\u00a0<\/span><strong><span style=\"color: #3366ff;\">l\u2019EGB<\/span>\u00a0<\/strong>o certificat acreditatiu*<\/p>\n<p>Original i fotoc\u00f2pia de les notes finals de tots els cursos de\u00a0<span style=\"color: #3366ff;\"><strong>FP1\u00a0<\/strong><\/span>o certificat acreditatiu*<\/td>\n<\/tr>\n<tr style=\"height: 32px;\">\n<td style=\"width: 33.3333%; height: 32px;\">ESO<\/td>\n<td style=\"width: 33.3333%; height: 32px;\">Totalitat de l\u2019 ESO i, com a m\u00ednim, quatre cursos de l\u2019educaci\u00f3 prim\u00e0ria a centres de l\u2019Arag\u00f3<\/td>\n<td style=\"width: 33.3333%; height: 32px;\">Original i fotoc\u00f2pia DNIOriginal i fotoc\u00f2pia de les p\u00e0gines de la CERTIFICACI\u00d3 D\u2019ANYS D\u2019ESCOLARITAT del llibre d\u2019escolaritat de\u00a0<strong><span style=\"color: #3366ff;\">Prim\u00e0ria<\/span> <span style=\"color: #3366ff;\">i Secund\u00e0ria\u00a0<\/span><\/strong>, historial acad\u00e8mic o certificat acreditatiu*<\/td>\n<\/tr>\n<tr style=\"height: 32px;\">\n<td style=\"width: 99.9999%; height: 32px;\" colspan=\"3\">\n<h6><strong>NIVELL C1<\/strong><\/h6>\n<\/td>\n<\/tr>\n<tr style=\"height: 32px;\">\n<td style=\"width: 33.3333%; height: 32px;\">BUP<\/td>\n<td>Totalitat l\u2019EGB i BUP i s\u2019hagi cursat de manera oficial la mat\u00e8ria de llengua catalana en la totalitat dels estudis esmentats a partir del curs 1978-1979.<\/td>\n<td style=\"width: 33.3333%; height: 32px;\">Original i fotoc\u00f2pia DNIOriginal i fotoc\u00f2pia de les p\u00e0gines de la CERTIFICACI\u00d3 D\u2019ANYS D\u2019ESCOLARITAT del llibre d\u2019escolaritat de\u00a0<strong><span style=\"color: #3366ff;\">l\u2019EGB<\/span>, , <span style=\"color: #3366ff;\">historial acad\u00e8mic<\/span>\u00a0<\/strong>o certificat acreditatiu*<\/p>\n<p>Original i fotoc\u00f2pia de les notes finals de tots els cursos de\u00a0<strong><span style=\"color: #3366ff;\">BUP\u00a0o certificat acreditatiu<\/span>*<\/strong><\/td>\n<\/tr>\n<tr style=\"height: 32px;\">\n<td style=\"width: 33.3333%; height: 32px;\">FP2<\/td>\n<td style=\"width: 33.3333%;\" width=\"177\">Totalitat l\u2019EGB, FP1 i FP2 \u00a0i s\u2019hagi cursat de manera oficial la mat\u00e8ria de llengua catalana en la totalitat dels estudis esmentats.<\/td>\n<td style=\"width: 33.3333%; height: 32px;\">Original i fotoc\u00f2pia DNIOriginal i fotoc\u00f2pia de les p\u00e0gines de la CERTIFICACI\u00d3 D\u2019ANYS D\u2019ESCOLARITAT del llibre d\u2019escolaritat de\u00a0<strong><span style=\"color: #3366ff;\">l\u2019EGB,<\/span>\u00a0<\/strong>historial acad\u00e8mic o certificat acreditatiu*<\/p>\n<p>Original i fotoc\u00f2pia de les notes finals de tots els cursos de\u00a0<span style=\"color: #3366ff;\"><strong>FP1<\/strong>\u00a0i\u00a0<\/span><strong><span style=\"color: #3366ff;\">FP2<\/span>\u00a0<\/strong>o certificat acreditatiu*<\/td>\n<\/tr>\n<tr style=\"height: 32px;\">\n<td style=\"width: 33.3333%; height: 32px;\">BATXILLERAT<\/td>\n<td style=\"width: 33.3333%; height: 32px;\">3 cursos qualsevols de Prim\u00e0ria i 5 qualsevols entre ESO i BATX\u00a0i s\u2019hagi cursat la mat\u00e8ria de llengua catalana en la totalitat dels estudis m\u00ednims esmentats.<\/td>\n<td style=\"width: 33.3333%; height: 32px;\">Original i fotoc\u00f2pia DNIOriginal i fotoc\u00f2pia de les p\u00e0gines de la CERTIFICACI\u00d3 D\u2019ANYS D\u2019ESCOLARITAT del llibre d\u2019escolaritat de\u00a0<span style=\"color: #3366ff;\"><strong>Prim\u00e0ria i Secund\u00e0ria<\/strong><\/span>, historial acad\u00e8mic o certificat acreditatiu*<\/p>\n<p>Original i fotoc\u00f2pia de les notes finals de tots els cursos de\u00a0<span style=\"color: #3366ff;\"><strong>Batxillerat<\/strong><\/span><\/td>\n<\/tr>\n<tr style=\"height: 32px;\">\n<td style=\"width: 33.3333%; height: 32px;\">ESO<\/td>\n<td style=\"width: 33.3333%; height: 32px;\">3 cursos qualsevols de Prim\u00e0ria i tota l\u2019ESO s\u2019hagi cursat i aprovat la mat\u00e8ria de llengua catalana en la totalitat dels estudis m\u00ednims esmentats<strong>.<\/strong>\u00a0Aquesta equival\u00e8ncia \u00e9s d\u2019aplicaci\u00f3 a partir del curs 2007-2008, sense car\u00e0cter retroactiu.<\/td>\n<td style=\"width: 33.3333%; height: 32px;\">Original i fotoc\u00f2pia DNIOriginal i fotoc\u00f2pia de les p\u00e0gines de la CERTIFICACI\u00d3 D\u2019ANYS D\u2019ESCOLARITAT del llibre d\u2019escolaritat de\u00a0<strong><span style=\"color: #3366ff;\">Prim\u00e0ria i Secund\u00e0ria<\/span>,\u00a0<\/strong>historial acad\u00e8mic o certificat acreditatiu*<\/td>\n<\/tr>\n<\/tbody>\n<\/table>\n<p>&nbsp;<\/p>\n<table style=\"border-collapse: collapse; width: 25.2897%;\">\n<tbody>\n<tr>\n<td style=\"width: 100%; border-style: solid;\"><strong style=\"font-size: 16px;\">Sol\u00b7licitud de t\u00edtols (ESO i Batxillerat)<\/strong><\/td>\n<\/tr>\n<\/tbody>\n<\/table>\n<p><span style=\"text-decoration: underline;\"><strong>ESO<\/strong><\/span><\/p>\n<h6><strong><span style=\"color: #808080;\">Com es sol\u00b7licita?<\/span><\/strong><\/h6>\n<p>A final de curs a tots els alumnes que han obtingut el Graduat de l\u2019ESO, Secretaria inicia tots els tr\u00e0mits necessaris per la sol\u00b7licitud del t\u00edtol.<\/p>\n<p>L\u2019alumne, pares o tutors, han de venir a Secretaria a recollir el resguard del t\u00edtol (al juny o setembre segons sigui el cas), que far\u00e0 les funcions de t\u00edtol fins que el Consorci d\u2019Educaci\u00f3 faci la tramesa del t\u00edtol al centre.<\/p>\n<p>Una vegada s&#8217;ha rebut el\u00a0t\u00edtol,\u00a0el centre\u00a0comunicar\u00e0\u00a0a les fam\u00edlies que poden passar a recollir-lo. (aproximadament\u00a0passen\u00a0dos\u00a0anys\u00a0des de\u00a0la sol\u00b7licitud del mateix)<\/p>\n<p><span style=\"text-decoration: underline;\"><strong>Batxillerat<\/strong><\/span><\/p>\n<h6><strong><span style=\"color: #808080;\">Com es sol\u00b7licita?<\/span><\/strong><\/h6>\n<p>A final de curs tots els alumnes que han obtingut la titulaci\u00f3 de Batxillerat, han de sol\u00b7licitar el t\u00edtol mitjan\u00e7ant la seg\u00fcent p\u00e0gina web i seguir els passos que s&#8217;indica a l&#8217;aplicatiu.<\/p>\n<p><strong><a href=\"https:\/\/educacio.gencat.cat\/ca\/tramits\/tramits-temes\/titols-academics-no-universitaris\">https:\/\/educacio.gencat.cat\/ca\/tramits\/tramits-temes\/titols-academics-no-universitaris<\/a><\/strong><\/p>\n<p>&nbsp;<\/p>\n<h6><strong><span style=\"color: #808080;\">P\u00e8rdua del t\u00edtol tant de l&#8217;ESO com de Batxillerat<\/span><\/strong><\/h6>\n<p>En cas de p\u00e8rdua s&#8217;ha de demanar el duplicat, a la seg\u00fcent p\u00e0gina web i seguir els passos que s&#8217;indica a l&#8217;aplicatiu:<\/p>\n<p><a href=\"https:\/\/educacio.gencat.cat\/ca\/tramits\/tramits-temes\/titols-academics-no-universitaris\"><strong>https:\/\/educacio.gencat.cat\/ca\/tramits\/tramits-temes\/titols-academics-no-universitaris<\/strong><\/a><\/p>\n","protected":false},"excerpt":{"rendered":"<p>DOCUMENTACI\u00d3 ADMINISTRATIVA<\/p>\n<p>Certificat de catal\u00e0<\/p>\n<p>Requeriments<\/p>\n<ul>\n<li>Escolaritzaci\u00f3 complerta a Catalunya (des de l\u2019EGB o Prim\u00e0ria).<\/li>\n<li>No haver estat exempt de catal\u00e0.<\/li>\n<li>Inici de l\u2019escolaritzaci\u00f3 a partir del curs 1978-79. (Amb l&#8217;any 1972 incl\u00f2s)<\/li>\n<li>Si has nascut abans del 1972 i vols obtenir el certificat de catal\u00e0 has de dirigir-te al Departament&hellip;  <a href=\"https:\/\/agora.xtec.cat\/iesrovira-forns\/documentacio-de-centre\/\" title=\"Read Documentaci\u00f3 de centre\">Llegeix m\u00e9s\u00bb<\/a><br \/>\n","protected":false},"author":1,"featured_media":0,"parent":0,"menu_order":0,"comment_status":"closed","ping_status":"closed","template":"","meta":{"_bbp_topic_count":0,"_bbp_reply_count":0,"_bbp_total_topic_count":0,"_bbp_total_reply_count":0,"_bbp_voice_count":0,"_bbp_anonymous_reply_count":0,"_bbp_topic_count_hidden":0,"_bbp_reply_count_hidden":0,"_bbp_forum_subforum_count":0,"footnotes":""},"class_list":["post-2535","page","type-page","status-publish","hentry"],"post_mailing_queue_ids":[],"_links":{"self":[{"href":"https:\/\/agora.xtec.cat\/iesrovira-forns\/wp-json\/wp\/v2\/pages\/2535","targetHints":{"allow":["GET"]}}],"collection":[{"href":"https:\/\/agora.xtec.cat\/iesrovira-forns\/wp-json\/wp\/v2\/pages"}],"about":[{"href":"https:\/\/agora.xtec.cat\/iesrovira-forns\/wp-json\/wp\/v2\/types\/page"}],"author":[{"embeddable":true,"href":"https:\/\/agora.xtec.cat\/iesrovira-forns\/wp-json\/wp\/v2\/users\/1"}],"replies":[{"embeddable":true,"href":"https:\/\/agora.xtec.cat\/iesrovira-forns\/wp-json\/wp\/v2\/comments?post=2535"}],"version-history":[{"count":5,"href":"https:\/\/agora.xtec.cat\/iesrovira-forns\/wp-json\/wp\/v2\/pages\/2535\/revisions"}],"predecessor-version":[{"id":3568,"href":"https:\/\/agora.xtec.cat\/iesrovira-forns\/wp-json\/wp\/v2\/pages\/2535\/revisions\/3568"}],"wp:attachment":[{"href":"https:\/\/agora.xtec.cat\/iesrovira-forns\/wp-json\/wp\/v2\/media?parent=2535"}],"curies":[{"name":"wp","href":"https:\/\/api.w.org\/{rel}","templated":true}]}}