{"id":7221,"date":"2017-10-18T09:11:43","date_gmt":"2017-10-18T07:11:43","guid":{"rendered":"http:\/\/agora.xtec.cat\/iesroquetes\/?page_id=7221"},"modified":"2024-09-08T19:26:59","modified_gmt":"2024-09-08T17:26:59","slug":"consulta-oberta","status":"publish","type":"page","link":"https:\/\/agora.xtec.cat\/iesroquetes\/activitats\/consulta-oberta\/","title":{"rendered":"Consulta oberta"},"content":{"rendered":"<p><a href=\"https:\/\/agora.xtec.cat\/iesroquetes\/wp-content\/uploads\/usu997\/2024\/09\/HORARI-Consulta-Oberta-24_25-1.jpg\"><img loading=\"lazy\" decoding=\"async\" class=\"wp-image-28121 aligncenter\" src=\"https:\/\/agora.xtec.cat\/iesroquetes\/wp-content\/uploads\/usu997\/2024\/09\/HORARI-Consulta-Oberta-24_25-1-1024x1024.jpg\" alt=\"\" width=\"600\" height=\"600\" srcset=\"https:\/\/agora.xtec.cat\/iesroquetes\/wp-content\/uploads\/usu997\/2024\/09\/HORARI-Consulta-Oberta-24_25-1-1024x1024.jpg 1024w, https:\/\/agora.xtec.cat\/iesroquetes\/wp-content\/uploads\/usu997\/2024\/09\/HORARI-Consulta-Oberta-24_25-1-300x300.jpg 300w, https:\/\/agora.xtec.cat\/iesroquetes\/wp-content\/uploads\/usu997\/2024\/09\/HORARI-Consulta-Oberta-24_25-1-150x150.jpg 150w, https:\/\/agora.xtec.cat\/iesroquetes\/wp-content\/uploads\/usu997\/2024\/09\/HORARI-Consulta-Oberta-24_25-1-768x768.jpg 768w, https:\/\/agora.xtec.cat\/iesroquetes\/wp-content\/uploads\/usu997\/2024\/09\/HORARI-Consulta-Oberta-24_25-1.jpg 1080w\" sizes=\"auto, (max-width: 600px) 100vw, 600px\" \/><\/a><\/p>\n<p>Podeu demanar aquest servei del programa <strong>SALUT i ESCOLA<\/strong> per consultar tot all\u00f2 que faci refer\u00e8ncia a la vostra salut:<\/p>\n<ul>\n<li>Alimentaci\u00f3<\/li>\n<li>Problemes del son<\/li>\n<li>Sexualitat<\/li>\n<li>Estat d\u2019\u00e0nim<\/li>\n<li>Etc.<\/li>\n<\/ul>\n<p>La consulta oberta comen\u00e7ar\u00e0 <strong>a partir del 25 de setembre<\/strong>. Us podeu apuntar mitjan\u00e7ant el seg\u00fcent enlla\u00e7 al formulari Google Forms:<\/p>\n<h4><strong>FEU CLICK <a href=\"https:\/\/forms.gle\/EUksmbT6zhKC6UFW7\" target=\"_blank\" rel=\"noopener\">AQU\u00cd<\/a> PER A APUNTAR-VOS (IMPORTANT!!!! Heu d&#8217;estar amb la sessi\u00f3 iniciada al correu del centre) .<\/strong><\/h4>\n<h6><strong>Si teniu qualsevol problema amb el formulari, podeu escriure&#8217;ns a: aida.martorell@institutroquetes.cat<\/strong><\/h6>\n<p>Us deixem el <strong>Power Point explicatiu<\/strong> del programa SALUT i ESCOLA. Compte, que<strong> el curs 24-25 s&#8217;ha actualitzat l&#8217;horari<\/strong> de visita dels dimecres i <strong>ara \u00e9s de 12:30 a 14:30<\/strong>, no com diu en la presetaci\u00f3.<\/p>\n<div style=\"position: relative; width: 100%; height: 0; padding-top: 56.2500%; padding-bottom: 48px; box-shadow: 0 2px 8px 0 rgba(63,69,81,0.16); margin-top: 1.6em; margin-bottom: 0.9em; overflow: hidden; border-radius: 8px; will-change: transform;\"><iframe style=\"position: absolute; width: 100%; height: 100%; top: 0; left: 0; border: none; padding: 0; margin: 0;\" src=\"https:\/\/www.canva.com\/design\/DAFMGnpIYi8\/view?embed\" allowfullscreen=\"allowfullscreen\"><br \/>\n<\/iframe><\/div>\n","protected":false},"excerpt":{"rendered":"<p>Podeu demanar aquest servei del programa SALUT i ESCOLA per consultar tot all\u00f2 que faci refer\u00e8ncia a la vostra salut: Alimentaci\u00f3 Problemes del son Sexualitat Estat d\u2019\u00e0nim Etc. La consulta oberta comen\u00e7ar\u00e0 a partir del 25 de setembre. Us podeu apuntar mitjan\u00e7ant el seg\u00fcent enlla\u00e7 al formulari Google Forms: FEU CLICK AQU\u00cd PER A APUNTAR-VOS [&hellip;]<\/p>\n","protected":false},"author":1,"featured_media":0,"parent":63,"menu_order":0,"comment_status":"closed","ping_status":"closed","template":"page-templates\/side-menu.php","meta":{"_bbp_topic_count":0,"_bbp_reply_count":0,"_bbp_total_topic_count":0,"_bbp_total_reply_count":0,"_bbp_voice_count":0,"_bbp_anonymous_reply_count":0,"_bbp_topic_count_hidden":0,"_bbp_reply_count_hidden":0,"_bbp_forum_subforum_count":0,"site-sidebar-layout":"default","site-content-layout":"","ast-site-content-layout":"","site-content-style":"default","site-sidebar-style":"default","ast-global-header-display":"","ast-banner-title-visibility":"","ast-main-header-display":"","ast-hfb-above-header-display":"","ast-hfb-below-header-display":"","ast-hfb-mobile-header-display":"","site-post-title":"","ast-breadcrumbs-content":"","ast-featured-img":"","footer-sml-layout":"","theme-transparent-header-meta":"","adv-header-id-meta":"","stick-header-meta":"","header-above-stick-meta":"","header-main-stick-meta":"","header-below-stick-meta":"","astra-migrate-meta-layouts":"default","ast-page-background-enabled":"default","ast-page-background-meta":{"desktop":{"background-color":"var(--ast-global-color-4)","background-image":"","background-repeat":"repeat","background-position":"center center","background-size":"auto","background-attachment":"scroll","background-type":"","background-media":"","overlay-type":"","overlay-color":"","overlay-opacity":"","overlay-gradient":""},"tablet":{"background-color":"","background-image":"","background-repeat":"repeat","background-position":"center center","background-size":"auto","background-attachment":"scroll","background-type":"","background-media":"","overlay-type":"","overlay-color":"","overlay-opacity":"","overlay-gradient":""},"mobile":{"background-color":"","background-image":"","background-repeat":"repeat","background-position":"center center","background-size":"auto","background-attachment":"scroll","background-type":"","background-media":"","overlay-type":"","overlay-color":"","overlay-opacity":"","overlay-gradient":""}},"ast-content-background-meta":{"desktop":{"background-color":"var(--ast-global-color-5)","background-image":"","background-repeat":"repeat","background-position":"center center","background-size":"auto","background-attachment":"scroll","background-type":"","background-media":"","overlay-type":"","overlay-color":"","overlay-opacity":"","overlay-gradient":""},"tablet":{"background-color":"var(--ast-global-color-5)","background-image":"","background-repeat":"repeat","background-position":"center center","background-size":"auto","background-attachment":"scroll","background-type":"","background-media":"","overlay-type":"","overlay-color":"","overlay-opacity":"","overlay-gradient":""},"mobile":{"background-color":"var(--ast-global-color-5)","background-image":"","background-repeat":"repeat","background-position":"center center","background-size":"auto","background-attachment":"scroll","background-type":"","background-media":"","overlay-type":"","overlay-color":"","overlay-opacity":"","overlay-gradient":""}},"footnotes":""},"class_list":["post-7221","page","type-page","status-publish","hentry"],"post_mailing_queue_ids":[],"_links":{"self":[{"href":"https:\/\/agora.xtec.cat\/iesroquetes\/wp-json\/wp\/v2\/pages\/7221","targetHints":{"allow":["GET"]}}],"collection":[{"href":"https:\/\/agora.xtec.cat\/iesroquetes\/wp-json\/wp\/v2\/pages"}],"about":[{"href":"https:\/\/agora.xtec.cat\/iesroquetes\/wp-json\/wp\/v2\/types\/page"}],"author":[{"embeddable":true,"href":"https:\/\/agora.xtec.cat\/iesroquetes\/wp-json\/wp\/v2\/users\/1"}],"replies":[{"embeddable":true,"href":"https:\/\/agora.xtec.cat\/iesroquetes\/wp-json\/wp\/v2\/comments?post=7221"}],"version-history":[{"count":6,"href":"https:\/\/agora.xtec.cat\/iesroquetes\/wp-json\/wp\/v2\/pages\/7221\/revisions"}],"predecessor-version":[{"id":28122,"href":"https:\/\/agora.xtec.cat\/iesroquetes\/wp-json\/wp\/v2\/pages\/7221\/revisions\/28122"}],"up":[{"embeddable":true,"href":"https:\/\/agora.xtec.cat\/iesroquetes\/wp-json\/wp\/v2\/pages\/63"}],"wp:attachment":[{"href":"https:\/\/agora.xtec.cat\/iesroquetes\/wp-json\/wp\/v2\/media?parent=7221"}],"curies":[{"name":"wp","href":"https:\/\/api.w.org\/{rel}","templated":true}]}}