{"id":69,"date":"2014-09-18T10:15:07","date_gmt":"2014-09-18T09:15:07","guid":{"rendered":"http:\/\/agora.xtec.cat\/iesroquetes\/?page_id=69"},"modified":"2025-01-23T13:59:01","modified_gmt":"2025-01-23T12:59:01","slug":"grup-teatre","status":"publish","type":"page","link":"https:\/\/agora.xtec.cat\/iesroquetes\/activitats\/grup-teatre\/","title":{"rendered":"Grup de teatre &#8220;Joglaresca&#8221;"},"content":{"rendered":"<p style=\"text-align: justify;\"><a href=\"http:\/\/agora.xtec.cat\/iesroquetes\/wp-content\/uploads\/usu997\/2014\/09\/moixons2.jpg\"><img loading=\"lazy\" decoding=\"async\" class=\"alignleft wp-image-4018 size-medium\" src=\"http:\/\/agora.xtec.cat\/iesroquetes\/wp-content\/uploads\/usu997\/2014\/09\/moixons2-300x242.jpg\" alt=\"moixons2\" width=\"300\" height=\"242\" srcset=\"https:\/\/agora.xtec.cat\/iesroquetes\/wp-content\/uploads\/usu997\/2014\/09\/moixons2-300x242.jpg 300w, https:\/\/agora.xtec.cat\/iesroquetes\/wp-content\/uploads\/usu997\/2014\/09\/moixons2-768x619.jpg 768w, https:\/\/agora.xtec.cat\/iesroquetes\/wp-content\/uploads\/usu997\/2014\/09\/moixons2-1024x825.jpg 1024w, https:\/\/agora.xtec.cat\/iesroquetes\/wp-content\/uploads\/usu997\/2014\/09\/moixons2.jpg 2048w\" sizes=\"auto, (max-width: 300px) 100vw, 300px\" \/><\/a>Aquesta \u00e9s la secci\u00f3 del grup de teatre <strong>Joglaresca<\/strong>, creat a l\u2019Institut de Roquetes l\u2019any <strong>2013<\/strong>. Est\u00e0 format per alumnat del centre, des dels primers cursos d\u2019ESO fins 2n de Batxillerat, FP B\u00e0sica i Cicles.<\/p>\n<p style=\"text-align: justify;\">El grup Joglaresca es va fundar arran de la gran inquietud teatral i liter\u00e0ria d\u2019un grup d\u2019alumnes de Batxillerat de l\u2019Institut de Roquetes i ha funcionat de manera ininterrompuda fins l&#8217;actualitat. En principi, el prop\u00f2sit era portar als escenaris algunes de les principals obres cl\u00e0ssiques de la Literatura Universal, tot i comptar amb un elenc d\u2019actrius i actors amb escassa experi\u00e8ncia teatral.<\/p>\n<p style=\"text-align: justify;\">L\u2019\u00e8xit de la iniciativa, mirat ja amb la perspectiva dels anys, ha estat considerable, ja que partint d\u2019un total d\u2019uns 15 alumnes en els inicis, en l\u2019actualitat comptem amb un grup variable d&#8217;entre 20 i 30 actors i m\u00fasics que participen en els nostres projectes.<\/p>\n<p style=\"text-align: justify;\">Durant el<strong> curs 13-14<\/strong> vam representar la tragicom\u00e8dia \u201c<strong>La Celestina<\/strong>\u201d de Fernando de Rojas, a la Mostra de Teatre Escolar del Baix Ebre i a La Lira de Roquetes, en versi\u00f3 original castellana adaptada.<\/p>\n<p style=\"text-align: justify;\">El <strong>curs 14-15<\/strong> vam fer \u201c<strong>Els moixons<\/strong>\u201c, versi\u00f3 lliure en llengua catalana de la com\u00e8dia \u201c<strong>Els ocells<\/strong>\u201d d\u2019Arist\u00f2fanes, un dels cl\u00e0ssics del teatre c\u00f2mic de l\u2019Antiga Gr\u00e8cia. De forma semblant, vam estrenar-la durant la Mostra de Teatre realitzada entre abril i maig i organitzada pel Centre de Recursos Pedag\u00f2gics del Baix Ebre, i vam rematar la temporada amb una altra actuaci\u00f3 a l\u2019Espai Patronat de Tortosa, amb una notable aflu\u00e8ncia de p\u00fablic.<a href=\"http:\/\/agora.xtec.cat\/iesroquetes\/wp-content\/uploads\/usu997\/2014\/09\/joglaresca.jpg\"><img loading=\"lazy\" decoding=\"async\" class=\"alignright wp-image-4023\" src=\"http:\/\/agora.xtec.cat\/iesroquetes\/wp-content\/uploads\/usu997\/2014\/09\/joglaresca-300x169.jpg\" alt=\"joglaresca\" width=\"400\" height=\"226\" srcset=\"https:\/\/agora.xtec.cat\/iesroquetes\/wp-content\/uploads\/usu997\/2014\/09\/joglaresca-300x169.jpg 300w, https:\/\/agora.xtec.cat\/iesroquetes\/wp-content\/uploads\/usu997\/2014\/09\/joglaresca-768x433.jpg 768w, https:\/\/agora.xtec.cat\/iesroquetes\/wp-content\/uploads\/usu997\/2014\/09\/joglaresca-1024x578.jpg 1024w\" sizes=\"auto, (max-width: 400px) 100vw, 400px\" \/><\/a><\/p>\n<p style=\"text-align: justify;\">Durant el <strong>curs 15-16<\/strong> hem fet un musical de creaci\u00f3 pr\u00f2pia, basat en un grapat de les can\u00e7ons m\u00e9s emblem\u00e0tiques de la m\u00fasica popular catalana de les \u00faltimes d\u00e8cades, que porta per t\u00edtol \u201c<strong>Nits d\u2019estiu<\/strong>\u201c. En aquest cas hem comptat amb m\u00fasica en directe a c\u00e0rrec del <strong>grup ROCKetes<\/strong>, formaci\u00f3 musical creada enguany tamb\u00e9 a l\u2019Institut de Roquetes i dirigida pel professor de M\u00fasica Ra\u00fal Perales.<\/p>\n<p style=\"text-align: justify;\">El gui\u00f3 de l\u2019obra va ser de creaci\u00f3 pr\u00f2pia i l\u2019han fet en bona part els alumnes, ja que hem partit d\u2019improvisacions fetes en el taller de teatre que fem tots els dimarts.<\/p>\n<p style=\"text-align: justify;\">En aquest cas, igual que en la resta, s&#8217;ha tractat d\u2019un <strong>treball pluridisciplinar<\/strong>, que incorpora alumnat de diferent tipologia i professionals de diferents \u00e0mbits: m\u00fasica, llengua, educaci\u00f3 visual i pl\u00e0stica, orientaci\u00f3 educativa, idiomes estrangers, perruqueria, maquillatge, cultura audiovisual\u2026<\/p>\n<p style=\"text-align: justify;\">Els muntatges que hem realitzat fins aleshores havien tingut una excel\u00b7lent acollida per part del p\u00fablic i la cr\u00edtica, cosa que es va repetir aquell any amb la representaci\u00f3 final que v\u00e0rem fer el passat 26 de maig de 2016 a les 19:30 hores a la Sala Gran de l\u2019Auditori de Tortosa.<\/p>\n<p style=\"text-align: justify;\">Durant els seg\u00fcents cursos hem portat a les taules dues obres m\u00e9s:<strong> &#8220;D\u00e9u&#8221; de Woody Allen<\/strong> en <strong>2017<\/strong> i <strong>&#8220;Criatures i altres esp\u00e8cies&#8221;<\/strong> en <strong>2018<\/strong>, versi\u00f3 de l&#8217;aclamada obra del grup catal\u00e0 <strong>T de Teatre<\/strong>. Ambdues van tindre una molt bona acollida i es van representar tamb\u00e9 durant la <strong>Mostra de Teatre del Baix Ebre<\/strong>, celebrada a la primavera.<\/p>\n<p style=\"text-align: justify;\">A m\u00e9s de totes aquestes representacions, col\u00b7laborem des de fa dos anys amb el projecte <strong>&#8220;Teatre per la igualtat&#8221;<\/strong>, promogut per l&#8217;Institut Catal\u00e0 de la Dona, els ajuntaments de la zona i l&#8217;Escola Municipal de Teatre de Tortosa i adre\u00e7at a erradicar les conductes sexistes i violentes en les relacions de parella. Amb gui\u00f3 i dramat\u00fargia de Marga Juli\u00e0 hem representat a Roquetes (biblioteca i La Lira) i al nostre propi centre les obres de microteatre<strong> &#8220;Laura o&#8230;&#8221; <\/strong>i <strong>&#8220;Tothom ho fa&#8221;.<\/strong><\/p>\n<p style=\"text-align: justify;\">M\u00e9s fotos de les actuacions i m\u00e9s informaci\u00f3 del grup al correu oficial <strong>joglarescateatre@gmail.com<\/strong> a la nostra <strong>p\u00e0gina de Facebook<\/strong>: <a href=\"https:\/\/www.facebook.com\/groups\/212581265550411\/\">Joglaresca Teatre\u00a0\u00a0<\/a><\/p>\n<p>Desembre de 2019.<\/p>\n","protected":false},"excerpt":{"rendered":"<p>Aquesta \u00e9s la secci\u00f3 del grup de teatre Joglaresca, creat a l\u2019Institut de Roquetes l\u2019any 2013. Est\u00e0 format per alumnat del centre, des dels primers cursos d\u2019ESO fins 2n de Batxillerat, FP B\u00e0sica i Cicles. El grup Joglaresca es va fundar arran de la gran inquietud teatral i liter\u00e0ria d\u2019un grup d\u2019alumnes de Batxillerat de [&hellip;]<\/p>\n","protected":false},"author":1,"featured_media":0,"parent":63,"menu_order":30,"comment_status":"closed","ping_status":"closed","template":"page-templates\/side-menu.php","meta":{"_bbp_topic_count":0,"_bbp_reply_count":0,"_bbp_total_topic_count":0,"_bbp_total_reply_count":0,"_bbp_voice_count":0,"_bbp_anonymous_reply_count":0,"_bbp_topic_count_hidden":0,"_bbp_reply_count_hidden":0,"_bbp_forum_subforum_count":0,"site-sidebar-layout":"default","site-content-layout":"","ast-site-content-layout":"","site-content-style":"default","site-sidebar-style":"default","ast-global-header-display":"","ast-banner-title-visibility":"","ast-main-header-display":"","ast-hfb-above-header-display":"","ast-hfb-below-header-display":"","ast-hfb-mobile-header-display":"","site-post-title":"","ast-breadcrumbs-content":"","ast-featured-img":"","footer-sml-layout":"","theme-transparent-header-meta":"","adv-header-id-meta":"","stick-header-meta":"","header-above-stick-meta":"","header-main-stick-meta":"","header-below-stick-meta":"","astra-migrate-meta-layouts":"default","ast-page-background-enabled":"default","ast-page-background-meta":{"desktop":{"background-color":"var(--ast-global-color-4)","background-image":"","background-repeat":"repeat","background-position":"center center","background-size":"auto","background-attachment":"scroll","background-type":"","background-media":"","overlay-type":"","overlay-color":"","overlay-opacity":"","overlay-gradient":""},"tablet":{"background-color":"","background-image":"","background-repeat":"repeat","background-position":"center center","background-size":"auto","background-attachment":"scroll","background-type":"","background-media":"","overlay-type":"","overlay-color":"","overlay-opacity":"","overlay-gradient":""},"mobile":{"background-color":"","background-image":"","background-repeat":"repeat","background-position":"center center","background-size":"auto","background-attachment":"scroll","background-type":"","background-media":"","overlay-type":"","overlay-color":"","overlay-opacity":"","overlay-gradient":""}},"ast-content-background-meta":{"desktop":{"background-color":"var(--ast-global-color-5)","background-image":"","background-repeat":"repeat","background-position":"center center","background-size":"auto","background-attachment":"scroll","background-type":"","background-media":"","overlay-type":"","overlay-color":"","overlay-opacity":"","overlay-gradient":""},"tablet":{"background-color":"var(--ast-global-color-5)","background-image":"","background-repeat":"repeat","background-position":"center center","background-size":"auto","background-attachment":"scroll","background-type":"","background-media":"","overlay-type":"","overlay-color":"","overlay-opacity":"","overlay-gradient":""},"mobile":{"background-color":"var(--ast-global-color-5)","background-image":"","background-repeat":"repeat","background-position":"center center","background-size":"auto","background-attachment":"scroll","background-type":"","background-media":"","overlay-type":"","overlay-color":"","overlay-opacity":"","overlay-gradient":""}},"footnotes":""},"class_list":["post-69","page","type-page","status-publish","hentry"],"post_mailing_queue_ids":[],"_links":{"self":[{"href":"https:\/\/agora.xtec.cat\/iesroquetes\/wp-json\/wp\/v2\/pages\/69","targetHints":{"allow":["GET"]}}],"collection":[{"href":"https:\/\/agora.xtec.cat\/iesroquetes\/wp-json\/wp\/v2\/pages"}],"about":[{"href":"https:\/\/agora.xtec.cat\/iesroquetes\/wp-json\/wp\/v2\/types\/page"}],"author":[{"embeddable":true,"href":"https:\/\/agora.xtec.cat\/iesroquetes\/wp-json\/wp\/v2\/users\/1"}],"replies":[{"embeddable":true,"href":"https:\/\/agora.xtec.cat\/iesroquetes\/wp-json\/wp\/v2\/comments?post=69"}],"version-history":[{"count":4,"href":"https:\/\/agora.xtec.cat\/iesroquetes\/wp-json\/wp\/v2\/pages\/69\/revisions"}],"predecessor-version":[{"id":28837,"href":"https:\/\/agora.xtec.cat\/iesroquetes\/wp-json\/wp\/v2\/pages\/69\/revisions\/28837"}],"up":[{"embeddable":true,"href":"https:\/\/agora.xtec.cat\/iesroquetes\/wp-json\/wp\/v2\/pages\/63"}],"wp:attachment":[{"href":"https:\/\/agora.xtec.cat\/iesroquetes\/wp-json\/wp\/v2\/media?parent=69"}],"curies":[{"name":"wp","href":"https:\/\/api.w.org\/{rel}","templated":true}]}}