{"id":6572,"date":"2017-06-26T13:11:00","date_gmt":"2017-06-26T11:11:00","guid":{"rendered":"http:\/\/agora.xtec.cat\/iesroquetes\/?page_id=6572"},"modified":"2025-09-04T18:52:30","modified_gmt":"2025-09-04T16:52:30","slug":"llibres-de-text","status":"publish","type":"page","link":"https:\/\/agora.xtec.cat\/iesroquetes\/linstitut\/llibres-de-text\/","title":{"rendered":"Llibres de text 2025-26"},"content":{"rendered":"<p style=\"text-align: justify;\">Podeu consultar les<strong> llistes de llibres<\/strong>\u00a0del proper <strong>curs 2025-2026<\/strong>\u00a0clicant a cada nivell. Recordeu que la mat\u00e8ria de <strong>Franc\u00e8s<\/strong> a 2n i 3r d&#8217;ESO \u00e9s una optativa que <strong>s&#8217;ha de sol\u00b7licitar durant el mes de juliol<\/strong> i que no sabreu fins el mes de <strong>setembre<\/strong> si s&#8217;ha assignat segons la vostra demanda, per tant, caldria esperar fins aleshores per adquirir el llibre.<\/p>\n<p style=\"text-align: justify;\">L&#8217;AFA del centre <strong>facilita la compra dels llibres<\/strong> d&#8217;ESO i batxillerat a trav\u00e9s de la plataforma <a href=\"https:\/\/www.iddink.cat\/\" target=\"_blank\" rel=\"noopener\">IDDINK<\/a>. Cal registrar-se, si no ho vau fer el curs passat, generar un nom d&#8217;usuari i una contrasenya i aleshores podreu encarregar <strong>llibres nous<\/strong> o <strong>reutilitzats<\/strong> (Ecobooks), aquests \u00faltims amb un estalvi del 60%, per\u00f2 amb el comprom\u00eds de <strong>tornar-los en bon estat<\/strong> a final de curs. El codi per fer la comanda \u00e9s: <b>563MR9. Trobareu tota l&#8217;explicaci\u00f3 en el <a href=\"https:\/\/agora.xtec.cat\/iesroquetes\/wp-content\/uploads\/usu997\/2023\/06\/563-2023-CAT-COM-COMPRAR-ecoBooks-estandard-sin-VP3.pdf\" target=\"_blank\" rel=\"noopener\">seg\u00fcent enlla\u00e7<\/a>.<\/b><\/p>\n<p style=\"text-align: justify;\"><strong>ESO<br \/>\n<\/strong><\/p>\n<ul>\n<li><a href=\"https:\/\/agora.xtec.cat\/iesroquetes\/wp-content\/uploads\/usu997\/2025\/06\/LLISTAT-LLIBRES-25_26-v240625-1ESO.pdf\">LLISTAT LLIBRES 25_26 &#8211; 1ESO<\/a><\/li>\n<li><a href=\"https:\/\/agora.xtec.cat\/iesroquetes\/wp-content\/uploads\/usu997\/2025\/06\/LLISTAT-LLIBRES-25_26-v240625-2ESO.pdf\">LLISTAT LLIBRES 25_26 &#8211; 2ESO<\/a><\/li>\n<li><a href=\"https:\/\/agora.xtec.cat\/iesroquetes\/wp-content\/uploads\/usu997\/2025\/06\/LLISTAT-LLIBRES-25_26-v240625-3ESO.pdf\">LLISTAT LLIBRES 25_26 &#8211; 3ESO<\/a><\/li>\n<li><a href=\"https:\/\/agora.xtec.cat\/iesroquetes\/wp-content\/uploads\/usu997\/2025\/06\/LLISTAT-LLIBRES-25_26-v240625-4ESO.pdf\">LLISTAT LLIBRES 25_26 &#8211; 4ESO<\/a><\/li>\n<\/ul>\n<p><strong>BATXILLERAT<\/strong><\/p>\n<ul>\n<li><a href=\"https:\/\/agora.xtec.cat\/iesroquetes\/wp-content\/uploads\/usu997\/2025\/06\/LLISTAT-LLIBRES-25_26-v240625-1BAT.pdf\">LLISTAT LLIBRES 25_26 &#8211; 1BAT<\/a><\/li>\n<li><a href=\"https:\/\/agora.xtec.cat\/iesroquetes\/wp-content\/uploads\/usu997\/2025\/06\/LLISTAT-LLIBRES-25_26-v240625-2BAT.pdf\">LLISTAT LLIBRES 25_26 &#8211; 2BAT<\/a><\/li>\n<\/ul>\n<p><strong>LECTURES OBLIGAT\u00d2RIES (LL. CATALANA I LL. CASTELLANA) ESO I BATXILLERAT<\/strong><\/p>\n<ul>\n<li><a href=\"https:\/\/agora.xtec.cat\/iesroquetes\/wp-content\/uploads\/usu997\/2025\/09\/LLISTAT-LLIBRES-25_26-v240625-Lect.-OBLIGATORIES-CATALA-25_26-1.pdf\">LECTURES OBLIGAT\u00d2RIES CATAL\u00c0 25_26<\/a><\/li>\n<li><a href=\"https:\/\/agora.xtec.cat\/iesroquetes\/wp-content\/uploads\/usu997\/2025\/06\/LLISTAT-LLIBRES-25_26-v240625-Lect.-OBLIGATORIES-CASTELLA-25_26.pdf\">LECTURES OBLIGAT\u00d2RIES CASTELL\u00c0 25_26<\/a><\/li>\n<\/ul>\n<p><strong>CICLES FORMATIUS (GRAU B\u00c0SIC, GRAU MITJ\u00c0 I GRAU SUPERIOR)<\/strong><\/p>\n<ul>\n<li><a href=\"https:\/\/agora.xtec.cat\/iesroquetes\/wp-content\/uploads\/usu997\/2025\/06\/LLISTAT-LLIBRES-25_26-v240625-LLIBRES-CICLES-FORMATIUS-24_25.pdf\">LLISTAT LLIBRES 25_26 &#8211; CICLES FORMATIUS<\/a><\/li>\n<\/ul>\n","protected":false},"excerpt":{"rendered":"<p>Podeu consultar les llistes de llibres\u00a0del proper curs 2025-2026\u00a0clicant a cada nivell. Recordeu que la mat\u00e8ria de Franc\u00e8s a 2n i 3r d&#8217;ESO \u00e9s una optativa que s&#8217;ha de sol\u00b7licitar durant el mes de juliol i que no sabreu fins el mes de setembre si s&#8217;ha assignat segons la vostra demanda, per tant, caldria esperar [&hellip;]<\/p>\n","protected":false},"author":1,"featured_media":0,"parent":19,"menu_order":0,"comment_status":"closed","ping_status":"closed","template":"page-templates\/side-menu.php","meta":{"_bbp_topic_count":0,"_bbp_reply_count":0,"_bbp_total_topic_count":0,"_bbp_total_reply_count":0,"_bbp_voice_count":0,"_bbp_anonymous_reply_count":0,"_bbp_topic_count_hidden":0,"_bbp_reply_count_hidden":0,"_bbp_forum_subforum_count":0,"site-sidebar-layout":"default","site-content-layout":"","ast-site-content-layout":"","site-content-style":"default","site-sidebar-style":"default","ast-global-header-display":"","ast-banner-title-visibility":"","ast-main-header-display":"","ast-hfb-above-header-display":"","ast-hfb-below-header-display":"","ast-hfb-mobile-header-display":"","site-post-title":"","ast-breadcrumbs-content":"","ast-featured-img":"","footer-sml-layout":"","theme-transparent-header-meta":"","adv-header-id-meta":"","stick-header-meta":"","header-above-stick-meta":"","header-main-stick-meta":"","header-below-stick-meta":"","astra-migrate-meta-layouts":"default","ast-page-background-enabled":"default","ast-page-background-meta":{"desktop":{"background-color":"var(--ast-global-color-4)","background-image":"","background-repeat":"repeat","background-position":"center center","background-size":"auto","background-attachment":"scroll","background-type":"","background-media":"","overlay-type":"","overlay-color":"","overlay-opacity":"","overlay-gradient":""},"tablet":{"background-color":"","background-image":"","background-repeat":"repeat","background-position":"center center","background-size":"auto","background-attachment":"scroll","background-type":"","background-media":"","overlay-type":"","overlay-color":"","overlay-opacity":"","overlay-gradient":""},"mobile":{"background-color":"","background-image":"","background-repeat":"repeat","background-position":"center center","background-size":"auto","background-attachment":"scroll","background-type":"","background-media":"","overlay-type":"","overlay-color":"","overlay-opacity":"","overlay-gradient":""}},"ast-content-background-meta":{"desktop":{"background-color":"var(--ast-global-color-5)","background-image":"","background-repeat":"repeat","background-position":"center center","background-size":"auto","background-attachment":"scroll","background-type":"","background-media":"","overlay-type":"","overlay-color":"","overlay-opacity":"","overlay-gradient":""},"tablet":{"background-color":"var(--ast-global-color-5)","background-image":"","background-repeat":"repeat","background-position":"center center","background-size":"auto","background-attachment":"scroll","background-type":"","background-media":"","overlay-type":"","overlay-color":"","overlay-opacity":"","overlay-gradient":""},"mobile":{"background-color":"var(--ast-global-color-5)","background-image":"","background-repeat":"repeat","background-position":"center center","background-size":"auto","background-attachment":"scroll","background-type":"","background-media":"","overlay-type":"","overlay-color":"","overlay-opacity":"","overlay-gradient":""}},"footnotes":""},"class_list":["post-6572","page","type-page","status-publish","hentry"],"post_mailing_queue_ids":[],"_links":{"self":[{"href":"https:\/\/agora.xtec.cat\/iesroquetes\/wp-json\/wp\/v2\/pages\/6572","targetHints":{"allow":["GET"]}}],"collection":[{"href":"https:\/\/agora.xtec.cat\/iesroquetes\/wp-json\/wp\/v2\/pages"}],"about":[{"href":"https:\/\/agora.xtec.cat\/iesroquetes\/wp-json\/wp\/v2\/types\/page"}],"author":[{"embeddable":true,"href":"https:\/\/agora.xtec.cat\/iesroquetes\/wp-json\/wp\/v2\/users\/1"}],"replies":[{"embeddable":true,"href":"https:\/\/agora.xtec.cat\/iesroquetes\/wp-json\/wp\/v2\/comments?post=6572"}],"version-history":[{"count":7,"href":"https:\/\/agora.xtec.cat\/iesroquetes\/wp-json\/wp\/v2\/pages\/6572\/revisions"}],"predecessor-version":[{"id":29892,"href":"https:\/\/agora.xtec.cat\/iesroquetes\/wp-json\/wp\/v2\/pages\/6572\/revisions\/29892"}],"up":[{"embeddable":true,"href":"https:\/\/agora.xtec.cat\/iesroquetes\/wp-json\/wp\/v2\/pages\/19"}],"wp:attachment":[{"href":"https:\/\/agora.xtec.cat\/iesroquetes\/wp-json\/wp\/v2\/media?parent=6572"}],"curies":[{"name":"wp","href":"https:\/\/api.w.org\/{rel}","templated":true}]}}