{"id":65,"date":"2014-09-18T10:12:22","date_gmt":"2014-09-18T10:12:22","guid":{"rendered":"http:\/\/agora.xtec.cat\/iesroquetes\/?page_id=65"},"modified":"2017-03-02T20:41:22","modified_gmt":"2017-03-02T19:41:22","slug":"serveis-digitals","status":"publish","type":"page","link":"https:\/\/agora.xtec.cat\/iesroquetes\/activitats\/serveis-digitals\/","title":{"rendered":"Serveis digitals"},"content":{"rendered":"<p style=\"color: #444444;\">L\u2019oferta de\u00a0<strong>serveis\u00a0digitals<\/strong>\u00a0constitueix un element\u00a0molt important de l\u2019engranatge d\u2019un centre educatiu.<\/p>\n<p style=\"color: #444444;\">En aquesta p\u00e0gina es referenciaran els serveis en l\u00ednia\u00a0que ofereix l\u2019institut com ara el <strong>Moodle <\/strong>del centre, els <strong>blogs de tutoria<\/strong>, els <strong>blogs i webs externs <\/strong>m\u00e9s destacats, les aplicacions de <strong>gesti\u00f3 acad\u00e8mica<\/strong>, etc.<\/p>\n<p style=\"color: #444444;\"><strong>MOODLE DEL CENTRE<\/strong>: <a href=\"http:\/\/agora.xtec.cat\/iesroquetes\/moodle\/\">http:\/\/agora.xtec.cat\/iesroquetes\/moodle\/<\/a><\/p>\n<p style=\"color: #444444;\"><strong>BLOGS DE TUTORIA<\/strong>:<\/p>\n<ul>\n<li style=\"color: #444444;\"><a href=\"http:\/\/agora.xtec.cat\/iesroquetes\/categoria\/eso\/\">ESO<\/a><\/li>\n<li style=\"color: #444444;\"><a href=\"http:\/\/agora.xtec.cat\/iesroquetes\/categoria\/batxillerat\/\">Batxillerat<\/a><\/li>\n<li style=\"color: #444444;\"><a href=\"http:\/\/agora.xtec.cat\/iesroquetes\/categoria\/cicles-formatius\/\">CFGM i FPB<\/a><\/li>\n<\/ul>\n<p style=\"color: #444444;\"><strong>BLOG DE MEDIACI\u00d3<\/strong>: <a href=\"http:\/\/mediacioroquetes.blogspot.com.es\/\">http:\/\/mediacioroquetes.blogspot.com.es\/<\/a><\/p>\n<p style=\"color: #444444;\"><strong>PORTAL DE CENTRE<\/strong>: <a href=\"http:\/\/educacio.gencat.cat\/portal\/page\/portal\/EducacioIntranet\/Benvinguda\">http:\/\/educacio.gencat.cat\/portal\/page\/portal\/EducacioIntranet\/Benvinguda<\/a><\/p>\n<p style=\"color: #444444;\">A m\u00e9s a m\u00e9s, en breu posarem en funcionament la\u00a0<strong>xarxa NODES<\/strong>\u00a0i\u00a0aqu\u00ed es llistaran els seus principals grups actius i les activitats m\u00e9s destacades.Per con\u00e8ixer millor com administrar el web i la xarxa disposeu al<strong>\u00a0portal ATENEU<\/strong> del Departament d&#8217;un curset de <strong>gesti\u00f3 de NODES<\/strong> molt complet:<\/p>\n<p style=\"color: #444444;\"><a href=\"http:\/\/ateneu.xtec.cat\/wikiform\/wikiexport\/cmd\/tac\/agora-nodes\/index\" target=\"_blank\" rel=\"nofollow\">http:\/\/ateneu.xtec.cat\/wikiform\/wikiexport\/cmd\/tac\/agora-nodes\/index<\/a><\/p>\n<div class=\"bpfb_final_link\"><\/div>\n<p style=\"color: #444444;\">\n","protected":false},"excerpt":{"rendered":"<p>L\u2019oferta de\u00a0serveis\u00a0digitals\u00a0constitueix un element\u00a0molt important de l\u2019engranatge d\u2019un centre educatiu. En aquesta p\u00e0gina es referenciaran els serveis en l\u00ednia\u00a0que ofereix l\u2019institut com ara el Moodle del centre, els blogs de tutoria, els blogs i webs externs m\u00e9s destacats, les aplicacions de gesti\u00f3 acad\u00e8mica, etc. MOODLE DEL CENTRE: http:\/\/agora.xtec.cat\/iesroquetes\/moodle\/ BLOGS DE TUTORIA: ESO Batxillerat CFGM i [&hellip;]<\/p>\n","protected":false},"author":1,"featured_media":0,"parent":63,"menu_order":10,"comment_status":"closed","ping_status":"closed","template":"page-templates\/side-menu.php","meta":{"_bbp_topic_count":0,"_bbp_reply_count":0,"_bbp_total_topic_count":0,"_bbp_total_reply_count":0,"_bbp_voice_count":0,"_bbp_anonymous_reply_count":0,"_bbp_topic_count_hidden":0,"_bbp_reply_count_hidden":0,"_bbp_forum_subforum_count":0,"site-sidebar-layout":"default","site-content-layout":"","ast-site-content-layout":"","site-content-style":"default","site-sidebar-style":"default","ast-global-header-display":"","ast-banner-title-visibility":"","ast-main-header-display":"","ast-hfb-above-header-display":"","ast-hfb-below-header-display":"","ast-hfb-mobile-header-display":"","site-post-title":"","ast-breadcrumbs-content":"","ast-featured-img":"","footer-sml-layout":"","theme-transparent-header-meta":"","adv-header-id-meta":"","stick-header-meta":"","header-above-stick-meta":"","header-main-stick-meta":"","header-below-stick-meta":"","astra-migrate-meta-layouts":"default","ast-page-background-enabled":"default","ast-page-background-meta":{"desktop":{"background-color":"var(--ast-global-color-4)","background-image":"","background-repeat":"repeat","background-position":"center center","background-size":"auto","background-attachment":"scroll","background-type":"","background-media":"","overlay-type":"","overlay-color":"","overlay-opacity":"","overlay-gradient":""},"tablet":{"background-color":"","background-image":"","background-repeat":"repeat","background-position":"center center","background-size":"auto","background-attachment":"scroll","background-type":"","background-media":"","overlay-type":"","overlay-color":"","overlay-opacity":"","overlay-gradient":""},"mobile":{"background-color":"","background-image":"","background-repeat":"repeat","background-position":"center center","background-size":"auto","background-attachment":"scroll","background-type":"","background-media":"","overlay-type":"","overlay-color":"","overlay-opacity":"","overlay-gradient":""}},"ast-content-background-meta":{"desktop":{"background-color":"var(--ast-global-color-5)","background-image":"","background-repeat":"repeat","background-position":"center center","background-size":"auto","background-attachment":"scroll","background-type":"","background-media":"","overlay-type":"","overlay-color":"","overlay-opacity":"","overlay-gradient":""},"tablet":{"background-color":"var(--ast-global-color-5)","background-image":"","background-repeat":"repeat","background-position":"center center","background-size":"auto","background-attachment":"scroll","background-type":"","background-media":"","overlay-type":"","overlay-color":"","overlay-opacity":"","overlay-gradient":""},"mobile":{"background-color":"var(--ast-global-color-5)","background-image":"","background-repeat":"repeat","background-position":"center center","background-size":"auto","background-attachment":"scroll","background-type":"","background-media":"","overlay-type":"","overlay-color":"","overlay-opacity":"","overlay-gradient":""}},"footnotes":""},"class_list":["post-65","page","type-page","status-publish","hentry"],"post_mailing_queue_ids":[],"_links":{"self":[{"href":"https:\/\/agora.xtec.cat\/iesroquetes\/wp-json\/wp\/v2\/pages\/65","targetHints":{"allow":["GET"]}}],"collection":[{"href":"https:\/\/agora.xtec.cat\/iesroquetes\/wp-json\/wp\/v2\/pages"}],"about":[{"href":"https:\/\/agora.xtec.cat\/iesroquetes\/wp-json\/wp\/v2\/types\/page"}],"author":[{"embeddable":true,"href":"https:\/\/agora.xtec.cat\/iesroquetes\/wp-json\/wp\/v2\/users\/1"}],"replies":[{"embeddable":true,"href":"https:\/\/agora.xtec.cat\/iesroquetes\/wp-json\/wp\/v2\/comments?post=65"}],"version-history":[{"count":3,"href":"https:\/\/agora.xtec.cat\/iesroquetes\/wp-json\/wp\/v2\/pages\/65\/revisions"}],"predecessor-version":[{"id":5773,"href":"https:\/\/agora.xtec.cat\/iesroquetes\/wp-json\/wp\/v2\/pages\/65\/revisions\/5773"}],"up":[{"embeddable":true,"href":"https:\/\/agora.xtec.cat\/iesroquetes\/wp-json\/wp\/v2\/pages\/63"}],"wp:attachment":[{"href":"https:\/\/agora.xtec.cat\/iesroquetes\/wp-json\/wp\/v2\/media?parent=65"}],"curies":[{"name":"wp","href":"https:\/\/api.w.org\/{rel}","templated":true}]}}