{"id":63,"date":"2014-09-18T10:06:31","date_gmt":"2014-09-18T10:06:31","guid":{"rendered":"http:\/\/agora.xtec.cat\/iesroquetes\/?page_id=63"},"modified":"2016-09-17T15:15:42","modified_gmt":"2016-09-17T14:15:42","slug":"activitats","status":"publish","type":"page","link":"https:\/\/agora.xtec.cat\/iesroquetes\/activitats\/","title":{"rendered":"Activitats"},"content":{"rendered":"<p style=\"color: #444444;\">Secci\u00f3 que informa a les fam\u00edlies dels <strong>serveis<\/strong> i les <strong>activitats complement\u00e0ries<\/strong> que ofereix el centre. Inclou dades sobre:<\/p>\n<ul style=\"color: #444444;\">\n<li>Llocs\u00a0digitals (Moodle, blogs de tutoria, gesti\u00f3 acad\u00e8mica on line, aplicacions m\u00f2bils, xarxa NODES&#8230;)<\/li>\n<li>Sortides, tallers i activitats extraescolars<\/li>\n<li>Xerrades i confer\u00e8ncies<\/li>\n<li>Revista LO BASQUET<\/li>\n<li>Grup de teatre Joglaresca<\/li>\n<li>Orquestra Stop\/ grup ROCKetes<\/li>\n<li>Jornades Mediambientals i\u00a0Interculturals<\/li>\n<li>Premis Sant Jordi<\/li>\n<\/ul>\n","protected":false},"excerpt":{"rendered":"<p>Secci\u00f3 que informa a les fam\u00edlies dels serveis i les activitats complement\u00e0ries que ofereix el centre. Inclou dades sobre: Llocs\u00a0digitals (Moodle, blogs de tutoria, gesti\u00f3 acad\u00e8mica on line, aplicacions m\u00f2bils, xarxa NODES&#8230;) Sortides, tallers i activitats extraescolars Xerrades i confer\u00e8ncies Revista LO BASQUET Grup de teatre Joglaresca Orquestra Stop\/ grup ROCKetes Jornades Mediambientals i\u00a0Interculturals Premis [&hellip;]<\/p>\n","protected":false},"author":1,"featured_media":0,"parent":0,"menu_order":0,"comment_status":"closed","ping_status":"closed","template":"page-templates\/side-menu.php","meta":{"_bbp_topic_count":0,"_bbp_reply_count":0,"_bbp_total_topic_count":0,"_bbp_total_reply_count":0,"_bbp_voice_count":0,"_bbp_anonymous_reply_count":0,"_bbp_topic_count_hidden":0,"_bbp_reply_count_hidden":0,"_bbp_forum_subforum_count":0,"site-sidebar-layout":"default","site-content-layout":"","ast-site-content-layout":"","site-content-style":"default","site-sidebar-style":"default","ast-global-header-display":"","ast-banner-title-visibility":"","ast-main-header-display":"","ast-hfb-above-header-display":"","ast-hfb-below-header-display":"","ast-hfb-mobile-header-display":"","site-post-title":"","ast-breadcrumbs-content":"","ast-featured-img":"","footer-sml-layout":"","theme-transparent-header-meta":"","adv-header-id-meta":"","stick-header-meta":"","header-above-stick-meta":"","header-main-stick-meta":"","header-below-stick-meta":"","astra-migrate-meta-layouts":"default","ast-page-background-enabled":"default","ast-page-background-meta":{"desktop":{"background-color":"var(--ast-global-color-4)","background-image":"","background-repeat":"repeat","background-position":"center center","background-size":"auto","background-attachment":"scroll","background-type":"","background-media":"","overlay-type":"","overlay-color":"","overlay-opacity":"","overlay-gradient":""},"tablet":{"background-color":"","background-image":"","background-repeat":"repeat","background-position":"center center","background-size":"auto","background-attachment":"scroll","background-type":"","background-media":"","overlay-type":"","overlay-color":"","overlay-opacity":"","overlay-gradient":""},"mobile":{"background-color":"","background-image":"","background-repeat":"repeat","background-position":"center center","background-size":"auto","background-attachment":"scroll","background-type":"","background-media":"","overlay-type":"","overlay-color":"","overlay-opacity":"","overlay-gradient":""}},"ast-content-background-meta":{"desktop":{"background-color":"var(--ast-global-color-5)","background-image":"","background-repeat":"repeat","background-position":"center center","background-size":"auto","background-attachment":"scroll","background-type":"","background-media":"","overlay-type":"","overlay-color":"","overlay-opacity":"","overlay-gradient":""},"tablet":{"background-color":"var(--ast-global-color-5)","background-image":"","background-repeat":"repeat","background-position":"center center","background-size":"auto","background-attachment":"scroll","background-type":"","background-media":"","overlay-type":"","overlay-color":"","overlay-opacity":"","overlay-gradient":""},"mobile":{"background-color":"var(--ast-global-color-5)","background-image":"","background-repeat":"repeat","background-position":"center center","background-size":"auto","background-attachment":"scroll","background-type":"","background-media":"","overlay-type":"","overlay-color":"","overlay-opacity":"","overlay-gradient":""}},"footnotes":""},"class_list":["post-63","page","type-page","status-publish","hentry"],"post_mailing_queue_ids":[],"_links":{"self":[{"href":"https:\/\/agora.xtec.cat\/iesroquetes\/wp-json\/wp\/v2\/pages\/63","targetHints":{"allow":["GET"]}}],"collection":[{"href":"https:\/\/agora.xtec.cat\/iesroquetes\/wp-json\/wp\/v2\/pages"}],"about":[{"href":"https:\/\/agora.xtec.cat\/iesroquetes\/wp-json\/wp\/v2\/types\/page"}],"author":[{"embeddable":true,"href":"https:\/\/agora.xtec.cat\/iesroquetes\/wp-json\/wp\/v2\/users\/1"}],"replies":[{"embeddable":true,"href":"https:\/\/agora.xtec.cat\/iesroquetes\/wp-json\/wp\/v2\/comments?post=63"}],"version-history":[{"count":4,"href":"https:\/\/agora.xtec.cat\/iesroquetes\/wp-json\/wp\/v2\/pages\/63\/revisions"}],"predecessor-version":[{"id":4385,"href":"https:\/\/agora.xtec.cat\/iesroquetes\/wp-json\/wp\/v2\/pages\/63\/revisions\/4385"}],"wp:attachment":[{"href":"https:\/\/agora.xtec.cat\/iesroquetes\/wp-json\/wp\/v2\/media?parent=63"}],"curies":[{"name":"wp","href":"https:\/\/api.w.org\/{rel}","templated":true}]}}