{"id":55,"date":"2014-09-17T16:59:49","date_gmt":"2014-09-17T16:59:49","guid":{"rendered":"http:\/\/agora.xtec.cat\/iesroquetes\/?page_id=55"},"modified":"2024-01-09T16:41:33","modified_gmt":"2024-01-09T15:41:33","slug":"horaris","status":"publish","type":"page","link":"https:\/\/agora.xtec.cat\/iesroquetes\/linstitut\/horaris\/","title":{"rendered":"Horaris"},"content":{"rendered":"<p>L&#8217;<strong>horari marc setmanal<\/strong> de l&#8217;alumnat i el professorat \u00e9s aquest:<\/p>\n<p><strong>HORARI D&#8217;ESO I BATXILLERAT\u00a0<\/strong><\/p>\n<p>De <strong>dilluns a divendres<\/strong> de 08:10 a 14:40, amb <strong>una franja de pati<\/strong> o <strong>esbarjo<\/strong>: de 10:55 a 11:25.<\/p>\n<p><strong>HORARI DELS CICLES FORMATIUS<\/strong><\/p>\n<p>De <strong>dilluns a divendres<\/strong> de 08:15 a 14:45 \u00e9s el marc general, per\u00f2 hi ha diverses variacions segons els cursos. El <strong>descans<\/strong> va de 11:15 a 11:45.<\/p>\n<p>Eventualment, alguns grups fan classe dilluns o dimarts a la tarda, de 15:30 a 18.30.<\/p>\n<p><strong>HORARI DE l&#8217;AIS<\/strong><\/p>\n<p>Dilluns a divendres de 09:00 a 14:00, a l&#8217;edifici del Centre C\u00edvic de Roquetes, a sota de la biblioteca municipal &#8220;Merc\u00e8 Lleix\u00e0&#8221;.<\/p>\n","protected":false},"excerpt":{"rendered":"<p>L&#8217;horari marc setmanal de l&#8217;alumnat i el professorat \u00e9s aquest: HORARI D&#8217;ESO I BATXILLERAT\u00a0 De dilluns a divendres de 08:10 a 14:40, amb una franja de pati o esbarjo: de 10:55 a 11:25. HORARI DELS CICLES FORMATIUS De dilluns a divendres de 08:15 a 14:45 \u00e9s el marc general, per\u00f2 hi ha diverses variacions segons [&hellip;]<\/p>\n","protected":false},"author":1,"featured_media":0,"parent":19,"menu_order":80,"comment_status":"closed","ping_status":"closed","template":"page-templates\/side-menu.php","meta":{"_bbp_topic_count":0,"_bbp_reply_count":0,"_bbp_total_topic_count":0,"_bbp_total_reply_count":0,"_bbp_voice_count":0,"_bbp_anonymous_reply_count":0,"_bbp_topic_count_hidden":0,"_bbp_reply_count_hidden":0,"_bbp_forum_subforum_count":0,"site-sidebar-layout":"default","site-content-layout":"","ast-site-content-layout":"","site-content-style":"default","site-sidebar-style":"default","ast-global-header-display":"","ast-banner-title-visibility":"","ast-main-header-display":"","ast-hfb-above-header-display":"","ast-hfb-below-header-display":"","ast-hfb-mobile-header-display":"","site-post-title":"","ast-breadcrumbs-content":"","ast-featured-img":"","footer-sml-layout":"","theme-transparent-header-meta":"","adv-header-id-meta":"","stick-header-meta":"","header-above-stick-meta":"","header-main-stick-meta":"","header-below-stick-meta":"","astra-migrate-meta-layouts":"default","ast-page-background-enabled":"default","ast-page-background-meta":{"desktop":{"background-color":"var(--ast-global-color-4)","background-image":"","background-repeat":"repeat","background-position":"center center","background-size":"auto","background-attachment":"scroll","background-type":"","background-media":"","overlay-type":"","overlay-color":"","overlay-opacity":"","overlay-gradient":""},"tablet":{"background-color":"","background-image":"","background-repeat":"repeat","background-position":"center center","background-size":"auto","background-attachment":"scroll","background-type":"","background-media":"","overlay-type":"","overlay-color":"","overlay-opacity":"","overlay-gradient":""},"mobile":{"background-color":"","background-image":"","background-repeat":"repeat","background-position":"center center","background-size":"auto","background-attachment":"scroll","background-type":"","background-media":"","overlay-type":"","overlay-color":"","overlay-opacity":"","overlay-gradient":""}},"ast-content-background-meta":{"desktop":{"background-color":"var(--ast-global-color-5)","background-image":"","background-repeat":"repeat","background-position":"center center","background-size":"auto","background-attachment":"scroll","background-type":"","background-media":"","overlay-type":"","overlay-color":"","overlay-opacity":"","overlay-gradient":""},"tablet":{"background-color":"var(--ast-global-color-5)","background-image":"","background-repeat":"repeat","background-position":"center center","background-size":"auto","background-attachment":"scroll","background-type":"","background-media":"","overlay-type":"","overlay-color":"","overlay-opacity":"","overlay-gradient":""},"mobile":{"background-color":"var(--ast-global-color-5)","background-image":"","background-repeat":"repeat","background-position":"center center","background-size":"auto","background-attachment":"scroll","background-type":"","background-media":"","overlay-type":"","overlay-color":"","overlay-opacity":"","overlay-gradient":""}},"footnotes":""},"class_list":["post-55","page","type-page","status-publish","hentry"],"post_mailing_queue_ids":[],"_links":{"self":[{"href":"https:\/\/agora.xtec.cat\/iesroquetes\/wp-json\/wp\/v2\/pages\/55","targetHints":{"allow":["GET"]}}],"collection":[{"href":"https:\/\/agora.xtec.cat\/iesroquetes\/wp-json\/wp\/v2\/pages"}],"about":[{"href":"https:\/\/agora.xtec.cat\/iesroquetes\/wp-json\/wp\/v2\/types\/page"}],"author":[{"embeddable":true,"href":"https:\/\/agora.xtec.cat\/iesroquetes\/wp-json\/wp\/v2\/users\/1"}],"replies":[{"embeddable":true,"href":"https:\/\/agora.xtec.cat\/iesroquetes\/wp-json\/wp\/v2\/comments?post=55"}],"version-history":[{"count":6,"href":"https:\/\/agora.xtec.cat\/iesroquetes\/wp-json\/wp\/v2\/pages\/55\/revisions"}],"predecessor-version":[{"id":26493,"href":"https:\/\/agora.xtec.cat\/iesroquetes\/wp-json\/wp\/v2\/pages\/55\/revisions\/26493"}],"up":[{"embeddable":true,"href":"https:\/\/agora.xtec.cat\/iesroquetes\/wp-json\/wp\/v2\/pages\/19"}],"wp:attachment":[{"href":"https:\/\/agora.xtec.cat\/iesroquetes\/wp-json\/wp\/v2\/media?parent=55"}],"curies":[{"name":"wp","href":"https:\/\/api.w.org\/{rel}","templated":true}]}}