{"id":4063,"date":"2016-08-12T01:57:54","date_gmt":"2016-08-12T00:57:54","guid":{"rendered":"http:\/\/agora.xtec.cat\/iesroquetes\/?page_id=4063"},"modified":"2026-02-10T18:02:11","modified_gmt":"2026-02-10T17:02:11","slug":"projecte-de-convivencia","status":"publish","type":"page","link":"https:\/\/agora.xtec.cat\/iesroquetes\/projecte-educatiu\/projecte-de-convivencia\/","title":{"rendered":"Projecte de Conviv\u00e8ncia"},"content":{"rendered":"<p style=\"text-align: justify;\"><strong>Marc de refer\u00e8ncia: <\/strong><a href=\"http:\/\/xtec.gencat.cat\/ca\/centres\/projeducatiu\/convivencia\/\">http:\/\/xtec.gencat.cat\/ca\/centres\/projeducatiu\/convivencia\/\u00a0<\/a><\/p>\n<p style=\"text-align: justify;\">En els seg\u00fcents enlla\u00e7os pot descarregar-se el <strong>document actualitzat <\/strong>del <strong>Projecte de Conviv\u00e8ncia<\/strong> del centre, el qual emmarca les mesures previstes per fomentar una <strong>bona conviv\u00e8ncia<\/strong> i afavorir la <strong>resoluci\u00f3 pac\u00edfica<\/strong> dels conflictes escolars, incloent-hi les actuacions <strong>contra l&#8217;assetjament<\/strong> escolar i tota forma de viol\u00e8ncia.<\/p>\n<p><a href=\"https:\/\/agora.xtec.cat\/iesroquetes\/wp-content\/uploads\/usu997\/2023\/10\/Projecte_Convivencia_22-23.pdf\">Projecte_Convivencia_22-23<\/a>\u00a0(actual)<\/p>\n<h4><strong style=\"font-size: 1.125em;\">Servei de Mediaci\u00f3<\/strong><\/h4>\n<p>En el nostre <strong>blog de Mediaci\u00f3<\/strong> pots trobar el <strong>model de sol\u00b7licitud:<\/strong><a href=\"http:\/\/mediacioroquetes.blogspot.com\/\"> http:\/\/mediacioroquetes.blogspot.com\/<\/a><strong><br \/>\n<\/strong><\/p>\n<p><strong>Presentaci\u00f3 explicativa<\/strong> per l&#8217;alumnat i les fam\u00edlies:<\/p>\n<p style=\"text-align: center;\"><a href=\"https:\/\/agora.xtec.cat\/iesroquetes\/wp-content\/uploads\/usu997\/2022\/10\/Presentacio-Mediacio-2022-23.pptx\"><img loading=\"lazy\" decoding=\"async\" class=\"alignnone wp-image-24475\" src=\"https:\/\/agora.xtec.cat\/iesroquetes\/wp-content\/uploads\/usu997\/2022\/10\/Captura-power-mediacio-22-23.png\" alt=\"\" width=\"450\" height=\"346\" srcset=\"https:\/\/agora.xtec.cat\/iesroquetes\/wp-content\/uploads\/usu997\/2022\/10\/Captura-power-mediacio-22-23.png 642w, https:\/\/agora.xtec.cat\/iesroquetes\/wp-content\/uploads\/usu997\/2022\/10\/Captura-power-mediacio-22-23-300x230.png 300w\" sizes=\"auto, (max-width: 450px) 100vw, 450px\" \/><\/a><\/p>\n<p style=\"text-align: center;\"><strong><a href=\"https:\/\/agora.xtec.cat\/iesroquetes\/wp-content\/uploads\/usu997\/2022\/10\/Presentacio-Mediacio-2022-23.pptx\">Servei de Mediaci\u00f3 2022-23<\/a><\/strong><\/p>\n<h4><strong>Programa Tutories J\u00fanior<\/strong><\/h4>\n<h4><a href=\"https:\/\/agora.xtec.cat\/iesroquetes\/wp-content\/uploads\/usu997\/2021\/06\/Tutories-juniors_alumnes-2n_3r-PRESENTACI\u00d3-2019-20.pptx\"><img loading=\"lazy\" decoding=\"async\" class=\"aligncenter wp-image-20885\" src=\"https:\/\/agora.xtec.cat\/iesroquetes\/wp-content\/uploads\/usu997\/2021\/06\/tutories-junior.jpg\" alt=\"\" width=\"415\" height=\"306\" srcset=\"https:\/\/agora.xtec.cat\/iesroquetes\/wp-content\/uploads\/usu997\/2021\/06\/tutories-junior.jpg 590w, https:\/\/agora.xtec.cat\/iesroquetes\/wp-content\/uploads\/usu997\/2021\/06\/tutories-junior-300x221.jpg 300w\" sizes=\"auto, (max-width: 415px) 100vw, 415px\" \/><\/a><\/h4>\n<p style=\"text-align: center;\"><a href=\"https:\/\/agora.xtec.cat\/iesroquetes\/wp-content\/uploads\/usu997\/2021\/06\/Tutories-juniors_alumnes-2n_3r-PRESENTACI\u00d3-2019-20.pptx\">Presentaci\u00f3 del programa de Tutories J\u00fanior 2n_3r feta el curs 19-20<\/a><\/p>\n<h4><strong>Programa d&#8217;Innovaci\u00f3 <a href=\"http:\/\/xtec.gencat.cat\/ca\/centres\/projeducatiu\/convivencia\/aquiproubullying\/\">#aqu\u00edproubullying<\/a><\/strong><\/h4>\n<p><a href=\"http:\/\/xtec.gencat.cat\/ca\/centres\/projeducatiu\/convivencia\/aquiproubullying\/\"><img loading=\"lazy\" decoding=\"async\" class=\"size-full wp-image-7246 aligncenter\" src=\"http:\/\/agora.xtec.cat\/iesroquetes\/wp-content\/uploads\/usu997\/2016\/08\/prou-bullying.jpg\" alt=\"\" width=\"398\" height=\"71\" srcset=\"https:\/\/agora.xtec.cat\/iesroquetes\/wp-content\/uploads\/usu997\/2016\/08\/prou-bullying.jpg 398w, https:\/\/agora.xtec.cat\/iesroquetes\/wp-content\/uploads\/usu997\/2016\/08\/prou-bullying-300x54.jpg 300w\" sizes=\"auto, (max-width: 398px) 100vw, 398px\" \/><\/a><\/p>\n<p style=\"text-align: justify;\">Un dels temes fonamentals que treballem al centre \u00e9s la <strong>prevenci\u00f3, la detecci\u00f3 i l&#8217;erradicaci\u00f3<\/strong> de l\u2019<strong>assetjament escolar.<\/strong> Tenim establert un <strong>protocol d\u2019intervenci\u00f3<\/strong> i formem part del programa <strong>#aquiproubullying<\/strong>, engegat pel Departament d\u2019Ensenyament durant el <strong>curs 2017-18<\/strong> .<\/p>\n<p style=\"text-align: justify;\">Com a part del <strong>projecte d&#8217;innovaci\u00f3<\/strong> <strong>#aqu\u00edproubullying<\/strong>, vam engegar una <strong>formaci\u00f3 espec\u00edfica<\/strong> i vam redactar una primera versi\u00f3 del <strong>nostre propi projecte<\/strong> durant el<strong> curs 2017-18<\/strong>. Al llarg del <strong>curs 2018-19<\/strong> el vam acabar, el vam implementar i ens vam incorporar a la <strong>xarxa de centres #<span class=\"il\">aquiproubullying<\/span><\/strong>. I finalment, durant el m\u00e9s de novembre de 2019, hem rebut la <strong>valoraci\u00f3 positiva<\/strong> per part del Servei de Fam\u00edlia i Escola del Departament.<\/p>\n<p style=\"text-align: justify;\">Podeu fullejar la <strong>mem\u00f2ria<\/strong> corresponent i el <strong>projecte<\/strong> sencer mitjan\u00e7ant aquests enlla\u00e7os:<\/p>\n<table style=\"width: 711px;\">\n<tbody>\n<tr>\n<td style=\"width: 371.533px;\"><a href=\"https:\/\/agora.xtec.cat\/iesroquetes\/wp-content\/uploads\/usu997\/2019\/11\/Mem\u00f2ria-projecte-aqu\u00edprobullying-INS.-ROQUETES-.pdf\">Mem\u00f2ria projecte #aqu\u00edprobullying INS. ROQUETES<\/a><\/td>\n<td style=\"width: 331.467px;\"><a href=\"https:\/\/agora.xtec.cat\/iesroquetes\/wp-content\/uploads\/usu997\/2019\/11\/Projecte-aquiproubullying-INS-Roquetes-18-19.pdf\">Projecte aquiproubullying INS Roquetes 18-19<\/a><\/td>\n<\/tr>\n<\/tbody>\n<\/table>\n<p style=\"text-align: justify;\">Una de les <strong>eines que hem creat<\/strong> per a la <strong>detecci\u00f3 de casos d&#8217;assetjament<\/strong> \u00e9s la possibilitat d&#8217;enviar missatges personals a trav\u00e9s del blog de Mediaci\u00f3. Tot simplement, en <strong>clicar sobre la imatge<\/strong> del logo situada a la portada del web podem enviar una breu descripci\u00f3 dels fets que ens ajudi a con\u00e8ixer el cas:<\/p>\n<p><a href=\"http:\/\/mediacioroquetes.blogspot.com\/p\/blog-page.html\"><img loading=\"lazy\" decoding=\"async\" class=\"aligncenter wp-image-15142\" src=\"https:\/\/agora.xtec.cat\/iesroquetes\/wp-content\/uploads\/usu997\/2019\/05\/logo-hafida-hassan.jpg\" alt=\"\" width=\"200\" height=\"184\" srcset=\"https:\/\/agora.xtec.cat\/iesroquetes\/wp-content\/uploads\/usu997\/2019\/05\/logo-hafida-hassan.jpg 382w, https:\/\/agora.xtec.cat\/iesroquetes\/wp-content\/uploads\/usu997\/2019\/05\/logo-hafida-hassan-300x276.jpg 300w\" sizes=\"auto, (max-width: 200px) 100vw, 200px\" \/><\/a><\/p>\n<p style=\"text-align: justify;\">Per a <strong>m\u00e9s informaci\u00f3<\/strong> sobre el programa us deixem aquesta presentaci\u00f3:<\/p>\n<p><a href=\"http:\/\/agora.xtec.cat\/iesroquetes\/wp-content\/uploads\/usu997\/2016\/08\/Programa-d\u2019innovaci\u00f3-aqu\u00edproubullying-presentaci\u00f3-1-2.pdf\"><img loading=\"lazy\" decoding=\"async\" class=\"aligncenter size-full wp-image-8190\" src=\"http:\/\/agora.xtec.cat\/iesroquetes\/wp-content\/uploads\/usu997\/2016\/08\/clip_image002.jpg\" alt=\"\" width=\"566\" height=\"354\" srcset=\"https:\/\/agora.xtec.cat\/iesroquetes\/wp-content\/uploads\/usu997\/2016\/08\/clip_image002.jpg 566w, https:\/\/agora.xtec.cat\/iesroquetes\/wp-content\/uploads\/usu997\/2016\/08\/clip_image002-300x188.jpg 300w\" sizes=\"auto, (max-width: 566px) 100vw, 566px\" \/><\/a><\/p>\n<p><a href=\"http:\/\/agora.xtec.cat\/iesroquetes\/wp-content\/uploads\/usu997\/2016\/08\/Programa-d\u2019innovaci\u00f3-aqu\u00edproubullying-presentaci\u00f3-1-2.pdf\">Programa d\u2019innovaci\u00f3 #aqu\u00edproubullying presentaci\u00f3<\/a><\/p>\n<p>La <strong>p\u00e0gina de refer\u00e8ncia<\/strong> del Departament d&#8217;Educaci\u00f3 i FP sobre <strong>assetjament escolar<\/strong> \u00e9s aquesta. <strong><a href=\"https:\/\/educacio.gencat.cat\/ca\/arees-actuacio\/alumnat\/assetjament-escolar\/\">https:\/\/educacio.gencat.cat\/ca\/arees-actuacio\/alumnat\/assetjament-escolar\/<\/a><\/strong><\/p>\n<p><strong><a href=\"https:\/\/xtec.gencat.cat\/ca\/recursos\/assetjament-escolar\/\">Qu\u00e8 fer davant un cas d\u2019assetjament escolar<\/a>\u00a0<\/strong>Contingut relacionat amb els\u00a0<strong>protocols d\u2019actuaci\u00f3 davant de qualsevol tipus de viol\u00e8ncia en l\u2019\u00e0mbit educatiu<\/strong>\u00a0establerts pel Departament d\u2019Educaci\u00f3 en el programa LELV (\u201cLes Escoles Lliures de Viol\u00e8ncia\u201d):<\/p>\n<ul>\n<li><a href=\"https:\/\/educacio.gencat.cat\/web\/.content\/home\/departament\/publicacions\/protocols\/actuacio-davant-violencia-ambit-educatiu\/protocol-actuacio-davant-violencia.pdf\">Protocol d\u2019actuaci\u00f3 davant qualsevol cas de viol\u00e8ncia<\/a>\u00a0(pdf, 88 p\u00e0gines)<\/li>\n<li><a href=\"https:\/\/educacio.gencat.cat\/web\/.content\/home\/departament\/publicacions\/protocols\/actuacio-davant-violencia-ambit-educatiu\/circuit-actuacio-protocol.pdf\">Circuit d\u2019actuaci\u00f3<\/a>\u00a0(pdf, una p\u00e0gina)<\/li>\n<\/ul>\n","protected":false},"excerpt":{"rendered":"<p>Marc de refer\u00e8ncia: http:\/\/xtec.gencat.cat\/ca\/centres\/projeducatiu\/convivencia\/\u00a0 En els seg\u00fcents enlla\u00e7os pot descarregar-se el document actualitzat del Projecte de Conviv\u00e8ncia del centre, el qual emmarca les mesures previstes per fomentar una bona conviv\u00e8ncia i afavorir la resoluci\u00f3 pac\u00edfica dels conflictes escolars, incloent-hi les actuacions contra l&#8217;assetjament escolar i tota forma de viol\u00e8ncia. Projecte_Convivencia_22-23\u00a0(actual) Servei de Mediaci\u00f3 En el [&hellip;]<\/p>\n","protected":false},"author":1,"featured_media":0,"parent":57,"menu_order":10,"comment_status":"closed","ping_status":"closed","template":"","meta":{"_bbp_topic_count":0,"_bbp_reply_count":0,"_bbp_total_topic_count":0,"_bbp_total_reply_count":0,"_bbp_voice_count":0,"_bbp_anonymous_reply_count":0,"_bbp_topic_count_hidden":0,"_bbp_reply_count_hidden":0,"_bbp_forum_subforum_count":0,"site-sidebar-layout":"default","site-content-layout":"","ast-site-content-layout":"default","site-content-style":"default","site-sidebar-style":"default","ast-global-header-display":"","ast-banner-title-visibility":"","ast-main-header-display":"","ast-hfb-above-header-display":"","ast-hfb-below-header-display":"","ast-hfb-mobile-header-display":"","site-post-title":"","ast-breadcrumbs-content":"","ast-featured-img":"","footer-sml-layout":"","theme-transparent-header-meta":"default","adv-header-id-meta":"","stick-header-meta":"","header-above-stick-meta":"","header-main-stick-meta":"","header-below-stick-meta":"","astra-migrate-meta-layouts":"set","ast-page-background-enabled":"default","ast-page-background-meta":{"desktop":{"background-color":"var(--ast-global-color-4)","background-image":"","background-repeat":"repeat","background-position":"center center","background-size":"auto","background-attachment":"scroll","background-type":"","background-media":"","overlay-type":"","overlay-color":"","overlay-opacity":"","overlay-gradient":""},"tablet":{"background-color":"","background-image":"","background-repeat":"repeat","background-position":"center center","background-size":"auto","background-attachment":"scroll","background-type":"","background-media":"","overlay-type":"","overlay-color":"","overlay-opacity":"","overlay-gradient":""},"mobile":{"background-color":"","background-image":"","background-repeat":"repeat","background-position":"center center","background-size":"auto","background-attachment":"scroll","background-type":"","background-media":"","overlay-type":"","overlay-color":"","overlay-opacity":"","overlay-gradient":""}},"ast-content-background-meta":{"desktop":{"background-color":"var(--ast-global-color-5)","background-image":"","background-repeat":"repeat","background-position":"center center","background-size":"auto","background-attachment":"scroll","background-type":"","background-media":"","overlay-type":"","overlay-color":"","overlay-opacity":"","overlay-gradient":""},"tablet":{"background-color":"var(--ast-global-color-5)","background-image":"","background-repeat":"repeat","background-position":"center center","background-size":"auto","background-attachment":"scroll","background-type":"","background-media":"","overlay-type":"","overlay-color":"","overlay-opacity":"","overlay-gradient":""},"mobile":{"background-color":"var(--ast-global-color-5)","background-image":"","background-repeat":"repeat","background-position":"center center","background-size":"auto","background-attachment":"scroll","background-type":"","background-media":"","overlay-type":"","overlay-color":"","overlay-opacity":"","overlay-gradient":""}},"footnotes":""},"class_list":["post-4063","page","type-page","status-publish","hentry"],"post_mailing_queue_ids":[],"_links":{"self":[{"href":"https:\/\/agora.xtec.cat\/iesroquetes\/wp-json\/wp\/v2\/pages\/4063","targetHints":{"allow":["GET"]}}],"collection":[{"href":"https:\/\/agora.xtec.cat\/iesroquetes\/wp-json\/wp\/v2\/pages"}],"about":[{"href":"https:\/\/agora.xtec.cat\/iesroquetes\/wp-json\/wp\/v2\/types\/page"}],"author":[{"embeddable":true,"href":"https:\/\/agora.xtec.cat\/iesroquetes\/wp-json\/wp\/v2\/users\/1"}],"replies":[{"embeddable":true,"href":"https:\/\/agora.xtec.cat\/iesroquetes\/wp-json\/wp\/v2\/comments?post=4063"}],"version-history":[{"count":8,"href":"https:\/\/agora.xtec.cat\/iesroquetes\/wp-json\/wp\/v2\/pages\/4063\/revisions"}],"predecessor-version":[{"id":30533,"href":"https:\/\/agora.xtec.cat\/iesroquetes\/wp-json\/wp\/v2\/pages\/4063\/revisions\/30533"}],"up":[{"embeddable":true,"href":"https:\/\/agora.xtec.cat\/iesroquetes\/wp-json\/wp\/v2\/pages\/57"}],"wp:attachment":[{"href":"https:\/\/agora.xtec.cat\/iesroquetes\/wp-json\/wp\/v2\/media?parent=4063"}],"curies":[{"name":"wp","href":"https:\/\/api.w.org\/{rel}","templated":true}]}}