{"id":4055,"date":"2016-08-12T01:54:33","date_gmt":"2016-08-12T00:54:33","guid":{"rendered":"http:\/\/agora.xtec.cat\/iesroquetes\/?page_id=4055"},"modified":"2026-03-22T19:16:14","modified_gmt":"2026-03-22T18:16:14","slug":"pla-audiovisual","status":"publish","type":"page","link":"https:\/\/agora.xtec.cat\/iesroquetes\/projecte-educatiu\/pla-audiovisual\/","title":{"rendered":"Pla Audiovisual"},"content":{"rendered":"<p style=\"text-align: justify;\">L&#8217;<strong>alfabetitzaci\u00f3 audiovisual<\/strong> de l&#8217;alumnat ha esta un objectiu fonamental de la nostra tasca educativa des de fa molts anys. A trav\u00e9s de la introducci\u00f3 al Periodisme i a la Comunicaci\u00f3 Audiovisual a partir de 3r d&#8217;ESO i mitjan\u00e7ant estudis de Cultura Audiovisual a batxillerat primer i ara de Comunicaci\u00f3 Audiovisual, s&#8217;ha dut a terme una tasca considerable en l&#8217;\u00e0mbit de l&#8217;estudi del llenguatge audiovisual i la producci\u00f3 de fotografies, podcasts, <span style=\"font-size: 16px; font-style: normal; font-weight: 400;\">programes de r\u00e0dio escolar<\/span><span style=\"font-size: 16px;\"> i petites produccions cinematogr\u00e0fiques, incloent-hi la filmaci\u00f3 de curtmetratges de tipus documental i de ficci\u00f3 sobre diversos temes.<\/span><\/p>\n<p><a href=\"https:\/\/agora.xtec.cat\/iesroquetes\/wp-content\/uploads\/usu997\/2024\/11\/IRFS.png\"><img loading=\"lazy\" decoding=\"async\" class=\"aligncenter wp-image-28763\" src=\"https:\/\/agora.xtec.cat\/iesroquetes\/wp-content\/uploads\/usu997\/2024\/11\/IRFS.png\" alt=\"\" width=\"400\" height=\"226\" srcset=\"https:\/\/agora.xtec.cat\/iesroquetes\/wp-content\/uploads\/usu997\/2024\/11\/IRFS.png 906w, https:\/\/agora.xtec.cat\/iesroquetes\/wp-content\/uploads\/usu997\/2024\/11\/IRFS-300x169.png 300w, https:\/\/agora.xtec.cat\/iesroquetes\/wp-content\/uploads\/usu997\/2024\/11\/IRFS-768x433.png 768w\" sizes=\"auto, (max-width: 400px) 100vw, 400px\" \/><\/a><\/p>\n<p style=\"text-align: justify;\">Des del curs 2024-25, a m\u00e9s, hem donat a llum un <strong>projecte molt especial<\/strong> en col\u00b7laboraci\u00f3 dels departaments de Lleng\u00fces i Expressi\u00f3 Art\u00edstica, a iniciativa del professor de M\u00fasica F\u00e8lix Edo i el de Llengua castellana i Literatura Francisco de Pedro. Es tracta del <strong>IRFS<\/strong> (<strong><em>Institut Roquetes Film Society<\/em><\/strong>), una iniciativa nascuda amb <strong>un objectiu molt clar:<\/strong> <strong>ensenyar a mirar i a fer cinema<\/strong> introduint els estudis de cinematografia en el curr\u00edculum de l\u2019ESO i el batxillerat amb un programa que inclou tres blocs:<\/p>\n<ul>\n<li>Bloc cultural: estudi de la hist\u00f2ria del cinema i l\u2019evoluci\u00f3 dels seus formats.<\/li>\n<li>Bloc de la percepci\u00f3: ensenyar a mirar pel\u00b7l\u00edcules de manera cr\u00edtica i sense complexos (en diferents formats, de diferents nacionalitats, etc.).<\/li>\n<li>Bloc creatiu: realitzaci\u00f3 de pr\u00e0ctiques audiovisuals.<\/li>\n<\/ul>\n<p style=\"text-align: justify;\">De moment, ja anem <strong>en ple 2026 per la segona temporada<\/strong>, funcionant coma <strong>cineclub i associaci\u00f3 cultural<\/strong> i combinant les projeccions a la Lira de Roquetes, les col\u00b7laboracions amb la biblioteca municipal Merc\u00e8 Lleix\u00e0 i les <strong>pr\u00e0ctiques de cinema<\/strong> amb l&#8217;alumnat de 3r d&#8217;ESO i primer de batxillerat.<\/p>\n<p style=\"text-align: justify;\">Mitjan\u00e7ant el <strong>seg\u00fcent enlla\u00e7<\/strong> podeu descarregar el document original del primer <strong>Pla Audiovisual del centre<\/strong> realitzat durant el curs 2016-17, el qual s&#8217;actualitza peri\u00f2dicament: <a href=\"http:\/\/agora.xtec.cat\/iesroquetes\/wp-content\/uploads\/usu997\/2016\/08\/Pla-Audiovisual-INS-Roquetes-16-17.pdf\">Pla Audiovisual INS Roquetes<\/a><\/p>\n<p style=\"text-align: justify;\">Una<strong> breu explicaci\u00f3<\/strong> d&#8217;aquest projecte es troba a la presentaci\u00f3 realitzada als assistents al &#8220;Curs de narrativa audiovisual per a docents&#8221; de l&#8217;ESCAC, el juliol de 2017:<\/p>\n<p><a href=\"http:\/\/agora.xtec.cat\/iesroquetes\/wp-content\/uploads\/usu997\/2016\/08\/Un-plan-audiovisual.pdf\"><img loading=\"lazy\" decoding=\"async\" class=\"wp-image-6612 alignnone\" src=\"http:\/\/agora.xtec.cat\/iesroquetes\/wp-content\/uploads\/usu997\/2016\/08\/portada-ppt.jpg\" alt=\"portada ppt\" width=\"400\" height=\"224\" srcset=\"https:\/\/agora.xtec.cat\/iesroquetes\/wp-content\/uploads\/usu997\/2016\/08\/portada-ppt.jpg 926w, https:\/\/agora.xtec.cat\/iesroquetes\/wp-content\/uploads\/usu997\/2016\/08\/portada-ppt-300x168.jpg 300w, https:\/\/agora.xtec.cat\/iesroquetes\/wp-content\/uploads\/usu997\/2016\/08\/portada-ppt-768x430.jpg 768w\" sizes=\"auto, (max-width: 400px) 100vw, 400px\" \/><\/a><\/p>\n<p style=\"text-align: justify;\">I aqu\u00ed teniu acc\u00e9s al <strong>Taller de mitjans audiovisuals 2015<\/strong> realitzat com a formaci\u00f3 interna per al professorat del nostre centre:<\/p>\n<p style=\"text-align: justify;\"><a href=\"http:\/\/mitjansaudiovisualsroquetes.pbworks.com\">http:\/\/mitjansaudiovisualsroquetes.pbworks.com<\/a><\/p>\n<p style=\"text-align: justify;\">Tamb\u00e9 solem participar en els seg\u00fcents projectes:<\/p>\n<ul>\n<li style=\"text-align: justify;\"><a href=\"https:\/\/www.filmoteca.cat\/web\/ca\/cicle\/filmoteca-les-escoles-eso-batxillerat-i-cicles-formatius\">Filmoteca per a les escoles<\/a><\/li>\n<li style=\"text-align: justify;\"><a href=\"https:\/\/cinebase.escac.es\/ca\/\">Cine Base ESCAC<\/a><\/li>\n<li>Vict\u00f2ria i Savoy (amb el cineasta ulldeconenc Manel Raga)<\/li>\n<li>Clipmetratges Mans Unides<\/li>\n<li>Festival de Cinema Internacional de Girona (secci\u00f3 Infants i Joves)<\/li>\n<\/ul>\n","protected":false},"excerpt":{"rendered":"<p>L&#8217;alfabetitzaci\u00f3 audiovisual de l&#8217;alumnat ha esta un objectiu fonamental de la nostra tasca educativa des de fa molts anys. A trav\u00e9s de la introducci\u00f3 al Periodisme i a la Comunicaci\u00f3 Audiovisual a partir de 3r d&#8217;ESO i mitjan\u00e7ant estudis de Cultura Audiovisual a batxillerat primer i ara de Comunicaci\u00f3 Audiovisual, s&#8217;ha dut a terme una [&hellip;]<\/p>\n","protected":false},"author":1,"featured_media":0,"parent":57,"menu_order":5,"comment_status":"closed","ping_status":"closed","template":"","meta":{"_bbp_topic_count":0,"_bbp_reply_count":0,"_bbp_total_topic_count":0,"_bbp_total_reply_count":0,"_bbp_voice_count":0,"_bbp_anonymous_reply_count":0,"_bbp_topic_count_hidden":0,"_bbp_reply_count_hidden":0,"_bbp_forum_subforum_count":0,"site-sidebar-layout":"default","site-content-layout":"","ast-site-content-layout":"default","site-content-style":"default","site-sidebar-style":"default","ast-global-header-display":"","ast-banner-title-visibility":"","ast-main-header-display":"","ast-hfb-above-header-display":"","ast-hfb-below-header-display":"","ast-hfb-mobile-header-display":"","site-post-title":"","ast-breadcrumbs-content":"","ast-featured-img":"","footer-sml-layout":"","theme-transparent-header-meta":"default","adv-header-id-meta":"","stick-header-meta":"","header-above-stick-meta":"","header-main-stick-meta":"","header-below-stick-meta":"","astra-migrate-meta-layouts":"set","ast-page-background-enabled":"default","ast-page-background-meta":{"desktop":{"background-color":"var(--ast-global-color-4)","background-image":"","background-repeat":"repeat","background-position":"center center","background-size":"auto","background-attachment":"scroll","background-type":"","background-media":"","overlay-type":"","overlay-color":"","overlay-opacity":"","overlay-gradient":""},"tablet":{"background-color":"","background-image":"","background-repeat":"repeat","background-position":"center center","background-size":"auto","background-attachment":"scroll","background-type":"","background-media":"","overlay-type":"","overlay-color":"","overlay-opacity":"","overlay-gradient":""},"mobile":{"background-color":"","background-image":"","background-repeat":"repeat","background-position":"center center","background-size":"auto","background-attachment":"scroll","background-type":"","background-media":"","overlay-type":"","overlay-color":"","overlay-opacity":"","overlay-gradient":""}},"ast-content-background-meta":{"desktop":{"background-color":"var(--ast-global-color-5)","background-image":"","background-repeat":"repeat","background-position":"center center","background-size":"auto","background-attachment":"scroll","background-type":"","background-media":"","overlay-type":"","overlay-color":"","overlay-opacity":"","overlay-gradient":""},"tablet":{"background-color":"var(--ast-global-color-5)","background-image":"","background-repeat":"repeat","background-position":"center center","background-size":"auto","background-attachment":"scroll","background-type":"","background-media":"","overlay-type":"","overlay-color":"","overlay-opacity":"","overlay-gradient":""},"mobile":{"background-color":"var(--ast-global-color-5)","background-image":"","background-repeat":"repeat","background-position":"center center","background-size":"auto","background-attachment":"scroll","background-type":"","background-media":"","overlay-type":"","overlay-color":"","overlay-opacity":"","overlay-gradient":""}},"footnotes":""},"class_list":["post-4055","page","type-page","status-publish","hentry"],"post_mailing_queue_ids":[],"_links":{"self":[{"href":"https:\/\/agora.xtec.cat\/iesroquetes\/wp-json\/wp\/v2\/pages\/4055","targetHints":{"allow":["GET"]}}],"collection":[{"href":"https:\/\/agora.xtec.cat\/iesroquetes\/wp-json\/wp\/v2\/pages"}],"about":[{"href":"https:\/\/agora.xtec.cat\/iesroquetes\/wp-json\/wp\/v2\/types\/page"}],"author":[{"embeddable":true,"href":"https:\/\/agora.xtec.cat\/iesroquetes\/wp-json\/wp\/v2\/users\/1"}],"replies":[{"embeddable":true,"href":"https:\/\/agora.xtec.cat\/iesroquetes\/wp-json\/wp\/v2\/comments?post=4055"}],"version-history":[{"count":6,"href":"https:\/\/agora.xtec.cat\/iesroquetes\/wp-json\/wp\/v2\/pages\/4055\/revisions"}],"predecessor-version":[{"id":30657,"href":"https:\/\/agora.xtec.cat\/iesroquetes\/wp-json\/wp\/v2\/pages\/4055\/revisions\/30657"}],"up":[{"embeddable":true,"href":"https:\/\/agora.xtec.cat\/iesroquetes\/wp-json\/wp\/v2\/pages\/57"}],"wp:attachment":[{"href":"https:\/\/agora.xtec.cat\/iesroquetes\/wp-json\/wp\/v2\/media?parent=4055"}],"curies":[{"name":"wp","href":"https:\/\/api.w.org\/{rel}","templated":true}]}}