{"id":4034,"date":"2025-03-04T00:12:46","date_gmt":"2025-03-03T23:12:46","guid":{"rendered":"http:\/\/agora.xtec.cat\/iesroquetes\/?page_id=4034"},"modified":"2026-03-23T08:43:37","modified_gmt":"2026-03-23T07:43:37","slug":"sant-jordi-2026","status":"publish","type":"page","link":"https:\/\/agora.xtec.cat\/iesroquetes\/projectes-de-centre\/sant-jordi-2026\/","title":{"rendered":"Premis Sant Jordi 2026"},"content":{"rendered":"<h4>BASES DEL CONCURS DE SANT JORDI 2026<\/h4>\n<p><b><a href=\"https:\/\/agora.xtec.cat\/iesroquetes\/wp-content\/uploads\/usu997\/2026\/03\/Sant_Jordi-drac.jpg\"><img loading=\"lazy\" decoding=\"async\" class=\"size-full wp-image-30661 alignleft\" src=\"https:\/\/agora.xtec.cat\/iesroquetes\/wp-content\/uploads\/usu997\/2026\/03\/Sant_Jordi-drac.jpg\" alt=\"\" width=\"279\" height=\"353\" srcset=\"https:\/\/agora.xtec.cat\/iesroquetes\/wp-content\/uploads\/usu997\/2026\/03\/Sant_Jordi-drac.jpg 279w, https:\/\/agora.xtec.cat\/iesroquetes\/wp-content\/uploads\/usu997\/2026\/03\/Sant_Jordi-drac-237x300.jpg 237w\" sizes=\"auto, (max-width: 279px) 100vw, 279px\" \/><\/a>28a convocat\u00f2ria dels premis literaris de narrativa i poesia en catal\u00e0 i castell\u00e0<\/b><\/p>\n<p><b>14a convocat\u00f2ria del premi de narrativa curta en angl\u00e8s<\/b><\/p>\n<p><b>12a convocat\u00f2ria del premi literari de narrativa curta en franc\u00e8s<\/b><\/p>\n<p><b>14a convocat\u00f2ria del premi de fotofilosofia<\/b><\/p>\n<p><b>6a convocat\u00f2ria del premi d\u2019assaig \u201cJoan Carles Ventura\u201d<\/b><\/p>\n<p><b>9a convocat\u00f2ria del premi per al disseny de la portada i contraportada de l\u2019agenda escolar<\/b><\/p>\n<p><b>4a convocat\u00f2ria del premi de fotografia del patrimoni art\u00edstic, hist\u00f2ric i cultural de les Terres de l\u2019Ebre<\/b><\/p>\n<p><b>LITERATURA EN CATAL\u00c0 I CASTELL\u00c0<\/b><\/p>\n<p><span style=\"font-weight: 400;\">En <\/span><b>narrativa curta\u00a0 i poesia, tant en llengua catalana com en llengua castellana<\/b><span style=\"font-weight: 400;\">, hi haur\u00e0 <\/span><b>sis nivells<\/b><span style=\"font-weight: 400;\">:\u00a0\u00a0<\/span><\/p>\n<ol>\n<li style=\"font-weight: 400;\" aria-level=\"1\"><span style=\"font-weight: 400;\">Un per a<\/span><b> primer d\u2019ESO.<\/b><\/li>\n<li style=\"font-weight: 400;\" aria-level=\"1\"><span style=\"font-weight: 400;\">Un per a <\/span><b>segon d\u2019ESO<\/b><span style=\"font-weight: 400;\">.\u00a0\u00a0<\/span><\/li>\n<li style=\"font-weight: 400;\" aria-level=\"1\"><span style=\"font-weight: 400;\">Un\u00a0 per a tercer <\/span><b>d\u2019ESO<\/b><span style=\"font-weight: 400;\"> i el <\/span><b>cicle formatiu de grau b\u00e0sic<\/b><span style=\"font-weight: 400;\">.<\/span><\/li>\n<li style=\"font-weight: 400;\" aria-level=\"1\"><span style=\"font-weight: 400;\">Un altre per a <\/span><b>quart d\u2019ESO<\/b><span style=\"font-weight: 400;\"> i els <\/span><b>cicles de grau mitj\u00e0.<\/b><\/li>\n<li style=\"font-weight: 400;\" aria-level=\"1\"><span style=\"font-weight: 400;\">Un altre per al <\/span><b>batxillerat<\/b><span style=\"font-weight: 400;\"> i el <\/span><b>cicle de grau superior<\/b><span style=\"font-weight: 400;\">.\u00a0<\/span><\/li>\n<li style=\"font-weight: 400;\" aria-level=\"1\"><span style=\"font-weight: 400;\">Un altre per l&#8217;alumnat de l&#8217;<\/span><b>aula d&#8217;acollida<\/b><span style=\"font-weight: 400;\">, nom\u00e9s per la modalitat de narrativa en catal\u00e0.<\/span><\/li>\n<\/ol>\n<p><span style=\"font-weight: 400;\">L\u2019alumnat interessat <\/span><b>haur\u00e0 d\u2019inscriure\u2019s<\/b> <b>pr\u00e8viament<\/b><span style=\"font-weight: 400;\"> manifestant la seva voluntat de participar al <\/span><b>professorat de catal\u00e0 i castell\u00e0,<\/b><span style=\"font-weight: 400;\"> i ser\u00e0 informat amb antelaci\u00f3 de la data i lloc convinguts per a cada nivell i llengua. (Veure <a href=\"https:\/\/agora.xtec.cat\/iesroquetes\/wp-content\/uploads\/usu997\/2026\/03\/Concurs_Sant-Jordi-26_Distribucio-horaria.pdf\">el document adjunt<\/a> amb la distribuci\u00f3 hor\u00e0ria i les dates<\/span><span style=\"font-weight: 400;\">).<\/span><\/p>\n<p><span style=\"font-weight: 400;\">El tema es donar\u00e0 just abans de comen\u00e7ar la redacci\u00f3.<\/span><\/p>\n<p><b>No hi haur\u00e0 extensi\u00f3 m\u00e0xima<\/b><span style=\"font-weight: 400;\"> en narrativa catalana i castellana. En poesia, ser\u00e0 de <\/span><b>100 versos. <\/b><span style=\"font-weight: 400;\">No hi ha <\/span><b>extensi\u00f3 m\u00ednima<\/b><span style=\"font-weight: 400;\"> en cap modalitat.<\/span><\/p>\n<p><span style=\"font-weight: 400;\">Els treballs escrits es faran al lloc assignat, per una sola cara, <\/span><b>amb bona lletra i amb espai entre l\u00ednies<\/b><span style=\"font-weight: 400;\">, i hauran d\u2019anar signats amb un <\/span><b>PSEUD\u00d2NIM<\/b><span style=\"font-weight: 400;\">. En el moment de presentar-los s&#8217;introdu\u00efran en <\/span><b>un sobre<\/b><span style=\"font-weight: 400;\"> facilitat per l&#8217;organitzaci\u00f3.<\/span><\/p>\n<p><b>PREMIS DE LITERATURA EN ANGL\u00c8S I FRANC\u00c8S<\/b><\/p>\n<p><span style=\"font-weight: 400;\">En <\/span><b>narrativa curta en angl\u00e8s<\/b><span style=\"font-weight: 400;\">, hi haur\u00e0<\/span><b> dos nivells<\/b><span style=\"font-weight: 400;\">:\u00a0<\/span><\/p>\n<ol>\n<li style=\"font-weight: 400;\" aria-level=\"1\"><span style=\"font-weight: 400;\">Un per a <\/span><b>primer, segon, tercer d\u2019ESO<\/b><span style=\"font-weight: 400;\"> i <\/span><b>cicles de grau b\u00e0sic i mitj\u00e0<\/b><span style=\"font-weight: 400;\">.\u00a0\u00a0<\/span><\/li>\n<li style=\"font-weight: 400;\" aria-level=\"1\"><span style=\"font-weight: 400;\">Un altre per a <\/span><b>4t d\u2019ESO, 1r i 2n de<\/b> <b>batxillerat<\/b><span style=\"font-weight: 400;\"> i\u00a0 <\/span><b>cicle de grau superior<\/b><span style=\"font-weight: 400;\">.\u00a0<\/span><\/li>\n<\/ol>\n<p><span style=\"font-weight: 400;\">El tema es donar\u00e0 just abans de comen\u00e7ar la redacci\u00f3 a l\u2019aula ordin\u00e0ria.\u00a0<\/span><\/p>\n<p><span style=\"font-weight: 400;\">En <\/span><b>narrativa en franc\u00e8s<\/b><span style=\"font-weight: 400;\">, tamb\u00e9 hi haur\u00e0 <\/span><b>dos nivells<\/b><span style=\"font-weight: 400;\">:\u00a0<\/span><\/p>\n<ol>\n<li style=\"font-weight: 400;\" aria-level=\"1\"><span style=\"font-weight: 400;\">Un per a <\/span><b>primer, segon, tercer d\u2019ESO<\/b><span style=\"font-weight: 400;\"> i <\/span><b>cicles de grau b\u00e0sic i mitj\u00e0<\/b><span style=\"font-weight: 400;\">.\u00a0\u00a0<\/span><\/li>\n<li style=\"font-weight: 400;\" aria-level=\"1\"><span style=\"font-weight: 400;\">Un altre per a<\/span><b> 4t d\u2019ESO, 1r i 2n de<\/b> <b>batxillerat<\/b><span style=\"font-weight: 400;\"> i\u00a0 <\/span><b>cicle de grau superior<\/b><span style=\"font-weight: 400;\">.\u00a0<\/span><\/li>\n<\/ol>\n<p><span style=\"font-weight: 400;\">El tema es donar\u00e0 <\/span><b>just abans de comen\u00e7ar la redacci\u00f3<\/b><span style=\"font-weight: 400;\"> a l\u2019aula ordin\u00e0ria.<\/span><\/p>\n<p><b>INSTRUCCIONS de funcionament de la prova:\u00a0<\/b><\/p>\n<p><b>Entre el 7 i el 10 d\u2019abril<\/b><span style=\"font-weight: 400;\"> es portar\u00e0 a terme la redacci\u00f3 a l\u2019aula ordin\u00e0ria amb tot l\u2019alumnat present a l\u2019aula. L\u2019alumnat que vulgui participar del concurs de St. Jordi,\u00a0 despr\u00e9s de realitzar la redacci\u00f3, l\u2019haur\u00e0 de signar amb un pseud\u00f2nim que anotar\u00e0 en una targeta i posar\u00e0 en un sobre tancat proporcionat pel professorat. La cal\u00b7ligrafia i la presentaci\u00f3 seran valorades molt positivament.\u00a0 (Veure<\/span><span style=\"font-weight: 400;\">\u00a0<a href=\"https:\/\/agora.xtec.cat\/iesroquetes\/wp-content\/uploads\/usu997\/2026\/03\/Concurs_Sant-Jordi-26_Distribucio-horaria.pdf\">el document adjunt<\/a> <\/span><span style=\"font-weight: 400;\">adjunt amb les dates).<\/span><\/p>\n<p><b>PREMIS\u00a0<\/b><\/p>\n<p><span style=\"font-weight: 400;\">En narrativa en angl\u00e8s i franc\u00e8s, hi haur\u00e0 dos nivells i s\u2019atorgar\u00e0 un PRIMER <\/span><b>premi de 30 euros<\/b><span style=\"font-weight: 400;\"> per a cadascuna de les <\/span><b>4 categories<\/b><span style=\"font-weight: 400;\"> presentades.<\/span><\/p>\n<p><b>PREMIS D\u2019ASSAIG\u00a0 I FOTOGRAFIA HIST\u00d2RICA<\/b><\/p>\n<p><span style=\"font-weight: 400;\">Les <\/span><b>bases espec\u00edfiques del concurs d\u2019assaig \u201cJoan Carles Ventura\u201d<\/b><span style=\"font-weight: 400;\"> i del <\/span><b>concurs de fotografia patrimonial<\/b> <b>de les Terres de l\u2019Ebre<\/b><span style=\"font-weight: 400;\"> es publiquen en sengles <\/span><b>documents a banda <\/b><span style=\"font-weight: 400;\">que es poden consultar aqu\u00ed.<\/span><\/p>\n<ul>\n<li style=\"font-weight: 400;\" aria-level=\"1\"><a href=\"https:\/\/agora.xtec.cat\/iesroquetes\/wp-content\/uploads\/usu997\/2026\/03\/BASES-PREMI-ASSAIG-26.pdf\"><span style=\"font-weight: 400;\">Bases assaig 6\u00e8 premi JC Ventura 25-26<\/span><\/a><span style=\"font-weight: 400;\"> (per a 4t d\u2019ESO i batxillerat)<\/span><\/li>\n<li style=\"font-weight: 400;\" aria-level=\"1\"><a href=\"https:\/\/agora.xtec.cat\/iesroquetes\/wp-content\/uploads\/usu997\/2026\/03\/BASES-PREMI-FOTOGRAFIA-HISTORICA-26-2.pdf\"><span style=\"font-weight: 400;\">Bases 4t premi fotografia hist\u00f2rica 25-26<\/span><\/a><span style=\"font-weight: 400;\"> (per a tots els nivells)<\/span><\/li>\n<\/ul>\n<p><span style=\"font-weight: 400;\">\u00a0(Veure <a href=\"https:\/\/agora.xtec.cat\/iesroquetes\/wp-content\/uploads\/usu997\/2026\/03\/Concurs_Sant-Jordi-26_Distribucio-horaria.pdf\">el document adjunt<\/a><\/span><span style=\"font-weight: 400;\"> amb les dates).<\/span><\/p>\n<p><span style=\"font-weight: 400;\">Els concursos de<\/span><b> fotofilosofia i de disseny de la portada i contraportada de l\u2019agenda escolar<\/b><span style=\"font-weight: 400;\"> de l\u2019institut per al curs 2026-2027 <\/span><b>es convoquen per a tot l\u2019alumnat de l\u2019institut.\u00a0<\/b><\/p>\n<p><b>PRESENTACI\u00d3 DELS TREBALLS DE FOTOFILOSOFIA<\/b><\/p>\n<ol>\n<li style=\"font-weight: 400;\" aria-level=\"1\"><span style=\"font-weight: 400;\">Cada treball ha d\u2019incloure <\/span><b>els seg\u00fcents elements<\/b><span style=\"font-weight: 400;\">:<\/span><span style=\"font-weight: 400;\"><br \/>\n<\/span><span style=\"font-weight: 400;\">1. Un t\u00edtol o encap\u00e7alament en forma de pregunta filos\u00f2fica.<\/span><span style=\"font-weight: 400;\"><br \/>\n<\/span><span style=\"font-weight: 400;\">2. Una foto original en mida gran i format JPEG que s\u2019adjuntar\u00e0 al correu de participaci\u00f3.<\/span><\/li>\n<li style=\"font-weight: 400;\" aria-level=\"1\"><span style=\"font-weight: 400;\">Un pseud\u00f2nim com a firma, acompanyat de l\u2019explicaci\u00f3 de com, quan i on es va fer la foto.<\/span><\/li>\n<li style=\"font-weight: 400;\" aria-level=\"1\"><span style=\"font-weight: 400;\">Un m\u00ednim de tres etiquetes o categories filos\u00f2fiques corresponents als temes habituals que es tracten dins les mat\u00e8ries d\u2019\u00c8tica i Filosofia. Per exemple: el mite de la caverna, realitat i ficci\u00f3, antropologia, metaf\u00edsica\u2026<\/span><\/li>\n<li style=\"font-weight: 400;\" aria-level=\"1\"><span style=\"font-weight: 400;\">Els treballs es lliuraran telem\u00e0ticament a la seg\u00fcent adre\u00e7a de correu: <\/span><b>institutroqcomaudio@gmail.com<\/b><span style=\"font-weight: 400;\">. Com a <\/span><b>assumpte<\/b><span style=\"font-weight: 400;\"> es far\u00e0 constar \u201c<\/span><b>14\u00e8 Premi de Fotofilosofia<\/b><span style=\"font-weight: 400;\">\u201d i al cos del missatge s\u2019hauran d\u2019incloure totes les dades especificades amunt. La imatge s\u2019adjuntar\u00e0 com a arxiu a banda.<\/span><\/li>\n<li style=\"font-weight: 400;\" aria-level=\"1\"><span style=\"font-weight: 400;\">Els principals <\/span><b>criteris per a valorar les fotografies<\/b><span style=\"font-weight: 400;\"> seran els seg\u00fcents: bona construcci\u00f3 de la pregunta, fotografia ben relacionada i originalitat de la relaci\u00f3.<\/span><\/li>\n<li style=\"font-weight: 400;\" aria-level=\"1\"><span style=\"font-weight: 400;\">Les <\/span><b>imatges han de ser totalment originals.<\/b><span style=\"font-weight: 400;\"> Qualsevol imatge <\/span><b>no acreditada per l\u2019autor\/a<\/b><span style=\"font-weight: 400;\"> ser\u00e0 descartada autom\u00e0ticament. El format ha de ser JPEG i el pes del fitxer no hauria d\u2019excedir els 800 kb.<\/span><\/li>\n<\/ol>\n<p><b>Data l\u00edmit de presentaci\u00f3<\/b><span style=\"font-weight: 400;\">: Dimecres, 15 d\u2019abril\u00a0<\/span><\/p>\n<p><b>BASES ESPEC\u00cdFIQUES DEL CONCURS DE L\u2019AGENDA<\/b><\/p>\n<p><span style=\"font-weight: 400;\">La <\/span><b>t\u00e8cnica i la tem\u00e0tica<\/b><span style=\"font-weight: 400;\"> per a dissenyar la portada i la contraportada de l\u2019agenda escolar ser\u00e0<\/span><b> lliure<\/b><span style=\"font-weight: 400;\"> (pintura, dibuix, imatge digital\u2026). La portada i contraportada hauran de compartir la mateixa est\u00e8tica.<\/span><\/p>\n<p><span style=\"font-weight: 400;\">La <\/span><b>t\u00e8cnica i tem\u00e0tica<\/b><span style=\"font-weight: 400;\"> per a dissenyar la portada i la contraportada de l\u2019agenda escolar ser\u00e0 lliure (pintura, dibuix, imatge digital\u2026). Altres indicacions rellevants:<\/span><\/p>\n<ul>\n<li style=\"font-weight: 400;\" aria-level=\"1\"><span style=\"font-weight: 400;\">Les imatges i dibuixos hauran de ser exclusivament <\/span><b>dissenys propis<\/b><span style=\"font-weight: 400;\">.<\/span><span style=\"font-weight: 400;\"><br \/>\n<\/span><span style=\"font-weight: 400;\">\u25cf La portada i contraportada hauran de compartir la <\/span><b>mateixa est\u00e8tica<\/b><span style=\"font-weight: 400;\">.<\/span><span style=\"font-weight: 400;\"><br \/>\n<\/span><span style=\"font-weight: 400;\">\u25cf La PORTADA haur\u00e0 de <\/span><b>contenir obligat\u00f2riament <\/b><span style=\"font-weight: 400;\">els seg\u00fcents elements:<\/span><span style=\"font-weight: 400;\"><br \/>\n<\/span> <b>\u25cb<\/b><span style=\"font-weight: 400;\"> INSTITUT ROQUETES (R\u00e8tol)<\/span><span style=\"font-weight: 400;\"><br \/>\n<\/span><span style=\"font-weight: 400;\"> \u25cb 2025-2026<\/span><span style=\"font-weight: 400;\"><br \/>\n<\/span><span style=\"font-weight: 400;\">\u25cf La CONTRAPORTADA no haur\u00e0 de contenir <\/span><b>cap dada<\/b><span style=\"font-weight: 400;\">.<\/span><\/li>\n<\/ul>\n<p><span style=\"font-weight: 400;\">El disseny de la portada i de la contraportada ser\u00e0 realitzat amb <\/span><b>dues l\u00e0mines DIN A4<\/b><span style=\"font-weight: 400;\">. Les <\/span><b>propostes digitals<\/b><span style=\"font-weight: 400;\"> les haureu de pujar en aquest enlla\u00e7: \u00a0 <\/span><b>\u00a0<\/b><a href=\"https:\/\/forms.zohopublic.com\/giseladaura\/form\/ConcursAgenda202420251\/formperma\/mVWyNHNHB-fk9g8KcKP6K0Nnjg4zlFxZ_nH4T_JCLDg\"><b>Agenda\u00a0<\/b><\/a><\/p>\n<p><span style=\"font-weight: 400;\">Recorda: <\/span><b>ha de ser original i 100% teva<\/b><span style=\"font-weight: 400;\">, no s&#8217;hi val utilitzar imatges d\u2019Internet ni plantilles de programes gr\u00e0fics (Canva, Genially, Photoshop o similars).<\/span><\/p>\n<p><span style=\"font-weight: 400;\">Si la teva proposta \u00e9s <\/span><b>en format digital,<\/b><span style=\"font-weight: 400;\"> haur\u00e0s de lliurar a CONSERGERIA un sobre petit, a l\u2019exterior del qual ha de constar-hi <\/span><b>el pseud\u00f2nim<\/b><span style=\"font-weight: 400;\"> utilitzat al formulari de l\u2019enlla\u00e7 i a l\u2019interior un paper amb el teu nom, cognoms, curs i grup.<\/span><\/p>\n<p><span style=\"font-weight: 400;\">L\u2019incompliment de <\/span><b>qualsevol punt<\/b><span style=\"font-weight: 400;\"> d\u2019aquestes bases anul\u00b7la la proposta.<\/span><\/p>\n<p><b>Data l\u00edmit de lliurament<\/b><span style=\"font-weight: 400;\"> de la proposta gr\u00e0fica: Dimecres, 15 d\u2019abril\u00a0<\/span><\/p>\n<p><b>PREMIS<\/b><\/p>\n<p><span style=\"font-weight: 400;\">El jurat de tots els concursos estar\u00e0 format per <\/span><b>membres del claustre<\/b><span style=\"font-weight: 400;\"> de professores i de professors de l\u2019institut. Les seves decisions seran inapel\u00b7lables.<\/span><\/p>\n<p><span style=\"font-weight: 400;\">En <\/span><b>narrativa i poesia<\/b><span style=\"font-weight: 400;\">, tant en llengua catalana com en llengua castellana, <\/span><b>hi haur\u00e0 cinc nivells generals <\/b><span style=\"font-weight: 400;\">i un<\/span><b> premi de 30 euros per nivell i modalitat. <\/b><span style=\"font-weight: 400;\">En el cas de l&#8217;<\/span><b>alumnat d&#8217;aula d&#8217;acollida<\/b><span style=\"font-weight: 400;\">, hi haur\u00e0 un \u00fanic nivell i modalitat de narrativa en catal\u00e0 i el premi ser\u00e0 de<\/span><b> 20 euros.<\/b><\/p>\n<p><span style=\"font-weight: 400;\">Els guardons es podran declarar deserts si les obres presentades no tenen el nivell adequat i tamb\u00e9 podran atorgar tamb\u00e9 <\/span><b>alguns acc\u00e8ssits<\/b><span style=\"font-weight: 400;\"> en funci\u00f3 de la qualitat dels treballs presentats, sempre sense sobrepassar el total de diners assignats a cada categoria..<\/span><\/p>\n<p><span style=\"font-weight: 400;\">En narrativa en angl\u00e8s i franc\u00e8s, hi haur\u00e0 dos nivells i s\u2019atorgar\u00e0 tamb\u00e9 un <\/span><b>premi de 30 euros<\/b><span style=\"font-weight: 400;\"> per a cada categoria i modalitat.<\/span><\/p>\n<p><span style=\"font-weight: 400;\">Quant al <\/span><b>concursos de fotofilosofia <\/b><span style=\"font-weight: 400;\">hi haur\u00e0 un <\/span><b>1r premi de 20 euros i dos premis de 10 euros<\/b><span style=\"font-weight: 400;\">. En el concurs relacionat amb l\u2019agenda escolar, hi haur\u00e0 un <\/span><b>1r premi de 30 euros<\/b><span style=\"font-weight: 400;\">.<\/span><\/p>\n<p><span style=\"font-weight: 400;\">Els <\/span><b>premis per al concurs d\u2019assaig<\/b><span style=\"font-weight: 400;\"> \u201cJoan Carles Ventura\u201d seran: un primer premi de <\/span><b>60 euros<\/b><span style=\"font-weight: 400;\"> i un segon premi valorat en <\/span><b>40 euros<\/b><span style=\"font-weight: 400;\">. I finalment, els <\/span><b>premis per al concurs<\/b><span style=\"font-weight: 400;\"> de <\/span><b>fotografia patrimonial, hist\u00f2rica i cultural<\/b><span style=\"font-weight: 400;\"> seran sengles primers premis de <\/span><b>20 euros<\/b><span style=\"font-weight: 400;\">, un per a cada categoria.<\/span><\/p>\n<p><span style=\"font-weight: 400;\">Tot l\u2019alumnat guanyador dels diferents premis rebr\u00e0 <\/span><b>un diploma<\/b><span style=\"font-weight: 400;\"> durant l\u2019acte de lliurament dels premis del <\/span><b>Concurs de Sant Jordi el dia 23 d\u2019abril de 2026<\/b><span style=\"font-weight: 400;\">.\u00a0<\/span><\/p>\n<p><span style=\"font-weight: 400;\">A posteriori, tamb\u00e9 es lliurar\u00e0 l\u2019import del premi en met\u00e0l\u00b7lic, sempre que l<\/span><b>a fam\u00edlia sigui s\u00f2cia de l\u2019AFA<\/b><span style=\"font-weight: 400;\">. L\u2019alumnat premiat que no sigui soci de l\u2019AFA <\/span><b>nom\u00e9s rebr\u00e0 el diploma acreditatiu<\/b><span style=\"font-weight: 400;\">.<\/span><\/p>\n<p><span style=\"font-weight: 400;\">La Comissi\u00f3 organitzadora,<\/span><\/p>\n<p><span style=\"font-weight: 400;\">Roquetes, 18 de mar\u00e7 de 2026<\/span><\/p>\n","protected":false},"excerpt":{"rendered":"<p>BASES DEL CONCURS DE SANT JORDI 2026 28a convocat\u00f2ria dels premis literaris de narrativa i poesia en catal\u00e0 i castell\u00e0 14a convocat\u00f2ria del premi de narrativa curta en angl\u00e8s 12a convocat\u00f2ria del premi literari de narrativa curta en franc\u00e8s 14a convocat\u00f2ria del premi de fotofilosofia 6a convocat\u00f2ria del premi d\u2019assaig \u201cJoan Carles Ventura\u201d 9a convocat\u00f2ria [&hellip;]<\/p>\n","protected":false},"author":1,"featured_media":0,"parent":3927,"menu_order":20,"comment_status":"closed","ping_status":"closed","template":"","meta":{"_bbp_topic_count":0,"_bbp_reply_count":0,"_bbp_total_topic_count":0,"_bbp_total_reply_count":0,"_bbp_voice_count":0,"_bbp_anonymous_reply_count":0,"_bbp_topic_count_hidden":0,"_bbp_reply_count_hidden":0,"_bbp_forum_subforum_count":0,"site-sidebar-layout":"default","site-content-layout":"","ast-site-content-layout":"default","site-content-style":"default","site-sidebar-style":"default","ast-global-header-display":"","ast-banner-title-visibility":"","ast-main-header-display":"","ast-hfb-above-header-display":"","ast-hfb-below-header-display":"","ast-hfb-mobile-header-display":"","site-post-title":"","ast-breadcrumbs-content":"","ast-featured-img":"","footer-sml-layout":"","theme-transparent-header-meta":"default","adv-header-id-meta":"","stick-header-meta":"","header-above-stick-meta":"","header-main-stick-meta":"","header-below-stick-meta":"","astra-migrate-meta-layouts":"set","ast-page-background-enabled":"default","ast-page-background-meta":{"desktop":{"background-color":"var(--ast-global-color-4)","background-image":"","background-repeat":"repeat","background-position":"center center","background-size":"auto","background-attachment":"scroll","background-type":"","background-media":"","overlay-type":"","overlay-color":"","overlay-opacity":"","overlay-gradient":""},"tablet":{"background-color":"","background-image":"","background-repeat":"repeat","background-position":"center center","background-size":"auto","background-attachment":"scroll","background-type":"","background-media":"","overlay-type":"","overlay-color":"","overlay-opacity":"","overlay-gradient":""},"mobile":{"background-color":"","background-image":"","background-repeat":"repeat","background-position":"center center","background-size":"auto","background-attachment":"scroll","background-type":"","background-media":"","overlay-type":"","overlay-color":"","overlay-opacity":"","overlay-gradient":""}},"ast-content-background-meta":{"desktop":{"background-color":"var(--ast-global-color-5)","background-image":"","background-repeat":"repeat","background-position":"center center","background-size":"auto","background-attachment":"scroll","background-type":"","background-media":"","overlay-type":"","overlay-color":"","overlay-opacity":"","overlay-gradient":""},"tablet":{"background-color":"var(--ast-global-color-5)","background-image":"","background-repeat":"repeat","background-position":"center center","background-size":"auto","background-attachment":"scroll","background-type":"","background-media":"","overlay-type":"","overlay-color":"","overlay-opacity":"","overlay-gradient":""},"mobile":{"background-color":"var(--ast-global-color-5)","background-image":"","background-repeat":"repeat","background-position":"center center","background-size":"auto","background-attachment":"scroll","background-type":"","background-media":"","overlay-type":"","overlay-color":"","overlay-opacity":"","overlay-gradient":""}},"footnotes":""},"class_list":["post-4034","page","type-page","status-publish","hentry"],"post_mailing_queue_ids":[],"_links":{"self":[{"href":"https:\/\/agora.xtec.cat\/iesroquetes\/wp-json\/wp\/v2\/pages\/4034","targetHints":{"allow":["GET"]}}],"collection":[{"href":"https:\/\/agora.xtec.cat\/iesroquetes\/wp-json\/wp\/v2\/pages"}],"about":[{"href":"https:\/\/agora.xtec.cat\/iesroquetes\/wp-json\/wp\/v2\/types\/page"}],"author":[{"embeddable":true,"href":"https:\/\/agora.xtec.cat\/iesroquetes\/wp-json\/wp\/v2\/users\/1"}],"replies":[{"embeddable":true,"href":"https:\/\/agora.xtec.cat\/iesroquetes\/wp-json\/wp\/v2\/comments?post=4034"}],"version-history":[{"count":7,"href":"https:\/\/agora.xtec.cat\/iesroquetes\/wp-json\/wp\/v2\/pages\/4034\/revisions"}],"predecessor-version":[{"id":30665,"href":"https:\/\/agora.xtec.cat\/iesroquetes\/wp-json\/wp\/v2\/pages\/4034\/revisions\/30665"}],"up":[{"embeddable":true,"href":"https:\/\/agora.xtec.cat\/iesroquetes\/wp-json\/wp\/v2\/pages\/3927"}],"wp:attachment":[{"href":"https:\/\/agora.xtec.cat\/iesroquetes\/wp-json\/wp\/v2\/media?parent=4034"}],"curies":[{"name":"wp","href":"https:\/\/api.w.org\/{rel}","templated":true}]}}