{"id":4007,"date":"2016-08-11T23:05:36","date_gmt":"2016-08-11T22:05:36","guid":{"rendered":"http:\/\/agora.xtec.cat\/iesroquetes\/?page_id=4007"},"modified":"2021-01-24T19:53:50","modified_gmt":"2021-01-24T18:53:50","slug":"revista-lo-basquet","status":"publish","type":"page","link":"https:\/\/agora.xtec.cat\/iesroquetes\/activitats\/revista-lo-basquet\/","title":{"rendered":"Revista LO BASQUET"},"content":{"rendered":"<p><a href=\"http:\/\/agora.xtec.cat\/iesroquetes\/wp-content\/uploads\/usu997\/2016\/08\/lo-basquet.png\"><img loading=\"lazy\" decoding=\"async\" class=\"size-medium wp-image-4014 alignright\" src=\"http:\/\/agora.xtec.cat\/iesroquetes\/wp-content\/uploads\/usu997\/2016\/08\/lo-basquet-212x300.png\" alt=\"lo basquet\" width=\"212\" height=\"300\" srcset=\"https:\/\/agora.xtec.cat\/iesroquetes\/wp-content\/uploads\/usu997\/2016\/08\/lo-basquet-212x300.png 212w, https:\/\/agora.xtec.cat\/iesroquetes\/wp-content\/uploads\/usu997\/2016\/08\/lo-basquet-768x1085.png 768w, https:\/\/agora.xtec.cat\/iesroquetes\/wp-content\/uploads\/usu997\/2016\/08\/lo-basquet-725x1024.png 725w, https:\/\/agora.xtec.cat\/iesroquetes\/wp-content\/uploads\/usu997\/2016\/08\/lo-basquet.png 1191w\" sizes=\"auto, (max-width: 212px) 100vw, 212px\" \/><\/a>Aqu\u00ed pots accedir a la versi\u00f3 digital de<strong> tots els n\u00fameros <\/strong>de la nostra revista\u00a0<strong>Lo basquet<\/strong>. Tamb\u00e9 els pots consultar mitjan\u00e7ant el <strong>blog de la biblioteca<\/strong> del centre: <a href=\"http:\/\/bibliotecadelies.blogspot.com.es\/\">Biblioteca Institut Roquetes<\/a>.<\/p>\n<p>L\u2019\u00faltim\u00a0<strong>exemplar<\/strong> publicat en paper t\u00e9 data de juny de 2019. A partir de 2020 la proposta informativa del centre tindr\u00e0 la forma d&#8217;un <strong>peri\u00f2dic digital mensual<\/strong> que comen\u00e7ar\u00e0 a editar-se durant el curs 20-21.<\/p>\n<p><a href=\"https:\/\/issuu.com\/tirantloblanc\/docs\/tot_lo_basquet_pdf_2019\">N\u00famero 16 (2019)<\/a><\/p>\n<p><a href=\"https:\/\/issuu.com\/tirantloblanc\/docs\/tot_lo_basquet_2018\">N\u00famero 15 (2018)<\/a><\/p>\n<p><a href=\"https:\/\/issuu.com\/tirantloblanc\/docs\/lo_basquet_2017\">N\u00famero 14 (2017)<\/a><\/p>\n<p><a href=\"https:\/\/issuu.com\/tirantloblanc\/docs\/tot_lo_basquet_2016_pdf\">N\u00famero 13 (2016)<\/a><\/p>\n<p><a href=\"https:\/\/issuu.com\/tirantloblanc\/docs\/lo_basquet_2015\/1\">N\u00famero 12 (2015)<\/a><\/p>\n<p><a href=\"http:\/\/issuu.com\/tirantloblanc\/docs\/tot_lo_basquet_digital__2014_\/1\">N\u00famero 11 (2014)<\/a><\/p>\n<p><a href=\"http:\/\/issuu.com\/tirantloblanc\/docs\/tot_lo_basquet_2013\">N\u00famero 10 (2013)<\/a><\/p>\n<p><a href=\"http:\/\/issuu.com\/tirantloblanc\/docs\/tot_lo_basquet__1_a_74_?mode=window&amp;backgroundColor=%23222222\">N\u00famero 9 (2012)<\/a><\/p>\n<p><a href=\"http:\/\/issuu.com\/tirantloblanc\/docs\/lo_basquet_8?mode=window&amp;backgroundColor=%23222222\">N\u00famero 8 (2011)<\/a><\/p>\n<p><a href=\"http:\/\/issuu.com\/tirantloblanc\/docs\/lo_basquet_7\">N\u00famero 7 (2010)<\/a><\/p>\n<p><a href=\"http:\/\/issuu.com\/tirantloblanc\/docs\/totlobasquet?mode=a_p&amp;wmode=0\">N\u00famero 6 (2009)<\/a><\/p>\n<p><a href=\"http:\/\/issuu.com\/tirantloblanc\/docs\/lo_basquet_5\/6?mode=a_p\">N\u00famero 5 (2008)<\/a><\/p>\n<p><a href=\"http:\/\/issuu.com\/tirantloblanc\/docs\/lo__basquet__4\/1?mode=a_p\">N\u00famero 4 (2007)<\/a><\/p>\n<p><a href=\"http:\/\/issuu.com\/tirantloblanc\/docs\/lo_basquet_3\/1?mode=a_p\">N\u00famero 3 (2006)<\/a><\/p>\n<p><a href=\"http:\/\/issuu.com\/tirantloblanc\/docs\/lo_basquet_2\">N\u00famero 2 (2005)<\/a><\/p>\n<p><a href=\"http:\/\/issuu.com\/tirantloblanc\/docs\/lo__basquet__1\/29?mode=a_p\">N\u00famero 1 (2004)<\/a><\/p>\n<p>Per fer-nos arribar <strong>les vostres col\u00b7laboracions<\/strong>, tot simplement envieu-nos un <strong>correu<\/strong> <strong>electr\u00f2nic <\/strong>a la seg\u00fcent adre\u00e7a:\u00a0<a href=\"mailto:lobasquetroquetes@gmail.com\">lobasquetroquetes@gmail.com<\/a><\/p>\n<p>Gr\u00e0cies!<\/p>\n","protected":false},"excerpt":{"rendered":"<p>Aqu\u00ed pots accedir a la versi\u00f3 digital de tots els n\u00fameros de la nostra revista\u00a0Lo basquet. Tamb\u00e9 els pots consultar mitjan\u00e7ant el blog de la biblioteca del centre: Biblioteca Institut Roquetes. L\u2019\u00faltim\u00a0exemplar publicat en paper t\u00e9 data de juny de 2019. A partir de 2020 la proposta informativa del centre tindr\u00e0 la forma d&#8217;un peri\u00f2dic [&hellip;]<\/p>\n","protected":false},"author":1,"featured_media":0,"parent":63,"menu_order":25,"comment_status":"closed","ping_status":"closed","template":"page-templates\/side-menu.php","meta":{"_bbp_topic_count":0,"_bbp_reply_count":0,"_bbp_total_topic_count":0,"_bbp_total_reply_count":0,"_bbp_voice_count":0,"_bbp_anonymous_reply_count":0,"_bbp_topic_count_hidden":0,"_bbp_reply_count_hidden":0,"_bbp_forum_subforum_count":0,"site-sidebar-layout":"default","site-content-layout":"","ast-site-content-layout":"","site-content-style":"default","site-sidebar-style":"default","ast-global-header-display":"","ast-banner-title-visibility":"","ast-main-header-display":"","ast-hfb-above-header-display":"","ast-hfb-below-header-display":"","ast-hfb-mobile-header-display":"","site-post-title":"","ast-breadcrumbs-content":"","ast-featured-img":"","footer-sml-layout":"","theme-transparent-header-meta":"","adv-header-id-meta":"","stick-header-meta":"","header-above-stick-meta":"","header-main-stick-meta":"","header-below-stick-meta":"","astra-migrate-meta-layouts":"default","ast-page-background-enabled":"default","ast-page-background-meta":{"desktop":{"background-color":"var(--ast-global-color-4)","background-image":"","background-repeat":"repeat","background-position":"center center","background-size":"auto","background-attachment":"scroll","background-type":"","background-media":"","overlay-type":"","overlay-color":"","overlay-opacity":"","overlay-gradient":""},"tablet":{"background-color":"","background-image":"","background-repeat":"repeat","background-position":"center center","background-size":"auto","background-attachment":"scroll","background-type":"","background-media":"","overlay-type":"","overlay-color":"","overlay-opacity":"","overlay-gradient":""},"mobile":{"background-color":"","background-image":"","background-repeat":"repeat","background-position":"center center","background-size":"auto","background-attachment":"scroll","background-type":"","background-media":"","overlay-type":"","overlay-color":"","overlay-opacity":"","overlay-gradient":""}},"ast-content-background-meta":{"desktop":{"background-color":"var(--ast-global-color-5)","background-image":"","background-repeat":"repeat","background-position":"center center","background-size":"auto","background-attachment":"scroll","background-type":"","background-media":"","overlay-type":"","overlay-color":"","overlay-opacity":"","overlay-gradient":""},"tablet":{"background-color":"var(--ast-global-color-5)","background-image":"","background-repeat":"repeat","background-position":"center center","background-size":"auto","background-attachment":"scroll","background-type":"","background-media":"","overlay-type":"","overlay-color":"","overlay-opacity":"","overlay-gradient":""},"mobile":{"background-color":"var(--ast-global-color-5)","background-image":"","background-repeat":"repeat","background-position":"center center","background-size":"auto","background-attachment":"scroll","background-type":"","background-media":"","overlay-type":"","overlay-color":"","overlay-opacity":"","overlay-gradient":""}},"footnotes":""},"class_list":["post-4007","page","type-page","status-publish","hentry"],"post_mailing_queue_ids":[],"_links":{"self":[{"href":"https:\/\/agora.xtec.cat\/iesroquetes\/wp-json\/wp\/v2\/pages\/4007","targetHints":{"allow":["GET"]}}],"collection":[{"href":"https:\/\/agora.xtec.cat\/iesroquetes\/wp-json\/wp\/v2\/pages"}],"about":[{"href":"https:\/\/agora.xtec.cat\/iesroquetes\/wp-json\/wp\/v2\/types\/page"}],"author":[{"embeddable":true,"href":"https:\/\/agora.xtec.cat\/iesroquetes\/wp-json\/wp\/v2\/users\/1"}],"replies":[{"embeddable":true,"href":"https:\/\/agora.xtec.cat\/iesroquetes\/wp-json\/wp\/v2\/comments?post=4007"}],"version-history":[{"count":3,"href":"https:\/\/agora.xtec.cat\/iesroquetes\/wp-json\/wp\/v2\/pages\/4007\/revisions"}],"predecessor-version":[{"id":19460,"href":"https:\/\/agora.xtec.cat\/iesroquetes\/wp-json\/wp\/v2\/pages\/4007\/revisions\/19460"}],"up":[{"embeddable":true,"href":"https:\/\/agora.xtec.cat\/iesroquetes\/wp-json\/wp\/v2\/pages\/63"}],"wp:attachment":[{"href":"https:\/\/agora.xtec.cat\/iesroquetes\/wp-json\/wp\/v2\/media?parent=4007"}],"curies":[{"name":"wp","href":"https:\/\/api.w.org\/{rel}","templated":true}]}}