{"id":4005,"date":"2016-08-11T23:04:40","date_gmt":"2016-08-11T22:04:40","guid":{"rendered":"http:\/\/agora.xtec.cat\/iesroquetes\/?page_id=4005"},"modified":"2024-04-10T09:41:50","modified_gmt":"2024-04-10T07:41:50","slug":"pla-de-lectura","status":"publish","type":"page","link":"https:\/\/agora.xtec.cat\/iesroquetes\/projecte-educatiu\/pla-de-lectura\/","title":{"rendered":"Pla Lector"},"content":{"rendered":"<p>El <strong>Pla lector<\/strong> \u00e9s un projecte de centre que treballa per: <a href=\"https:\/\/agora.xtec.cat\/iesroquetes\/wp-content\/uploads\/usu997\/2023\/10\/Captura-de-pantalla-2023-10-12-a-las-11.14.27.png\"><img loading=\"lazy\" decoding=\"async\" class=\" wp-image-26092 alignright\" src=\"https:\/\/agora.xtec.cat\/iesroquetes\/wp-content\/uploads\/usu997\/2023\/10\/Captura-de-pantalla-2023-10-12-a-las-11.14.27.png\" alt=\"\" width=\"264\" height=\"273\" srcset=\"https:\/\/agora.xtec.cat\/iesroquetes\/wp-content\/uploads\/usu997\/2023\/10\/Captura-de-pantalla-2023-10-12-a-las-11.14.27.png 418w, https:\/\/agora.xtec.cat\/iesroquetes\/wp-content\/uploads\/usu997\/2023\/10\/Captura-de-pantalla-2023-10-12-a-las-11.14.27-290x300.png 290w\" sizes=\"auto, (max-width: 264px) 100vw, 264px\" \/><\/a><\/p>\n<ul>\n<li><span class=\"OYPEnA text-decoration-none text-strikethrough-none\">Potenciar el gust per la lectura entre els joves<\/span><\/li>\n<li><span class=\"OYPEnA text-decoration-none text-strikethrough-none\">Millorar la compet\u00e8ncia lectora de l&#8217;alumnat<\/span><\/li>\n<li><span class=\"OYPEnA text-decoration-none text-strikethrough-none\">Entendre la lectura com a vehicle per aprendre nous continguts des de tots els \u00e0mbits<\/span><\/li>\n<li><span class=\"OYPEnA text-decoration-none text-strikethrough-none\">Augmentar la capacitat de reflexi\u00f3 i debat<\/span><\/li>\n<li><span class=\"OYPEnA text-decoration-none text-strikethrough-none\">Millorar la lectura en veu alta<\/span><\/li>\n<\/ul>\n<p>La <strong>lectura<\/strong> ens permet a<span class=\"OYPEnA text-decoration-none text-strikethrough-none\">mpliar el vocabulari, m<\/span><span class=\"OYPEnA text-decoration-none text-strikethrough-none\">illorar l&#8217;ortografia, e<\/span><span class=\"OYPEnA text-decoration-none text-strikethrough-none\">xercitar la ment, e<\/span><span class=\"OYPEnA text-decoration-none text-strikethrough-none\">stimular el cervell, a<\/span><span class=\"OYPEnA text-decoration-none text-strikethrough-none\">ugmentar els coneixements, reduir<\/span><span class=\"OYPEnA text-decoration-none text-strikethrough-none\"> l&#8217;estr\u00e8s i m<\/span><span class=\"OYPEnA text-decoration-none text-strikethrough-none\">illorar l&#8217;atenci\u00f3 i la concentraci\u00f3. \u00c9s per aix\u00f2 que l&#8217;alumnat d&#8217;ESO de l&#8217;Institut Roquetes gaudeix de <strong>30 minuts<\/strong> (d&#8217;11.25 h a 11.55 h) de lectura di\u00e0ria. Aquesta franja comen\u00e7a amb una lectura en veu alta per part del professorat que permet l&#8217;alumnat celebrar tamb\u00e9 efem\u00e8rides importants o treballar valors essencials. Despr\u00e9s, gr\u00e0cies als lots de pr\u00e9stec de la <strong>Biblioteca municipal de Roquetes Merc\u00e8 Lleix\u00e0<\/strong>, l&#8217;alumnat escull per gust propi un llibre de la biblioteca d&#8217;aula i practica la lectura silenciosa.\u00a0<\/span><\/p>\n<p class=\"cvGsUA direction-ltr align-start para-style-body\"><span class=\"OYPEnA text-decoration-none text-strikethrough-none\">A m\u00e9s, la <strong>Comissi\u00f3 del Pla lector<\/strong> organitza diferents tallers i visites a la Biblioteca al llarg del curs, entre les quals destaquen:<\/span><\/p>\n<ul>\n<li><span class=\"OYPEnA text-decoration-none text-strikethrough-none\">1r d&#8217;ESO: Taller &#8220;Cap xiquet\/a sense carnet + eBiblio&#8221; i Taller de &#8220;Lectura d&#8217;imatges&#8221;<\/span><\/li>\n<li><span class=\"OYPEnA text-decoration-none text-strikethrough-none\">2n d&#8217;ESO: Taller &#8220;El c\u00f2mic&#8221;<\/span><\/li>\n<li><span class=\"OYPEnA text-decoration-none text-strikethrough-none\">3r d&#8217;ESO: Taller de &#8220;Cerca d&#8217;informaci\u00f3&#8221;<\/span><\/li>\n<li><span class=\"OYPEnA text-decoration-none text-strikethrough-none\">4t d&#8217;ESO: Taller de &#8220;Viquip\u00e8dia&#8221;\u00a0<\/span><\/li>\n<li><span class=\"OYPEnA text-decoration-none text-strikethrough-none\">Aula oberta: Taller de &#8220;Recerca de feina&#8221;<\/span><\/li>\n<li><span class=\"OYPEnA text-decoration-none text-strikethrough-none\">Clubs de lectura diversos (en catal\u00e0 i en castell\u00e0)<\/span><\/li>\n<\/ul>\n<p><a href=\"https:\/\/agora.xtec.cat\/iesroquetes\/wp-content\/uploads\/usu997\/2023\/10\/Captura-de-pantalla-2023-10-12-a-las-11.12.05.png\"><img loading=\"lazy\" decoding=\"async\" class=\" wp-image-26090 aligncenter\" src=\"https:\/\/agora.xtec.cat\/iesroquetes\/wp-content\/uploads\/usu997\/2023\/10\/Captura-de-pantalla-2023-10-12-a-las-11.12.05.png\" alt=\"\" width=\"505\" height=\"717\" srcset=\"https:\/\/agora.xtec.cat\/iesroquetes\/wp-content\/uploads\/usu997\/2023\/10\/Captura-de-pantalla-2023-10-12-a-las-11.12.05.png 568w, https:\/\/agora.xtec.cat\/iesroquetes\/wp-content\/uploads\/usu997\/2023\/10\/Captura-de-pantalla-2023-10-12-a-las-11.12.05-211x300.png 211w\" sizes=\"auto, (max-width: 505px) 100vw, 505px\" \/><\/a><\/p>\n<p>Compartim la infografia que l&#8217;alumnat t\u00e9 a les seves aules per con\u00e8ixer el Pla lector.<\/p>\n<p><a href=\"https:\/\/agora.xtec.cat\/iesroquetes\/wp-content\/uploads\/usu997\/2023\/10\/Pla_Lector_Info_Alumnat.jpg\"><img loading=\"lazy\" decoding=\"async\" class=\"alignnone size-large wp-image-26088\" src=\"https:\/\/agora.xtec.cat\/iesroquetes\/wp-content\/uploads\/usu997\/2023\/10\/Pla_Lector_Info_Alumnat-1024x724.jpg\" alt=\"\" width=\"1024\" height=\"724\" srcset=\"https:\/\/agora.xtec.cat\/iesroquetes\/wp-content\/uploads\/usu997\/2023\/10\/Pla_Lector_Info_Alumnat-1024x724.jpg 1024w, https:\/\/agora.xtec.cat\/iesroquetes\/wp-content\/uploads\/usu997\/2023\/10\/Pla_Lector_Info_Alumnat-300x212.jpg 300w, https:\/\/agora.xtec.cat\/iesroquetes\/wp-content\/uploads\/usu997\/2023\/10\/Pla_Lector_Info_Alumnat-768x543.jpg 768w, https:\/\/agora.xtec.cat\/iesroquetes\/wp-content\/uploads\/usu997\/2023\/10\/Pla_Lector_Info_Alumnat-1536x1086.jpg 1536w, https:\/\/agora.xtec.cat\/iesroquetes\/wp-content\/uploads\/usu997\/2023\/10\/Pla_Lector_Info_Alumnat-2048x1448.jpg 2048w\" sizes=\"auto, (max-width: 1024px) 100vw, 1024px\" \/><\/a><\/p>\n<p style=\"text-align: justify;\">El document marc de refer\u00e8ncia del <strong>Pla Lector 23-24<\/strong> el podeu consultar aqu\u00cf:<\/p>\n<p><a href=\"https:\/\/agora.xtec.cat\/iesroquetes\/wp-content\/uploads\/usu997\/2024\/04\/Pla_Lector_INS_Roquetes_23-24.pdf\">Pla_Lector_INS_Roquetes_23-24<\/a><\/p>\n<p style=\"text-align: justify;\">Compartim tamb\u00e9 la <strong>presentaci\u00f3<\/strong> del <strong>Pla de lectura<\/strong> que vam fer els cursos <strong>2017-18 i 2016-17<\/strong>. Continuem amb aquest projecte iniciat en 2016 amb molta il\u00b7lusi\u00f3 i energia i renovem cada any les propostes per l&#8217;alumnat, el professorat i les fam\u00edlies. En aquest cam\u00ed compartit, volem donar les gr\u00e0cies de manera molt especial als responsables de la <strong>biblioteca municipal Merc\u00e8 Lleix\u00e0<\/strong> de Roquetes i m\u00e9s espec\u00edficament a la seva directora, <strong>Begonya Ferr\u00e9<\/strong>.<\/p>\n<p><a href=\"https:\/\/agora.xtec.cat\/iesroquetes\/wp-content\/uploads\/usu997\/2024\/04\/Power-presentacio-claustre-setembre-2017.pdf\">Presentaci\u00f3-claustre-setembre-2017<\/a><\/p>\n<p style=\"text-align: justify;\"><a href=\"https:\/\/agora.xtec.cat\/iesroquetes\/wp-content\/uploads\/usu997\/2024\/04\/Power-web-Pla-lector.pdf\">Power Pla lector 2016<\/a><\/p>\n<p style=\"text-align: justify;\">\n","protected":false},"excerpt":{"rendered":"<p>El Pla lector \u00e9s un projecte de centre que treballa per: Potenciar el gust per la lectura entre els joves Millorar la compet\u00e8ncia lectora de l&#8217;alumnat Entendre la lectura com a vehicle per aprendre nous continguts des de tots els \u00e0mbits Augmentar la capacitat de reflexi\u00f3 i debat Millorar la lectura en veu alta La [&hellip;]<\/p>\n","protected":false},"author":1,"featured_media":0,"parent":57,"menu_order":9,"comment_status":"closed","ping_status":"closed","template":"page-templates\/side-menu.php","meta":{"_bbp_topic_count":0,"_bbp_reply_count":0,"_bbp_total_topic_count":0,"_bbp_total_reply_count":0,"_bbp_voice_count":0,"_bbp_anonymous_reply_count":0,"_bbp_topic_count_hidden":0,"_bbp_reply_count_hidden":0,"_bbp_forum_subforum_count":0,"site-sidebar-layout":"default","site-content-layout":"","ast-site-content-layout":"","site-content-style":"default","site-sidebar-style":"default","ast-global-header-display":"","ast-banner-title-visibility":"","ast-main-header-display":"","ast-hfb-above-header-display":"","ast-hfb-below-header-display":"","ast-hfb-mobile-header-display":"","site-post-title":"","ast-breadcrumbs-content":"","ast-featured-img":"","footer-sml-layout":"","theme-transparent-header-meta":"","adv-header-id-meta":"","stick-header-meta":"","header-above-stick-meta":"","header-main-stick-meta":"","header-below-stick-meta":"","astra-migrate-meta-layouts":"default","ast-page-background-enabled":"default","ast-page-background-meta":{"desktop":{"background-color":"var(--ast-global-color-4)","background-image":"","background-repeat":"repeat","background-position":"center center","background-size":"auto","background-attachment":"scroll","background-type":"","background-media":"","overlay-type":"","overlay-color":"","overlay-opacity":"","overlay-gradient":""},"tablet":{"background-color":"","background-image":"","background-repeat":"repeat","background-position":"center center","background-size":"auto","background-attachment":"scroll","background-type":"","background-media":"","overlay-type":"","overlay-color":"","overlay-opacity":"","overlay-gradient":""},"mobile":{"background-color":"","background-image":"","background-repeat":"repeat","background-position":"center center","background-size":"auto","background-attachment":"scroll","background-type":"","background-media":"","overlay-type":"","overlay-color":"","overlay-opacity":"","overlay-gradient":""}},"ast-content-background-meta":{"desktop":{"background-color":"var(--ast-global-color-5)","background-image":"","background-repeat":"repeat","background-position":"center center","background-size":"auto","background-attachment":"scroll","background-type":"","background-media":"","overlay-type":"","overlay-color":"","overlay-opacity":"","overlay-gradient":""},"tablet":{"background-color":"var(--ast-global-color-5)","background-image":"","background-repeat":"repeat","background-position":"center center","background-size":"auto","background-attachment":"scroll","background-type":"","background-media":"","overlay-type":"","overlay-color":"","overlay-opacity":"","overlay-gradient":""},"mobile":{"background-color":"var(--ast-global-color-5)","background-image":"","background-repeat":"repeat","background-position":"center center","background-size":"auto","background-attachment":"scroll","background-type":"","background-media":"","overlay-type":"","overlay-color":"","overlay-opacity":"","overlay-gradient":""}},"footnotes":""},"class_list":["post-4005","page","type-page","status-publish","hentry"],"post_mailing_queue_ids":[],"_links":{"self":[{"href":"https:\/\/agora.xtec.cat\/iesroquetes\/wp-json\/wp\/v2\/pages\/4005","targetHints":{"allow":["GET"]}}],"collection":[{"href":"https:\/\/agora.xtec.cat\/iesroquetes\/wp-json\/wp\/v2\/pages"}],"about":[{"href":"https:\/\/agora.xtec.cat\/iesroquetes\/wp-json\/wp\/v2\/types\/page"}],"author":[{"embeddable":true,"href":"https:\/\/agora.xtec.cat\/iesroquetes\/wp-json\/wp\/v2\/users\/1"}],"replies":[{"embeddable":true,"href":"https:\/\/agora.xtec.cat\/iesroquetes\/wp-json\/wp\/v2\/comments?post=4005"}],"version-history":[{"count":6,"href":"https:\/\/agora.xtec.cat\/iesroquetes\/wp-json\/wp\/v2\/pages\/4005\/revisions"}],"predecessor-version":[{"id":27175,"href":"https:\/\/agora.xtec.cat\/iesroquetes\/wp-json\/wp\/v2\/pages\/4005\/revisions\/27175"}],"up":[{"embeddable":true,"href":"https:\/\/agora.xtec.cat\/iesroquetes\/wp-json\/wp\/v2\/pages\/57"}],"wp:attachment":[{"href":"https:\/\/agora.xtec.cat\/iesroquetes\/wp-json\/wp\/v2\/media?parent=4005"}],"curies":[{"name":"wp","href":"https:\/\/api.w.org\/{rel}","templated":true}]}}