{"id":3927,"date":"2016-07-28T13:25:22","date_gmt":"2016-07-28T12:25:22","guid":{"rendered":"http:\/\/agora.xtec.cat\/iesroquetes\/?page_id=3927"},"modified":"2024-03-12T16:27:17","modified_gmt":"2024-03-12T15:27:17","slug":"projectes-de-centre","status":"publish","type":"page","link":"https:\/\/agora.xtec.cat\/iesroquetes\/projectes-de-centre\/","title":{"rendered":"Projectes de centre"},"content":{"rendered":"<p><del><\/del>En aquesta secci\u00f3 indexarem alguns dels principals projectes del centre:<\/p>\n<ul class=\"sub-menu menu-odd menu-depth-1\">\n<li id=\"nav-menu-item-21896\" class=\"sub-menu-item menu-item-odd menu-item-depth-1 menu-item menu-item-type-post_type menu-item-object-page menu-item-has-children\"><a class=\"menu-link sub-menu-link\" href=\"https:\/\/agora.xtec.cat\/iesroquetes\/projectes-de-centre\/assemblea-de-delegats\/\">Assemblea de delegats<\/a>\n<ul class=\"sub-menu menu-even sub-sub-menu menu-depth-2\">\n<li id=\"nav-menu-item-21900\" class=\"sub-menu-item sub-sub-menu-item menu-item-even menu-item-depth-2 menu-item menu-item-type-taxonomy menu-item-object-category\"><a class=\"menu-link sub-menu-link\" href=\"https:\/\/agora.xtec.cat\/iesroquetes\/categoria\/assemblea\/\">Som l\u2019assemblea<\/a><\/li>\n<\/ul>\n<\/li>\n<li id=\"nav-menu-item-3930\" class=\"sub-menu-item menu-item-odd menu-item-depth-1 menu-item menu-item-type-taxonomy menu-item-object-category\"><a class=\"menu-link sub-menu-link\" href=\"https:\/\/agora.xtec.cat\/iesroquetes\/categoria\/comite-verd\/\">Comit\u00e9 verd<\/a><\/li>\n<li id=\"nav-menu-item-3936\" class=\"sub-menu-item menu-item-odd menu-item-depth-1 menu-item menu-item-type-taxonomy menu-item-object-category\"><a class=\"menu-link sub-menu-link\" href=\"https:\/\/agora.xtec.cat\/iesroquetes\/categoria\/hort\/\">Hort escolar ecol\u00f2gic<\/a><\/li>\n<li><a href=\"https:\/\/agora.xtec.cat\/iesroquetes\/categoria\/gep\/\">GEP (Generaci\u00f3 Pluriling\u00fce)<\/a><\/li>\n<li id=\"nav-menu-item-10002\" class=\"sub-menu-item menu-item-odd menu-item-depth-1 menu-item menu-item-type-taxonomy menu-item-object-category\"><a class=\"menu-link sub-menu-link\" href=\"https:\/\/agora.xtec.cat\/iesroquetes\/categoria\/project-work\/\">Project Work<\/a><\/li>\n<li id=\"nav-menu-item-3931\" class=\"sub-menu-item menu-item-odd menu-item-depth-1 menu-item menu-item-type-taxonomy menu-item-object-category\"><a class=\"menu-link sub-menu-link\" href=\"https:\/\/agora.xtec.cat\/iesroquetes\/categoria\/mediacio_tj\/\">Mediaci\u00f3\/Tutories J\u00fanior<\/a><\/li>\n<li id=\"nav-menu-item-4036\" class=\"sub-menu-item menu-item-odd menu-item-depth-1 menu-item menu-item-type-post_type menu-item-object-page\"><a class=\"menu-link sub-menu-link\" href=\"https:\/\/agora.xtec.cat\/iesroquetes\/?page_id=4034\">Premis Sant Jordi<\/a><\/li>\n<li id=\"nav-menu-item-21887\" class=\"sub-menu-item menu-item-odd menu-item-depth-1 menu-item menu-item-type-taxonomy menu-item-object-category\"><a class=\"menu-link sub-menu-link\" href=\"https:\/\/agora.xtec.cat\/iesroquetes\/categoria\/robotica\/\">Rob\u00f2tica<\/a><\/li>\n<li id=\"nav-menu-item-7003\" class=\"sub-menu-item menu-item-odd menu-item-depth-1 menu-item menu-item-type-taxonomy menu-item-object-category\"><a class=\"menu-link sub-menu-link\" href=\"https:\/\/agora.xtec.cat\/iesroquetes\/categoria\/servei_com\/\">Servei Comunitari<\/a><\/li>\n<li id=\"nav-menu-item-19737\" class=\"sub-menu-item menu-item-odd menu-item-depth-1 menu-item menu-item-type-post_type menu-item-object-page\"><a class=\"menu-link sub-menu-link\" href=\"https:\/\/agora.xtec.cat\/iesroquetes\/projectes-de-centre\/serveis-fp\/\">Serveis FP<\/a><\/li>\n<\/ul>\n<div class=\"menu-projectes-de-centre-container\"><\/div>\n","protected":false},"excerpt":{"rendered":"<p>En aquesta secci\u00f3 indexarem alguns dels principals projectes del centre: Assemblea de delegats Som l\u2019assemblea Comit\u00e9 verd Hort escolar ecol\u00f2gic GEP (Generaci\u00f3 Pluriling\u00fce) Project Work Mediaci\u00f3\/Tutories J\u00fanior Premis Sant Jordi Rob\u00f2tica Servei Comunitari Serveis FP<\/p>\n","protected":false},"author":1,"featured_media":0,"parent":0,"menu_order":50,"comment_status":"closed","ping_status":"closed","template":"","meta":{"_bbp_topic_count":0,"_bbp_reply_count":0,"_bbp_total_topic_count":0,"_bbp_total_reply_count":0,"_bbp_voice_count":0,"_bbp_anonymous_reply_count":0,"_bbp_topic_count_hidden":0,"_bbp_reply_count_hidden":0,"_bbp_forum_subforum_count":0,"site-sidebar-layout":"default","site-content-layout":"","ast-site-content-layout":"","site-content-style":"default","site-sidebar-style":"default","ast-global-header-display":"","ast-banner-title-visibility":"","ast-main-header-display":"","ast-hfb-above-header-display":"","ast-hfb-below-header-display":"","ast-hfb-mobile-header-display":"","site-post-title":"","ast-breadcrumbs-content":"","ast-featured-img":"","footer-sml-layout":"","theme-transparent-header-meta":"","adv-header-id-meta":"","stick-header-meta":"","header-above-stick-meta":"","header-main-stick-meta":"","header-below-stick-meta":"","astra-migrate-meta-layouts":"default","ast-page-background-enabled":"default","ast-page-background-meta":{"desktop":{"background-color":"var(--ast-global-color-4)","background-image":"","background-repeat":"repeat","background-position":"center center","background-size":"auto","background-attachment":"scroll","background-type":"","background-media":"","overlay-type":"","overlay-color":"","overlay-opacity":"","overlay-gradient":""},"tablet":{"background-color":"","background-image":"","background-repeat":"repeat","background-position":"center center","background-size":"auto","background-attachment":"scroll","background-type":"","background-media":"","overlay-type":"","overlay-color":"","overlay-opacity":"","overlay-gradient":""},"mobile":{"background-color":"","background-image":"","background-repeat":"repeat","background-position":"center center","background-size":"auto","background-attachment":"scroll","background-type":"","background-media":"","overlay-type":"","overlay-color":"","overlay-opacity":"","overlay-gradient":""}},"ast-content-background-meta":{"desktop":{"background-color":"var(--ast-global-color-5)","background-image":"","background-repeat":"repeat","background-position":"center center","background-size":"auto","background-attachment":"scroll","background-type":"","background-media":"","overlay-type":"","overlay-color":"","overlay-opacity":"","overlay-gradient":""},"tablet":{"background-color":"var(--ast-global-color-5)","background-image":"","background-repeat":"repeat","background-position":"center center","background-size":"auto","background-attachment":"scroll","background-type":"","background-media":"","overlay-type":"","overlay-color":"","overlay-opacity":"","overlay-gradient":""},"mobile":{"background-color":"var(--ast-global-color-5)","background-image":"","background-repeat":"repeat","background-position":"center center","background-size":"auto","background-attachment":"scroll","background-type":"","background-media":"","overlay-type":"","overlay-color":"","overlay-opacity":"","overlay-gradient":""}},"footnotes":""},"class_list":["post-3927","page","type-page","status-publish","hentry"],"post_mailing_queue_ids":[],"_links":{"self":[{"href":"https:\/\/agora.xtec.cat\/iesroquetes\/wp-json\/wp\/v2\/pages\/3927","targetHints":{"allow":["GET"]}}],"collection":[{"href":"https:\/\/agora.xtec.cat\/iesroquetes\/wp-json\/wp\/v2\/pages"}],"about":[{"href":"https:\/\/agora.xtec.cat\/iesroquetes\/wp-json\/wp\/v2\/types\/page"}],"author":[{"embeddable":true,"href":"https:\/\/agora.xtec.cat\/iesroquetes\/wp-json\/wp\/v2\/users\/1"}],"replies":[{"embeddable":true,"href":"https:\/\/agora.xtec.cat\/iesroquetes\/wp-json\/wp\/v2\/comments?post=3927"}],"version-history":[{"count":4,"href":"https:\/\/agora.xtec.cat\/iesroquetes\/wp-json\/wp\/v2\/pages\/3927\/revisions"}],"predecessor-version":[{"id":27050,"href":"https:\/\/agora.xtec.cat\/iesroquetes\/wp-json\/wp\/v2\/pages\/3927\/revisions\/27050"}],"wp:attachment":[{"href":"https:\/\/agora.xtec.cat\/iesroquetes\/wp-json\/wp\/v2\/media?parent=3927"}],"curies":[{"name":"wp","href":"https:\/\/api.w.org\/{rel}","templated":true}]}}