{"id":30259,"date":"2025-11-27T13:47:31","date_gmt":"2025-11-27T12:47:31","guid":{"rendered":"https:\/\/agora.xtec.cat\/iesroquetes\/?page_id=30259"},"modified":"2025-11-27T14:51:09","modified_gmt":"2025-11-27T13:51:09","slug":"projectes-dinnovacio-educativa","status":"publish","type":"page","link":"https:\/\/agora.xtec.cat\/iesroquetes\/projecte-educatiu\/projectes-dinnovacio-educativa\/","title":{"rendered":"Projectes d&#8217;Innovaci\u00f3 Educativa"},"content":{"rendered":"<ul>\n<li><strong>Projecte Innova FP:<\/strong> &#8220;Compartint somriures&#8221;, curs 2025\/26<\/li>\n<\/ul>\n<p><a href=\"https:\/\/agora.xtec.cat\/iesroquetes\/wp-content\/uploads\/usu997\/2025\/11\/Compartint-somriures_2025.pdf\">Compartint somriures_2025<\/a> (presentaci\u00f3 en pdf)<\/p>\n<h3>Compartint somriures 2025<\/h3>\n<p><iframe loading=\"lazy\" src=\"https:\/\/agora.xtec.cat\/iesroquetes\/wp-content\/uploads\/usu997\/2025\/11\/Projecte-Innova-FP-web_PEC.pdf\" width=\"600\" height=\"500\"><\/iframe><\/p>\n<ul>\n<li><a href=\"https:\/\/agora.xtec.cat\/iesroquetes\/categoria\/gep\/\"><strong>Projecte GEP<\/strong>:<\/a> &#8220;Generaci\u00f3 Pluriling\u00fce&#8221;, cursos 2022\/24, 2023\/24, 2024\/25<\/li>\n<\/ul>\n<p><a href=\"https:\/\/agora.xtec.cat\/iesroquetes\/wp-content\/uploads\/usu997\/2025\/11\/GEP-Roquetes-2022-25.pdf\">GEP Roquetes-2022-25<\/a> (presentaci\u00f3 en pdf)<\/p>\n<ul>\n<li><a href=\"https:\/\/agora.xtec.cat\/iesroquetes\/projecte-educatiu\/projecte-de-convivencia\/\"><strong>Projecte<\/strong> <\/a><strong><a href=\"https:\/\/agora.xtec.cat\/iesroquetes\/projecte-educatiu\/projecte-de-convivencia\/\">#aqu\u00edproubullying<\/a>, <\/strong>cursos 2017\/18, 2018\/19. Eina de detecci\u00f3: <strong><a href=\"https:\/\/mediacioroquetes.blogspot.com\/p\/blog-page.html\">blog Mediaci\u00f3<\/a>.<\/strong><\/li>\n<\/ul>\n<h3>Projecte #aqu\u00edproubullying 2018<\/h3>\n<p><iframe loading=\"lazy\" src=\"https:\/\/agora.xtec.cat\/iesroquetes\/wp-content\/uploads\/usu997\/2019\/11\/Projecte-aquiproubullying-INS-Roquetes-18-19.pdf\" width=\"600\" height=\"500\"><span data-mce-type=\"bookmark\" style=\"display: inline-block; width: 0px; overflow: hidden; line-height: 0;\" class=\"mce_SELRES_start\">\ufeff<\/span><\/iframe><\/p>\n","protected":false},"excerpt":{"rendered":"<p>Projecte Innova FP: &#8220;Compartint somriures&#8221;, curs 2025\/26 Compartint somriures_2025 (presentaci\u00f3 en pdf) Compartint somriures 2025 Projecte GEP: &#8220;Generaci\u00f3 Pluriling\u00fce&#8221;, cursos 2022\/24, 2023\/24, 2024\/25 GEP Roquetes-2022-25 (presentaci\u00f3 en pdf) Projecte #aqu\u00edproubullying, cursos 2017\/18, 2018\/19. Eina de detecci\u00f3: blog Mediaci\u00f3. Projecte #aqu\u00edproubullying 2018 \ufeff<\/p>\n","protected":false},"author":1,"featured_media":0,"parent":57,"menu_order":10,"comment_status":"closed","ping_status":"closed","template":"page-templates\/side-menu.php","meta":{"_bbp_topic_count":0,"_bbp_reply_count":0,"_bbp_total_topic_count":0,"_bbp_total_reply_count":0,"_bbp_voice_count":0,"_bbp_anonymous_reply_count":0,"_bbp_topic_count_hidden":0,"_bbp_reply_count_hidden":0,"_bbp_forum_subforum_count":0,"site-sidebar-layout":"default","site-content-layout":"","ast-site-content-layout":"","site-content-style":"default","site-sidebar-style":"default","ast-global-header-display":"","ast-banner-title-visibility":"","ast-main-header-display":"","ast-hfb-above-header-display":"","ast-hfb-below-header-display":"","ast-hfb-mobile-header-display":"","site-post-title":"","ast-breadcrumbs-content":"","ast-featured-img":"","footer-sml-layout":"","theme-transparent-header-meta":"","adv-header-id-meta":"","stick-header-meta":"","header-above-stick-meta":"","header-main-stick-meta":"","header-below-stick-meta":"","astra-migrate-meta-layouts":"default","ast-page-background-enabled":"default","ast-page-background-meta":{"desktop":{"background-color":"var(--ast-global-color-4)","background-image":"","background-repeat":"repeat","background-position":"center center","background-size":"auto","background-attachment":"scroll","background-type":"","background-media":"","overlay-type":"","overlay-color":"","overlay-opacity":"","overlay-gradient":""},"tablet":{"background-color":"","background-image":"","background-repeat":"repeat","background-position":"center center","background-size":"auto","background-attachment":"scroll","background-type":"","background-media":"","overlay-type":"","overlay-color":"","overlay-opacity":"","overlay-gradient":""},"mobile":{"background-color":"","background-image":"","background-repeat":"repeat","background-position":"center center","background-size":"auto","background-attachment":"scroll","background-type":"","background-media":"","overlay-type":"","overlay-color":"","overlay-opacity":"","overlay-gradient":""}},"ast-content-background-meta":{"desktop":{"background-color":"var(--ast-global-color-5)","background-image":"","background-repeat":"repeat","background-position":"center center","background-size":"auto","background-attachment":"scroll","background-type":"","background-media":"","overlay-type":"","overlay-color":"","overlay-opacity":"","overlay-gradient":""},"tablet":{"background-color":"var(--ast-global-color-5)","background-image":"","background-repeat":"repeat","background-position":"center center","background-size":"auto","background-attachment":"scroll","background-type":"","background-media":"","overlay-type":"","overlay-color":"","overlay-opacity":"","overlay-gradient":""},"mobile":{"background-color":"var(--ast-global-color-5)","background-image":"","background-repeat":"repeat","background-position":"center center","background-size":"auto","background-attachment":"scroll","background-type":"","background-media":"","overlay-type":"","overlay-color":"","overlay-opacity":"","overlay-gradient":""}},"footnotes":""},"class_list":["post-30259","page","type-page","status-publish","hentry"],"post_mailing_queue_ids":[],"_links":{"self":[{"href":"https:\/\/agora.xtec.cat\/iesroquetes\/wp-json\/wp\/v2\/pages\/30259","targetHints":{"allow":["GET"]}}],"collection":[{"href":"https:\/\/agora.xtec.cat\/iesroquetes\/wp-json\/wp\/v2\/pages"}],"about":[{"href":"https:\/\/agora.xtec.cat\/iesroquetes\/wp-json\/wp\/v2\/types\/page"}],"author":[{"embeddable":true,"href":"https:\/\/agora.xtec.cat\/iesroquetes\/wp-json\/wp\/v2\/users\/1"}],"replies":[{"embeddable":true,"href":"https:\/\/agora.xtec.cat\/iesroquetes\/wp-json\/wp\/v2\/comments?post=30259"}],"version-history":[{"count":7,"href":"https:\/\/agora.xtec.cat\/iesroquetes\/wp-json\/wp\/v2\/pages\/30259\/revisions"}],"predecessor-version":[{"id":30274,"href":"https:\/\/agora.xtec.cat\/iesroquetes\/wp-json\/wp\/v2\/pages\/30259\/revisions\/30274"}],"up":[{"embeddable":true,"href":"https:\/\/agora.xtec.cat\/iesroquetes\/wp-json\/wp\/v2\/pages\/57"}],"wp:attachment":[{"href":"https:\/\/agora.xtec.cat\/iesroquetes\/wp-json\/wp\/v2\/media?parent=30259"}],"curies":[{"name":"wp","href":"https:\/\/api.w.org\/{rel}","templated":true}]}}