{"id":27,"date":"2014-09-17T16:24:03","date_gmt":"2014-09-17T16:24:03","guid":{"rendered":"http:\/\/agora.xtec.cat\/iesroquetes\/?page_id=27"},"modified":"2026-03-04T13:09:58","modified_gmt":"2026-03-04T12:09:58","slug":"historia","status":"publish","type":"page","link":"https:\/\/agora.xtec.cat\/iesroquetes\/linstitut\/historia\/","title":{"rendered":"Hist\u00f2ria"},"content":{"rendered":"<p style=\"text-align: justify;\">L&#8217;Institut Roquetes neix a partir de l&#8217;aplicaci\u00f3 de la <strong>Reforma Educativa<\/strong> (LOGSE, de 1990) i inicia la seva activitat docent durant el curs 1996-1997.<\/p>\n<p style=\"text-align: justify;\">Fins al curs 2001-2002 es va ubicar de forma provisional en els edificis corresponents a l&#8217;antic Noviciat dels Jesu\u00eftes de l&#8217;Observatori de l&#8217;Ebre, l&#8217;edifici de la Ib\u00e8rica i algunes aules prefabricades.<\/p>\n<p><a href=\"https:\/\/agora.xtec.cat\/iesroquetes\/wp-content\/uploads\/usu997\/2025\/10\/noviciat_jesuites.jpeg\"><img loading=\"lazy\" decoding=\"async\" class=\"size-full wp-image-30013 aligncenter\" src=\"https:\/\/agora.xtec.cat\/iesroquetes\/wp-content\/uploads\/usu997\/2025\/10\/noviciat_jesuites.jpeg\" alt=\"\" width=\"582\" height=\"343\" srcset=\"https:\/\/agora.xtec.cat\/iesroquetes\/wp-content\/uploads\/usu997\/2025\/10\/noviciat_jesuites.jpeg 582w, https:\/\/agora.xtec.cat\/iesroquetes\/wp-content\/uploads\/usu997\/2025\/10\/noviciat_jesuites-300x177.jpeg 300w\" sizes=\"auto, (max-width: 582px) 100vw, 582px\" \/><\/a><\/p>\n<p style=\"text-align: justify;\">Durant el curs 2002-2003 es va inaugurar el <strong>nou edifici<\/strong>, situat en els terrenys adjacents al CEIP &#8220;Mestre Marcel\u00b7l\u00ed Domingo.&#8221; Al cap de molt poc, en 2007, l&#8217;edifici principal es va ampliar amb un <strong>aulari espec\u00edfic<\/strong> per a batxillerat format per quatre unitats. I a data d&#8217;avui estem esperant l&#8217;<strong>ampliaci\u00f3 definitiva del centre<\/strong> que ens permetr\u00e0 apropar i unificar en un sol espai les <strong>aules d&#8217;Formaci\u00f3 Professional<\/strong> de la branca d&#8217;<strong>Imatge Personal<\/strong> que actualment estan a l&#8217;edifici de la Ib\u00e8rica i les d&#8217;ESO i batxillerat que es troben a l&#8217;edifici situat entre els carrers Pare Romany\u00e0, Val de Zafan i Anselm Clav\u00e9.<\/p>\n<p style=\"text-align: justify;\">El centre acull fonamentalment <strong>alumnes<\/strong> de Roquetes, aix\u00ed com de les poblacions d&#8217;Aldover, Alfara de Carles, Benifallet, Jes\u00fas, Pa\u00fcls, Raval de Cristo, Els Reguers i Xerta. Disposa dels <strong>serveis de transport<\/strong>, facilitat pel Consell Comarcal del Baix Ebre, i <strong>menjador escolar<\/strong>.<\/p>\n<p style=\"text-align: justify;\">Entre els<strong> espais educatius<\/strong> del centre podem destacar: l&#8217;aula ATECA (Tecnologia Aplicada), aules i tallers de Tecnologia, dos laboratoris de Ci\u00e8ncies, una aula de Dibuix, una de M\u00fasica, un hort ecol\u00f2gic, un sal\u00f3 d&#8217;actes, diversos tallers de Perruqueria i Est\u00e8tica, un espai de gravaci\u00f3 audiovisual i un gimn\u00e0s.<\/p>\n<p style=\"text-align: justify;\">El centre ha estat pioner en la utilitzaci\u00f3 de <strong>recursos digitals<\/strong> a l&#8217;aula, ra\u00f3 per la qual disposa de pissarres digitals i connexi\u00f3 WIFI a totes les classes. A m\u00e9s, va implicar-se a fons des del principi en el Projecte Educat 1&#215;1, cosa que va comportar la utilitzaci\u00f3 freq\u00fcent d&#8217;<strong>ordinadors port\u00e0tils<\/strong> com a eina d&#8217;aprenentatge per part de l&#8217;alumnat.<\/p>\n<p style=\"text-align: justify;\">Ara, <strong>encetem cada curs<\/strong> amb il\u00b7lusi\u00f3 renovada i una <strong>traject\u00f2ria d&#8217;\u00e8xit acad\u00e8mic i d&#8217;integraci\u00f3 social<\/strong> reconeguda. Hem participat de manera activa en diversos <strong>programes d&#8217;innovaci\u00f3 educativa<\/strong> en \u00e0rees de Ci\u00e8ncies i de Lletres. Entre d&#8217;altres iniciatives destacades, podem esmentar el Projecte Arrels (Premi Mayor Zaragoza 2010 i Premi Francesc Candel 2011) per garantir la cohesi\u00f3 social, la coordinaci\u00f3 del Programa Comenius o el Projecte Landerer de Tecnologia. A m\u00e9s, hem tingut durant molts anys una orquestra escolar (el conjunt <em>Stop<\/em>) i grups de teatre amb llarga traject\u00f2ria com ara <em>Joglaresca Teatre<\/em>.<\/p>\n<p style=\"text-align: justify;\">Per altra banda, com a novetat dels \u00faltims cursos, tenim una secci\u00f3 de <strong>Formaci\u00f3 Professional B\u00e0sica<\/strong> amb dos grups (Grau B\u00e0sic 1\u00a0 i Grau B\u00e0sic2) dintre de l&#8217;\u00e0mbit dels <strong>estudis d&#8217;Imatge Personal<\/strong>, els quals ofereixen una sortida acad\u00e8mica a part de l&#8217;alumnat de les Terres de l&#8217;Ebre que no ha aconseguit el t\u00edtol de l&#8217;ESO.<\/p>\n<p style=\"text-align: justify;\">De les celebracions dels passats <strong>20 anys<\/strong> de la creaci\u00f3 del centre us deixem aqu\u00ed <strong>alguns testimonis<\/strong> realitzats per Antena Caro <strong>Roquetes Comunicaci\u00f3<\/strong> i GR Films MK4 Comunicaci\u00f3:<\/p>\n<table style=\"border-collapse: collapse; width: 100%;\">\n<tbody>\n<tr>\n<td style=\"width: 50%;\">\n<div class=\"ast-oembed-container \" style=\"height: 100%;\"><iframe loading=\"lazy\" title=\"20 anys d&#039;Institut Roquetes, Manel Revert\u00e9, Director.\" width=\"500\" height=\"281\" src=\"https:\/\/www.youtube.com\/embed\/xN3hq9Paf9g?feature=oembed\" frameborder=\"0\" allow=\"accelerometer; autoplay; clipboard-write; encrypted-media; gyroscope; picture-in-picture; web-share\" referrerpolicy=\"strict-origin-when-cross-origin\" allowfullscreen><\/iframe><\/div>\n<\/td>\n<td style=\"width: 50%;\">\n<div class=\"ast-oembed-container \" style=\"height: 100%;\"><iframe loading=\"lazy\" title=\"Me\u0301s de 20 propo\u0300sits per a la Pau per al 20e\u0300 aniversari de l&#039;Institut Roquetes\" width=\"500\" height=\"281\" src=\"https:\/\/www.youtube.com\/embed\/LZuvHIk-c5M?feature=oembed\" frameborder=\"0\" allow=\"accelerometer; autoplay; clipboard-write; encrypted-media; gyroscope; picture-in-picture; web-share\" referrerpolicy=\"strict-origin-when-cross-origin\" allowfullscreen><\/iframe><\/div>\n<\/td>\n<\/tr>\n<tr>\n<td style=\"width: 50%;\">\n<div class=\"ast-oembed-container \" style=\"height: 100%;\"><iframe loading=\"lazy\" title=\"20 anys d&#039;Institut Roquetes, Sumpta Moya, Coordinadora dels actes de celebraci\u00f3.\" width=\"500\" height=\"281\" src=\"https:\/\/www.youtube.com\/embed\/16tk7AbwW1E?feature=oembed\" frameborder=\"0\" allow=\"accelerometer; autoplay; clipboard-write; encrypted-media; gyroscope; picture-in-picture; web-share\" referrerpolicy=\"strict-origin-when-cross-origin\" allowfullscreen><\/iframe><\/div>\n<\/td>\n<td style=\"width: 50%;\">\n<div class=\"ast-oembed-container \" style=\"height: 100%;\"><iframe loading=\"lazy\" title=\"20 anys d&#039;Institut Roquetes, Paco de Pedro, Cap d&#039;Estudis adjunt.\" width=\"500\" height=\"281\" src=\"https:\/\/www.youtube.com\/embed\/jXn9rOdv_Zg?feature=oembed\" frameborder=\"0\" allow=\"accelerometer; autoplay; clipboard-write; encrypted-media; gyroscope; picture-in-picture; web-share\" referrerpolicy=\"strict-origin-when-cross-origin\" allowfullscreen><\/iframe><\/div>\n<\/td>\n<\/tr>\n<\/tbody>\n<\/table>\n<p><!----comment node----><!--a=1--><\/p>\n","protected":false},"excerpt":{"rendered":"<p>L&#8217;Institut Roquetes neix a partir de l&#8217;aplicaci\u00f3 de la Reforma Educativa (LOGSE, de 1990) i inicia la seva activitat docent durant el curs 1996-1997. Fins al curs 2001-2002 es va ubicar de forma provisional en els edificis corresponents a l&#8217;antic Noviciat dels Jesu\u00eftes de l&#8217;Observatori de l&#8217;Ebre, l&#8217;edifici de la Ib\u00e8rica i algunes aules prefabricades. [&hellip;]<\/p>\n","protected":false},"author":1,"featured_media":0,"parent":19,"menu_order":20,"comment_status":"closed","ping_status":"closed","template":"","meta":{"_bbp_topic_count":0,"_bbp_reply_count":0,"_bbp_total_topic_count":0,"_bbp_total_reply_count":0,"_bbp_voice_count":0,"_bbp_anonymous_reply_count":0,"_bbp_topic_count_hidden":0,"_bbp_reply_count_hidden":0,"_bbp_forum_subforum_count":0,"site-sidebar-layout":"default","site-content-layout":"","ast-site-content-layout":"default","site-content-style":"default","site-sidebar-style":"default","ast-global-header-display":"","ast-banner-title-visibility":"","ast-main-header-display":"","ast-hfb-above-header-display":"","ast-hfb-below-header-display":"","ast-hfb-mobile-header-display":"","site-post-title":"","ast-breadcrumbs-content":"","ast-featured-img":"","footer-sml-layout":"","theme-transparent-header-meta":"default","adv-header-id-meta":"","stick-header-meta":"","header-above-stick-meta":"","header-main-stick-meta":"","header-below-stick-meta":"","astra-migrate-meta-layouts":"set","ast-page-background-enabled":"default","ast-page-background-meta":{"desktop":{"background-color":"var(--ast-global-color-4)","background-image":"","background-repeat":"repeat","background-position":"center center","background-size":"auto","background-attachment":"scroll","background-type":"","background-media":"","overlay-type":"","overlay-color":"","overlay-opacity":"","overlay-gradient":""},"tablet":{"background-color":"","background-image":"","background-repeat":"repeat","background-position":"center center","background-size":"auto","background-attachment":"scroll","background-type":"","background-media":"","overlay-type":"","overlay-color":"","overlay-opacity":"","overlay-gradient":""},"mobile":{"background-color":"","background-image":"","background-repeat":"repeat","background-position":"center center","background-size":"auto","background-attachment":"scroll","background-type":"","background-media":"","overlay-type":"","overlay-color":"","overlay-opacity":"","overlay-gradient":""}},"ast-content-background-meta":{"desktop":{"background-color":"var(--ast-global-color-5)","background-image":"","background-repeat":"repeat","background-position":"center center","background-size":"auto","background-attachment":"scroll","background-type":"","background-media":"","overlay-type":"","overlay-color":"","overlay-opacity":"","overlay-gradient":""},"tablet":{"background-color":"var(--ast-global-color-5)","background-image":"","background-repeat":"repeat","background-position":"center center","background-size":"auto","background-attachment":"scroll","background-type":"","background-media":"","overlay-type":"","overlay-color":"","overlay-opacity":"","overlay-gradient":""},"mobile":{"background-color":"var(--ast-global-color-5)","background-image":"","background-repeat":"repeat","background-position":"center center","background-size":"auto","background-attachment":"scroll","background-type":"","background-media":"","overlay-type":"","overlay-color":"","overlay-opacity":"","overlay-gradient":""}},"footnotes":""},"class_list":["post-27","page","type-page","status-publish","hentry"],"post_mailing_queue_ids":[],"_links":{"self":[{"href":"https:\/\/agora.xtec.cat\/iesroquetes\/wp-json\/wp\/v2\/pages\/27","targetHints":{"allow":["GET"]}}],"collection":[{"href":"https:\/\/agora.xtec.cat\/iesroquetes\/wp-json\/wp\/v2\/pages"}],"about":[{"href":"https:\/\/agora.xtec.cat\/iesroquetes\/wp-json\/wp\/v2\/types\/page"}],"author":[{"embeddable":true,"href":"https:\/\/agora.xtec.cat\/iesroquetes\/wp-json\/wp\/v2\/users\/1"}],"replies":[{"embeddable":true,"href":"https:\/\/agora.xtec.cat\/iesroquetes\/wp-json\/wp\/v2\/comments?post=27"}],"version-history":[{"count":6,"href":"https:\/\/agora.xtec.cat\/iesroquetes\/wp-json\/wp\/v2\/pages\/27\/revisions"}],"predecessor-version":[{"id":30616,"href":"https:\/\/agora.xtec.cat\/iesroquetes\/wp-json\/wp\/v2\/pages\/27\/revisions\/30616"}],"up":[{"embeddable":true,"href":"https:\/\/agora.xtec.cat\/iesroquetes\/wp-json\/wp\/v2\/pages\/19"}],"wp:attachment":[{"href":"https:\/\/agora.xtec.cat\/iesroquetes\/wp-json\/wp\/v2\/media?parent=27"}],"curies":[{"name":"wp","href":"https:\/\/api.w.org\/{rel}","templated":true}]}}