{"id":26114,"date":"2023-10-18T13:38:41","date_gmt":"2023-10-18T11:38:41","guid":{"rendered":"https:\/\/agora.xtec.cat\/iesroquetes\/?page_id=26114"},"modified":"2026-02-25T18:37:35","modified_gmt":"2026-02-25T17:37:35","slug":"informacio-cicles-formatius","status":"publish","type":"page","link":"https:\/\/agora.xtec.cat\/iesroquetes\/linstitut\/oferta-educativa\/informacio-cicles-formatius\/","title":{"rendered":"Informaci\u00f3 Cicles Formatius"},"content":{"rendered":"<p style=\"color: #444444; text-align: justify;\">En aquesta p\u00e0gina trobareu la <strong>informaci\u00f3 general<\/strong> dels Cicles Formatius. Disposeu d&#8217;informaci\u00f3 m\u00e9s detallada a les p\u00e0gines espec\u00edfiques de cada cicle i especialitat:<\/p>\n<header class=\"entry-header\" style=\"color: #444444;\">\n<h3 class=\"entry-title\" style=\"font-weight: 400; color: #087eb6;\">Cicles Formatius de Grau Mitj\u00e0<\/h3>\n<\/header>\n<p><strong>Dues branques<\/strong>:<\/p>\n<ul>\n<li><a href=\"https:\/\/agora.xtec.cat\/iesroquetes\/linstitut\/oferta-educativa\/cicle-formatiu-de-grau-mitja-de-perruqueria-i-cosmetica-capillar\/\" rel=\"noopener\"><strong>Perruqueria i cosm\u00e8tica capil\u00b7lar<\/strong> (1r i 2n curs) &#8211; Enlla\u00e7<\/a><\/li>\n<li><a href=\"https:\/\/agora.xtec.cat\/iesroquetes\/linstitut\/oferta-educativa\/cicle-formatiu-grau-mitja-estetica-i-bellesa\/\" rel=\"noopener\"><strong>Est\u00e8tica i bellesa<\/strong> (1r i 2n curs) &#8211; Enlla\u00e7<\/a><\/li>\n<\/ul>\n<h3 class=\"entry-title\" style=\"font-weight: 400; color: #087eb6;\">Cicles Formatius de Grau Superior<\/h3>\n<ul>\n<li><a href=\"https:\/\/agora.xtec.cat\/iesroquetes\/linstitut\/oferta-educativa\/cicles-formatius-de-grau-superior-dimatge-personal\/\" rel=\"noopener\"><strong>Estilisme i Direcci\u00f3 de Perruqueria.<\/strong> (1r i 2n curs) &#8211; Enlla\u00e7<\/a><\/li>\n<\/ul>\n<h3 class=\"entry-title\" style=\"font-weight: 400; color: #087eb6;\">Cicles Formatius de Grau B\u00e0sic<\/h3>\n<ul>\n<li><a href=\"https:\/\/agora.xtec.cat\/iesroquetes\/linstitut\/oferta-educativa\/cicles-formatius-de-grau-basic-dimatge-personal\/\" rel=\"noopener\"><strong>Perruqueria i est\u00e8tica.<\/strong> (1r i 2n curs) &#8211; Enlla\u00e7<\/a><\/li>\n<\/ul>\n<p><strong>M\u00e9s informaci\u00f3<\/strong>:<\/p>\n<p><strong>PR\u00d2XIMAMENT<\/strong><\/p>\n<div class=\"entry-content\">\n<h5><strong>R<\/strong><strong>EUNI\u00d3 TELEM\u00c0TICA FAM\u00cdLIES DE 4t d&#8217;ESO: PREINSCRIPCI\u00d3 DE CICLES<\/strong><\/h5>\n<p style=\"text-align: justify;\">Del <strong>23 al 29 de maig<\/strong> es podr\u00e0 fer la <strong>preinscripci\u00f3 als cicles formatius de grau mitj\u00e0<\/strong>. Per tal d&#8217;explicar el proc\u00e9s i aclarir possibles dubtes us convocarem com a fam\u00edlies a una reuni\u00f3 informativa.<\/p>\n<p><strong>PRESENTACI\u00d3 DISPONIBLE PR\u00d2XIMAMENT.<\/strong><\/p>\n<h5><strong>ALTRES INFORMACIONS <\/strong><\/h5>\n<ul>\n<li>Sobre la <a href=\"https:\/\/preinscripcio.gencat.cat\/ca\/estudis\/fp-grau-mitja\/inici\/\">PREINSCRIPCI\u00d3.<\/a><\/li>\n<li>M\u00e9s informaci\u00f3 general sobre <strong>estudis post-obligatoris<\/strong> al web <a href=\"https:\/\/triaeducativa.gencat.cat\/ca\/inici\">Ttria Educativa<\/a>.<\/li>\n<\/ul>\n<\/div>\n<p><!----comment node----><!--a=1--><\/p>\n<p><!----comment node----><!--a=1--><\/p>\n<p><!----comment node----><!--a=1--><\/p>\n","protected":false},"excerpt":{"rendered":"<p>En aquesta p\u00e0gina trobareu la informaci\u00f3 general dels Cicles Formatius. Disposeu d&#8217;informaci\u00f3 m\u00e9s detallada a les p\u00e0gines espec\u00edfiques de cada cicle i especialitat: Cicles Formatius de Grau Mitj\u00e0 Dues branques: Perruqueria i cosm\u00e8tica capil\u00b7lar (1r i 2n curs) &#8211; Enlla\u00e7 Est\u00e8tica i bellesa (1r i 2n curs) &#8211; Enlla\u00e7 Cicles Formatius de Grau Superior Estilisme [&hellip;]<\/p>\n","protected":false},"author":5,"featured_media":0,"parent":3961,"menu_order":0,"comment_status":"closed","ping_status":"closed","template":"","meta":{"_bbp_topic_count":0,"_bbp_reply_count":0,"_bbp_total_topic_count":0,"_bbp_total_reply_count":0,"_bbp_voice_count":0,"_bbp_anonymous_reply_count":0,"_bbp_topic_count_hidden":0,"_bbp_reply_count_hidden":0,"_bbp_forum_subforum_count":0,"site-sidebar-layout":"default","site-content-layout":"","ast-site-content-layout":"default","site-content-style":"default","site-sidebar-style":"default","ast-global-header-display":"","ast-banner-title-visibility":"","ast-main-header-display":"","ast-hfb-above-header-display":"","ast-hfb-below-header-display":"","ast-hfb-mobile-header-display":"","site-post-title":"","ast-breadcrumbs-content":"","ast-featured-img":"","footer-sml-layout":"","theme-transparent-header-meta":"default","adv-header-id-meta":"","stick-header-meta":"","header-above-stick-meta":"","header-main-stick-meta":"","header-below-stick-meta":"","astra-migrate-meta-layouts":"set","ast-page-background-enabled":"default","ast-page-background-meta":{"desktop":{"background-color":"var(--ast-global-color-4)","background-image":"","background-repeat":"repeat","background-position":"center center","background-size":"auto","background-attachment":"scroll","background-type":"","background-media":"","overlay-type":"","overlay-color":"","overlay-opacity":"","overlay-gradient":""},"tablet":{"background-color":"","background-image":"","background-repeat":"repeat","background-position":"center center","background-size":"auto","background-attachment":"scroll","background-type":"","background-media":"","overlay-type":"","overlay-color":"","overlay-opacity":"","overlay-gradient":""},"mobile":{"background-color":"","background-image":"","background-repeat":"repeat","background-position":"center center","background-size":"auto","background-attachment":"scroll","background-type":"","background-media":"","overlay-type":"","overlay-color":"","overlay-opacity":"","overlay-gradient":""}},"ast-content-background-meta":{"desktop":{"background-color":"var(--ast-global-color-5)","background-image":"","background-repeat":"repeat","background-position":"center center","background-size":"auto","background-attachment":"scroll","background-type":"","background-media":"","overlay-type":"","overlay-color":"","overlay-opacity":"","overlay-gradient":""},"tablet":{"background-color":"var(--ast-global-color-5)","background-image":"","background-repeat":"repeat","background-position":"center center","background-size":"auto","background-attachment":"scroll","background-type":"","background-media":"","overlay-type":"","overlay-color":"","overlay-opacity":"","overlay-gradient":""},"mobile":{"background-color":"var(--ast-global-color-5)","background-image":"","background-repeat":"repeat","background-position":"center center","background-size":"auto","background-attachment":"scroll","background-type":"","background-media":"","overlay-type":"","overlay-color":"","overlay-opacity":"","overlay-gradient":""}},"footnotes":""},"class_list":["post-26114","page","type-page","status-publish","hentry"],"post_mailing_queue_ids":[],"_links":{"self":[{"href":"https:\/\/agora.xtec.cat\/iesroquetes\/wp-json\/wp\/v2\/pages\/26114","targetHints":{"allow":["GET"]}}],"collection":[{"href":"https:\/\/agora.xtec.cat\/iesroquetes\/wp-json\/wp\/v2\/pages"}],"about":[{"href":"https:\/\/agora.xtec.cat\/iesroquetes\/wp-json\/wp\/v2\/types\/page"}],"author":[{"embeddable":true,"href":"https:\/\/agora.xtec.cat\/iesroquetes\/wp-json\/wp\/v2\/users\/5"}],"replies":[{"embeddable":true,"href":"https:\/\/agora.xtec.cat\/iesroquetes\/wp-json\/wp\/v2\/comments?post=26114"}],"version-history":[{"count":6,"href":"https:\/\/agora.xtec.cat\/iesroquetes\/wp-json\/wp\/v2\/pages\/26114\/revisions"}],"predecessor-version":[{"id":30574,"href":"https:\/\/agora.xtec.cat\/iesroquetes\/wp-json\/wp\/v2\/pages\/26114\/revisions\/30574"}],"up":[{"embeddable":true,"href":"https:\/\/agora.xtec.cat\/iesroquetes\/wp-json\/wp\/v2\/pages\/3961"}],"wp:attachment":[{"href":"https:\/\/agora.xtec.cat\/iesroquetes\/wp-json\/wp\/v2\/media?parent=26114"}],"curies":[{"name":"wp","href":"https:\/\/api.w.org\/{rel}","templated":true}]}}