{"id":24816,"date":"2022-11-21T16:27:42","date_gmt":"2022-11-21T15:27:42","guid":{"rendered":"https:\/\/agora.xtec.cat\/iesroquetes\/?page_id=24816"},"modified":"2025-10-29T13:21:01","modified_gmt":"2025-10-29T12:21:01","slug":"proteccio-de-les-dades-de-lalumnat","status":"publish","type":"page","link":"https:\/\/agora.xtec.cat\/iesroquetes\/gestions\/proteccio-de-les-dades-de-lalumnat\/","title":{"rendered":"Protecci\u00f3 de les dades de l&#8217;alumnat"},"content":{"rendered":"<p style=\"text-align: justify;\">\u200bSeguint les directrius del <a href=\"https:\/\/espai.educacio.gencat.cat\/Departament\/protecciodadespersonals\/Pagines\/default.aspx\">Departament d&#8217;Educaci\u00f3<\/a> sobre <a href=\"https:\/\/espai.educacio.gencat.cat\/Departament\/protecciodadespersonals\/Imatges-recursos-xarxa\/Pagines\/default.aspx\">tractament i publicaci\u00f3 d&#8217;imatges i altres dades a Internet,<\/a>\u00a0els centres educatius han de fer tota una s\u00e8rie d&#8217;accions per tal de protegir l&#8217;alumnat i respectar els seus <strong>drets en mat\u00e8ria de protecci\u00f3 de dades<\/strong>.<\/p>\n<p><a style=\"color: #2795b6;\" href=\"https:\/\/documents.espai.educacio.gencat.cat\/IPCDepartament\/ProteccioDades\/2022-Infografia-PD-Centres.pdf\"><img loading=\"lazy\" decoding=\"async\" class=\"aligncenter wp-image-24817\" src=\"https:\/\/agora.xtec.cat\/iesroquetes\/wp-content\/uploads\/usu997\/2022\/11\/PD-infografia-1024x724.png\" alt=\"\" width=\"600\" height=\"424\" srcset=\"https:\/\/agora.xtec.cat\/iesroquetes\/wp-content\/uploads\/usu997\/2022\/11\/PD-infografia-1024x724.png 1024w, https:\/\/agora.xtec.cat\/iesroquetes\/wp-content\/uploads\/usu997\/2022\/11\/PD-infografia-300x212.png 300w, https:\/\/agora.xtec.cat\/iesroquetes\/wp-content\/uploads\/usu997\/2022\/11\/PD-infografia-768x543.png 768w, https:\/\/agora.xtec.cat\/iesroquetes\/wp-content\/uploads\/usu997\/2022\/11\/PD-infografia.png 1240w\" sizes=\"auto, (max-width: 600px) 100vw, 600px\" \/><\/a><\/p>\n<p style=\"text-align: justify;\"><span style=\"font-family: inherit; font-size: 1em; text-align: justify;\">Al seg\u00fcent enlla\u00e7 podeu trobar una <\/span><strong style=\"font-family: inherit; font-size: 1em; text-align: justify;\">s\u00e8rie d&#8217;infografies<\/strong><span style=\"font-family: inherit; font-size: 1em; text-align: justify;\"> amb informaci\u00f3 d&#8217;inter\u00e8s per a les fam\u00edlies i tota la comunitat educativa:\u00a0<\/span><a title=\"Descarregueu les infografies\" href=\"https:\/\/documents.espai.educacio.gencat.cat\/IPCDepartament\/ProteccioDades\/2022-Infografia-PD-Centres.pdf\" target=\"_blank\" rel=\"noopener\"><strong>CAMPANYA &#8220;Als centres educatius protegim les dades perqu\u00e8 es respectin els drets&#8221;<\/strong><\/a><\/p>\n","protected":false},"excerpt":{"rendered":"<p>\u200bSeguint les directrius del Departament d&#8217;Educaci\u00f3 sobre tractament i publicaci\u00f3 d&#8217;imatges i altres dades a Internet,\u00a0els centres educatius han de fer tota una s\u00e8rie d&#8217;accions per tal de protegir l&#8217;alumnat i respectar els seus drets en mat\u00e8ria de protecci\u00f3 de dades. Al seg\u00fcent enlla\u00e7 podeu trobar una s\u00e8rie d&#8217;infografies amb informaci\u00f3 d&#8217;inter\u00e8s per a les [&hellip;]<\/p>\n","protected":false},"author":1,"featured_media":0,"parent":4000,"menu_order":14,"comment_status":"closed","ping_status":"closed","template":"page-templates\/side-menu.php","meta":{"_bbp_topic_count":0,"_bbp_reply_count":0,"_bbp_total_topic_count":0,"_bbp_total_reply_count":0,"_bbp_voice_count":0,"_bbp_anonymous_reply_count":0,"_bbp_topic_count_hidden":0,"_bbp_reply_count_hidden":0,"_bbp_forum_subforum_count":0,"site-sidebar-layout":"default","site-content-layout":"","ast-site-content-layout":"","site-content-style":"default","site-sidebar-style":"default","ast-global-header-display":"","ast-banner-title-visibility":"","ast-main-header-display":"","ast-hfb-above-header-display":"","ast-hfb-below-header-display":"","ast-hfb-mobile-header-display":"","site-post-title":"","ast-breadcrumbs-content":"","ast-featured-img":"","footer-sml-layout":"","theme-transparent-header-meta":"","adv-header-id-meta":"","stick-header-meta":"","header-above-stick-meta":"","header-main-stick-meta":"","header-below-stick-meta":"","astra-migrate-meta-layouts":"default","ast-page-background-enabled":"default","ast-page-background-meta":{"desktop":{"background-color":"var(--ast-global-color-4)","background-image":"","background-repeat":"repeat","background-position":"center center","background-size":"auto","background-attachment":"scroll","background-type":"","background-media":"","overlay-type":"","overlay-color":"","overlay-opacity":"","overlay-gradient":""},"tablet":{"background-color":"","background-image":"","background-repeat":"repeat","background-position":"center center","background-size":"auto","background-attachment":"scroll","background-type":"","background-media":"","overlay-type":"","overlay-color":"","overlay-opacity":"","overlay-gradient":""},"mobile":{"background-color":"","background-image":"","background-repeat":"repeat","background-position":"center center","background-size":"auto","background-attachment":"scroll","background-type":"","background-media":"","overlay-type":"","overlay-color":"","overlay-opacity":"","overlay-gradient":""}},"ast-content-background-meta":{"desktop":{"background-color":"var(--ast-global-color-5)","background-image":"","background-repeat":"repeat","background-position":"center center","background-size":"auto","background-attachment":"scroll","background-type":"","background-media":"","overlay-type":"","overlay-color":"","overlay-opacity":"","overlay-gradient":""},"tablet":{"background-color":"var(--ast-global-color-5)","background-image":"","background-repeat":"repeat","background-position":"center center","background-size":"auto","background-attachment":"scroll","background-type":"","background-media":"","overlay-type":"","overlay-color":"","overlay-opacity":"","overlay-gradient":""},"mobile":{"background-color":"var(--ast-global-color-5)","background-image":"","background-repeat":"repeat","background-position":"center center","background-size":"auto","background-attachment":"scroll","background-type":"","background-media":"","overlay-type":"","overlay-color":"","overlay-opacity":"","overlay-gradient":""}},"footnotes":""},"class_list":["post-24816","page","type-page","status-publish","hentry"],"post_mailing_queue_ids":[],"_links":{"self":[{"href":"https:\/\/agora.xtec.cat\/iesroquetes\/wp-json\/wp\/v2\/pages\/24816","targetHints":{"allow":["GET"]}}],"collection":[{"href":"https:\/\/agora.xtec.cat\/iesroquetes\/wp-json\/wp\/v2\/pages"}],"about":[{"href":"https:\/\/agora.xtec.cat\/iesroquetes\/wp-json\/wp\/v2\/types\/page"}],"author":[{"embeddable":true,"href":"https:\/\/agora.xtec.cat\/iesroquetes\/wp-json\/wp\/v2\/users\/1"}],"replies":[{"embeddable":true,"href":"https:\/\/agora.xtec.cat\/iesroquetes\/wp-json\/wp\/v2\/comments?post=24816"}],"version-history":[{"count":4,"href":"https:\/\/agora.xtec.cat\/iesroquetes\/wp-json\/wp\/v2\/pages\/24816\/revisions"}],"predecessor-version":[{"id":24898,"href":"https:\/\/agora.xtec.cat\/iesroquetes\/wp-json\/wp\/v2\/pages\/24816\/revisions\/24898"}],"up":[{"embeddable":true,"href":"https:\/\/agora.xtec.cat\/iesroquetes\/wp-json\/wp\/v2\/pages\/4000"}],"wp:attachment":[{"href":"https:\/\/agora.xtec.cat\/iesroquetes\/wp-json\/wp\/v2\/media?parent=24816"}],"curies":[{"name":"wp","href":"https:\/\/api.w.org\/{rel}","templated":true}]}}